{"id":105614,"date":"2024-10-26T01:36:00","date_gmt":"2024-10-26T01:36:00","guid":{"rendered":"https:\/\/www.comreg.ie\/?page_id=105614"},"modified":"2024-11-01T14:57:21","modified_gmt":"2024-11-01T14:57:21","slug":"athsheoltoiri","status":"publish","type":"page","link":"https:\/\/www.comreg.ie\/ga\/comhairle-eolas\/guthain-phoca\/an-leas-is-fearr-a-bhaint-as-do-sheirbhis-mhoibileach\/athsheoltoiri\/","title":{"rendered":"Athsheolt\u00f3ir\u00ed"},"content":{"rendered":"<p><span class=\"TextRun SCXW215608731 BCX8\" lang=\"GA-IE\" xml:lang=\"GA-IE\" data-contrast=\"auto\"><span class=\"NormalTextRun SCXW215608731 BCX8\">Is gl\u00e9as leictreonach \u00e9 athsheolt\u00f3ir m\u00f3ib\u00edleach is f\u00e9idir a \u00fas\u00e1id chun cl\u00fadach taobh istigh ar sheirbh\u00eds\u00ed guth\u00e1n p\u00f3ca amhail glaonna, t\u00e9acsanna agus sonra\u00ed a fheabhs\u00fa.<\/span><\/span><span class=\"EOP SCXW215608731 BCX8\" data-ccp-props=\"{}\">\u00a0<\/span><\/p>\n<p><span class=\"TextRun SCXW237156815 BCX8\" lang=\"GA-IE\" xml:lang=\"GA-IE\" data-contrast=\"auto\"><span class=\"NormalTextRun SCXW237156815 BCX8\">Faigh freagra\u00ed ar Cheisteanna Coitianta th\u00edos.<\/span><\/span><span class=\"EOP SCXW237156815 BCX8\" data-ccp-props=\"{}\">\u00a0<\/span><\/p>\n<p><a href=\"https:\/\/www.comreg.ie\/media\/2024\/01\/Jan-24-Mobile-repeater-Digital-1920-x-1080.jpg\"><img loading=\"lazy\" decoding=\"async\" class=\"alignnone wp-image-127830\" src=\"https:\/\/www.comreg.ie\/media\/2024\/01\/Jan-24-Mobile-repeater-Digital-1920-x-1080-300x169.jpg\" alt=\"\" width=\"786\" height=\"443\" srcset=\"https:\/\/www.comreg.ie\/media\/2024\/01\/Jan-24-Mobile-repeater-Digital-1920-x-1080-300x169.jpg 300w, https:\/\/www.comreg.ie\/media\/2024\/01\/Jan-24-Mobile-repeater-Digital-1920-x-1080-1024x576.jpg 1024w, https:\/\/www.comreg.ie\/media\/2024\/01\/Jan-24-Mobile-repeater-Digital-1920-x-1080-1536x864.jpg 1536w, https:\/\/www.comreg.ie\/media\/2024\/01\/Jan-24-Mobile-repeater-Digital-1920-x-1080.jpg 1920w\" sizes=\"auto, (max-width: 786px) 100vw, 786px\" \/><\/a><\/p>\n<p><iframe loading=\"lazy\" title=\"Mobile Signal Repeaters\" width=\"1140\" height=\"641\" src=\"https:\/\/www.youtube.com\/embed\/zo77WlZpF5I?feature=oembed\" frameborder=\"0\" allow=\"accelerometer; autoplay; clipboard-write; encrypted-media; gyroscope; picture-in-picture; web-share\" referrerpolicy=\"strict-origin-when-cross-origin\" allowfullscreen><\/iframe><\/p>\n<p>&nbsp;<\/p>\n<h3><span class=\"TextRun SCXW35169478 BCX8\" lang=\"GA-IE\" xml:lang=\"GA-IE\" data-contrast=\"auto\"><span class=\"NormalTextRun SCXW35169478 BCX8\">Eolas faoi Athsheolt\u00f3ir\u00ed Guth\u00e1n P\u00f3ca<\/span><\/span><span class=\"EOP SCXW35169478 BCX8\" data-ccp-props=\"{}\">\u00a0<\/span><\/h3>\n<h4><span class=\"TextRun SCXW3338342 BCX8\" lang=\"GA-IE\" xml:lang=\"GA-IE\" data-contrast=\"auto\"><span class=\"NormalTextRun SCXW3338342 BCX8\">C\u00e9ard is Athsheolt\u00f3ir ann?<\/span><\/span><span class=\"EOP SCXW3338342 BCX8\" data-ccp-props=\"{}\">\u00a0<\/span><\/h4>\n<p><span data-contrast=\"auto\">Is gl\u00e9as leictreonach \u00e9 athsheolt\u00f3ir m\u00f3ib\u00edleach is f\u00e9idir a \u00fas\u00e1id chun cl\u00fadach taobh istigh ar sheirbh\u00eds\u00ed guth\u00e1n p\u00f3ca a fheabhs\u00fa.<\/span><span data-ccp-props=\"{}\">\u00a0<\/span><\/p>\n<p><span data-contrast=\"auto\">T\u00e1 na seirbh\u00eds\u00ed seo oiri\u00fanach do dhaoine le droch-chomhartha taobh istigh. B\u00edonn go leor c\u00fains\u00ed ina gc\u00fais le droch-chomhartha taobh istigh, lena n-\u00e1ir\u00edtear an cine\u00e1l inslithe a \u00fas\u00e1idtear sa bhaile.<\/span><span data-ccp-props=\"{}\">\u00a0<\/span><\/p>\n<h4><span class=\"TextRun SCXW266049782 BCX8\" lang=\"GA-IE\" xml:lang=\"GA-IE\" data-contrast=\"auto\"><span class=\"NormalTextRun SCXW266049782 BCX8\">C\u00e9n chaoi a n-oibr\u00edonn siad?<\/span><\/span><span class=\"EOP SCXW266049782 BCX8\" data-ccp-props=\"{}\">\u00a0<\/span><\/h4>\n<p><span data-contrast=\"auto\">Piocann aer\u00f3g sheachtrach suas na comhartha\u00ed guth\u00e1n p\u00f3ca lasmuigh den teach agus aimpl\u00edonn s\u00ed laistigh den teach iad, rud a fh\u00e1gann go mbeidh comhartha taobh istigh n\u00edos fearr ann don \u00fas\u00e1ideoir.<\/span><span data-ccp-props=\"{}\">\u00a0<\/span><\/p>\n<p><span data-contrast=\"auto\">N\u00ed cheada\u00edtear ach athsheolt\u00f3ir\u00ed a chomhl\u00edonann caighde\u00e1in ComReg agus a bhfuil comhartha caighde\u00e1n c\u00e1il\u00edochta CE agus AE orthu.<\/span><span data-ccp-props=\"{}\">\u00a0<\/span><\/p>\n<p><span data-contrast=\"auto\">Is f\u00e9idir le gl\u00e9asanna m\u00eddhleathacha nach gcomhl\u00edonann na coinn\u00edollacha seo cur isteach ar an l\u00edonra m\u00f3ib\u00edleach agus gl\u00e9asanna tomhalt\u00f3ra eile fi\u00fa.<\/span><span data-ccp-props=\"{}\">\u00a0<\/span><\/p>\n<p><span data-contrast=\"auto\">Molann ComReg go l\u00e1idir go nd\u00e9anfadh suite\u00e1la\u00ed gairmi\u00fail an tsuite\u00e1il.<\/span><span data-ccp-props=\"{}\">\u00a0<\/span><\/p>\n<p><span data-contrast=\"auto\">T\u00e1 tuilleadh eolais faoi athsheolt\u00f3ir\u00ed agus faoi shol\u00e1thr\u00f3ir\u00ed sna Ceisteanna Coitianta th\u00edos.<\/span><span data-ccp-props=\"{}\">\u00a0<\/span><\/p>\n<h2><span class=\"TextRun SCXW55578614 BCX8\" lang=\"GA-IE\" xml:lang=\"GA-IE\" data-contrast=\"auto\"><span class=\"NormalTextRun SCXW55578614 BCX8\">Ceisteanna Coitianta<\/span><\/span><span class=\"EOP SCXW55578614 BCX8\" data-ccp-props=\"{}\">\u00a0<\/span><\/h2>\n","protected":false},"excerpt":{"rendered":"<p>Is gl\u00e9as leictreonach \u00e9 athsheolt\u00f3ir m\u00f3ib\u00edleach is f\u00e9idir a \u00fas\u00e1id chun cl\u00fadach taobh istigh ar sheirbh\u00eds\u00ed guth\u00e1n p\u00f3ca amhail glaonna, t\u00e9acsanna agus sonra\u00ed a fheabhs\u00fa.\u00a0 &hellip; <a href=\"https:\/\/www.comreg.ie\/ga\/comhairle-eolas\/guthain-phoca\/an-leas-is-fearr-a-bhaint-as-do-sheirbhis-mhoibileach\/athsheoltoiri\/\"><\/a><\/p>\n","protected":false},"author":14,"featured_media":0,"parent":131415,"menu_order":6,"comment_status":"closed","ping_status":"closed","template":"templates\/template-topic-pages.php","meta":{"_acf_changed":false,"_relevanssi_hide_post":"","_relevanssi_hide_content":"","_relevanssi_pin_for_all":"","_relevanssi_pin_keywords":"","_relevanssi_unpin_keywords":"","_relevanssi_related_keywords":"","_relevanssi_related_include_ids":"","_relevanssi_related_exclude_ids":"","_relevanssi_related_no_append":"","_relevanssi_related_not_related":"","_relevanssi_related_posts":"","_relevanssi_noindex_reason":"","footnotes":"","_wp_rev_ctl_limit":""},"class_list":["post-105614","page","type-page","status-publish","hentry","page_category-consumer"],"acf":[],"aioseo_notices":[],"_links":{"self":[{"href":"https:\/\/www.comreg.ie\/ga\/wp-json\/wp\/v2\/pages\/105614","targetHints":{"allow":["GET"]}}],"collection":[{"href":"https:\/\/www.comreg.ie\/ga\/wp-json\/wp\/v2\/pages"}],"about":[{"href":"https:\/\/www.comreg.ie\/ga\/wp-json\/wp\/v2\/types\/page"}],"author":[{"embeddable":true,"href":"https:\/\/www.comreg.ie\/ga\/wp-json\/wp\/v2\/users\/14"}],"replies":[{"embeddable":true,"href":"https:\/\/www.comreg.ie\/ga\/wp-json\/wp\/v2\/comments?post=105614"}],"version-history":[{"count":5,"href":"https:\/\/www.comreg.ie\/ga\/wp-json\/wp\/v2\/pages\/105614\/revisions"}],"predecessor-version":[{"id":131777,"href":"https:\/\/www.comreg.ie\/ga\/wp-json\/wp\/v2\/pages\/105614\/revisions\/131777"}],"up":[{"embeddable":true,"href":"https:\/\/www.comreg.ie\/ga\/wp-json\/wp\/v2\/pages\/131415"}],"wp:attachment":[{"href":"https:\/\/www.comreg.ie\/ga\/wp-json\/wp\/v2\/media?parent=105614"}],"curies":[{"name":"wp","href":"https:\/\/api.w.org\/{rel}","templated":true}]}}