{"id":130112,"date":"2022-07-05T16:44:34","date_gmt":"2022-07-05T16:44:34","guid":{"rendered":"https:\/\/www.comreg.ie\/?page_id=130112"},"modified":"2024-10-21T04:00:25","modified_gmt":"2024-10-21T04:00:25","slug":"seicealai-seirbhis-ardrata","status":"publish","type":"page","link":"https:\/\/www.comreg.ie\/ga\/seicealai-seirbhis-ardrata\/","title":{"rendered":"Seice\u00e1la\u00ed Seirbh\u00eds Ardr\u00e1ta"},"content":{"rendered":"","protected":false},"excerpt":{"rendered":"","protected":false},"author":71,"featured_media":0,"parent":0,"menu_order":0,"comment_status":"closed","ping_status":"closed","template":"templates\/template-service-checker-landing.php","meta":{"_acf_changed":false,"_relevanssi_hide_post":"","_relevanssi_hide_content":"","_relevanssi_pin_for_all":"","_relevanssi_pin_keywords":"","_relevanssi_unpin_keywords":"","_relevanssi_related_keywords":"","_relevanssi_related_include_ids":"","_relevanssi_related_exclude_ids":"","_relevanssi_related_no_append":"","_relevanssi_related_not_related":"","_relevanssi_related_posts":"","_relevanssi_noindex_reason":"","footnotes":"","_wp_rev_ctl_limit":""},"class_list":["post-130112","page","type-page","status-publish","hentry"],"acf":[],"aioseo_notices":[],"_links":{"self":[{"href":"https:\/\/www.comreg.ie\/ga\/wp-json\/wp\/v2\/pages\/130112","targetHints":{"allow":["GET"]}}],"collection":[{"href":"https:\/\/www.comreg.ie\/ga\/wp-json\/wp\/v2\/pages"}],"about":[{"href":"https:\/\/www.comreg.ie\/ga\/wp-json\/wp\/v2\/types\/page"}],"author":[{"embeddable":true,"href":"https:\/\/www.comreg.ie\/ga\/wp-json\/wp\/v2\/users\/71"}],"replies":[{"embeddable":true,"href":"https:\/\/www.comreg.ie\/ga\/wp-json\/wp\/v2\/comments?post=130112"}],"version-history":[{"count":1,"href":"https:\/\/www.comreg.ie\/ga\/wp-json\/wp\/v2\/pages\/130112\/revisions"}],"predecessor-version":[{"id":131427,"href":"https:\/\/www.comreg.ie\/ga\/wp-json\/wp\/v2\/pages\/130112\/revisions\/131427"}],"wp:attachment":[{"href":"https:\/\/www.comreg.ie\/ga\/wp-json\/wp\/v2\/media?parent=130112"}],"curies":[{"name":"wp","href":"https:\/\/api.w.org\/{rel}","templated":true}]}}