{"id":131370,"date":"2024-03-21T11:59:26","date_gmt":"2024-03-21T11:59:26","guid":{"rendered":"https:\/\/www.comreg.ie\/comhairle-eolas\/leathanbhanda-guthan-baile\/types-of-broadband-technology\/"},"modified":"2024-11-08T15:24:24","modified_gmt":"2024-11-08T15:24:24","slug":"cinealacha-leathanbhanda","status":"publish","type":"page","link":"https:\/\/www.comreg.ie\/ga\/comhairle-eolas\/leathanbhanda-guthan-baile\/cinealacha-leathanbhanda\/","title":{"rendered":"Cine\u00e1lacha Leathanbhanda"},"content":{"rendered":"<p><span data-contrast=\"auto\">Sol\u00e1thra\u00edonn cine\u00e1lacha \u00e9ags\u00fala teicneola\u00edochta leathanbhanda do thithe agus do ghn\u00f3lachta\u00ed in \u00c9irinn. Braithfidh an nasc leathanbhanda a gheobhaidh t\u00fa ar an \u00e1it a bhfuil c\u00f3na\u00ed ort, ar an teicneola\u00edocht at\u00e1 ar f\u00e1il, agus ar na sol\u00e1thr\u00f3ir\u00ed at\u00e1 ag feidhmi\u00fa i do cheantar.\u00a0<\/span><span data-ccp-props=\"{}\">\u00a0<\/span><\/p>\n<p><span data-contrast=\"auto\">Seo roinnt eolas cabhrach ar leathanbhanda agus ar na forbairt\u00ed i dteicneola\u00edocht leathanbhanda.\u00a0<\/span><\/p>\n<h3><span class=\"TextRun SCXW21936398 BCX8\" lang=\"GA-IE\" xml:lang=\"GA-IE\" data-contrast=\"auto\"><span class=\"NormalTextRun SCXW21936398 BCX8\">C\u00e9ard iad na cine\u00e1lacha \u00e9ags\u00fala teicneola\u00edochta leathanbhanda?\u00a0<\/span><\/span><span class=\"EOP SCXW21936398 BCX8\" data-ccp-props=\"{}\">\u00a0<\/span><\/h3>\n<p aria-level=\"4\"><span data-contrast=\"none\"><span class=\"TextRun SCXW39315544 BCX8\" lang=\"GA-IE\" xml:lang=\"GA-IE\" data-contrast=\"auto\"><span class=\"NormalTextRun SCXW39315544 BCX8\">Is iad na pr\u00edomhchine\u00e1lacha nasc leathanbhanda at\u00e1 ar f\u00e1il in \u00c9irinn n\u00e1:\u00a0<\/span><\/span> <\/span><span data-ccp-props=\"{&quot;134245418&quot;:true,&quot;134245529&quot;:true,&quot;201341983&quot;:0,&quot;335559738&quot;:40,&quot;335559739&quot;:0,&quot;335559740&quot;:259}\">\u00a0<\/span><\/p>\n<ul>\n<li><span data-contrast=\"auto\">Sn\u00e1ith\u00edn\u00a0\u00a0<\/span><span data-ccp-props=\"{}\">\u00a0<\/span><\/li>\n<li><span data-contrast=\"auto\">P\u00e1irt-Sn\u00e1ith\u00edn\u00a0<\/span><span data-ccp-props=\"{}\">\u00a0<\/span><\/li>\n<li><span data-contrast=\"auto\">C\u00e1bla\u00a0<\/span><span data-ccp-props=\"{}\">\u00a0<\/span><\/li>\n<li><span data-contrast=\"auto\">Copar\u00a0<\/span><span data-ccp-props=\"{}\">\u00a0<\/span><\/li>\n<li><span data-contrast=\"auto\">Seasta Gan Sreang\u00a0<\/span><span data-ccp-props=\"{}\">\u00a0<\/span><\/li>\n<li><span data-contrast=\"auto\">Satail\u00edt\u00a0<\/span><span data-ccp-props=\"{}\">\u00a0<\/span><\/li>\n<li><span data-contrast=\"auto\">M\u00f3ib\u00edleach<\/span><span data-ccp-props=\"{}\">\u00a0<\/span><\/li>\n<\/ul>\n<h3><span class=\"TextRun SCXW88396877 BCX8\" lang=\"GA-IE\" xml:lang=\"GA-IE\" data-contrast=\"auto\"><span class=\"NormalTextRun SCXW88396877 BCX8\">C\u00e9ard is leathanbhanda sn\u00e1ith\u00edn ann?\u00a0<\/span><\/span><span class=\"EOP SCXW88396877 BCX8\" data-ccp-props=\"{}\">\u00a0<\/span><\/h3>\n<p><span class=\"TextRun SCXW98861924 BCX8\" lang=\"GA-IE\" xml:lang=\"GA-IE\" data-contrast=\"auto\"><span class=\"NormalTextRun SCXW98861924 BCX8\">Is \u00e9 leathanbhanda sn\u00e1ith\u00edn an teicneola\u00edocht leathanbhanda is d\u00e9ana\u00ed a thairgeann an leathanbhanda ar an luas is airde agus is iontaofa at\u00e1 ar f\u00e1il do thomhalt\u00f3ir\u00ed. Uaireanta tugtar C\u00e1bla Sn\u00e1thoptaice go h\u00c1itreabh (FTTP), C\u00e1bla Sn\u00e1thoptaice go Baile (FTTH) n\u00f3 Sn\u00e1ith\u00edn L\u00e1n ar leathanbhanda sn\u00e1ith\u00edn\u00ed. Seo nuair is c\u00e1bla sn\u00e1thoptaice gach c\u00e1bla a thugann an t-idirl\u00edon chuig do theach n\u00f3 chuig d\u2019\u00e1itreabh. I l\u00e1thair na huaire, is f\u00e9idir le nasc l\u00e1nsn\u00e1ith\u00edn luasanna suas le 2 ghigighiot\u00e1n sa soicind (Gbps) a sheachadadh, arb ionann \u00e9 sin agus 2,000 Meigighiot\u00e1n sa soicind (Mbps).\u00a0<\/span><\/span><span class=\"EOP SCXW98861924 BCX8\" data-ccp-props=\"{}\">\u00a0<\/span><\/p>\n<h3><span data-ccp-props=\"{&quot;201341983&quot;:0,&quot;335559739&quot;:160,&quot;335559740&quot;:259}\"><span class=\"TextRun SCXW47471406 BCX8\" lang=\"GA-IE\" xml:lang=\"GA-IE\" data-contrast=\"auto\"><span class=\"NormalTextRun SCXW47471406 BCX8\">C\u00e9ard is leathanbhanda p\u00e1irt-sn\u00e1ith\u00edn ann?\u00a0<\/span><\/span><span class=\"EOP SCXW47471406 BCX8\" data-ccp-props=\"{}\">\u00a0<\/span> <\/span><\/h3>\n<p><span class=\"TextRun SCXW158765763 BCX8\" lang=\"GA-IE\" xml:lang=\"GA-IE\" data-contrast=\"auto\"><span class=\"NormalTextRun SCXW158765763 BCX8\">\u00das\u00e1ideann leathanbhanda p\u00e1irt-sn\u00e1ith\u00edn n\u00f3 c\u00e1bla sn\u00e1thoptaice go colbha (FTTC) c\u00e1bla\u00ed sn\u00e1thoptaice suas go dt\u00ed an colbha sr\u00e1ide \u00e1iti\u00fail agus ansin copar n\u00f3 c\u00e1bla as sin go dt\u00ed do theach. Go ginear\u00e1lta seachadann c\u00e1bla sn\u00e1thoptaice go colbha luasanna suas le 100 Meigighiot\u00e1n sa soicind (Mbps), ach braitheann na luasanna seo ar an bhfad idir d\u2019\u00e1itreabh agus an colbha sr\u00e1ide.\u00a0<\/span><\/span><span class=\"EOP SCXW158765763 BCX8\" data-ccp-props=\"{}\">\u00a0<\/span><\/p>\n<h3><span data-ccp-props=\"{&quot;201341983&quot;:0,&quot;335559739&quot;:160,&quot;335559740&quot;:259}\"><span class=\"TextRun SCXW220455405 BCX8\" lang=\"GA-IE\" xml:lang=\"GA-IE\" data-contrast=\"auto\"><span class=\"NormalTextRun SCXW220455405 BCX8\">C\u00e9ard is leathanbhanda c\u00e1bla ann?\u00a0<\/span><\/span><span class=\"EOP SCXW220455405 BCX8\" data-ccp-props=\"{}\">\u00a0<\/span> <\/span><\/h3>\n<p><span class=\"TextRun SCXW84891851 BCX8\" lang=\"GA-IE\" xml:lang=\"GA-IE\" data-contrast=\"auto\"><span class=\"NormalTextRun SCXW84891851 BCX8\">Is leathanbhanda \u00e9 Leathanbhanda C\u00e1bla a shol\u00e1thra\u00edtear thar l\u00edonra teilif\u00edse c\u00e1bla. Is f\u00e9idir le leathanbhanda c\u00e1bla luasanna suas le 1,000 MBps a shol\u00e1thar. Tairgeann na c\u00e1bla\u00ed comhaiseacha seo luasanna n\u00edos fearr n\u00e1 naisc chopair ach n\u00ed thairgeann siad an fheidhm\u00edocht ch\u00e9anna is a thairgeann leathanbhanda l\u00e1nsn\u00e1ith\u00edn. Is f\u00e9idir le l\u00edonra\u00ed c\u00e1bla leathanbhanda leas a bhaint as leathanbhanda sn\u00e1ith\u00edn do chuid d\u00edobh \u2013 rud a chialla\u00edonn go n-\u00fas\u00e1ideann siad c\u00e1bla\u00ed sn\u00e1thoptaice chuig do cholbha sr\u00e1ide \u00e1iti\u00fail, ansin c\u00e1bla isteach i do theach.\u00a0<\/span><\/span><span class=\"EOP SCXW84891851 BCX8\" data-ccp-props=\"{}\">\u00a0<\/span><\/p>\n<h3><span class=\"TextRun SCXW32526589 BCX8\" lang=\"GA-IE\" xml:lang=\"GA-IE\" data-contrast=\"auto\"><span class=\"NormalTextRun SCXW32526589 BCX8\">C\u00e9ard is leathanbhanda copair ann?\u00a0<\/span><\/span><span class=\"EOP SCXW32526589 BCX8\" data-ccp-props=\"{}\">\u00a0<\/span><\/h3>\n<p><span data-contrast=\"auto\"><span class=\"TextRun SCXW14016684 BCX8\" lang=\"GA-IE\" xml:lang=\"GA-IE\" data-contrast=\"auto\"><span class=\"NormalTextRun SCXW14016684 BCX8\">Tagra\u00edonn leathanbhanda copair do naisc a \u00fas\u00e1ideann c\u00e1bla\u00ed copair a nascann \u00f3n malart\u00e1n guth\u00e1in an bealach ar fad chuig do theach. Dearadh teicneola\u00edocht na l\u00edne copair ar dt\u00fas chun seirbh\u00eds\u00ed gutha teileaf\u00f3in a shol\u00e1thar ag su\u00edomh seasta. N\u00ed raibh l\u00edonra\u00ed copar-bhunaithe deartha chun m\u00e9ideanna m\u00f3ra sonra\u00ed n\u00f3 tr\u00e1chta idirl\u00edn a iompar. T\u00e1 copar n\u00edos moille n\u00e1 leathanbhanda Sn\u00e1ith\u00edn, P\u00e1irt-Sn\u00e1ith\u00edn n\u00f3 C\u00e1bla (suas le 30Mbps).<\/span><\/span><span class=\"EOP SCXW14016684 BCX8\" data-ccp-props=\"{}\"> <span class=\"TextRun SCXW71239256 BCX8\" lang=\"GA-IE\" xml:lang=\"GA-IE\" data-contrast=\"auto\"><span class=\"NormalTextRun SCXW71239256 BCX8\">T\u00e1 tuilleadh eolais againn faoi <\/span><\/span><\/span> <a href=\"https:\/\/www.comreg.ie\/advice-information\/broadband-and-home-phone\/upgrading-broadband-home-phone\/\">uasghr\u00e1d\u00fa an ghr\u00e9as\u00e1in copair<\/a><\/span><\/p>\n<h3><span class=\"TextRun SCXW243126802 BCX8\" lang=\"GA-IE\" xml:lang=\"GA-IE\" data-contrast=\"auto\"><span class=\"NormalTextRun SCXW243126802 BCX8\">C<\/span><span class=\"NormalTextRun SCXW243126802 BCX8\">\u00e9ar<\/span><span class=\"NormalTextRun SCXW243126802 BCX8\">d is leathanbhanda seasta gan sreang ann?\u00a0<\/span><\/span><span class=\"EOP SCXW243126802 BCX8\" data-ccp-props=\"{}\">\u00a0<\/span><\/h3>\n<p><span class=\"TextRun SCXW189520640 BCX8\" lang=\"GA-IE\" xml:lang=\"GA-IE\" data-contrast=\"auto\"><span class=\"NormalTextRun SCXW189520640 BCX8\">Is cine\u00e1l leathanbhanda \u00e9 Rochtain Gan Sreang Seasta n\u00f3 Gan Sreang Seasta (FWA) a \u00fas\u00e1ideann comhartha\u00ed raidi\u00f3 chun teach n\u00f3 \u00e1itreabh a nascadh tr\u00ed ghlacad\u00f3ir le bunst\u00e1isi\u00fan seasta \u00e1iti\u00fail, rud a chialla\u00edonn nach bhfuil aon nasc c\u00e1bla ann (seachas a d\u2019fh\u00e9adfadh a bheith ann \u00f3 aer\u00f3g at\u00e1 suite go seachtrach isteach san \u00e1itreabh).\u00a0\u00a0<\/span><\/span><span class=\"EOP SCXW189520640 BCX8\" data-ccp-props=\"{}\">\u00a0<\/span><\/p>\n<h3><strong>C\u00e9ard is leathanbhanda satail\u00edte ann?\u00a0<\/strong><span data-ccp-props=\"{}\">\u00a0<\/span><\/h3>\n<p><span class=\"TextRun SCXW220489391 BCX8\" lang=\"GA-IE\" xml:lang=\"GA-IE\" data-contrast=\"auto\"><span class=\"NormalTextRun SCXW220489391 BCX8\">Cos\u00fail le teilif\u00eds satail\u00edte, seolann leathanbhanda satail\u00edte comhartha \u00f3 shatail\u00edt teileachumars\u00e1ide chuig mias satail\u00edte at\u00e1 suite\u00e1ilte ar do mhaoin. Ceangla\u00edtear ansin le r\u00f3daire Wi-Fi \u00e9 le haghaidh nascacht leathanbhanda. Cialla\u00edonn s\u00e9 seo nach g\u00e1 duit a bheith ag brath ar nasc c\u00e1bla chun leathanbhanda a fh\u00e1il is cuma c\u00e1 bhfuil t\u00fa lonnaithe sa t\u00edr.\u00a0<\/span><\/span><span class=\"EOP SCXW220489391 BCX8\" data-ccp-props=\"{}\">\u00a0<\/span><\/p>\n<h3><span data-ccp-props=\"{&quot;201341983&quot;:0,&quot;335559739&quot;:160,&quot;335559740&quot;:259}\"><span class=\"TextRun SCXW265410795 BCX8\" lang=\"GA-IE\" xml:lang=\"GA-IE\" data-contrast=\"auto\"><span class=\"NormalTextRun SCXW265410795 BCX8\">C\u00e9ard is leathanbhanda <\/span><span class=\"NormalTextRun SCXW265410795 BCX8\">m\u00f3ib\u00edleach<\/span><span class=\"NormalTextRun SCXW265410795 BCX8\"> ann?\u00a0<\/span><\/span><span class=\"EOP SCXW265410795 BCX8\" data-ccp-props=\"{}\">\u00a0<\/span> <\/span><\/h3>\n<p><span data-contrast=\"auto\">Murab ionann agus leathanbhanda traidisi\u00fanta, sol\u00e1thra\u00edonn leathanbhanda m\u00f3ib\u00edleach nasc idirl\u00edn ag baint \u00fas\u00e1id as guth\u00e1n p\u00f3ca n\u00f3 r\u00f3daire Wi-Fi ina bhfuil c\u00e1rta SIM a nascann leis na comhartha\u00ed 5G n\u00f3 4G c\u00e9anna is a nascann gn\u00e1th-ghuth\u00e1n p\u00f3ca. Cialla\u00edonn s\u00e9 seo nach mbeidh leathanbhanda m\u00f3ib\u00edleach chomh tapa n\u00f3 chomh hiontaofa leis an idirl\u00edon seasta. Mar sin f\u00e9in, is f\u00e9idir leis an tsoghluaisteacht agus an tsol\u00fabthacht bhreise a bheith tarraingteach do go leor daoine.\u00a0\u00a0<\/span><span data-ccp-props=\"{}\">\u00a0<\/span><\/p>\n<p><span data-contrast=\"auto\">Cos\u00fail le leathanbhanda l\u00edne sheasta, d\u2019fh\u00e9adfadh roinnt gl\u00e9asanna \u00e9ags\u00fala nascadh le leathanbhanda m\u00f3ib\u00edleach ag an am c\u00e9anna.\u00a0<\/span><\/p>\n<p><span data-contrast=\"auto\"><span class=\"NormalTextRun SCXW99562403 BCX8\">T\u00e1 cl\u00fadach guth\u00e1n p\u00f3ca t\u00e1bhachtach d\u2019aon duine at\u00e1 ag iarraidh pac\u00e1iste m\u00f3ib\u00edleach idirl\u00edn a cheannach. T\u00e1 s\u00e9 t\u00e1bhachtach an cl\u00fadach m\u00f3ib\u00edleach i do cheantar a thabhairt faoi deara. Mar sin is f\u00e9idir l\u00e1idreacht chomhartha\u00ed na sol\u00e1thr\u00f3ir\u00ed \u00e9ags\u00fala a chur i gcompar\u00e1id do na <\/span><span class=\"NormalTextRun SCXW99562403 BCX8\">gl\u00faine<\/span><span class=\"NormalTextRun SCXW99562403 BCX8\"> l\u00edonra\u00ed m\u00f3ib\u00edleacha \u00e9ags\u00fala (.i. 4G n\u00f3 5G). B\u00edodh a fhios agat, \u00e1fach, go bhf\u00e9adfadh drochthionchar a bheith ag \u00e1bhair th\u00f3g\u00e1la agus insli\u00fa t\u00ed ar<\/span>\u00a0<a href=\"http:\/\/comreg.ie\/building-materials-and-their-effect-on-indoor-mobile-performance\/\">chl\u00fadach m\u00f3ib\u00edleach taobh istigh<\/a>.\u00a0<\/span><\/p>\n<p><span data-contrast=\"auto\"><span class=\"TextRun SCXW44471126 BCX8\" lang=\"GA-IE\" xml:lang=\"GA-IE\" data-contrast=\"auto\"><span class=\"NormalTextRun SCXW44471126 BCX8\">Clice\u00e1il anseo chun<\/span><\/span> <a href=\"https:\/\/coveragemap.comreg.ie\/map\">an cl\u00fadach m\u00f3ib\u00edleach i do cheantar a sheice\u00e1il<\/a>.<\/span><\/p>\n<h3><span class=\"TextRun SCXW114723324 BCX8\" lang=\"GA-IE\" xml:lang=\"GA-IE\" data-contrast=\"auto\"><span class=\"NormalTextRun SCXW114723324 BCX8\">C<\/span><span class=\"NormalTextRun SCXW114723324 BCX8\">\u00e9ar<\/span><span class=\"NormalTextRun SCXW114723324 BCX8\">d iad na cuideachta\u00ed a thairgeann leathanbhanda?\u00a0<\/span><\/span><span class=\"EOP SCXW114723324 BCX8\" data-ccp-props=\"{}\">\u00a0<\/span><\/h3>\n<p><span data-contrast=\"auto\">T\u00e1 \u00e9ags\u00falacht leathan oibreoir\u00ed l\u00edonra agus sol\u00e1thr\u00f3ir\u00ed miond\u00edola ag \u00c9irinn.\u00a0\u00a0<\/span><span data-ccp-props=\"{}\">\u00a0<\/span><\/p>\n<p><span data-contrast=\"auto\">Is iad Oibreoir\u00ed L\u00edonra na cuideachta\u00ed sin a th\u00f3gann, a bhainist\u00edonn agus a oibr\u00edonn an bonneagar a fh\u00e1gann gur f\u00e9idir rochtain a fh\u00e1il ar leathanbhanda. T\u00e1 codanna den bhonneagar reatha ag leathn\u00fa chun ardteicneola\u00edochta\u00ed a thabhairt go n\u00edos m\u00f3 \u00e1iteanna sa t\u00edr agus chun seirbh\u00eds\u00ed feabhsaithe leathanbhanda a thairiscint.\u00a0<\/span><span data-ccp-props=\"{}\">\u00a0<\/span><\/p>\n<p><span data-contrast=\"auto\"><span class=\"TextRun SCXW83138094 BCX8\" lang=\"GA-IE\" xml:lang=\"GA-IE\" data-contrast=\"auto\"><span class=\"NormalTextRun SCXW83138094 BCX8\">Is iad Sol\u00e1thr\u00f3ir\u00ed Seirbh\u00edse Miond\u00edola na cuideachta\u00ed a gceanna\u00edonn tusa, mar thomhalt\u00f3ir, do sheirbh\u00eds leathanbhanda uathu. F\u00e9adfaidh oibreoir l\u00edonra agus sol\u00e1thr\u00f3ir seirbh\u00edse miond\u00edola a bheith ina gcuid den ghr\u00fapa c\u00e9anna cuideachta\u00ed; is cuideachta\u00ed ar leithligh iad de ghn\u00e1th, mar sin f\u00e9in. T\u00e1 liosta<\/span><\/span>\u00a0<a href=\"http:\/\/comreg.ie\/broadband-providers\/\">sol\u00e1thr\u00f3ir\u00ed leathanbhanda<\/a> againn.<\/span><\/p>\n<h3><span class=\"TextRun SCXW225943012 BCX8\" lang=\"GA-IE\" xml:lang=\"GA-IE\" data-contrast=\"auto\"><span class=\"NormalTextRun SCXW225943012 BCX8\">Luasanna Leathanbhanda M\u00ednithe<\/span><\/span><\/h3>\n<p><span class=\"TextRun SCXW64337859 BCX8\" lang=\"GA-IE\" xml:lang=\"GA-IE\" data-contrast=\"auto\"><span class=\"NormalTextRun SCXW64337859 BCX8\">Rud a luaitear go minic agus leathanbhanda \u00e1 cheannach, n\u00f3 nuair a fh\u00f3gra\u00edtear \u00e9, n\u00e1 luas leathanbhanda. D\u00e9antar \u00e9 seo a thomhas de ghn\u00e1th i meigighiot\u00e1in sa soicind (Mbps) n\u00f3 gigighiot\u00e1in sa soicind (Gbps). Is ionann gigighiot\u00e1n amh\u00e1in sa soicin<\/span><span class=\"NormalTextRun SCXW64337859 BCX8\">d<\/span><span class=\"NormalTextRun SCXW64337859 BCX8\"> (1Gbps) agus 1000 meigighiot\u00e1n sa soicind (1000Mbps). D\u00e1 mh\u00e9ad meigibheart a bh\u00edonn an, is amhlaidh is tap\u00fala a bheidh do nasc leathanbhanda agus beidh s\u00e9 ar chaighde\u00e1n n\u00edos fearr.\u00a0<\/span><\/span><span class=\"EOP SCXW64337859 BCX8\" data-ccp-props=\"{}\">\u00a0<\/span><\/p>\n<p><span class=\"TextRun SCXW40211838 BCX8\" lang=\"GA-IE\" xml:lang=\"GA-IE\" data-contrast=\"auto\"><span class=\"NormalTextRun SCXW40211838 BCX8\">Is iad seo na luasanna \u00e9ags\u00fala a d\u2019fh\u00e9adfadh a bheith luaite.\u00a0<\/span><\/span><span class=\"EOP SCXW40211838 BCX8\" data-ccp-props=\"{}\">\u00a0<\/span><\/p>\n<h4><span class=\"TextRun SCXW207066315 BCX8\" lang=\"GA-IE\" xml:lang=\"GA-IE\" data-contrast=\"auto\"><span class=\"NormalTextRun SCXW207066315 BCX8\">Luas uasl\u00f3d\u00e1la:\u00a0<\/span><\/span><span class=\"EOP SCXW207066315 BCX8\" data-ccp-props=\"{}\">\u00a0<\/span><\/h4>\n<p><span class=\"TextRun SCXW50008438 BCX8\" lang=\"GA-IE\" xml:lang=\"GA-IE\" data-contrast=\"auto\"><span class=\"NormalTextRun SCXW50008438 BCX8\">Seo c\u00e9 chomh tapa agus is f\u00e9idir leat sonra\u00ed a uasl\u00f3d\u00e1il chuig an idirl\u00edon. Chuirfeadh s\u00e9 seo isteach ar ruda\u00ed amhail r\u00edomhphoist a sheoladh, f\u00edse\u00e1in n\u00f3 picti\u00fair a uasl\u00f3d\u00e1il ar na me\u00e1in sh\u00f3isialta, n\u00f3 f\u00edschomhr\u00e1.\u00a0<\/span><\/span><span class=\"EOP SCXW50008438 BCX8\" data-ccp-props=\"{}\">\u00a0<\/span><\/p>\n<h4><span class=\"TextRun SCXW170154707 BCX8\" lang=\"GA-IE\" xml:lang=\"GA-IE\" data-contrast=\"auto\"><span class=\"NormalTextRun SCXW170154707 BCX8\">Luas \u00edosl\u00f3d\u00e1la:<\/span><\/span><\/h4>\n<p><span data-ccp-props=\"{&quot;201341983&quot;:0,&quot;335559739&quot;:160,&quot;335559740&quot;:259}\"><span class=\"TextRun SCXW243928462 BCX8\" lang=\"GA-IE\" xml:lang=\"GA-IE\" data-contrast=\"auto\"><span class=\"NormalTextRun SCXW243928462 BCX8\">Seo c\u00e9 chomh tapa agus is f\u00e9idir leat sonra\u00ed a fh\u00e1il \u00f3n idirl\u00edon. D\u00e1 airde an luas, is ea is tap\u00fala a \u00edosl\u00f3d\u00e1lfar na leathanaigh ghr\u00e9as\u00e1in agus na h\u00edomh\u00e1nna, agus f\u00eds-sruth\u00fa ar chaighde\u00e1n n\u00edos airde f\u00e9ideartha.\u00a0<\/span><\/span><span class=\"EOP SCXW243928462 BCX8\" data-ccp-props=\"{}\">\u00a0<\/span> <\/span><\/p>\n<h4><span class=\"TextRun SCXW8895788 BCX8\" lang=\"GA-IE\" xml:lang=\"GA-IE\" data-contrast=\"auto\"><span class=\"NormalTextRun SCXW8895788 BCX8\">C<\/span><span class=\"NormalTextRun SCXW8895788 BCX8\">\u00e9ar<\/span><span class=\"NormalTextRun SCXW8895788 BCX8\">d iad na sonra\u00ed luais a chaithfidh sol\u00e1thr\u00f3ir\u00ed seirbh\u00edse idirl\u00edn a chur san \u00e1ireamh i mo chonradh?\u00a0<\/span><\/span><span class=\"EOP SCXW8895788 BCX8\" data-ccp-props=\"{}\">\u00a0<\/span><\/h4>\n<p><span class=\"TextRun SCXW154695179 BCX8\" lang=\"GA-IE\" xml:lang=\"GA-IE\" data-contrast=\"auto\"><span class=\"NormalTextRun SCXW154695179 BCX8\">N\u00ed m\u00f3r do do shol\u00e1thr\u00f3ir na nithe seo a leanas a chur san \u00e1ireamh i do chonradh;\u00a0<\/span><\/span><span class=\"EOP SCXW154695179 BCX8\" data-ccp-props=\"{}\">\u00a0<\/span><\/p>\n<ul>\n<li><span data-contrast=\"auto\">\u00cdosluasanna \u00edosl\u00f3d\u00e1la agus uasl\u00f3d\u00e1la de l\u00edonra\u00ed seasta at\u00e1 ar f\u00e1il de ghn\u00e1th, uasluas na luasanna c\u00e9anna agus na luasanna f\u00f3gartha.\u00a0<\/span><span data-ccp-props=\"{}\">\u00a0<\/span><\/li>\n<li><span data-contrast=\"auto\">Uasluasanna \u00edosl\u00f3d\u00e1la agus uasl\u00f3d\u00e1la measta agus f\u00f3gartha na l\u00edonra\u00ed m\u00f3ib\u00edleacha.\u00a0<\/span><span data-ccp-props=\"{}\">\u00a0<\/span><\/li>\n<\/ul>\n<h4><span class=\"TextRun SCXW184824593 BCX8\" lang=\"GA-IE\" xml:lang=\"GA-IE\" data-contrast=\"auto\"><span class=\"NormalTextRun SCXW184824593 BCX8\">Seice\u00e1il luas d\u2019idirl\u00edn\u00a0<\/span><\/span><span class=\"EOP SCXW184824593 BCX8\" data-ccp-props=\"{}\">\u00a0<\/span><\/h4>\n<p><span data-contrast=\"auto\"><span class=\"TextRun SCXW207835619 BCX8\" lang=\"GA-IE\" xml:lang=\"GA-IE\" data-contrast=\"auto\"><span class=\"NormalTextRun SCXW207835619 BCX8\">Is f\u00e9idir leat luas d\u2019idirl\u00edn a sheice\u00e1il tr\u00ed \u00fas\u00e1id a bhaint as ceann de na huirlis\u00ed ar l\u00edne mar an<\/span><\/span> <\/span><a href=\"https:\/\/www.speedtest.net\/\" rel=\"noopener\"><span data-contrast=\"none\">Speedtest by Ookla<\/span><\/a><span data-contrast=\"auto\">.<\/span><span data-ccp-props=\"{&quot;201341983&quot;:0,&quot;335559739&quot;:160,&quot;335559740&quot;:259}\">\u00a0<\/span><\/p>\n<h3><span class=\"TextRun SCXW31620587 BCX8\" lang=\"GA-IE\" xml:lang=\"GA-IE\" data-contrast=\"auto\"><span class=\"NormalTextRun SCXW31620587 BCX8\">C\u00e9n leathanbhanda at\u00e1 ar f\u00e1il i mo cheantar?\u00a0<\/span><\/span><span class=\"EOP SCXW31620587 BCX8\" data-ccp-props=\"{}\">\u00a0<\/span><\/h3>\n<p><span data-contrast=\"auto\"><span class=\"TextRun SCXW172849824 BCX8\" lang=\"GA-IE\" xml:lang=\"GA-IE\" data-contrast=\"auto\"><span class=\"NormalTextRun SCXW172849824 BCX8\">Mura bhfuil t\u00fa cinnte faoi na cine\u00e1lacha naisc leathanbhanda at\u00e1 ar f\u00e1il i do cheantar mar aon leis na luasanna f\u00e9ideartha, is f\u00e9idir len\u00e1r<\/span><\/span> <\/span><span data-contrast=\"auto\"><a href=\"http:\/\/comreg.ie\/broadbandchecker\">Seice\u00e1la\u00ed Leathanbhanda<\/a> <\/span><span data-contrast=\"auto\">cabhr\u00fa leat. N\u00edl le d\u00e9anamh agat ach do sheoladh n\u00f3 \u00c9irch\u00f3d a chur isteach.\u00a0<\/span><span data-ccp-props=\"{}\">\u00a0<\/span><\/p>\n<p><span data-contrast=\"auto\">Chun an margadh leathanbhanda is fearr a aimsi\u00fa a oireann do do chuid riachtanas, t\u00e1<\/span><span data-contrast=\"auto\">\u00a0<\/span><a href=\"http:\/\/comreg.ie\/compare\/\">uirlis neamhsple\u00e1ch compar\u00e1ide praghsanna againn.<\/a><span data-ccp-props=\"{&quot;201341983&quot;:0,&quot;335559739&quot;:160,&quot;335559740&quot;:259}\">\u00a0<\/span><\/p>\n<p><span data-ccp-props=\"{&quot;201341983&quot;:0,&quot;335559739&quot;:160,&quot;335559740&quot;:259}\">\u00a0<\/span><\/p>\n","protected":false},"excerpt":{"rendered":"<p>Sol\u00e1thra\u00edonn cine\u00e1lacha \u00e9ags\u00fala teicneola\u00edochta leathanbhanda do thithe agus do ghn\u00f3lachta\u00ed in \u00c9irinn. Braithfidh an nasc leathanbhanda a gheobhaidh t\u00fa ar an \u00e1it a bhfuil c\u00f3na\u00ed &hellip; <a href=\"https:\/\/www.comreg.ie\/ga\/comhairle-eolas\/leathanbhanda-guthan-baile\/cinealacha-leathanbhanda\/\"><\/a><\/p>\n","protected":false},"author":69,"featured_media":0,"parent":131366,"menu_order":0,"comment_status":"closed","ping_status":"closed","template":"templates\/template-topic-pages.php","meta":{"_acf_changed":false,"_relevanssi_hide_post":"","_relevanssi_hide_content":"","_relevanssi_pin_for_all":"","_relevanssi_pin_keywords":"","_relevanssi_unpin_keywords":"","_relevanssi_related_keywords":"","_relevanssi_related_include_ids":"","_relevanssi_related_exclude_ids":"","_relevanssi_related_no_append":"","_relevanssi_related_not_related":"","_relevanssi_related_posts":"","_relevanssi_noindex_reason":"","footnotes":"","_wp_rev_ctl_limit":""},"class_list":["post-131370","page","type-page","status-publish","hentry","page_category-consumer"],"acf":[],"aioseo_notices":[],"_links":{"self":[{"href":"https:\/\/www.comreg.ie\/ga\/wp-json\/wp\/v2\/pages\/131370","targetHints":{"allow":["GET"]}}],"collection":[{"href":"https:\/\/www.comreg.ie\/ga\/wp-json\/wp\/v2\/pages"}],"about":[{"href":"https:\/\/www.comreg.ie\/ga\/wp-json\/wp\/v2\/types\/page"}],"author":[{"embeddable":true,"href":"https:\/\/www.comreg.ie\/ga\/wp-json\/wp\/v2\/users\/69"}],"replies":[{"embeddable":true,"href":"https:\/\/www.comreg.ie\/ga\/wp-json\/wp\/v2\/comments?post=131370"}],"version-history":[{"count":7,"href":"https:\/\/www.comreg.ie\/ga\/wp-json\/wp\/v2\/pages\/131370\/revisions"}],"predecessor-version":[{"id":131961,"href":"https:\/\/www.comreg.ie\/ga\/wp-json\/wp\/v2\/pages\/131370\/revisions\/131961"}],"up":[{"embeddable":true,"href":"https:\/\/www.comreg.ie\/ga\/wp-json\/wp\/v2\/pages\/131366"}],"wp:attachment":[{"href":"https:\/\/www.comreg.ie\/ga\/wp-json\/wp\/v2\/media?parent=131370"}],"curies":[{"name":"wp","href":"https:\/\/api.w.org\/{rel}","templated":true}]}}