{"id":131374,"date":"2024-03-21T12:18:02","date_gmt":"2024-03-21T12:18:02","guid":{"rendered":"https:\/\/www.comreg.ie\/comhairle-eolas\/leathanbhanda-guthan-baile\/upgrading-broadband-home-phone\/"},"modified":"2024-11-06T15:38:28","modified_gmt":"2024-11-06T15:38:28","slug":"leathanbhanda-guthan-baile-a-uasghradu","status":"publish","type":"page","link":"https:\/\/www.comreg.ie\/ga\/comhairle-eolas\/leathanbhanda-guthan-baile\/leathanbhanda-guthan-baile-a-uasghradu\/","title":{"rendered":"Leathanbhanda &#038; Guth\u00e1n Baile a Uasghr\u00e1d\u00fa"},"content":{"rendered":"<p><span data-contrast=\"auto\">San am a chuaigh thart, n\u00ed bhfuarthas seirbh\u00eds\u00ed guth\u00e1in baile agus idirl\u00edn ach amh\u00e1in tr\u00ed bheith ceangailte le soic\u00e9ad sa bhalla a nascann le sreanga caighde\u00e1nacha copair idir cuaill\u00ed teileaf\u00f3in n\u00f3 le c\u00e1bla comhaiseach\/teilif\u00edse i gcathair n\u00f3 i mbaile m\u00f3r. D\u2019fh\u00e9adfadh s\u00e9 go bhfuarthas seirbh\u00eds\u00ed guth\u00e1in baile agus idirl\u00edn freisin \u00f3 chomhartha idirl\u00edn gan sreang \u00f3 chrann lasmuigh.\u00a0\u00a0<\/span><span data-ccp-props=\"{}\">\u00a0<\/span><\/p>\n<p><span data-contrast=\"auto\">T\u00e1 seirbh\u00eds\u00ed guth\u00e1in baile agus leathanbhanda ag athr\u00fa, de r\u00e9ir mar a ghlactar c\u00e9imeanna chun na teicneola\u00edochta\u00ed ar na l\u00edonra\u00ed a fheabhs\u00fa agus a uasghr\u00e1d\u00fa le himeacht ama. N\u00edl na feabhsuithe seo ag tarl\u00fa in \u00c9irinn amh\u00e1in, t\u00e1 siad ag tarl\u00fa ar fud an domhain.\u00a0\u00a0<\/span><span data-ccp-props=\"{}\">\u00a0<\/span><\/p>\n<h3><span class=\"TextRun SCXW74875179 BCX8\" lang=\"GA-IE\" xml:lang=\"GA-IE\" data-contrast=\"auto\"><span class=\"NormalTextRun SCXW74875179 BCX8\">L\u00edonra\u00ed na h\u00c9ireann \u00e1 nUasghr\u00e1d\u00fa\u00a0<\/span><\/span><span class=\"EOP SCXW74875179 BCX8\" data-ccp-props=\"{}\">\u00a0<\/span><\/h3>\n<p><span class=\"TextRun SCXW128433700 BCX8\" lang=\"GA-IE\" xml:lang=\"GA-IE\" data-contrast=\"auto\"><span class=\"NormalTextRun SCXW128433700 BCX8\">T\u00e1 na l\u00edonra\u00ed copair sean agus t\u00e1 siad ag \u00e9ir\u00ed n\u00edos deacra agus n\u00edos costasa\u00ed iad a chothabh\u00e1il. M\u00e1 chuirtear sn\u00e1ith\u00edn in ionad na l\u00edonra\u00ed seo, cinnteofar go mbeidh seirbh\u00eds\u00ed iontaofa leathanbhanda agus guth\u00e1in baile ar f\u00e1il againn.\u00a0\u00a0<\/span><\/span><span class=\"EOP SCXW128433700 BCX8\" data-ccp-props=\"{}\">\u00a0<\/span><\/p>\n<h3><span class=\"TextRun SCXW147484469 BCX8\" lang=\"GA-IE\" xml:lang=\"GA-IE\" data-contrast=\"auto\"><span class=\"NormalTextRun SCXW147484469 BCX8\">Bonneagar agus cl\u00fadach na h\u00c9ireann a mh\u00e9ad\u00fa\u00a0<\/span><\/span><span class=\"EOP SCXW147484469 BCX8\" data-ccp-props=\"{}\">\u00a0<\/span><\/h3>\n<p><span data-contrast=\"auto\">One of the main broadband initiatives that will affect the future of broadband in Ireland is the continued rollout of full-fibre services to increasing parts of the country. <a href=\"https:\/\/nbi.ie\/rollout-plan\/\">Leathanbhanda N\u00e1isi\u00fanta \u00c9ireann (LN\u00c9)<\/a> (NBI)<\/span><span data-contrast=\"auto\"> <span class=\"TextRun SCXW91850398 BCX8\" lang=\"GA-IE\" xml:lang=\"GA-IE\" data-contrast=\"auto\"><span class=\"NormalTextRun SCXW91850398 BCX8\">leathanbhanda ardluais a thabhairt chun na tuaithe in \u00c9irinn.\u00a0<\/span><\/span><span class=\"EOP SCXW91850398 BCX8\" data-ccp-props=\"{}\">\u00a0<\/span><\/span><\/p>\n<p><span class=\"TextRun SCXW12230731 BCX8\" lang=\"GA-IE\" xml:lang=\"GA-IE\" data-contrast=\"auto\"><span class=\"NormalTextRun SCXW12230731 BCX8\">Mar an gc\u00e9anna, t\u00e1 <\/span><\/span><span data-contrast=\"auto\"><a href=\"https:\/\/siro.ie\/\">SIRO<\/a> <span class=\"TextRun SCXW41461880 BCX8\" lang=\"GA-IE\" xml:lang=\"GA-IE\" data-contrast=\"auto\"><span class=\"NormalTextRun SCXW41461880 BCX8\">ag leathn\u00fa a l\u00edonra leathanbhanda tr\u00ed \u00fas\u00e1id a bhaint as <\/span><span class=\"NormalTextRun SCXW41461880 BCX8\">bonneagar <\/span><span class=\"NormalTextRun SCXW41461880 BCX8\">reatha an ESB chun naisc l\u00e1n-sn\u00e1ith\u00edn a thairiscint do n\u00edos m\u00f3 \u00e1itreabh ar fud na t\u00edre.\u00a0<\/span><\/span><span class=\"EOP SCXW41461880 BCX8\" data-ccp-props=\"{}\">\u00a0<\/span><\/span><span data-contrast=\"auto\">\u00a0<\/span><\/p>\n<p><span data-contrast=\"auto\"><span class=\"TextRun SCXW120624938 BCX8\" lang=\"GA-IE\" xml:lang=\"GA-IE\" data-contrast=\"auto\"><span class=\"NormalTextRun SCXW120624938 BCX8\">Cialla\u00edonn na tionscadail seo, chomh maith le<\/span><\/span> <a href=\"https:\/\/www.openeir.ie\/national-broadband-plan\/\"> leathn\u00fa lean\u00fanach oscailte Eir<\/a><\/span><span data-contrast=\"auto\"> <span class=\"TextRun SCXW177878756 BCX8\" lang=\"GA-IE\" xml:lang=\"GA-IE\" data-contrast=\"auto\"><span class=\"NormalTextRun SCXW177878756 BCX8\">ar a bhonneagar l\u00e1n-sn\u00e1ith\u00edn, go mbeidh rochtain ag n\u00edos m\u00f3 codanna den t\u00edr ar naisc idirl\u00edn ardluais. Le himeacht ama beidh bonneagar n\u00edos sine, cos\u00fail le naisc chopair, imithe as feidhm.\u00a0<\/span><\/span><span class=\"EOP SCXW177878756 BCX8\" data-ccp-props=\"{}\">\u00a0<\/span><\/span><\/p>\n<p>T\u00e1 <span data-contrast=\"auto\"><a href=\"https:\/\/www.virginmedia.ie\/about-us\/press\/2021\/virgin-media-ireland-announces-national-fibre-network-upgrade\/\">Virgin Media<\/a> <span class=\"TextRun SCXW34364745 BCX8\" lang=\"GA-IE\" xml:lang=\"GA-IE\" data-contrast=\"auto\"><span class=\"NormalTextRun SCXW34364745 BCX8\">ag obair faoi l\u00e1thair ar a l\u00edonra a uasghr\u00e1d\u00fa go sn\u00e1ith\u00edn ioml\u00e1n suas go dt\u00ed 2025.<\/span><\/span><\/span><\/p>\n<h3><span class=\"TextRun SCXW227798014 BCX8\" lang=\"GA-IE\" xml:lang=\"GA-IE\" data-contrast=\"auto\"><span class=\"NormalTextRun SCXW227798014 BCX8\">C\u00e9ard a chialla\u00edonn an t-idirl\u00edon thar leathanbhanda sn\u00e1ith\u00edneach do mo sheirbh\u00eds leathanbhanda agus guth\u00e1n baile?\u00a0<\/span><\/span><span class=\"EOP SCXW227798014 BCX8\" data-ccp-props=\"{}\">\u00a0<\/span><\/h3>\n<p><span data-contrast=\"auto\">Is teicneola\u00edocht thapa iontaofa \u00e9 leathanbhanda sn\u00e1ith\u00edn chun seirbh\u00eds\u00ed idirl\u00edn a sheachadadh. Cumasa\u00edonn leathanbhanda sn\u00e1ith\u00edn gl\u00e9asanna \u00e9ags\u00fala at\u00e1 nasctha leis an idirl\u00edon a \u00fas\u00e1id go saor\u00e1ideach ag an am c\u00e9anna \u2013 guth\u00e1in chliste, seirbh\u00eds\u00ed teilif\u00edse, r\u00edomhair\u00ed, callair\u00ed cliste chomh maith le seirbh\u00eds do ghuth\u00e1in bhaile.\u00a0<\/span><span data-ccp-props=\"{}\">\u00a0<\/span><\/p>\n<p><span data-contrast=\"auto\">D\u00e9anfar glaonna guth\u00e1in l\u00edne thal\u00fan a sheachadadh thar theicneola\u00edocht dhigiteach, ar a dtugtar Pr\u00f3tacal Idirl\u00edn Guthaithe (VoIP) Tugtar \u2018guth\u00e1n digiteach\u2019 n\u00f3 \u2018guth digiteach\u2019 air freisin.\u00a0<\/span><\/p>\n<p><span data-contrast=\"auto\"><span class=\"TextRun SCXW204715081 BCX8\" lang=\"GA-IE\" xml:lang=\"GA-IE\" data-contrast=\"auto\"><span class=\"NormalTextRun SCXW204715081 BCX8\">Faigh tuilleadh eolais ar<\/span><\/span> <a href=\"https:\/\/comreg.ie\/advice-information\/broadband-and-home-phone\/types-of-broadband-technology\/\">shn\u00e1ith\u00edn agus cine\u00e1lacha eile leathanbhanda. <\/a><\/span><\/p>\n<h3><b><span data-contrast=\"none\"><span class=\"TextRun SCXW104387351 BCX8\" lang=\"GA-IE\" xml:lang=\"GA-IE\" data-contrast=\"auto\"><span class=\"NormalTextRun SCXW104387351 BCX8\">Glaonna teileaf\u00f3in l\u00edne thal\u00fan arna seachadadh thar theicneola\u00edocht dhigiteach\u00a0\u00a0<\/span><\/span><span class=\"EOP SCXW104387351 BCX8\" data-ccp-props=\"{}\">\u00a0<\/span> <\/span><\/b><span data-ccp-props=\"{&quot;134233117&quot;:true,&quot;134233118&quot;:true,&quot;201341983&quot;:0,&quot;335557856&quot;:16777215,&quot;335559740&quot;:240}\">\u00a0<\/span><\/h3>\n<p><span data-contrast=\"auto\">Tugann an PTSN (L\u00edonra Poibl\u00ed Lascghuth\u00e1n) d\u00fainn an rud ar a dtugtar l\u00edne thal\u00fan de ghn\u00e1th. Is \u00e9 seo an nasc guth\u00e1n baile seasta a bh\u00ed go traidisi\u00fanta go leor againn sa bhaile n\u00f3 ag an obair.\u00a0\u00a0<\/span><span data-ccp-props=\"{}\">\u00a0<\/span><\/p>\n<p><span data-contrast=\"auto\">Is teicneola\u00edocht \u00e9 VoIP (Pr\u00f3tacal Idirl\u00edn Guthaithe) a ligeann d\u00fainn glaonna a dh\u00e9anamh thar nasc Idirl\u00edn. Is f\u00e9idir \u00e9 seo a dh\u00e9anamh le r\u00edomhaire, le guth\u00e1n cliste, n\u00f3 le gl\u00e9as m\u00f3ib\u00edleach ar bith eile amhail t\u00e1ibl\u00e9ad.\u00a0<\/span><span data-ccp-props=\"{}\">\u00a0<\/span><\/p>\n<p><span class=\"TextRun SCXW212498781 BCX8\" lang=\"GA-IE\" xml:lang=\"GA-IE\" data-contrast=\"auto\"><span class=\"NormalTextRun SCXW212498781 BCX8\">De r\u00e9ir mar a bheidh an leathanbhanda sn\u00e1ith\u00edn ina theicneola\u00edocht at\u00e1 ar f\u00e1il n\u00edos m\u00f3 n\u00e1 riamh, agus l\u00ednte tal\u00fan seasta ag laghd\u00fa, beidh n\u00edos m\u00f3 \u00e9ilimh ar sheirbh\u00eds\u00ed VoIP sna blianta amach romhainn. Is iad na tairbh\u00ed a d\u2019fh\u00e9adfadh a bheith ann do thomhalt\u00f3ir\u00ed n\u00e1 costais n\u00edos \u00edsle (go h\u00e1irithe do ghlaonna idirn\u00e1isi\u00fanta), c\u00e1il\u00edocht glaonna n\u00edos airde, gan g\u00e1 le l\u00edne guth\u00e1in tiomnaithe ar leith, agus g\u00e1 laghdaithe le cothabh\u00e1il.\u00a0<\/span><\/span><span class=\"EOP SCXW212498781 BCX8\" data-ccp-props=\"{}\">\u00a0<\/span><\/p>\n<h3><span class=\"TextRun SCXW10102158 BCX8\" lang=\"GA-IE\" xml:lang=\"GA-IE\" data-contrast=\"auto\"><span class=\"NormalTextRun SCXW10102158 BCX8\">An f\u00e9idir liom mo sheirbh\u00eds guth\u00e1n baile a choinne\u00e1il ar an idirl\u00edon leathanbhanda sn\u00e1ith\u00edneach?\u00a0<\/span><\/span><span class=\"EOP SCXW10102158 BCX8\" data-ccp-props=\"{}\">\u00a0<\/span><\/h3>\n<p><span class=\"TextRun SCXW242763835 BCX8\" lang=\"GA-IE\" xml:lang=\"GA-IE\" data-contrast=\"auto\"><span class=\"NormalTextRun SCXW242763835 BCX8\">Is f\u00e9idir leat do sheirbh\u00eds guth\u00e1in baile a choinne\u00e1il ar d\u2019idirl\u00edon leathanbhanda sn\u00e1ith\u00edneach f\u00f3s. Is f\u00e9idir le seirbh\u00eds guth\u00e1in baile thar leathanbhanda sn\u00e1ith\u00edn (Pr\u00f3tacal Idirl\u00edn Guthaithe (VoIP)) guth\u00e1n caighde\u00e1nach a \u00fas\u00e1id f\u00f3s, ach d\u00e9anfar \u00e9 a phlug\u00e1il isteach sa mh\u00f3ideim idirl\u00edn in ionad \u00e9 a chur isteach i soic\u00e9ad sa bhalla.\u00a0<\/span><\/span><span class=\"EOP SCXW242763835 BCX8\" data-ccp-props=\"{}\">\u00a0<\/span><\/p>\n<h3><span class=\"TextRun SCXW188608390 BCX8\" lang=\"GA-IE\" xml:lang=\"GA-IE\" data-contrast=\"auto\"><span class=\"NormalTextRun SCXW188608390 BCX8\">An mbeidh trealamh nua uaim?\u00a0<\/span><\/span><span class=\"EOP SCXW188608390 BCX8\" data-ccp-props=\"{}\">\u00a0<\/span><\/h3>\n<p><span class=\"TextRun SCXW96990090 BCX8\" lang=\"GA-IE\" xml:lang=\"GA-IE\" data-contrast=\"auto\"><span class=\"NormalTextRun SCXW96990090 BCX8\">Ba ch\u00f3ir do do shol\u00e1thr\u00f3ir socr\u00fa a dh\u00e9anamh an trealamh a shol\u00e1thar a theasta\u00edonn chun do ghuth\u00e1n l\u00edne t<\/span><span class=\"NormalTextRun SCXW96990090 BCX8\">h<\/span><span class=\"NormalTextRun SCXW96990090 BCX8\">al\u00fan a choinne\u00e1il ag obair \u2013 mar shampla, m\u00f3ideim nua, gl\u00e9as l\u00e1imhe nua n\u00f3 m\u00e1 t\u00e1 seirbh\u00eds leathanbhanda nua ag teast\u00e1il uait, b\u2019fh\u00e9idir go mbeadh do shol\u00e1thr\u00f3ir in ann comhairle a chur ort.\u00a0<\/span><\/span><span class=\"EOP SCXW96990090 BCX8\" data-ccp-props=\"{}\">\u00a0<\/span><\/p>\n<h3><span data-ccp-props=\"{&quot;201341983&quot;:0,&quot;335557856&quot;:16777215,&quot;335559738&quot;:750,&quot;335559739&quot;:150,&quot;335559740&quot;:240}\"><span class=\"TextRun SCXW144510673 BCX8\" lang=\"GA-IE\" xml:lang=\"GA-IE\" data-contrast=\"auto\"><span class=\"NormalTextRun SCXW144510673 BCX8\">C<\/span><span class=\"NormalTextRun SCXW144510673 BCX8\">\u00e9ar<\/span><span class=\"NormalTextRun SCXW144510673 BCX8\">d iad na gl\u00e9asanna eile is g\u00e1 dom a mheas?\u00a0<\/span><\/span><span class=\"EOP SCXW144510673 BCX8\" data-ccp-props=\"{}\">\u00a0<\/span> <\/span><\/h3>\n<p><span class=\"TextRun SCXW8404971 BCX8\" lang=\"GA-IE\" xml:lang=\"GA-IE\" data-contrast=\"auto\"><span class=\"NormalTextRun SCXW8404971 BCX8\">D\u2019fh\u00e9adfadh gl\u00e9asanna \u00e1irithe ar n\u00f3s al\u00e1raim ch\u00faraim, al\u00e1raim phearsanta, al\u00e1raim s<\/span><span class=\"NormalTextRun SCXW8404971 BCX8\">h<\/span><span class=\"NormalTextRun SCXW8404971 BCX8\">l\u00e1nd\u00e1la agus meais\u00edn\u00ed facs a bheith nasctha le do l\u00edne thal\u00fan. M\u00e1 t\u00e1 gl\u00e9as mar seo agat, seans go mbeidh ort \u00e9 a athshol\u00e1thar n\u00f3 a athchumr\u00fa chun lean\u00faint ar aghaidh ag obair a luaithe is a bhogann t\u00fa chuig seirbh\u00eds VoIP.\u00a0<\/span><\/span><span class=\"EOP SCXW8404971 BCX8\" data-ccp-props=\"{}\">\u00a0<\/span><\/p>\n<p><span data-contrast=\"auto\"><strong>C\u00e9ard a tharl\u00f3idh m\u00e1 bh\u00edonn gearradh cumhachta ann?<\/strong>\u00a0<\/span><span data-ccp-props=\"{}\">\u00a0<\/span><\/p>\n<p><span data-contrast=\"auto\">M\u00e1 t\u00e1 gearradh cumhachta sa teach agus m\u00e1 stopann an t-idirl\u00edon ag obair, n\u00ed oibreoidh an tseirbh\u00eds guth\u00e1in agus gl\u00e9asanna at\u00e1 ag brath ar an nasc leathanbhanda ach an oiread.\u00a0<\/span><span data-ccp-props=\"{}\">\u00a0<\/span><\/p>\n<p><span data-contrast=\"auto\">Ba cheart do do shol\u00e1thr\u00f3ir guth\u00e1n p\u00f3ca aon teorainneacha agus tionchair a bhaineann leis an tseirbh\u00eds a nochtadh go soil\u00e9ir, lena n-\u00e1ir\u00edtear i gc\u00e1s cliseadh cumhachta laistigh de th\u00e9arma\u00ed agus coinn\u00edollacha do chonartha.\u00a0<\/span><span data-ccp-props=\"{}\">\u00a0<\/span><\/p>\n<p><span data-contrast=\"auto\">Rogha amh\u00e1in at\u00e1 ar f\u00e1il duit chun an baol a bhaineann le rochtain ghuth\u00e1in n\u00f3 idirl\u00edn a chailleadh go sealadach le linn gearradh cumhachta a mhaol\u00fa, is ea guth\u00e1n p\u00f3ca a \u00fas\u00e1id. T\u00e1 s\u00e9 t\u00e1bhachtach a chinnti\u00fa go gcoime\u00e1dtar an guth\u00e1n p\u00f3ca luchtaithe.\u00a0<\/span><span data-ccp-props=\"{}\">\u00a0<\/span><\/p>\n<p><span data-contrast=\"auto\">Ina theannta sin, mura bhfuil cumhacht caillte ag an l\u00edonra f\u00e9in, is f\u00e9idir leat gl\u00e9as c\u00faltaca ceallra\u00ed a \u00fas\u00e1id chun cumhacht a thabhairt do do mh\u00f3ideim chun a bheith in ann lean\u00faint ar aghaidh ag \u00fas\u00e1id do sheirbh\u00eds guth\u00e1in l\u00edne thal\u00fan baile chun glaonna a dh\u00e9anamh agus a fh\u00e1il, ar bhonn sealadach, le linn gearradh cumhachta.\u00a0\u00a0<\/span><span data-ccp-props=\"{}\">\u00a0<\/span><\/p>\n<p><span data-contrast=\"auto\">T\u00e1 gl\u00e9asanna c\u00faltaca ceallra\u00ed ar f\u00e1il ar an margadh faoi l\u00e1thair is f\u00e9idir leat a cheannach n\u00f3 is f\u00e9idir le do shol\u00e1thr\u00f3ir seirbh\u00edse comhairle a chur ort.\u00a0<\/span><span data-ccp-props=\"{}\">\u00a0<\/span><\/p>\n","protected":false},"excerpt":{"rendered":"<p>San am a chuaigh thart, n\u00ed bhfuarthas seirbh\u00eds\u00ed guth\u00e1in baile agus idirl\u00edn ach amh\u00e1in tr\u00ed bheith ceangailte le soic\u00e9ad sa bhalla a nascann le sreanga &hellip; <a href=\"https:\/\/www.comreg.ie\/ga\/comhairle-eolas\/leathanbhanda-guthan-baile\/leathanbhanda-guthan-baile-a-uasghradu\/\"><\/a><\/p>\n","protected":false},"author":69,"featured_media":0,"parent":131366,"menu_order":2,"comment_status":"closed","ping_status":"closed","template":"templates\/template-topic-pages.php","meta":{"_acf_changed":false,"_relevanssi_hide_post":"","_relevanssi_hide_content":"","_relevanssi_pin_for_all":"","_relevanssi_pin_keywords":"","_relevanssi_unpin_keywords":"","_relevanssi_related_keywords":"","_relevanssi_related_include_ids":"","_relevanssi_related_exclude_ids":"","_relevanssi_related_no_append":"","_relevanssi_related_not_related":"","_relevanssi_related_posts":"","_relevanssi_noindex_reason":"","footnotes":"","_wp_rev_ctl_limit":""},"class_list":["post-131374","page","type-page","status-publish","hentry","page_category-consumer"],"acf":[],"aioseo_notices":[],"_links":{"self":[{"href":"https:\/\/www.comreg.ie\/ga\/wp-json\/wp\/v2\/pages\/131374","targetHints":{"allow":["GET"]}}],"collection":[{"href":"https:\/\/www.comreg.ie\/ga\/wp-json\/wp\/v2\/pages"}],"about":[{"href":"https:\/\/www.comreg.ie\/ga\/wp-json\/wp\/v2\/types\/page"}],"author":[{"embeddable":true,"href":"https:\/\/www.comreg.ie\/ga\/wp-json\/wp\/v2\/users\/69"}],"replies":[{"embeddable":true,"href":"https:\/\/www.comreg.ie\/ga\/wp-json\/wp\/v2\/comments?post=131374"}],"version-history":[{"count":4,"href":"https:\/\/www.comreg.ie\/ga\/wp-json\/wp\/v2\/pages\/131374\/revisions"}],"predecessor-version":[{"id":131917,"href":"https:\/\/www.comreg.ie\/ga\/wp-json\/wp\/v2\/pages\/131374\/revisions\/131917"}],"up":[{"embeddable":true,"href":"https:\/\/www.comreg.ie\/ga\/wp-json\/wp\/v2\/pages\/131366"}],"wp:attachment":[{"href":"https:\/\/www.comreg.ie\/ga\/wp-json\/wp\/v2\/media?parent=131374"}],"curies":[{"name":"wp","href":"https:\/\/api.w.org\/{rel}","templated":true}]}}