{"id":131384,"date":"2024-03-21T12:32:42","date_gmt":"2024-03-21T12:32:42","guid":{"rendered":"https:\/\/www.comreg.ie\/comhairle-eolas\/leathanbhanda-guthan-baile\/broadband-home-phone-switching\/"},"modified":"2024-11-06T15:40:01","modified_gmt":"2024-11-06T15:40:01","slug":"leathanbhanda-guthan-baile-a-athru","status":"publish","type":"page","link":"https:\/\/www.comreg.ie\/ga\/comhairle-eolas\/leathanbhanda-guthan-baile\/leathanbhanda-guthan-baile-a-athru\/","title":{"rendered":"Leathanbhanda &#038; Guth\u00e1n Baile a Athr\u00fa"},"content":{"rendered":"<p><span class=\"TextRun SCXW12969350 BCX8\" lang=\"GA-IE\" xml:lang=\"GA-IE\" data-contrast=\"auto\"><span class=\"NormalTextRun SCXW12969350 BCX8\">Agus t\u00fa ag smaoineamh ar athr\u00fa leathanbhanda n\u00f3 sol\u00e1thr<\/span><span class=\"NormalTextRun SCXW12969350 BCX8\">\u00f3ir<\/span><span class=\"NormalTextRun SCXW12969350 BCX8\"> guth\u00e1n baile, is \u00e9 an ch\u00e9ad rud ba ch\u00f3ir duit a dh\u00e9anamh n\u00e1 a fh\u00e1il amach an bhfuil t\u00fa f\u00f3s i gconradh.<\/span><\/span><span class=\"EOP SCXW12969350 BCX8\" data-ccp-props=\"{}\">\u00a0<\/span><\/p>\n<h3><span class=\"TextRun SCXW54835856 BCX8\" lang=\"GA-IE\" xml:lang=\"GA-IE\" data-contrast=\"auto\"><span class=\"NormalTextRun SCXW54835856 BCX8\">C<\/span><span class=\"NormalTextRun SCXW54835856 BCX8\">\u00e9ar<\/span><span class=\"NormalTextRun SCXW54835856 BCX8\">d a dh\u00e9anfaidh m\u00e9 m\u00e1 t\u00e1im f\u00f3s i gconradh?<\/span><\/span><span class=\"EOP SCXW54835856 BCX8\" data-ccp-props=\"{}\">\u00a0<\/span><\/h3>\n<p><span class=\"TextRun SCXW121827871 BCX8\" lang=\"GA-IE\" xml:lang=\"GA-IE\" data-contrast=\"auto\"><span class=\"NormalTextRun SCXW121827871 BCX8\">M\u00e1 t\u00e1 t\u00fa f\u00f3s i gconradh le do shol\u00e1thra\u00ed seirbh\u00edse, ba cheart duit do chonradh a sheice\u00e1il i gcomhair eolas a bhaineann leis na nithe seo a leanas<\/span><\/span><span class=\"EOP SCXW121827871 BCX8\" data-ccp-props=\"{}\">\u00a0<\/span><\/p>\n<ul>\n<li><span data-contrast=\"auto\">fad do chonartha<\/span><span data-ccp-props=\"{}\">\u00a0<\/span><\/li>\n<li><span data-contrast=\"auto\">aon t\u00e1ill\u00ed as deireadh luath a chur leis an gconradh<\/span><span data-ccp-props=\"{}\">\u00a0<\/span><\/li>\n<\/ul>\n<p><span class=\"TextRun SCXW132021568 BCX8\" lang=\"GA-IE\" xml:lang=\"GA-IE\" data-contrast=\"auto\"><span class=\"NormalTextRun SCXW132021568 BCX8\">F\u00e9adfaidh t\u00fa labhairt le do shol\u00e1thr\u00f3ir seirbh\u00edse le f\u00e1il amach an bhfuil aon roghanna ar f\u00e1il duit seachas t\u00e1ille luathfhoirceanta a \u00edoc. Mar shampla, m\u00e1 t\u00e1 t\u00fa ag bogadh t\u00ed agus f\u00f3s i gconradh do do sheirbh\u00eds leathanbhanda, b\u2019fh\u00e9idir go mbeife\u00e1 in ann an tseirbh\u00eds a aistri\u00fa chuig do sheoladh nua agus lean\u00faint ar aghaidh \u00e1 h\u00fas\u00e1id go dt\u00ed deireadh an chonartha.<\/span><\/span><span class=\"EOP SCXW132021568 BCX8\" data-ccp-props=\"{}\">\u00a0<\/span><\/p>\n<p><span class=\"TextRun SCXW1377879 BCX8\" lang=\"GA-IE\" xml:lang=\"GA-IE\" data-contrast=\"auto\"><span class=\"NormalTextRun SCXW1377879 BCX8\">Maireann formh\u00f3r na gconartha\u00ed do leathanbhanda agus guth\u00e1in ph\u00f3ca idir 12-24 m\u00ed. M\u00e1 t\u00e1 t\u00fa f\u00f3s i gconradh, f\u00e9ach ar \u00e1r <\/span><\/span><a href=\"https:\/\/www.comreg.ie\/ga\/comhairle-eolas\/conarthai\/\">gcuid conartha\u00ed<\/a> <span class=\"TextRun SCXW183769567 BCX8\" lang=\"GA-IE\" xml:lang=\"GA-IE\" data-contrast=\"auto\"><span class=\"NormalTextRun SCXW183769567 BCX8\"> le haghaidh tuilleadh eolais.<\/span><\/span><\/p>\n<h3><span class=\"TextRun SCXW9060224 BCX8\" lang=\"GA-IE\" xml:lang=\"GA-IE\" data-contrast=\"auto\"><span class=\"NormalTextRun SCXW9060224 BCX8\">An f\u00e9idir liom mo chonradh a chur ar ceal l\u00e1ithreach?<\/span><\/span><span class=\"EOP SCXW9060224 BCX8\" data-ccp-props=\"{}\">\u00a0<\/span><\/h3>\n<p><span class=\"TextRun SCXW117819203 BCX8\" lang=\"GA-IE\" xml:lang=\"GA-IE\" data-contrast=\"auto\"><span class=\"NormalTextRun SCXW117819203 BCX8\">Nuair a chl\u00e1ra\u00edonn t\u00fa do chonradh agus m\u00e1 athra\u00edonn t\u00fa d\u2019intinn, b\u2019fh\u00e9idir go mbeadh s\u00e9 de cheart agat \u00e9 a chur ar ceal le linn na tr\u00e9imhse suaimhnithe. B\u00edonn difr\u00edocht sna rialacha a bhaineann leis an tr\u00e9imhse shuaimhnithe ag brath ar an gcaoi ar chl\u00e1raigh t\u00fa don chonradh.\u00a0 Ba cheart duit t\u00e9arma\u00ed do chonartha a sheice\u00e1il le haghaidh tuilleadh eolais.<\/span><\/span><span class=\"EOP SCXW117819203 BCX8\" data-ccp-props=\"{}\">\u00a0<\/span><\/p>\n<h3><span class=\"TextRun SCXW68837017 BCX8\" lang=\"GA-IE\" xml:lang=\"GA-IE\" data-contrast=\"auto\"><span class=\"NormalTextRun SCXW68837017 BCX8\">C<\/span><span class=\"NormalTextRun SCXW68837017 BCX8\">\u00e9ar<\/span><span class=\"NormalTextRun SCXW68837017 BCX8\">d a dh\u00e9anfaidh m\u00e9 m\u00e1 t\u00e1 mo chonradh reatha ag teacht chun cr\u00edche?<\/span><\/span><span class=\"EOP SCXW68837017 BCX8\" data-ccp-props=\"{}\">\u00a0<\/span><\/h3>\n<p><span class=\"TextRun SCXW125535760 BCX8\" lang=\"GA-IE\" xml:lang=\"GA-IE\" data-contrast=\"auto\"><span class=\"NormalTextRun SCXW125535760 BCX8\">Caithfidh do shol\u00e1thra\u00ed seirbh\u00edse t\u00fa a chur ar an eolas go bhfuil do chonradh ag teacht chun cr\u00edche agus go bhf\u00e9adfaidh t\u00fa do phlean reatha a chur ar ceal. Ba cheart do do shol\u00e1thra\u00ed an Chomhairle Taraife is Fearr a sheoladh chugat freisin ag cur b\u00e9im ar an taraif, ar an bpraghasphlean n\u00f3 ar an gcuachadh is fearr, \u00f3 do shol\u00e1thra\u00ed seirbh\u00edse reatha a oireann do do chuid riachtanas. N\u00ed m\u00f3r \u00ed seo a chur ar f\u00e1il roimh dheireadh do chonartha, agus n\u00ed m\u00f3r an Fhaisn\u00e9is Taraife is Fearr a shol\u00e1thar uair sa bhliain ar a laghad.<\/span><\/span><span class=\"EOP SCXW125535760 BCX8\" data-ccp-props=\"{}\">\u00a0<\/span><\/p>\n<p><span class=\"TextRun SCXW105137362 BCX8\" lang=\"GA-IE\" xml:lang=\"GA-IE\" data-contrast=\"auto\"><span class=\"NormalTextRun SCXW105137362 BCX8\">Leanfaidh go leor conartha\u00ed ar aghaidh ag feidhmi\u00fa m\u00ed ar mh\u00ed nuair a bheidh siad imithe in \u00e9ag nuair nach gcuirtear ar ceal iad. D\u2019fh\u00e9adfadh t\u00e9arma \u00edosta conartha nua a bheith mar thoradh ar aon chomhaont\u00fa nua a dh\u00e9anfaidh t\u00fa.<\/span><\/span><span class=\"EOP SCXW105137362 BCX8\" data-ccp-props=\"{}\">\u00a0<\/span><\/p>\n<h3><span class=\"TextRun SCXW69484681 BCX8\" lang=\"GA-IE\" xml:lang=\"GA-IE\" data-contrast=\"auto\"><span class=\"NormalTextRun SCXW69484681 BCX8\">C<\/span><span class=\"NormalTextRun SCXW69484681 BCX8\">\u00e9n chaoi le<\/span><span class=\"NormalTextRun SCXW69484681 BCX8\"> sol\u00e1thr<\/span><span class=\"NormalTextRun SCXW69484681 BCX8\">\u00f3ir<\/span><span class=\"NormalTextRun SCXW69484681 BCX8\"> leathanbhanda a athr\u00fa<\/span><\/span><span class=\"EOP SCXW69484681 BCX8\" data-ccp-props=\"{}\">\u00a0<\/span><\/h3>\n<p><span class=\"TextRun SCXW204943579 BCX8\" lang=\"GA-IE\" xml:lang=\"GA-IE\" data-contrast=\"auto\"><span class=\"NormalTextRun SCXW204943579 BCX8\">Nuair a bheidh do chonradh reatha seice\u00e1ilte agat agus aon sonra\u00ed t\u00e1bhachtacha tugtha faoi deara agat, f\u00e9adfaidh t\u00fa teagmh\u00e1il a dh\u00e9anamh le sol\u00e1thr<\/span><span class=\"NormalTextRun SCXW204943579 BCX8\">\u00f3ir<\/span><span class=\"NormalTextRun SCXW204943579 BCX8\"> nua a dh\u00e9anfaidh maoirseacht ar an gcuid is m\u00f3 den phr\u00f3iseas aistrithe.<\/span><\/span><span class=\"EOP SCXW204943579 BCX8\" data-ccp-props=\"{}\">\u00a0<\/span><\/p>\n<p><span class=\"TextRun SCXW73784386 BCX8\" lang=\"GA-IE\" xml:lang=\"GA-IE\" data-contrast=\"auto\"><span class=\"NormalTextRun SCXW73784386 BCX8\">Tar \u00e9is duit sol\u00e1thr<\/span><span class=\"NormalTextRun SCXW73784386 BCX8\">\u00f3ir<\/span><span class=\"NormalTextRun SCXW73784386 BCX8\"> nua a roghn\u00fa, b\u00ed cinnte go sol\u00e1thr\u00f3idh t\u00fa aon eolas \u00e1bhartha faoi do chonradh reatha chomh maith le d\u2019UAN (Uimhir Chuntais Uil\u00edoch). Beidh s\u00e9 seo le feice\u00e1il ar aon cheann de do bhill\u00ed leathanbhanda n\u00f3 guth\u00e1in baile le d\u00e9ana\u00ed.<\/span><\/span><span class=\"EOP SCXW73784386 BCX8\" data-ccp-props=\"{}\">\u00a0<\/span><\/p>\n<p><span class=\"TextRun SCXW194420384 BCX8\" lang=\"GA-IE\" xml:lang=\"GA-IE\" data-contrast=\"auto\"><span class=\"NormalTextRun SCXW194420384 BCX8\">Eatarthu, caithfidh do shol\u00e1thr\u00f3ir nua agus do seansol\u00e1thr\u00f3ir pr\u00f3iseas athraithe a shocr\u00fa a th\u00f3gann an t-am is l\u00fa agus is f\u00e9idir (n\u00ed m\u00f3r duit d\u00e1ta a chomhaont\u00fa chun an t-athr\u00fa a dh\u00e9anamh) agus t\u00fa a choinne\u00e1il ar an eolas roimh an bpr\u00f3iseas agus lena linn. Cialla\u00edonn s\u00e9 seo nach m\u00f3r aon mhoill n\u00f3 fadhb a d\u2019fh\u00e9adfadh teacht chun cinn a chur in i\u00fal duit ar bhealach soil\u00e9ir agus tr\u00e1th\u00fail.<\/span><\/span><span class=\"EOP SCXW194420384 BCX8\" data-ccp-props=\"{}\">\u00a0<\/span><\/p>\n<p><span class=\"TextRun SCXW30977753 BCX8\" lang=\"GA-IE\" xml:lang=\"GA-IE\" data-contrast=\"auto\"><span class=\"NormalTextRun SCXW30977753 BCX8\">Roinnt p\u00edosa\u00ed t\u00e1bhachtacha eolais at\u00e1 le bheith agat sula gcuireann t\u00fa glaoch ar shol\u00e1thr\u00f3ir idirl\u00edn nua:<\/span><\/span><span class=\"EOP SCXW30977753 BCX8\" data-ccp-props=\"{}\">\u00a0<\/span><\/p>\n<ul>\n<li><strong>Eolas faoi do chonradh reatha\u00a0<\/strong><\/li>\n<li><strong>Eolas faoi do phlean n\u00f3 do chuachadh reatha idirl\u00edn\u00a0<\/strong><\/li>\n<li><strong>Eolas ar do \u2018Chomhairle Taraife Is Fearr\u2019 n\u00f3 tuiscint mhaith ar an bplean is fearr a oireann do chuid riachtanas\u00a0<\/strong><\/li>\n<li><strong>Sonra\u00ed bainc n\u00f3 \u00edoca\u00edochta\u00a0<\/strong><\/li>\n<li><strong>UAN (Uimhir Chuntais Uil\u00edoch)\u00a0<\/strong><\/li>\n<li><strong>Seoladh n\u00f3 \u00c9irch\u00f3d\u00a0<\/strong><\/li>\n<\/ul>\n<h3><span class=\"TextRun SCXW23462106 BCX8\" lang=\"GA-IE\" xml:lang=\"GA-IE\" data-contrast=\"auto\"><span class=\"NormalTextRun SCXW23462106 BCX8\">C<\/span><span class=\"NormalTextRun SCXW23462106 BCX8\">\u00e9ar<\/span><span class=\"NormalTextRun SCXW23462106 BCX8\">d a dh\u00e9anfaidh m\u00e9 le mo sheanr\u00f3daire?<\/span><\/span><span class=\"EOP SCXW23462106 BCX8\" data-ccp-props=\"{}\">\u00a0<\/span><\/h3>\n<p><span class=\"TextRun SCXW217358152 BCX8\" lang=\"GA-IE\" xml:lang=\"GA-IE\" data-contrast=\"auto\"><span class=\"NormalTextRun SCXW217358152 BCX8\">Iarrfaidh go leor <\/span><span class=\"NormalTextRun SCXW217358152 BCX8\">sol\u00e1thr\u00f3ir\u00ed <\/span><span class=\"NormalTextRun SCXW217358152 BCX8\">leathanbhanda ort an trealamh a thabhairt ar ais ag deireadh do chonartha. N\u00ed m\u00f3r sonra\u00ed maidir le r\u00f3dair\u00ed agus trealamh eile a thabhairt ar ais a shocr\u00fa go d\u00edreach leis an sol\u00e1thr\u00f3ir at\u00e1 i gceist. D\u2019fh\u00e9adfa\u00ed t\u00e1ille bhreise a ghearradh ort mura nd\u00e9anann t\u00fa \u00e9 seo.<\/span><\/span><span class=\"EOP SCXW217358152 BCX8\" data-ccp-props=\"{}\">\u00a0<\/span><\/p>\n<p><span class=\"TextRun SCXW267424271 BCX8\" lang=\"GA-IE\" xml:lang=\"GA-IE\" data-contrast=\"auto\"><span class=\"NormalTextRun SCXW267424271 BCX8\">M\u00e1 choinn\u00edonn t\u00fa do shean-r\u00f3daire, caithfidh an t\u00e1ille a ghearrtar aois agus \u00fas\u00e1id an r\u00f3daire a chur san \u00e1ireamh. N\u00ed f\u00e9idir luach d\u00edmheasa an trealaimh (ar cheart \u00e9 a bheith luaite sa chonradh) n\u00e1 an t\u00e1ille s<\/span><span class=\"NormalTextRun SCXW267424271 BCX8\">h<\/span><span class=\"NormalTextRun SCXW267424271 BCX8\">eirbh\u00edse at\u00e1 f\u00e1gtha a ghearradh ort go dt\u00ed go dtiocfaidh deireadh leis an gconradh. Sa ch\u00e1s seo, ba ch\u00f3ir go ngearrfa\u00ed cib\u00e9 acu is l\u00fa den d\u00e1 fhigi\u00far seo ort.<\/span><\/span><span class=\"EOP SCXW267424271 BCX8\" data-ccp-props=\"{}\">\u00a0<\/span><\/p>\n<h3><span class=\"TextRun SCXW113561019 BCX8\" lang=\"GA-IE\" xml:lang=\"GA-IE\" data-contrast=\"auto\"><span class=\"NormalTextRun SCXW113561019 BCX8\">An f\u00e9idir liom m\u2019uimhir ghuth\u00e1in bhaile a choinne\u00e1il?<\/span><\/span><span class=\"EOP SCXW113561019 BCX8\" data-ccp-props=\"{}\">\u00a0<\/span><\/h3>\n<p><span data-contrast=\"auto\">Is f\u00e9idir, is f\u00e9idir leat d&#8217;uimhir ghuth\u00e1in reatha bhaile a aistri\u00fa. N\u00ed m\u00f3r duit a bheith cinnte, \u00e1fach, \u00e9 seo a dh\u00e9anamh soil\u00e9ir le linn an phr\u00f3isis aistrithe mar n\u00ed dh\u00e9anfar \u00e9 seo go huathoibr\u00edoch. N\u00edl aon chostas ag baint le d\u2019uimhir a choinne\u00e1il.<\/span><span data-ccp-props=\"{}\">\u00a0<\/span><\/p>\n<p><span data-contrast=\"auto\">Maidir le do sheanuimhir (n\u00f3 inaistritheacht uimhreacha) a choinne\u00e1il, n\u00ed m\u00f3r don d\u00e1 oibreoir \u00e9 seo a chomhord\u00fa eatarthu freisin. M\u00e1s rud \u00e9 go gcaillfidh t\u00fa seirbh\u00eds mar gheall ar aon saincheisteanna sa phr\u00f3iseas seo, n\u00edor cheart go mairfeadh s\u00e9 seo n\u00edos m\u00f3 n\u00e1 <strong>l\u00e1 oibre amh\u00e1in.<\/strong><\/span><strong>\u00a0<\/strong><\/p>\n<p><span class=\"TextRun SCXW98643975 BCX8\" lang=\"GA-IE\" xml:lang=\"GA-IE\" data-contrast=\"auto\"><span class=\"NormalTextRun SCXW98643975 BCX8\">M\u00e1 bh\u00edonn fadhbanna ann, ba cheart do do sheanoibreoir lean\u00faint ar aghaidh ag cur seirbh\u00edse ar f\u00e1il fad is a oibr\u00edonn siad chun an fhadhb a r\u00e9iteach.<\/span><\/span><span class=\"EOP SCXW98643975 BCX8\" data-ccp-props=\"{}\">\u00a0<\/span><\/p>\n<h3><span class=\"TextRun SCXW48144987 BCX8\" lang=\"GA-IE\" xml:lang=\"GA-IE\" data-contrast=\"auto\"><span class=\"NormalTextRun SCXW48144987 BCX8\">C\u00e9 chomh fada a th\u00f3gfaidh an t-athr\u00fa?<\/span><\/span><span class=\"EOP SCXW48144987 BCX8\" data-ccp-props=\"{}\">\u00a0<\/span><\/h3>\n<p><span data-contrast=\"auto\">Ba ch\u00f3ir go mbeadh an t-aistri\u00fa laistigh den tr\u00e9imhse is giorra agus is f\u00e9idir agus go dtarl\u00f3dh s\u00e9 ar dh\u00e1ta ar aontaigh t\u00fa leis. Cialla\u00edonn s\u00e9 seo n\u00e1r cheart an pr\u00f3iseas a bheith fad\u00e1lach gan gh\u00e1, agus gur cheart go bhfaighfe\u00e1 cumars\u00e1id shoil\u00e9ir ar dh\u00e1ta aistrithe is f\u00e9idir a bheith comhaontaithe.<\/span><span data-ccp-props=\"{}\">\u00a0<\/span><\/p>\n<p><span data-contrast=\"auto\">Ba cheart go gcuirfeadh an pr\u00f3iseas aistrithe lean\u00fanachas seirbh\u00edse ar f\u00e1il duit, rud a chiall\u00f3dh n\u00e1r cheart duit a bheith gan nasc idirl\u00edn n\u00e1 guth\u00e1n baile agus ba ch\u00f3ir go nd\u00e9anfa\u00ed aon obair suite\u00e1la roimh an d\u00e1ta comhaontaithe.<\/span><span data-ccp-props=\"{}\">\u00a0<\/span><\/p>\n<p><span data-contrast=\"auto\">N\u00edor cheart duit a bheith gan seirbh\u00eds ar feadh n\u00edos m\u00f3 n\u00e1 <strong>l\u00e1 oibre amh\u00e1in<\/strong>. M\u00e1 tharla\u00edonn go bhfuil moill ann, n\u00ed m\u00f3r th\u00fa a chur ar an eolas.<\/span><span data-ccp-props=\"{}\">\u00a0<\/span><\/p>\n<p><span data-contrast=\"auto\">Cuirtear do sheanchonradh ar ceal go hoifigi\u00fail nuair a thosa\u00edonn do sheirbh\u00eds nua. Cialla\u00edonn s\u00e9 seo n\u00e1r cheart go mbeadh aon chomhthr\u00e1th idir an d\u00e1 chonradh, agus d\u00e1 bhr\u00ed sin, n\u00edor cheart go gcuirf\u00ed bille d\u00fabailte ort ar feadh aon tr\u00e9imhse.<\/span><span data-ccp-props=\"{}\">\u00a0<\/span><\/p>\n<h3><span class=\"TextRun SCXW134254494 BCX8\" lang=\"GA-IE\" xml:lang=\"GA-IE\" data-contrast=\"auto\"><span class=\"NormalTextRun SCXW134254494 BCX8\">An mbeidh costas ar athr\u00fa a dh\u00e9anamh?<\/span><\/span><span class=\"EOP SCXW134254494 BCX8\" data-ccp-props=\"{}\">\u00a0<\/span><\/h3>\n<p><span class=\"TextRun SCXW86217379 BCX8\" lang=\"GA-IE\" xml:lang=\"GA-IE\" data-contrast=\"auto\"><span class=\"NormalTextRun SCXW86217379 BCX8\">N\u00ed bheidh. T\u00e1 an pr\u00f3iseas aistrithe saor in aisce. Mar a luadh, \u00e1fach, t\u00e1 s\u00e9 t\u00e1bhachtach do chonradh a l\u00e9amh go c\u00faramach le f\u00e1il amach an bhfuil aon rud ann a luann t\u00e1ill\u00ed n\u00f3 muirir as deireadh luath a chur le conradh. M\u00e1 t\u00e1, l\u00e9ireofar \u00e9 seo i do bhille deiridh \u00f3 do sheansol\u00e1thr\u00f3ir.<\/span><\/span><span class=\"EOP SCXW86217379 BCX8\" data-ccp-props=\"{}\">\u00a0<\/span><\/p>\n<h3><span class=\"TextRun SCXW67965395 BCX8\" lang=\"GA-IE\" xml:lang=\"GA-IE\" data-contrast=\"auto\"><span class=\"NormalTextRun SCXW67965395 BCX8\">An mbeidh aon obair suite\u00e1la de dh\u00edth orm?<\/span><\/span><span class=\"EOP SCXW67965395 BCX8\" data-ccp-props=\"{}\">\u00a0<\/span><\/h3>\n<p><span data-contrast=\"auto\">De r\u00e9ir mar a thagann uasghr\u00e1d\u00fa ar theicneola\u00edocht an leathanbhanda le himeacht ama, is amhlaidh a tharla\u00edonn leis an teicneola\u00edocht laistigh d\u00e1r dteach. Cialla\u00edonn s\u00e9 seo m\u00e1 t\u00e1 t\u00fa ag aistri\u00fa chuig plean leathanbhanda nua ina bhfuil teicneola\u00edocht uasghr\u00e1daithe (cos\u00fail le c\u00e1bla\u00ed sn\u00e1thoptaice) n\u00f3 pac\u00e1iste cuachta nua, d\u2019fh\u00e9adfadh go mbeadh obair suite\u00e1la de dh\u00edth ort roimh do dh\u00e1ta aistrithe.<\/span><span data-ccp-props=\"{}\">\u00a0<\/span><\/p>\n<p><span data-contrast=\"auto\">N\u00ed m\u00f3r aon obair suite\u00e1la a shocr\u00fa le do shol\u00e1thr\u00f3ir nua leathanbhanda chomh maith le d\u00e1ta\u00ed agus amanna.<\/span><span data-ccp-props=\"{}\">\u00a0<\/span><\/p>\n<h3><span class=\"TextRun SCXW234641944 BCX8\" lang=\"GA-IE\" xml:lang=\"GA-IE\" data-contrast=\"auto\"><span class=\"NormalTextRun SCXW234641944 BCX8\">Sol\u00e1thr\u00f3ir\u00ed<\/span><span class=\"NormalTextRun SCXW234641944 BCX8\"> guth\u00e1n baile a athr\u00fa<\/span><\/span><span class=\"EOP SCXW234641944 BCX8\" data-ccp-props=\"{}\">\u00a0<\/span><\/h3>\n<p><span data-contrast=\"auto\">Is f\u00e9idir freisin sol\u00e1thr\u00f3ir\u00ed guth\u00e1in baile a athr\u00fa agus an uimhir ch\u00e9anna a choinne\u00e1il. Mar is amhlaidh le do leathanbhanda a athr\u00fa, beidh ort d\u2019Uimhir Chuntais Uil\u00edoch (UAN) a bheith r\u00e9idh agus t\u00fa ag labhairt le do shol\u00e1thr\u00f3ir nua faoin aistri\u00fa.<\/span><span data-ccp-props=\"{}\">\u00a0<\/span><\/p>\n<p><span data-contrast=\"auto\">Agus t\u00fa ag aistri\u00fa sol\u00e1thr\u00f3ir\u00ed guth\u00e1in baile, t\u00e1 s\u00e9 t\u00e1bhachtach a thabhairt faoi deara c\u00e9n teicneola\u00edocht at\u00e1 in \u00fas\u00e1id agat faoi l\u00e1thair. D\u00f3ibh si\u00fad at\u00e1 ag aistri\u00fa \u00f3 l\u00edne PSTN (L\u00edonra Guth\u00e1n Seirbh\u00edse Poibl\u00ed) go nasc VoIP (Pr\u00f3tacal Idirl\u00edn Guthaithe), beidh ort dul i gcomhairle le do shol\u00e1thr\u00f3ir nua maidir le cur isteach f\u00e9ideartha ar ghl\u00e9asanna nasctha amhail sl\u00e1nd\u00e1il baile agus al\u00e1raim theileach\u00faraim.<\/span><\/p>\n<p><span class=\"TextRun SCXW254350258 BCX8\" lang=\"GA-IE\" xml:lang=\"GA-IE\" data-contrast=\"auto\"><span class=\"NormalTextRun SCXW254350258 BCX8\">Le haghaidh tuilleadh eolais f\u00e9ach ar \u00e1r leathanach ar<\/span><\/span>\u00a0<a href=\"https:\/\/www.comreg.ie\/ga\/comhairle-eolas\/leathanbhanda-guthan-baile\/leathanbhanda-guthan-baile-a-uasghradu\/\">thodhcha\u00ed na teicneola\u00edochta leathanbhanda.<\/a><\/p>\n<p><strong><span class=\"TextRun SCXW42427596 BCX8\" lang=\"GA-IE\" xml:lang=\"GA-IE\" data-contrast=\"auto\"><span class=\"NormalTextRun SCXW42427596 BCX8\">Pac\u00e1ist\u00ed cuaiche a athr\u00fa<\/span><\/span><span class=\"EOP SCXW42427596 BCX8\" data-ccp-props=\"{}\">\u00a0<\/span><\/strong><\/p>\n<p><span class=\"TextRun SCXW54153833 BCX8\" lang=\"GA-IE\" xml:lang=\"GA-IE\" data-contrast=\"auto\"><span class=\"NormalTextRun SCXW54153833 BCX8\">Cuireann go leor sol\u00e1thr\u00f3ir\u00ed marga\u00ed pac\u00e1iste ar f\u00e1il ar an nguth\u00e1n (m\u00f3ib\u00edleach agus l\u00edne t<\/span><span class=\"NormalTextRun SCXW54153833 BCX8\">h<\/span><span class=\"NormalTextRun SCXW54153833 BCX8\">al\u00fan), ar leathanbhanda, agus ar an teilif\u00eds. Is f\u00e9idir pleananna a aistri\u00fa \u00f3 shol\u00e1thr\u00f3ir amh\u00e1in go sol\u00e1thr<\/span><span class=\"NormalTextRun SCXW54153833 BCX8\">\u00f3ir<\/span><span class=\"NormalTextRun SCXW54153833 BCX8\"> eile n\u00f3 seirbh\u00eds amh\u00e1in a athr\u00fa \u00f3 mhargadh pac\u00e1iste \u2013 mar shampla, b\u2019fh\u00e9idir go bhfaighidh t\u00fa guth\u00e1n p\u00f3ca, l\u00edne thal\u00fan agus leathanbhanda \u00f3 shol\u00e1thr\u00f3ir amh\u00e1in ach gur mhaith leat do phlean guth\u00e1n p\u00f3ca a athr\u00fa chuig oibreoir m\u00f3ib\u00edleach nua.<\/span><\/span><\/p>\n","protected":false},"excerpt":{"rendered":"<p>Agus t\u00fa ag smaoineamh ar athr\u00fa leathanbhanda n\u00f3 sol\u00e1thr\u00f3ir guth\u00e1n baile, is \u00e9 an ch\u00e9ad rud ba ch\u00f3ir duit a dh\u00e9anamh n\u00e1 a fh\u00e1il amach &hellip; <a href=\"https:\/\/www.comreg.ie\/ga\/comhairle-eolas\/leathanbhanda-guthan-baile\/leathanbhanda-guthan-baile-a-athru\/\"><\/a><\/p>\n","protected":false},"author":69,"featured_media":0,"parent":131366,"menu_order":3,"comment_status":"closed","ping_status":"closed","template":"templates\/template-topic-pages.php","meta":{"_acf_changed":false,"_relevanssi_hide_post":"","_relevanssi_hide_content":"","_relevanssi_pin_for_all":"","_relevanssi_pin_keywords":"","_relevanssi_unpin_keywords":"","_relevanssi_related_keywords":"","_relevanssi_related_include_ids":"","_relevanssi_related_exclude_ids":"","_relevanssi_related_no_append":"","_relevanssi_related_not_related":"","_relevanssi_related_posts":"","_relevanssi_noindex_reason":"","footnotes":"","_wp_rev_ctl_limit":""},"class_list":["post-131384","page","type-page","status-publish","hentry","page_category-consumer"],"acf":[],"aioseo_notices":[],"_links":{"self":[{"href":"https:\/\/www.comreg.ie\/ga\/wp-json\/wp\/v2\/pages\/131384","targetHints":{"allow":["GET"]}}],"collection":[{"href":"https:\/\/www.comreg.ie\/ga\/wp-json\/wp\/v2\/pages"}],"about":[{"href":"https:\/\/www.comreg.ie\/ga\/wp-json\/wp\/v2\/types\/page"}],"author":[{"embeddable":true,"href":"https:\/\/www.comreg.ie\/ga\/wp-json\/wp\/v2\/users\/69"}],"replies":[{"embeddable":true,"href":"https:\/\/www.comreg.ie\/ga\/wp-json\/wp\/v2\/comments?post=131384"}],"version-history":[{"count":6,"href":"https:\/\/www.comreg.ie\/ga\/wp-json\/wp\/v2\/pages\/131384\/revisions"}],"predecessor-version":[{"id":131921,"href":"https:\/\/www.comreg.ie\/ga\/wp-json\/wp\/v2\/pages\/131384\/revisions\/131921"}],"up":[{"embeddable":true,"href":"https:\/\/www.comreg.ie\/ga\/wp-json\/wp\/v2\/pages\/131366"}],"wp:attachment":[{"href":"https:\/\/www.comreg.ie\/ga\/wp-json\/wp\/v2\/media?parent=131384"}],"curies":[{"name":"wp","href":"https:\/\/api.w.org\/{rel}","templated":true}]}}