{"id":131392,"date":"2024-03-26T09:16:02","date_gmt":"2024-03-26T09:16:02","guid":{"rendered":"https:\/\/www.comreg.ie\/comhairle-eolas\/mobile\/mobile-technology-explained\/"},"modified":"2024-11-08T15:19:39","modified_gmt":"2024-11-08T15:19:39","slug":"teicneolaiocht-mhoibileach-minithe","status":"publish","type":"page","link":"https:\/\/www.comreg.ie\/ga\/comhairle-eolas\/guthain-phoca\/teicneolaiocht-mhoibileach-minithe\/","title":{"rendered":"Teicneola\u00edocht Mh\u00f3ib\u00edleach M\u00ednithe"},"content":{"rendered":"<p aria-level=\"2\"><span class=\"TextRun SCXW7261011 BCX8\" lang=\"GA-IE\" xml:lang=\"GA-IE\" data-contrast=\"auto\"><span class=\"NormalTextRun SCXW7261011 BCX8\">\u00c1ir\u00edtear le seirbh\u00eds\u00ed guth\u00e1n p\u00f3ca an lae inniu glaonna guth\u00e1in (guth), teachtaireachta\u00ed t\u00e9acs (SMS), agus idirl\u00edon (sonra\u00ed), a sheachadtar tr\u00ed l\u00edonra idirnasctha de chrainn guth\u00e1n p\u00f3ca. T\u00e1 an teicneola\u00edocht seo tar \u00e9is teacht chun cinn go m\u00f3r le tr\u00edocha bliain anuas.<\/span><\/span><\/p>\n<h3><span class=\"TextRun SCXW201200181 BCX8\" lang=\"GA-IE\" xml:lang=\"GA-IE\" data-contrast=\"auto\"><span class=\"NormalTextRun SCXW201200181 BCX8\">C<\/span><span class=\"NormalTextRun SCXW201200181 BCX8\">\u00e9n chaoi<\/span><span class=\"NormalTextRun SCXW201200181 BCX8\"> a<\/span><span class=\"NormalTextRun SCXW201200181 BCX8\">r <\/span><span class=\"NormalTextRun SCXW201200181 BCX8\">fhorbair teicneola\u00edocht guth\u00e1n p\u00f3ca?\u00a0<\/span><\/span><span class=\"EOP SCXW201200181 BCX8\" data-ccp-props=\"{}\">\u00a0<\/span><\/h3>\n<p aria-level=\"2\"><span class=\"TextRun SCXW35027603 BCX8\" lang=\"GA-IE\" xml:lang=\"GA-IE\" data-contrast=\"auto\"><span class=\"NormalTextRun SCXW35027603 BCX8\">Ba \u00e9 an ch\u00e9ad seirbh\u00eds n\u00e1isi\u00fanta mh\u00f3ib\u00edleach in \u00c9irinn n\u00e1 1G, a seoladh siar in 1985. Th\u00e1inig forbairt ar theicneola\u00edocht mh\u00f3ib\u00edleach \u00f3 shin, nuair a seoladh 2G den ch\u00e9ad uair in 1993, 3G go luath sna 2000id\u00ed, 4G go luath sna 2010id\u00ed, agus, le d\u00e9ana\u00ed, le rolladh amach 5G sna 2020id\u00ed.\u00a0<\/span><\/span><span class=\"EOP SCXW35027603 BCX8\" data-ccp-props=\"{}\">\u00a0<\/span><\/p>\n<p><span data-contrast=\"auto\"><span class=\"TextRun SCXW206345413 BCX8\" lang=\"GA-IE\" xml:lang=\"GA-IE\" data-contrast=\"auto\"><span class=\"NormalTextRun SCXW206345413 BCX8\">Tugann gach gl\u00fain luasanna agus cumais uasghr\u00e1daithe leis a ligeann d\u00fainn n\u00edos m\u00f3 a dh\u00e9anamh len\u00e1r ngl\u00e9asanna m\u00f3ib\u00edleacha.\u00a0<\/span><\/span><\/span><\/p>\n<h3><span class=\"TextRun SCXW194287580 BCX8\" lang=\"GA-IE\" xml:lang=\"GA-IE\" data-contrast=\"auto\"><span class=\"NormalTextRun SCXW194287580 BCX8\">C\u00e9ard a chialla\u00edonn an G sa teicneola\u00edocht <\/span><span class=\"NormalTextRun SCXW194287580 BCX8\">mh\u00f3ib\u00edleach<\/span><span class=\"NormalTextRun SCXW194287580 BCX8\">?\u00a0<\/span><\/span><span class=\"EOP SCXW194287580 BCX8\" data-ccp-props=\"{}\">\u00a0<\/span><\/h3>\n<p aria-level=\"2\"><span class=\"TextRun SCXW159532324 BCX8\" lang=\"GA-IE\" xml:lang=\"GA-IE\" data-contrast=\"auto\"><span class=\"NormalTextRun SCXW159532324 BCX8\">Seasann an \u2018G\u2019 do \u2018Ghl\u00fain\u2019 na teicneola\u00edochta guth\u00e1n p\u00f3ca, mar shampla, is \u00e9 3G an Tr\u00ed\u00fa Gl\u00fain. Bh\u00ed gach forbairt in ann seirbh\u00eds\u00ed idirl\u00edn m\u00f3ib\u00edleacha n\u00edos tap\u00fala (sonra\u00ed) a chur ar f\u00e1il, rud a chuir ar chumas f\u00e1s bliain i ndiaidh bliana ar thomhaltas sonra\u00ed, an tseirbh\u00eds mh\u00f3ib\u00edleach is m\u00f3 a \u00fas\u00e1ideann tomhalt\u00f3ir\u00ed \u00c9ireannacha.\u00a0<\/span><\/span><span class=\"EOP SCXW159532324 BCX8\" data-ccp-props=\"{}\">\u00a0<\/span><\/p>\n<h3><span class=\"TextRun SCXW101252627 BCX8\" lang=\"GA-IE\" xml:lang=\"GA-IE\" data-contrast=\"auto\"><span class=\"NormalTextRun SCXW101252627 BCX8\">C\u00e9ard \u00e9 5G?<\/span><\/span><span class=\"EOP SCXW101252627 BCX8\" data-ccp-props=\"{}\">\u00a0<\/span><\/h3>\n<p aria-level=\"2\"><span class=\"TextRun SCXW28343949 BCX8\" lang=\"GA-IE\" xml:lang=\"GA-IE\" data-contrast=\"auto\"><span class=\"NormalTextRun SCXW28343949 BCX8\">Is \u00e9 5G an 5\u00fa gl\u00fain de l\u00edonra\u00ed m\u00f3ib\u00edleacha agus an fhorbairt is d\u00e9ana\u00ed. T\u00e1 teicneola\u00edocht 5G n\u00edos tap\u00fala, t\u00e1 n\u00edos l\u00fa moilleanna ann, agus is f\u00e9idir n\u00edos m\u00f3 sonra\u00ed a sheoladh agus a fh\u00e1il ag aon am amh\u00e1in i gcompar\u00e1id leis na <\/span><span class=\"NormalTextRun SCXW28343949 BCX8\">gl\u00faine<\/span><span class=\"NormalTextRun SCXW28343949 BCX8\"> roimhe seo. Mar thoradh air sin, t\u00e1 forbairt\u00ed at\u00e1 d\u00edrithe ar 5G i dteicneola\u00edocht feithicle nasctha, i gcluich\u00edocht thumthach, agus i ngl\u00e9asanna cliste ar na bac\u00e1in.\u00a0\u00a0<\/span><\/span><span class=\"EOP SCXW28343949 BCX8\" data-ccp-props=\"{}\">\u00a0<\/span><\/p>\n<p><span class=\"TextRun SCXW116743752 BCX8\" lang=\"GA-IE\" xml:lang=\"GA-IE\" data-contrast=\"auto\"><span class=\"NormalTextRun SCXW116743752 BCX8\">Oibreoidh 5G taobh le teicneola\u00edochta\u00ed eile a chumas\u00f3idh luasanna sonra\u00ed n\u00edos tap\u00fala agus nascacht fheabhsaithe idir gl\u00e9asanna gan sreang.\u00a0\u00a0<\/span><\/span><span class=\"EOP SCXW116743752 BCX8\" data-ccp-props=\"{}\">\u00a0<\/span><\/p>\n<p aria-level=\"2\"><a href=\"https:\/\/www.comreg.ie\/media\/2019\/07\/5G-Timeline-2.jpg\"><img loading=\"lazy\" decoding=\"async\" class=\"alignnone wp-image-109164 size-large\" src=\"https:\/\/www.comreg.ie\/media\/2019\/07\/5G-Timeline-2-1024x563.jpg\" alt=\"\" width=\"1024\" height=\"563\" srcset=\"https:\/\/www.comreg.ie\/media\/2019\/07\/5G-Timeline-2-1024x563.jpg 1024w, https:\/\/www.comreg.ie\/media\/2019\/07\/5G-Timeline-2-300x165.jpg 300w, https:\/\/www.comreg.ie\/media\/2019\/07\/5G-Timeline-2.jpg 1329w\" sizes=\"auto, (max-width: 1024px) 100vw, 1024px\" \/><\/a><\/p>\n<h3><span class=\"TextRun SCXW156492136 BCX8\" lang=\"GA-IE\" xml:lang=\"GA-IE\" data-contrast=\"auto\"><span class=\"NormalTextRun SCXW156492136 BCX8\">An f\u00e9idir liom 5G a fh\u00e1il?\u00a0<\/span><\/span><span class=\"EOP SCXW156492136 BCX8\" data-ccp-props=\"{}\">\u00a0<\/span><\/h3>\n<p><span data-contrast=\"auto\"><span class=\"NormalTextRun SCXW163268551 BCX8\">T\u00e1 n\u00edos m\u00f3 agus n\u00edos m\u00f3 sol\u00e1thr<\/span><span class=\"NormalTextRun SCXW163268551 BCX8\">\u00f3ir\u00ed<\/span><span class=\"NormalTextRun SCXW163268551 BCX8\"> m\u00f3ib\u00edleacha ag tairiscint seirbh\u00eds 5G agus ag leathn\u00fa cl\u00fadach 5G s&#8217;acu ar fud na h\u00c9ireann. M\u00e1s mian leat a fheice\u00e1il an cl\u00fadach at\u00e1 ann faoi l\u00e1thair agus an \u00e1it a bhfuil cl\u00fadach 5G ar f\u00e1il<\/span><\/span><span data-contrast=\"auto\">,<\/span><span data-contrast=\"auto\">\u00a0<\/span><a href=\"https:\/\/coveragemap.comreg.ie\/map\">t\u00e1 l\u00e9arsc\u00e1il cl\u00fadach m\u00f3ib\u00edleach saor in aisce againn. <\/a><span data-contrast=\"auto\">.<\/span><span data-ccp-props=\"{&quot;201341983&quot;:0,&quot;335559739&quot;:160,&quot;335559740&quot;:259}\">\u00a0<\/span><\/p>\n<p><span data-contrast=\"auto\"><span class=\"TextRun SCXW187858602 BCX8\" lang=\"GA-IE\" xml:lang=\"GA-IE\" data-contrast=\"auto\"><span class=\"NormalTextRun SCXW187858602 BCX8\">Tabhair faoi deara le do thoil, c\u00e9 go bhfuil 5G ag \u00e9ir\u00ed n\u00edos coitianta, nach sol\u00e1thra\u00edtear 5G le gach pac\u00e1iste agus b&#8217;fh\u00e9idir nach mbeidh roinnt gl\u00e9asanna comhoiri\u00fanach. M\u00e1s mian leat plean a aimsi\u00fa is fearr a fhreastala\u00edonn ar do chuid riachtana<\/span><\/span>s, t\u00e1 <\/span><a href=\"https:\/\/www.comreg.ie\/ga\/cuir-luach-i-gcomparaid\/#\/services\">uirlis compar\u00e1ide saor in aisce againn<\/a><span data-contrast=\"auto\"> <span class=\"TextRun SCXW197955322 BCX8\" lang=\"GA-IE\" xml:lang=\"GA-IE\" data-contrast=\"auto\"><span class=\"NormalTextRun SCXW197955322 BCX8\">chun cabhr\u00fa leat rogha a dh\u00e9anamh<\/span><\/span>.\u00a0<\/span><span data-ccp-props=\"{&quot;201341983&quot;:0,&quot;335559739&quot;:160,&quot;335559740&quot;:259}\">\u00a0<\/span><\/p>\n<p aria-level=\"2\"><span data-contrast=\"auto\"><span class=\"TextRun SCXW248277775 BCX8\" lang=\"GA-IE\" xml:lang=\"GA-IE\" data-contrast=\"auto\"><span class=\"NormalTextRun SCXW248277775 BCX8\">T\u00e1 tuilleadh eolais againn faoi<\/span><\/span><span class=\"TextRun SCXW248277775 BCX8\" lang=\"GA-IE\" xml:lang=\"GA-IE\" data-contrast=\"auto\"><span class=\"NormalTextRun SCXW248277775 BCX8\">\u202f <\/span><\/span><span class=\"TextRun SCXW248277775 BCX8\" lang=\"GA-IE\" xml:lang=\"GA-IE\" data-contrast=\"auto\"><span class=\"NormalTextRun SCXW248277775 BCX8\">5G agus forbairt na teicneola\u00edochta m\u00f3ib\u00edl\u00ed <\/span><\/span>\u202f<\/span><a href=\"https:\/\/www.comreg.ie\/industry\/radio-spectrum\/about-5g\/\">faoi\u202f5G agus forbairt na teicneola\u00edochta m\u00f3ib\u00edl\u00ed anseo<\/a><span data-contrast=\"auto\">.<\/span><\/p>\n<h3><span class=\"TextRun SCXW193651917 BCX8\" lang=\"GA-IE\" xml:lang=\"GA-IE\" data-contrast=\"auto\"><span class=\"NormalTextRun SCXW193651917 BCX8\">Li\u00fantas glaoigh, t\u00e9acs agus sonra\u00ed\u00a0\u00a0<\/span><\/span><span class=\"EOP SCXW193651917 BCX8\" data-ccp-props=\"{}\">\u00a0<\/span><\/h3>\n<p><span class=\"TextRun SCXW12715384 BCX8\" lang=\"GA-IE\" xml:lang=\"GA-IE\" data-contrast=\"auto\"><span class=\"NormalTextRun SCXW12715384 BCX8\">T\u00e1 sonra\u00ed, glaonna agus\/n\u00f3 t\u00e9acsanna gan teorainn ar f\u00e1il i go leor pleananna guth\u00e1n p\u00f3ca (plean bille-\u00edoca\u00edochta n\u00f3 r\u00e9amh\u00edoca\u00edochta). D\u2019fh\u00e9adfadh go n-\u00e1ireofa\u00ed sna pleananna srian ar an m\u00e9id sonra\u00ed is f\u00e9idir leat a \u00fas\u00e1id, teorainn ar an l\u00edon n\u00f3im\u00e9ad a chaitheann t\u00fa ar ghlaonna, n\u00f3 l\u00edon na dt\u00e9acsanna is f\u00e9idir leat a sheoladh laistigh de thr\u00e9imhse shonraithe (m\u00ed de ghn\u00e1th).\u00a0<\/span><\/span><\/p>\n<p><span data-contrast=\"auto\"><span class=\"TextRun SCXW212243545 BCX8\" lang=\"GA-IE\" xml:lang=\"GA-IE\" data-contrast=\"auto\"><span class=\"NormalTextRun SCXW212243545 BCX8\">Cialla\u00edonn s\u00e9 seo m\u00e1 sh\u00e1ra\u00edonn t\u00fa aon cheann de na srianta seo go mb\u2019fh\u00e9idir go mbeidh ort t\u00e1ill\u00ed breise a \u00edoc. \u00c1ireofar faisn\u00e9is maidir leis na srianta seo agus an praghas chun dul thar do shrian i dt\u00e9arma\u00ed agus coinn\u00edollacha do chonartha.<\/span><\/span> F\u00e9ach an <\/span><a href=\"https:\/\/www.comreg.ie\/ga\/comhairle-eolas\/conarthai\/\">rann\u00e1n conartha<\/a><span data-contrast=\"auto\"> <span class=\"TextRun SCXW151519089 BCX8\" lang=\"GA-IE\" xml:lang=\"GA-IE\" data-contrast=\"auto\"><span class=\"NormalTextRun SCXW151519089 BCX8\">den su\u00edomh gr\u00e9as\u00e1in le haghaidh tuilleadh eolais<\/span><\/span>. <\/span><\/p>\n<h3><span class=\"TextRun SCXW76075875 BCX8\" lang=\"GA-IE\" xml:lang=\"GA-IE\" data-contrast=\"auto\"><span class=\"NormalTextRun SCXW76075875 BCX8\">C\u00e9 mh\u00e9ad sonra\u00ed m\u00f3ib\u00edleacha at\u00e1 in \u00fas\u00e1id agam?<\/span><\/span><\/h3>\n<p><span class=\"TextRun SCXW183484733 BCX8\" lang=\"GA-IE\" xml:lang=\"GA-IE\" data-contrast=\"auto\"><span class=\"NormalTextRun SCXW183484733 BCX8\">Seo roinnt \u00fas\u00e1id\u00ed coitianta a bhaineann le do ghuth\u00e1n p\u00f3ca agus meastach\u00e1n garbh ar an m\u00e9id sonra\u00ed a d\u2019fh\u00e9adfadh siad a \u00fas\u00e1id de ghn\u00e1th:\u00a0<\/span><\/span><span class=\"EOP SCXW183484733 BCX8\" data-ccp-props=\"{}\">\u00a0<\/span><\/p>\n<table style=\"border-collapse: collapse; width: 73.6071%; height: 171px;\">\n<tbody>\n<tr style=\"height: 24px;\">\n<td style=\"width: 44.8951%; height: 24px; text-align: left;\"><span data-contrast=\"auto\">R\u00edomhphost amh\u00e1in a sheoladh<\/span><\/td>\n<td style=\"width: 15.0306%; height: 24px; text-align: center;\"><strong>20KB \u2013 100KB\u00a0<\/strong><\/td>\n<\/tr>\n<tr style=\"height: 24px;\">\n<td style=\"width: 44.8951%; height: 24px; text-align: left;\"><span data-contrast=\"auto\">Uasd\u00e1t\u00fa amh\u00e1in ar na me\u00e1in sh\u00f3isialta (le grianghraf)<\/span><\/td>\n<td style=\"width: 15.0306%; height: 24px; text-align: center;\"><strong>350KB \u2013 2MB\u00a0<\/strong><\/td>\n<\/tr>\n<tr style=\"height: 24px;\">\n<td style=\"width: 44.8951%; height: 24px; text-align: left;\"><span data-contrast=\"auto\">Uair an chloig amh\u00e1\u00edn ag brabhs\u00e1il<\/span><\/td>\n<td style=\"width: 15.0306%; height: 24px; text-align: center;\"><strong>10MB \u2013 100MB\u00a0<\/strong><\/td>\n<\/tr>\n<tr style=\"height: 24px;\">\n<td style=\"width: 44.8951%; height: 24px; text-align: left;\"><span data-contrast=\"auto\">Uair an chloig amh\u00e1in de shruth\u00fa ceoil<\/span><\/td>\n<td style=\"width: 15.0306%; height: 24px; text-align: center;\"><strong>28MB\u00a0<\/strong><\/td>\n<\/tr>\n<tr style=\"height: 24px;\">\n<td style=\"width: 44.8951%; height: 27px; text-align: left;\"><span data-contrast=\"auto\">Feidhmchl\u00e1r amh\u00e1in a \u00edosl\u00f3d\u00e1il<\/span><\/td>\n<td style=\"width: 15.0306%; height: 27px; text-align: center;\"><strong>40MB \u2013 400MB<\/strong><\/td>\n<\/tr>\n<tr style=\"height: 24px;\">\n<td style=\"width: 44.8951%; height: 24px; text-align: left;\"><span data-contrast=\"auto\">Uair an chloig amh\u00e1in de shruth\u00fa f\u00edse\u00e1in ar chaighde\u00e1n bun\u00fasach<\/span><\/td>\n<td style=\"width: 15.0306%; height: 24px; text-align: center;\"><strong>300MB \u00a0<\/strong><\/td>\n<\/tr>\n<tr style=\"height: 24px;\">\n<td style=\"width: 44.8951%; height: 24px; text-align: left;\">Sruth\u00fa 1 uair an chloig d&#8217;fh\u00edse\u00e1n ultra-ardgl\u00e9ine<\/td>\n<td style=\"width: 15.0306%; height: 24px; text-align: center;\"><strong><span class=\"TextRun SCXW10907776 BCX8\" lang=\"EN-IE\" xml:lang=\"EN-IE\" data-contrast=\"auto\"><span class=\"NormalTextRun SCXW10907776 BCX8\" data-ccp-parastyle=\"Revision\">7G<\/span><span class=\"NormalTextRun SCXW10907776 BCX8\" data-ccp-parastyle=\"Revision\">B<\/span> <\/span><span class=\"EOP CommentStart CommentHighlightPipeRestV2 PointComment CommentHighlightRest SCXW10907776 BCX8\" data-ccp-props=\"{&quot;201341983&quot;:0,&quot;335559739&quot;:160,&quot;335559740&quot;:259}\">\u00a0<\/span><\/strong><\/td>\n<\/tr>\n<\/tbody>\n<\/table>\n<p><em><span class=\"TextRun SCXW176059215 BCX8\" lang=\"EN-IE\" xml:lang=\"EN-IE\" data-contrast=\"auto\"><span class=\"NormalTextRun SCXW176059215 BCX8\" data-ccp-parastyle=\"Revision\">*<span class=\"TextRun SCXW158668961 BCX8\" lang=\"GA-IE\" xml:lang=\"GA-IE\" data-contrast=\"auto\"><span class=\"NormalTextRun SCXW158668961 BCX8\">Is ionann 1 chilibheart (KB) agus 1,000 beart, is ionann 1 mheigibheart (MB) agus 1,000 cilibheart, is ionann 1 ghigibheart (GB) agus 1,000 meigibheart<\/span><\/span><\/span><\/span><span class=\"EOP SCXW176059215 BCX8\" data-ccp-props=\"{&quot;201341983&quot;:0,&quot;335559739&quot;:160,&quot;335559740&quot;:259}\">.<\/span><\/em><\/p>\n<p><span data-contrast=\"auto\"><span class=\"TextRun SCXW157917698 BCX8\" lang=\"GA-IE\" xml:lang=\"GA-IE\" data-contrast=\"auto\"><span class=\"NormalTextRun SCXW157917698 BCX8\">D\u2019fh\u00e9adfadh costas breise a bheith ort m\u00e1 \u00fas\u00e1ideann t\u00fa sonra\u00ed m\u00f3ib\u00edleacha agus t\u00fa i dt\u00edr eile \u2013 braitheann an costas ar c\u00e9 acu an bhfuil t\u00fa san AE n\u00f3 nach bhfuil agus ar an m\u00e9id sonra\u00ed a \u00fas\u00e1ideann t\u00fa. T\u00e1 tuilleadh eolais againn faoi \u00fas\u00e1id sonra\u00ed agus faoi do chearta agus t\u00fa ag f\u00e1na\u00edocht<\/span><\/span>\u00a0<\/span><a href=\"https:\/\/www.comreg.ie\/advice-information\/roaming-2\/using-your-mobile-within-the-eu\/\">san AE<\/a><span data-contrast=\"auto\"> n\u00f3 <\/span><a href=\"https:\/\/www.comreg.ie\/advice-information\/roaming-2\/using-your-mobile-outside-the-eu\/\"> lasmuigh den AE<\/a><span data-ccp-props=\"{&quot;201341983&quot;:0,&quot;335559739&quot;:160,&quot;335559740&quot;:259}\">\u00a0<\/span><\/p>\n<h3><span class=\"TextRun SCXW128604137 BCX8\" lang=\"GA-IE\" xml:lang=\"GA-IE\" data-contrast=\"auto\"><span class=\"NormalTextRun SCXW128604137 BCX8\">Faisn\u00e9is faoi Rada\u00edocht Neamhian\u00fach\u00e1in\u00a0<\/span><\/span><span class=\"EOP SCXW128604137 BCX8\" data-ccp-props=\"{}\">\u00a0<\/span><\/h3>\n<p><span data-contrast=\"auto\"><span class=\"TextRun SCXW125334773 BCX8\" lang=\"GA-IE\" xml:lang=\"GA-IE\" data-contrast=\"auto\"><span class=\"NormalTextRun SCXW125334773 BCX8\">Chun tuilleadh eolais a fh\u00e1il ar Fhaisn\u00e9is ar Rada\u00edocht Neamhian\u00fach\u00e1in, <\/span><\/span><\/span><a href=\"https:\/\/www.comreg.ie\/ga\/tionsclaiocht\/speictream-raidio\/amharcoir-suimh-2\/tuarascalacha-radaiochta-neamhianuchain\/#:~:text=Non%2Dionising%20radiation%20includes%20all,hold%20molecules%20in%20cells%20together.\"> tabhair cuairt le do thoil ar \u00e1r leathanach gr\u00e9as\u00e1in<\/a><span data-contrast=\"auto\"> <span class=\"TextRun SCXW212883776 BCX8\" lang=\"GA-IE\" xml:lang=\"GA-IE\" data-contrast=\"auto\"><span class=\"NormalTextRun SCXW212883776 BCX8\">a chuims\u00edonn tonnta raidi\u00f3 a asta\u00edtear \u00f3 l\u00edonra\u00ed m\u00f3ib\u00edleacha, rada\u00edocht infridhearg agus solas infheicthe.\u00a0<\/span><\/span><\/span><\/p>\n<p>&nbsp;<\/p>\n","protected":false},"excerpt":{"rendered":"<p>\u00c1ir\u00edtear le seirbh\u00eds\u00ed guth\u00e1n p\u00f3ca an lae inniu glaonna guth\u00e1in (guth), teachtaireachta\u00ed t\u00e9acs (SMS), agus idirl\u00edon (sonra\u00ed), a sheachadtar tr\u00ed l\u00edonra idirnasctha de chrainn guth\u00e1n &hellip; <a href=\"https:\/\/www.comreg.ie\/ga\/comhairle-eolas\/guthain-phoca\/teicneolaiocht-mhoibileach-minithe\/\"><\/a><\/p>\n","protected":false},"author":69,"featured_media":0,"parent":131391,"menu_order":0,"comment_status":"closed","ping_status":"closed","template":"templates\/template-topic-pages.php","meta":{"_acf_changed":false,"_relevanssi_hide_post":"","_relevanssi_hide_content":"","_relevanssi_pin_for_all":"","_relevanssi_pin_keywords":"","_relevanssi_unpin_keywords":"","_relevanssi_related_keywords":"","_relevanssi_related_include_ids":"","_relevanssi_related_exclude_ids":"","_relevanssi_related_no_append":"","_relevanssi_related_not_related":"","_relevanssi_related_posts":"","_relevanssi_noindex_reason":"","footnotes":"","_wp_rev_ctl_limit":""},"class_list":["post-131392","page","type-page","status-publish","hentry"],"acf":[],"aioseo_notices":[],"_links":{"self":[{"href":"https:\/\/www.comreg.ie\/ga\/wp-json\/wp\/v2\/pages\/131392","targetHints":{"allow":["GET"]}}],"collection":[{"href":"https:\/\/www.comreg.ie\/ga\/wp-json\/wp\/v2\/pages"}],"about":[{"href":"https:\/\/www.comreg.ie\/ga\/wp-json\/wp\/v2\/types\/page"}],"author":[{"embeddable":true,"href":"https:\/\/www.comreg.ie\/ga\/wp-json\/wp\/v2\/users\/69"}],"replies":[{"embeddable":true,"href":"https:\/\/www.comreg.ie\/ga\/wp-json\/wp\/v2\/comments?post=131392"}],"version-history":[{"count":5,"href":"https:\/\/www.comreg.ie\/ga\/wp-json\/wp\/v2\/pages\/131392\/revisions"}],"predecessor-version":[{"id":131958,"href":"https:\/\/www.comreg.ie\/ga\/wp-json\/wp\/v2\/pages\/131392\/revisions\/131958"}],"up":[{"embeddable":true,"href":"https:\/\/www.comreg.ie\/ga\/wp-json\/wp\/v2\/pages\/131391"}],"wp:attachment":[{"href":"https:\/\/www.comreg.ie\/ga\/wp-json\/wp\/v2\/media?parent=131392"}],"curies":[{"name":"wp","href":"https:\/\/api.w.org\/{rel}","templated":true}]}}