{"id":131397,"date":"2024-03-26T09:29:17","date_gmt":"2024-03-26T09:29:17","guid":{"rendered":"https:\/\/www.comreg.ie\/comhairle-eolas\/guthain-phoca\/the-future-of-mobile\/"},"modified":"2024-10-31T11:55:42","modified_gmt":"2024-10-31T11:55:42","slug":"guathain-phoca-amach-anseo","status":"publish","type":"page","link":"https:\/\/www.comreg.ie\/ga\/comhairle-eolas\/guthain-phoca\/guathain-phoca-amach-anseo\/","title":{"rendered":"Guth\u00e1in Ph\u00f3ca Amach Anseo"},"content":{"rendered":"<p><span class=\"TextRun SCXW145734609 BCX8\" lang=\"GA-IE\" xml:lang=\"GA-IE\" data-contrast=\"auto\"><span class=\"NormalTextRun SCXW145734609 BCX8\">T\u00e1 teicneola\u00edocht mh\u00f3ib\u00edleach tar \u00e9is a bheith ag s\u00edorfhorbairt \u00f3 ghl\u00e9asanna gutha amh\u00e1in go guth\u00e1in chliste a fheidhm\u00edonn mar <\/span><span class=\"NormalTextRun SCXW145734609 BCX8\">ghuth\u00e1in<\/span><span class=\"NormalTextRun SCXW145734609 BCX8\">, mar bhrabhs\u00e1laithe idirl\u00edn, mar ghl\u00e9asanna <\/span><span class=\"NormalTextRun SCXW145734609 BCX8\">bainc\u00e9ireachta agus mar ard\u00e1in sruthaithe. Seo cuid de na forbairt\u00ed t\u00e1bhachtacha sa teicneola\u00edocht mh\u00f3ib\u00edleach le d\u00e9ana\u00ed.\u00a0<\/span><\/span><span class=\"EOP SCXW145734609 BCX8\" data-ccp-props=\"{}\">\u00a0<\/span><\/p>\n<h3><span class=\"TextRun SCXW35888461 BCX8\" lang=\"GA-IE\" xml:lang=\"GA-IE\" data-contrast=\"auto\"><span class=\"NormalTextRun SCXW35888461 BCX8\">Feidhmi\u00falacht agus cl\u00fadach m\u00e9adaithe 5G<\/span><\/span><span class=\"EOP SCXW35888461 BCX8\" data-ccp-props=\"{}\">\u00a0<\/span><\/h3>\n<p><span data-contrast=\"auto\">De r\u00e9ir mar a leathn\u00f3idh oibreoir\u00ed m\u00f3ib\u00edleacha a gcuid bonneagair, beidh cl\u00fadach 5G le f\u00e1il i gcuid n\u00edos leithne den t\u00edr. Cialla\u00edonn s\u00e9 seo go mbeidh daoine in ann rochtain a fh\u00e1il ar chl\u00fadach 5G i n\u00edos m\u00f3 codanna den t\u00edr, agus n\u00ed in \u00e1iteanna \u00e1irithe amh\u00e1in.\u00a0\u00a0<\/span><span data-ccp-props=\"{}\">\u00a0<\/span><\/p>\n<p><span data-contrast=\"auto\">Mar an gc\u00e9anna, le n\u00edos m\u00f3 gl\u00e9asanna ar a bhfuil 5G cumasaithe ag dul isteach sa mhargadh, laistigh de na blianta beaga at\u00e1 romhainn agus guth\u00e1in n\u00edos sine \u00e1 n-uasghr\u00e1d\u00fa ag daoine, beidh n\u00edos m\u00f3 agus n\u00edos m\u00f3 againn in ann leas a bhaint as bunt\u00e1ist\u00ed na teicneola\u00edochta m\u00f3ib\u00edl\u00ed seo at\u00e1 n\u00edos tap\u00fala agus n\u00edos iontaofa.\u00a0\u00a0<\/span><span data-ccp-props=\"{}\">\u00a0<\/span><\/p>\n<p><span data-contrast=\"auto\">N\u00ed hamh\u00e1in go bhfeicfear an tairbhe a bhaineann leis seo in \u00fas\u00e1id ghinear\u00e1lta mh\u00f3ib\u00edleach tomhalt\u00f3ir\u00ed ach freisin i saol na ngl\u00e9asanna nasctha. Le cl\u00fadach agus nascacht mh\u00e9adaithe, cuirfidh tuilleadh gl\u00e9asanna cliste agus gl\u00e9asanna eile at\u00e1 nasctha leis an idirl\u00edon len\u00e1r saol laeth\u00fail. Bainfidh s\u00e9 seo le gl\u00e9asanna cliste laistigh d\u2019fheithicl\u00ed, fearais chliste in\u00e1r dtithe, agus gl\u00e9asanna cliste a \u00fas\u00e1ideann ospid\u00e9il agus seirbh\u00eds\u00ed leighis.\u00a0\u00a0<\/span><span data-ccp-props=\"{}\">\u00a0<\/span><\/p>\n<h3><span class=\"TextRun SCXW50847203 BCX8\" lang=\"GA-IE\" xml:lang=\"GA-IE\" data-contrast=\"auto\"><span class=\"NormalTextRun SCXW50847203 BCX8\">6G agus ina dhiaidh<\/span><\/span><\/h3>\n<p><span class=\"TextRun SCXW235458811 BCX8\" lang=\"GA-IE\" xml:lang=\"GA-IE\" data-contrast=\"auto\"><span class=\"NormalTextRun SCXW235458811 BCX8\">Tugadh 5G isteach in 2019 agus creideann saineolaithe go bhf\u00e9adfadh an 6\u00fa gl\u00fain de nascacht mh\u00f3ib\u00edleach a bheith ar f\u00e1il in 2030. Cuireann gach gl\u00fain den teicneola\u00edocht seo leis an m\u00e9id is f\u00e9idir linn a dh\u00e9anamh. \u00c1ir\u00edtear leis seo luas m\u00e9adaithe maidir le brabhs\u00e1il idirl\u00edn agus an luas ag a bhfeidhm\u00edonn \u00e1r bhfeidhmchl\u00e1ir mh\u00f3ib\u00edleacha. Is d\u00f3cha go bhfeicfimid tuilleadh dul chun cinn freisin i dteicneola\u00edocht na ngl\u00e9asanna a \u00fas\u00e1idfear chun nascadh le 6G.\u00a0<\/span><\/span><span class=\"EOP SCXW235458811 BCX8\" data-ccp-props=\"{}\">\u00a0<\/span><\/p>\n<h3><b><span data-contrast=\"auto\">eSims<\/span><\/b><span data-ccp-props=\"{&quot;134245418&quot;:true,&quot;134245529&quot;:true,&quot;201341983&quot;:0,&quot;335559738&quot;:40,&quot;335559739&quot;:0,&quot;335559740&quot;:259}\">\u00a0<\/span><\/h3>\n<p><span class=\"NormalTextRun SCXW162301066 BCX8\">C\u00e9 go bhfuil eSIMs ar an margadh le roinnt blianta anuas, is f\u00e9idir linn a bheith ag s\u00fail le m\u00e9ad\u00fa ar an \u00e9ileamh a bheidh orthu sna blianta amach romhainn. Is \u00e9 an p<\/span><span class=\"NormalTextRun SCXW162301066 BCX8\">h<\/span><span class=\"NormalTextRun SCXW162301066 BCX8\">r\u00edomhdhifr\u00edocht idir c\u00e1rta SIM rialta agus eSIM n\u00e1 an c\u00e1rta SIM fisici\u00fail f\u00e9in. Is SIM digiteach \u00e9 eSIM at\u00e1 comhth\u00e1ite ar ghl\u00e9as \u00fas\u00e1ideora a ligeann do chur chuige nua maidir le haistri\u00fa idir oibreoir\u00ed. N\u00ed bh\u00edonn le d\u00e9anamh ag an \u00fas\u00e1ideoir ach c\u00f3d QR a scanadh chun nascadh le hoibreoir m\u00f3ib\u00edleach agus a seirbh\u00eds a \u00fas\u00e1id.<\/span><\/p>\n<p><span class=\"TextRun SCXW76617699 BCX8\" lang=\"GA-IE\" xml:lang=\"GA-IE\" data-contrast=\"auto\"><span class=\"NormalTextRun SCXW76617699 BCX8\">Cialla\u00edonn s\u00e9 seo feidhmi\u00falacht agus sol\u00fabthacht mh\u00e9adaithe d&#8217;\u00fas\u00e1ideoir\u00ed. Beidh s\u00e9 n\u00edos \u00e9asca an t-athr\u00fa a dh\u00e9anamh toisc nach mbeidh ort fanacht ar SIM fisici\u00fail chun aistri\u00fa \u00f3 shol\u00e1thra\u00ed amh\u00e1in go sol\u00e1thr<\/span><span class=\"NormalTextRun SCXW76617699 BCX8\">\u00f3ir<\/span><span class=\"NormalTextRun SCXW76617699 BCX8\"> eile. Mar an gc\u00e9anna, beidh s\u00e9 n\u00edos \u00e9asca f\u00f3in ag a bhfuil dh\u00e1 SIM a \u00fas\u00e1id. Sa ch\u00e1s seo, d&#8217;fh\u00e9adfadh go mbeadh n\u00edos l\u00fa g\u00e1 le dh\u00e1 ghl\u00e9as, mar shampla <\/span><span class=\"NormalTextRun SCXW76617699 BCX8\">guth\u00e1n<\/span><span class=\"NormalTextRun SCXW76617699 BCX8\"> oibre agus <\/span><span class=\"NormalTextRun SCXW76617699 BCX8\">guth\u00e1n<\/span><span class=\"NormalTextRun SCXW76617699 BCX8\"> pearsanta, mar go ligfidh dh\u00e1 SIM \u00e9ags\u00fala d&#8217;\u00fas\u00e1ideoir\u00ed uimhreacha difri\u00fala a \u00fas\u00e1id ar an ngl\u00e9as c\u00e9anna.\u00a0\u00a0<\/span><\/span><span class=\"EOP SCXW76617699 BCX8\" data-ccp-props=\"{}\">\u00a0<\/span><\/p>\n<p><span class=\"TextRun SCXW217073939 BCX8\" lang=\"GA-IE\" xml:lang=\"GA-IE\" data-contrast=\"auto\"><span class=\"NormalTextRun SCXW217073939 BCX8\">Ina theannta sin, nuair a bh\u00edonn t\u00fa ag taisteal i dt\u00edr iasachta &#8211; b\u00edodh s\u00e9 sin san Eoraip n\u00f3 n\u00edos faide i gc\u00e9in, d\u2019fh\u00e9adfadh \u00fas\u00e1id a bhaint as c\u00e1rta SIM \u00e1iti\u00fail chun rochtain a fh\u00e1il ar phleananna sonra\u00ed \u00e1iti\u00fala cabhr\u00fa le costais f\u00e1na\u00edochta a sheachaint agus nascacht a fheabhs\u00fa.\u00a0\u00a0<\/span><\/span><span class=\"EOP SCXW217073939 BCX8\" data-ccp-props=\"{}\">\u00a0<\/span><\/p>\n<h3><b><span data-contrast=\"auto\">Scor 3G <\/span><\/b><span data-ccp-props=\"{&quot;134245418&quot;:true,&quot;134245529&quot;:true,&quot;201341983&quot;:0,&quot;335559738&quot;:40,&quot;335559739&quot;:0,&quot;335559740&quot;:259}\">\u00a0<\/span><\/h3>\n<p><span class=\"TextRun SCXW66789537 BCX8\" lang=\"GA-IE\" xml:lang=\"GA-IE\" data-contrast=\"auto\"><span class=\"NormalTextRun SCXW66789537 BCX8\">T\u00e1 <\/span><span class=\"NormalTextRun SCXW66789537 BCX8\">sol\u00e1thr\u00f3ir\u00ed<\/span><span class=\"NormalTextRun SCXW66789537 BCX8\"> seirbh\u00eds\u00ed m\u00f3ib\u00edleacha ag cur deireadh lena seirbh\u00eds\u00ed l\u00edonra 3G de r\u00e9ir a ch\u00e9ile agus leanfaidh siad ar aghaidh leis seo sna m\u00edonna agus sna blianta amach romhainn. Ligeann s\u00e9 seo do shol\u00e1thraithe d\u00edri\u00fa ar na teicneola\u00edochta\u00ed n\u00edos nua\u00ed, 4G agus 5G a leathn\u00fa.\u00a0\u00a0<\/span><\/span><span class=\"EOP SCXW66789537 BCX8\" data-ccp-props=\"{}\">\u00a0<\/span><\/p>\n<p><span data-contrast=\"auto\"><span class=\"TextRun SCXW68002510 BCX8\" lang=\"GA-IE\" xml:lang=\"GA-IE\" data-contrast=\"auto\"><span class=\"NormalTextRun SCXW68002510 BCX8\">Le haghaidh tuilleadh eolais ar scor 3G<\/span><\/span>, tabhair cuairt ar <\/span><a href=\"https:\/\/www.comreg.ie\/advice-information\/mobile\/the-future-of-mobile\/3g-retirement\/\">\u00e1r leathanach gr\u00e9as\u00e1in tiomnaithe<\/a><span data-contrast=\"auto\">.<\/span><span data-ccp-props=\"{&quot;201341983&quot;:0,&quot;335559739&quot;:160,&quot;335559740&quot;:259}\">\u00a0<\/span><\/p>\n<h3><span class=\"TextRun SCXW233402027 BCX8\" lang=\"GA-IE\" xml:lang=\"GA-IE\" data-contrast=\"auto\"><span class=\"NormalTextRun SCXW233402027 BCX8\">Sl\u00e1nd\u00e1il mh\u00f3ib\u00edleach\u00a0<\/span><\/span><span class=\"EOP SCXW233402027 BCX8\" data-ccp-props=\"{}\">\u00a0<\/span><\/h3>\n<p><span data-contrast=\"auto\">De r\u00e9ir mar a fhorbra\u00edtear an teicneola\u00edocht at\u00e1 ar leas na ndaoine, tagann forbairt ar an teicneola\u00edocht a \u00fas\u00e1ideann haice\u00e1laithe agus calaoiseoir\u00ed.\u00a0\u00a0<\/span><span data-ccp-props=\"{}\">\u00a0<\/span><\/p>\n<p><span data-contrast=\"auto\">Molaimid duit a bheith c\u00faramach agus do ghuth\u00e1n p\u00f3ca \u00e1 \u00fas\u00e1id agat, go h\u00e1irithe nuair a bhaineann s\u00e9 le camsc\u00e9imeanna f\u00e9ideartha.\u00a0\u00a0<\/span><span data-ccp-props=\"{}\">\u00a0<\/span><\/p>\n<p><span data-contrast=\"auto\">T\u00e1 tuilleadh eolais againn d\u00f3ibh si\u00fad at\u00e1 ag lorg comhairle ar <\/span><a href=\"https:\/\/www.comreg.ie\/ga\/comhairle-eolas\/scam-calls\/\">chamsc\u00e9imeanna anseo<\/a><span data-contrast=\"auto\">.\u00a0<\/span><span data-ccp-props=\"{&quot;201341983&quot;:0,&quot;335559739&quot;:160,&quot;335559740&quot;:259}\">\u00a0<\/span><\/p>\n<h3><span class=\"TextRun SCXW207493156 BCX8\" lang=\"GA-IE\" xml:lang=\"GA-IE\" data-contrast=\"auto\"><span class=\"NormalTextRun SCXW207493156 BCX8\">Idirl\u00edon na nEarra\u00ed (IoT)\u00a0<\/span><\/span><span class=\"EOP SCXW207493156 BCX8\" data-ccp-props=\"{}\">\u00a0<\/span><\/h3>\n<p><span class=\"TextRun SCXW90319057 BCX8\" lang=\"GA-IE\" xml:lang=\"GA-IE\" data-contrast=\"auto\"><span class=\"NormalTextRun SCXW90319057 BCX8\">T\u00e1thar ag s\u00fail go leanfaidh an borradh le d\u00e9ana\u00ed ar ghl\u00e9asanna at\u00e1 nasctha leis an idirl\u00edon le rolladh amach 5G. \u00c1ir\u00edtear leis na gl\u00e9asanna seo gl\u00e9asanna cliste in\u00e1r dtithe (fearais chliste, teirmeastait, c\u00f3rais sl\u00e1nd\u00e1la, srl.) go rianair\u00ed foll\u00e1ine agus sl\u00e1inte (uairead\u00f3ir\u00ed cliste, monat\u00f3ir\u00ed sl\u00e1inte, srl.). Go bun\u00fasach, is iad gl\u00e9as<\/span><span class=\"NormalTextRun SCXW90319057 BCX8\">a<\/span><span class=\"NormalTextRun SCXW90319057 BCX8\">nna IoT na gl\u00e9asanna a nascann agus a mhalarta\u00edonn sonra\u00ed le gl\u00e9asanna agus c\u00f3rais eile ar an idirl\u00edon.\u00a0<\/span><\/span><span class=\"EOP SCXW90319057 BCX8\" data-ccp-props=\"{}\">\u00a0<\/span><\/p>\n<p><span class=\"TextRun SCXW211073012 BCX8\" lang=\"GA-IE\" xml:lang=\"GA-IE\" data-contrast=\"auto\"><span class=\"NormalTextRun SCXW211073012 BCX8\">De r\u00e9ir mar a leanann <\/span><span class=\"NormalTextRun SCXW211073012 BCX8\">sol\u00e1thr\u00f3ir\u00ed<\/span><span class=\"NormalTextRun SCXW211073012 BCX8\"> seirbh\u00edse 5G at\u00e1 ann cheana ag leathn\u00fa cl\u00fadach s&#8217;acu, agus mar a thos\u00f3idh miond\u00edolt\u00f3ir\u00ed eile ag tairiscint 5G, is f\u00e9idir linn a bheith ag s\u00fail le gl\u00e9asanna IoT n\u00edos forbartha a fheice\u00e1il ag dul isteach sa mhargadh.\u00a0\u00a0<\/span><\/span><span class=\"EOP SCXW211073012 BCX8\" data-ccp-props=\"{}\">\u00a0<\/span><\/p>\n","protected":false},"excerpt":{"rendered":"<p>T\u00e1 teicneola\u00edocht mh\u00f3ib\u00edleach tar \u00e9is a bheith ag s\u00edorfhorbairt \u00f3 ghl\u00e9asanna gutha amh\u00e1in go guth\u00e1in chliste a fheidhm\u00edonn mar ghuth\u00e1in, mar bhrabhs\u00e1laithe idirl\u00edn, mar ghl\u00e9asanna &hellip; <a href=\"https:\/\/www.comreg.ie\/ga\/comhairle-eolas\/guthain-phoca\/guathain-phoca-amach-anseo\/\"><\/a><\/p>\n","protected":false},"author":69,"featured_media":0,"parent":131391,"menu_order":2,"comment_status":"closed","ping_status":"closed","template":"templates\/template-topic-pages.php","meta":{"_acf_changed":false,"_relevanssi_hide_post":"","_relevanssi_hide_content":"","_relevanssi_pin_for_all":"","_relevanssi_pin_keywords":"","_relevanssi_unpin_keywords":"","_relevanssi_related_keywords":"","_relevanssi_related_include_ids":"","_relevanssi_related_exclude_ids":"","_relevanssi_related_no_append":"","_relevanssi_related_not_related":"","_relevanssi_related_posts":"","_relevanssi_noindex_reason":"","footnotes":"","_wp_rev_ctl_limit":""},"class_list":["post-131397","page","type-page","status-publish","hentry"],"acf":[],"aioseo_notices":[],"_links":{"self":[{"href":"https:\/\/www.comreg.ie\/ga\/wp-json\/wp\/v2\/pages\/131397","targetHints":{"allow":["GET"]}}],"collection":[{"href":"https:\/\/www.comreg.ie\/ga\/wp-json\/wp\/v2\/pages"}],"about":[{"href":"https:\/\/www.comreg.ie\/ga\/wp-json\/wp\/v2\/types\/page"}],"author":[{"embeddable":true,"href":"https:\/\/www.comreg.ie\/ga\/wp-json\/wp\/v2\/users\/69"}],"replies":[{"embeddable":true,"href":"https:\/\/www.comreg.ie\/ga\/wp-json\/wp\/v2\/comments?post=131397"}],"version-history":[{"count":4,"href":"https:\/\/www.comreg.ie\/ga\/wp-json\/wp\/v2\/pages\/131397\/revisions"}],"predecessor-version":[{"id":131766,"href":"https:\/\/www.comreg.ie\/ga\/wp-json\/wp\/v2\/pages\/131397\/revisions\/131766"}],"up":[{"embeddable":true,"href":"https:\/\/www.comreg.ie\/ga\/wp-json\/wp\/v2\/pages\/131391"}],"wp:attachment":[{"href":"https:\/\/www.comreg.ie\/ga\/wp-json\/wp\/v2\/media?parent=131397"}],"curies":[{"name":"wp","href":"https:\/\/api.w.org\/{rel}","templated":true}]}}