{"id":131415,"date":"2024-03-26T09:22:36","date_gmt":"2024-03-26T09:22:36","guid":{"rendered":"https:\/\/www.comreg.ie\/comhairle-eolas\/guthain-phoca\/get-the-most-out-of-your-mobile-service\/"},"modified":"2024-11-08T15:20:46","modified_gmt":"2024-11-08T15:20:46","slug":"an-leas-is-fearr-a-bhaint-as-do-sheirbhis-mhoibileach","status":"publish","type":"page","link":"https:\/\/www.comreg.ie\/ga\/comhairle-eolas\/guthain-phoca\/an-leas-is-fearr-a-bhaint-as-do-sheirbhis-mhoibileach\/","title":{"rendered":"An Leas is Fearr a Bhaint as do Sheirbh\u00eds Mh\u00f3ib\u00edleach"},"content":{"rendered":"<p><span data-contrast=\"auto\">C\u00e9 go bhfuil s\u00e9 mar aidhm ag teicneola\u00edocht mh\u00f3ib\u00edleach an saol a dh\u00e9anamh n\u00edos \u00e9asca do gach duine, is f\u00e9idir fadhbanna a bheith againn gan choinne &#8211; go h\u00e1irithe nuair a bhaineann s\u00e9 le gl\u00e9asanna malla agus saincheisteanna cl\u00fadaigh. Cinnteoidh an treoir seo gur f\u00e9idir leat an tairbhe is m\u00f3 a bhaint as do sheirbh\u00eds mh\u00f3ib\u00edleach.\u00a0\u00a0<\/span><span data-ccp-props=\"{}\">\u00a0<\/span><\/p>\n<h3><span class=\"TextRun SCXW214890722 BCX8\" lang=\"GA-IE\" xml:lang=\"GA-IE\" data-contrast=\"auto\"><span class=\"NormalTextRun SCXW214890722 BCX8\">C<\/span><span class=\"NormalTextRun SCXW214890722 BCX8\">\u00e9ard<\/span><span class=\"NormalTextRun SCXW214890722 BCX8\"> is f\u00e9idir a bheith ina ch\u00fais le droch-chl\u00fadach m\u00f3ib\u00edleach lasmuigh?<\/span><\/span><span class=\"EOP SCXW214890722 BCX8\" data-ccp-props=\"{}\">\u00a0<\/span><\/h3>\n<p><span data-contrast=\"auto\"><span class=\"TextRun SCXW46076800 BCX8\" lang=\"GA-IE\" xml:lang=\"GA-IE\" data-contrast=\"auto\"><span class=\"NormalTextRun SCXW46076800 BCX8\">Teasta\u00edonn leibh\u00e9al \u00e1irithe cl\u00fadaigh chun glao a dh\u00e9anamh, t\u00e9acs a sheoladh, n\u00f3 nascadh leis an idirl\u00edon. Is f\u00e9idir le go leor ruda\u00ed dul i bhfeidhm ar \u00e1r gcl\u00fadach m\u00f3ib\u00edleach agus <span class=\"TextRun SCXW178549838 BCX8\" lang=\"GA-IE\" xml:lang=\"GA-IE\" data-contrast=\"auto\"><span class=\"NormalTextRun SCXW178549838 BCX8\">taispe\u00e1nann \u00e1r<\/span><\/span><\/span><\/span> <\/span><a href=\"https:\/\/coveragemap.comreg.ie\/map\"> l\u00e9arsc\u00e1il cl\u00fadaigh<\/a><span data-contrast=\"auto\"> <span class=\"TextRun SCXW95863526 BCX8\" lang=\"GA-IE\" xml:lang=\"GA-IE\" data-contrast=\"auto\"><span class=\"NormalTextRun SCXW95863526 BCX8\"> raon cl\u00fadaigh guth\u00e1n p\u00f3ca agus l\u00e1idreacht na gcomhartha\u00ed ar fud na t\u00edre.<\/span><\/span><span class=\"TextRun SCXW95863526 BCX8\" lang=\"GA-IE\" xml:lang=\"GA-IE\" data-contrast=\"auto\"><span class=\"NormalTextRun SCXW95863526 BCX8\">\u202f<\/span><\/span><span class=\"TextRun SCXW95863526 BCX8\" lang=\"GA-IE\" xml:lang=\"GA-IE\" data-contrast=\"auto\"><span class=\"NormalTextRun SCXW95863526 BCX8\">\u00a0<\/span><\/span><\/span><\/p>\n<p><span class=\"TextRun SCXW51184776 BCX8\" lang=\"GA-IE\" xml:lang=\"GA-IE\" data-contrast=\"auto\"><span class=\"NormalTextRun SCXW51184776 BCX8\">F\u00e9adfaidh na nithe seo a leanas cur isteach ar chaighde\u00e1n do naisc:\u00a0<\/span><\/span><span class=\"EOP SCXW51184776 BCX8\" data-ccp-props=\"{}\">\u00a0<\/span><\/p>\n<ul>\n<li><span data-contrast=\"auto\">Ag taisteal tr\u00ed limist\u00e9ar sl\u00e9ibhti\u00fail n\u00f3 tr\u00ed ghleann\u00a0<\/span><span data-ccp-props=\"{}\">\u00a0<\/span><\/li>\n<li><span data-contrast=\"auto\">Duilli\u00far dl\u00fath in aice l\u00e1imhe\u00a0\u00a0<\/span><span data-ccp-props=\"{}\">\u00a0<\/span><\/li>\n<li><span data-contrast=\"auto\">Fad \u00f3 chrann guth\u00e1n p\u00f3ca\u00a0<\/span><span data-ccp-props=\"{}\">\u00a0<\/span><\/li>\n<li><span data-contrast=\"auto\">Dl\u00fas na gcrann guth\u00e1n p\u00f3ca ar do l\u00edonra\u00a0<\/span><span data-ccp-props=\"{}\">\u00a0<\/span><\/li>\n<li><span data-contrast=\"auto\">C\u00e9 mh\u00e9ad duine at\u00e1 ag baint \u00fas\u00e1id as an l\u00edonra m\u00f3ib\u00edleach sa limist\u00e9ar c\u00e9anna, ag an am c\u00e9anna\u00a0<\/span><span data-ccp-props=\"{}\">\u00a0<\/span><\/li>\n<li><span data-contrast=\"auto\">C\u00e9n teicneola\u00edocht a bhfuil t\u00fa nasctha l\u00e9i (m.sh. 4G n\u00f3 5G)\u00a0<\/span><span data-ccp-props=\"{}\">\u00a0<\/span><\/li>\n<\/ul>\n<p><span class=\"TextRun SCXW36258909 BCX8\" lang=\"GA-IE\" xml:lang=\"GA-IE\" data-contrast=\"auto\"><span class=\"NormalTextRun SCXW36258909 BCX8\">Is f\u00e9idir leis an gcine\u00e1l guth\u00e1n p\u00f3ca at\u00e1 \u00e1 \u00fas\u00e1id agat dul i bhfeidhm ar ghuthghlaonna n\u00f3 ar rochtain sonra\u00ed. S\u00e1r\u00f3idh na gl\u00e9asanna is nua-aimseartha na cinn n\u00edos bun\u00fasa\u00ed sin at\u00e1 roinnt blianta d&#8217;aois.\u00a0\u00a0<\/span><\/span><span class=\"EOP SCXW36258909 BCX8\" data-ccp-props=\"{}\">\u00a0<\/span><\/p>\n<p><iframe loading=\"lazy\" title=\"YouTube video player\" src=\"\/\/www.youtube.com\/embed\/XubLu1lf0wQ?si=eYAjmIl8t0vuUMe1\" width=\"560\" height=\"315\" frameborder=\"0\" allowfullscreen=\"allowfullscreen\"><\/iframe><\/p>\n<p><span class=\"TextRun SCXW34114668 BCX8\" lang=\"GA-IE\" xml:lang=\"GA-IE\" data-contrast=\"auto\"><span class=\"NormalTextRun SCXW34114668 BCX8\">Cuireann ComReg \u00e1is ar l\u00edne ar f\u00e1il chun ligean don phobal sonra\u00ed na gcrann m\u00f3ib\u00edleach ar fud na h\u00c9ireann a fheice\u00e1il (C\u00f3ras Domhanda do Chumars\u00e1id Mh\u00f3ib\u00edleach 3G agus 4G).\u00a0 Siteviewer a thugtar ar an uirlis seo agus f\u00e9adfar \u00ed a \u00fas\u00e1id chun crainn mh\u00f3ib\u00edleacha Oibreoir L\u00edonra\u00ed M\u00f3ib\u00edleacha i gceantar a chinneadh. T\u00e1 rochtain ar f\u00e1il ag<\/span><\/span>\u00a0<a href=\"https:\/\/siteviewer.comreg.ie\/\"><span data-contrast=\"none\">Siteviewer<\/span><\/a><span data-contrast=\"auto\">.<\/span><span data-ccp-props=\"{&quot;201341983&quot;:0,&quot;335559739&quot;:160,&quot;335559740&quot;:259}\">\u00a0<\/span><\/p>\n<h3><span class=\"TextRun SCXW66041746 BCX8\" lang=\"GA-IE\" xml:lang=\"GA-IE\" data-contrast=\"auto\"><span class=\"NormalTextRun SCXW66041746 BCX8\">C\u00e9n f\u00e1th a bhfuil droch-chl\u00fadach agam sa bhaile n\u00f3 taobh istigh?\u00a0<\/span><\/span><span class=\"EOP SCXW66041746 BCX8\" data-ccp-props=\"{}\">\u00a0<\/span><\/h3>\n<p><span class=\"TextRun SCXW235411408 BCX8\" lang=\"GA-IE\" xml:lang=\"GA-IE\" data-contrast=\"auto\"><span class=\"NormalTextRun SCXW235411408 BCX8\">F\u00e9adfaidh t\u00fa a thabhairt faoi deara freisin nach mb\u00edonn do chl\u00fadach m\u00f3ib\u00edleach sa bhaile ar an gcl\u00fadach is fearr i gc\u00f3na\u00ed. D&#8217;fh\u00e9adfadh roinnt c\u00fains\u00ed a bheith ina gc\u00fais leis seo, mar shampla:\u00a0<\/span><\/span><span class=\"EOP SCXW235411408 BCX8\" data-ccp-props=\"{}\">\u00a0<\/span><\/p>\n<ul>\n<li><span data-contrast=\"auto\">Insli\u00fa\u00a0\u00a0<\/span><span data-ccp-props=\"{}\">\u00a0<\/span><\/li>\n<li><span data-contrast=\"auto\">Fuinneoga d\u00e9ghloinithe agus tr\u00edghloinithe\u00a0\u00a0<\/span><span data-ccp-props=\"{}\">\u00a0<\/span><\/li>\n<li><span data-contrast=\"auto\">Fuinneoga le fr\u00e1ma\u00ed miotail\u00a0<\/span><span data-ccp-props=\"{}\">\u00a0<\/span><\/li>\n<li><span data-contrast=\"auto\">Ti\u00fas na mballa\u00ed\u00a0<\/span><\/li>\n<\/ul>\n<p><span data-contrast=\"auto\"><span class=\"TextRun SCXW176351625 BCX8\" lang=\"GA-IE\" xml:lang=\"GA-IE\" data-contrast=\"auto\"><span class=\"NormalTextRun SCXW176351625 BCX8\">Fuarthas amach i dtaighde ComReg<\/span><\/span> <\/span><a href=\"https:\/\/www.youtube.com\/watch?v=oGNNkW00wDI\">go gcuirfidh \u00e1bhair th\u00f3g\u00e1la, a \u00fas\u00e1idtear chun insli\u00fa sa teach a fheabhs\u00fa, srian le cl\u00fadach m\u00f3ib\u00edleach go minic.<\/a><\/p>\n<h3><span data-ccp-props=\"{&quot;134245418&quot;:true,&quot;201341983&quot;:0,&quot;335559739&quot;:160,&quot;335559740&quot;:259}\"><span class=\"TextRun SCXW167220402 BCX8\" lang=\"GA-IE\" xml:lang=\"GA-IE\" data-contrast=\"auto\"><span class=\"NormalTextRun SCXW167220402 BCX8\">Cl\u00fadach sa bhaile a fheabhs\u00fa\u00a0<\/span><\/span><span class=\"EOP SCXW167220402 BCX8\" data-ccp-props=\"{}\">\u00a0<\/span> <\/span><\/h3>\n<p><span data-contrast=\"auto\"><span class=\"TextRun SCXW30271958 BCX8\" lang=\"GA-IE\" xml:lang=\"GA-IE\" data-contrast=\"auto\"><span class=\"NormalTextRun SCXW30271958 BCX8\">Is \u00e9 an ch\u00e9ad rud at\u00e1 le d\u00e9anamh m\u00e1 t\u00e1 t\u00fa ag iarraidh do chl\u00fadach m\u00f3ib\u00edleach sa bhaile a fheabhs\u00fa n\u00e1 f\u00e9achaint c\u00e9 na hoibreoir\u00ed guth\u00e1n p\u00f3ca a chuireann an leibh\u00e9al cl\u00fadaigh is fearr ar f\u00e1il i do cheantar. Is \u00e9 an ch\u00e9ad rud eile n\u00e1 glaonna Wi-Fi a chumas\u00fa m\u00e1 thaca\u00edonn do shol\u00e1thra\u00ed agus do ghl\u00e9as leo, agus ar deireadh d&#8217;fh\u00e9adfa\u00ed cl\u00fadach a threisi\u00fa tuilleadh le gl\u00e9as cos\u00fail le<\/span><\/span> <\/span><a href=\"https:\/\/www.comreg.ie\/advice-information\/service-issue\/mobile-phone-repeaters\/\">hathsheolt\u00f3ir m\u00f3ib\u00edleach. <\/a><span data-contrast=\"auto\"><span class=\"TextRun SCXW97045930 BCX8\" lang=\"GA-IE\" xml:lang=\"GA-IE\" data-contrast=\"auto\"><span class=\"NormalTextRun SCXW97045930 BCX8\">T\u00e1 na gl\u00e9asanna seo deartha chun comhartha a threisi\u00fa laistigh den teach, ach t\u00e1 s\u00e9 thar a bheith t\u00e1bhachtach nach gceanna\u00edonn tomhalt\u00f3ir\u00ed ach t\u00e1irg\u00ed a chomhl\u00edonann an dl\u00ed.\u00a0<\/span><\/span><span class=\"EOP SCXW97045930 BCX8\" data-ccp-props=\"{}\">\u00a0<\/span><\/span><\/p>\n<p>For information on compliance of mobile phone repeaters see <a href=\"https:\/\/www.comreg.ie\/ga\/?page_id=105614\">here<\/a>.<\/p>\n<h3><span class=\"TextRun SCXW201203507 BCX8\" lang=\"GA-IE\" xml:lang=\"GA-IE\" data-contrast=\"auto\"><span class=\"NormalTextRun SCXW201203507 BCX8\">Aimsigh an plean ceart duit f\u00e9in\u00a0<\/span><\/span><span class=\"EOP SCXW201203507 BCX8\" data-ccp-props=\"{}\">\u00a0<\/span><\/h3>\n<p><span class=\"TextRun SCXW259741560 BCX8\" lang=\"GA-IE\" xml:lang=\"GA-IE\" data-contrast=\"auto\"><span class=\"NormalTextRun SCXW259741560 BCX8\">Cuireann go leor pleananna m\u00f3ib\u00edleacha teorainn leis an l\u00edon n\u00f3im\u00e9ad de ghlaonna, d\u2019\u00fas\u00e1id sonra\u00ed, n\u00f3 l\u00edon na dt\u00e9acsanna is f\u00e9idir leat a sheoladh in aghaidh na m\u00edosa. M\u00e1 sh\u00e1ra\u00edonn t\u00fa na teorainneacha seo, \u00e9ireoidh t\u00fa as creidmheas roimh do ch\u00e9ad d\u00e1ta breisithe eile n\u00f3 beidh ort tuilleadh a \u00edoc. Is fi\u00fa f\u00e9achaint timpeall chun teacht ar an margadh is fearr a fhreastala\u00edonn ar do chuid riachtanas<\/span><\/span><\/p>\n<p><span class=\"TextRun SCXW182544838 BCX8\" lang=\"GA-IE\" xml:lang=\"GA-IE\" data-contrast=\"auto\"><span class=\"NormalTextRun SCXW182544838 BCX8\">Maidir le custaim\u00e9ir\u00ed bille-\u00edoca\u00edochta, t\u00e1 t\u00fa i dteideal an Chomhairle Taraife is Fearr \u00f3 do shol\u00e1thra\u00ed guth\u00e1n p\u00f3ca reatha roimh dheireadh do chonartha. T\u00e1 t\u00fa i dteideal an Fhaisn\u00e9is Taraife is Fearr uair sa bhliain freisin. Ba ch\u00f3ir go sol\u00e1thr\u00f3dh s\u00e9 seo eolas duit ar d\u2019\u00fas\u00e1id chomh maith le moladh faoi na pleananna is fearr a oireann do do riachtanais.\u00a0\u00a0<\/span><\/span><span class=\"EOP SCXW182544838 BCX8\" data-ccp-props=\"{}\">\u00a0<\/span><\/p>\n<p><span data-contrast=\"auto\">If you are continuously exceeding your plan\u2019s limits it may be a sign that you need a different plan to better suit your usage needs. <span class=\"TextRun SCXW221678314 BCX8\" lang=\"GA-IE\" xml:lang=\"GA-IE\" data-contrast=\"auto\"><span class=\"NormalTextRun SCXW221678314 BCX8\"> F\u00e9ach ar \u00e1r<\/span><\/span> <\/span><a href=\"https:\/\/www.comreg.ie\/ga\/cuir-luach-i-gcomparaid\/#\/services\">Uirlis Compar\u00e1ide<\/a><span data-contrast=\"auto\"> <span class=\"TextRun SCXW168529583 BCX8\" lang=\"GA-IE\" xml:lang=\"GA-IE\" data-contrast=\"auto\"><span class=\"NormalTextRun SCXW168529583 BCX8\">le haghaidh tuilleadh eolais.\u00a0<\/span><\/span><span class=\"EOP SCXW168529583 BCX8\" data-ccp-props=\"{}\">\u00a0<\/span><\/span><\/p>\n<h3><span class=\"TextRun SCXW43547574 BCX8\" lang=\"GA-IE\" xml:lang=\"GA-IE\" data-contrast=\"auto\"><span class=\"NormalTextRun SCXW43547574 BCX8\">An dteasta\u00edonn 5G uaim?\u00a0<\/span><\/span><span class=\"EOP SCXW43547574 BCX8\" data-ccp-props=\"{}\">\u00a0<\/span><\/h3>\n<p><span class=\"TextRun SCXW115093578 BCX8\" lang=\"GA-IE\" xml:lang=\"GA-IE\" data-contrast=\"auto\"><span class=\"NormalTextRun SCXW115093578 BCX8\">N\u00ed thairgeann gach oibreoir guth\u00e1n p\u00f3ca in \u00c9irinn pleananna 5G, agus, c\u00e9 go dtugann s\u00e9 luasanna sonra\u00ed n\u00edos tap\u00fala, f\u00e9adfaidh s\u00e9 a bheith n\u00edos costasa\u00ed. M\u00e1 bhraitheann t\u00fa go bhfuil do nasc 4G reatha r\u00f3-mhall agus go gcuireann s\u00e9 srian le d\u2019\u00fas\u00e1id mh\u00f3ib\u00edleach, ansin b\u2019fh\u00e9idir gur fi\u00fa infheist\u00edocht a dh\u00e9anamh i bplean 5G.\u00a0<\/span><\/span><span class=\"EOP SCXW115093578 BCX8\" data-ccp-props=\"{}\">\u00a0<\/span><\/p>\n<p><span class=\"TextRun SCXW27515628 BCX8\" lang=\"GA-IE\" xml:lang=\"GA-IE\" data-contrast=\"auto\"><span class=\"NormalTextRun SCXW27515628 BCX8\">T\u00e1 s\u00e9 t\u00e1bhachtach a thabhairt faoi deara nach gcuireann gach oibreoir pleananna 5G ar f\u00e1il f\u00f3s, agus nach bhfuil ach 5G cumasaithe ach ar ghl\u00e9asanna m\u00f3ib\u00edleacha \u00e1irithe. Molaimid ar dt\u00fas seice\u00e1il go bhfuil 5G cumasaithe ar do ghl\u00e9as m\u00f3ib\u00edleach, sula bhf\u00e9achann t\u00fa timpeall chun an margadh is fearr a fh\u00e1il ar na pleananna 5G at\u00e1 ar f\u00e1il.\u00a0<\/span><\/span><span class=\"EOP SCXW27515628 BCX8\" data-ccp-props=\"{}\">\u00a0<\/span><\/p>\n<h3><span data-ccp-props=\"{&quot;134245418&quot;:true,&quot;134245529&quot;:true,&quot;201341983&quot;:0,&quot;335559738&quot;:40,&quot;335559739&quot;:0,&quot;335559740&quot;:259}\"><span class=\"NormalTextRun SCXW8823205 BCX8\">C\u00e9n chaoi ar<\/span><span class=\"NormalTextRun SCXW8823205 BCX8\"> f\u00e9idir liom m\u2019\u00fas\u00e1id sonra\u00ed m\u00f3ib\u00edleacha a laghd\u00fa?<\/span> <\/span><\/h3>\n<p><span class=\"TextRun SCXW210813231 BCX8\" lang=\"GA-IE\" xml:lang=\"GA-IE\" data-contrast=\"auto\"><span class=\"NormalTextRun SCXW210813231 BCX8\">M\u00e1 t\u00e1 teorainn leis an m\u00e9id sonra\u00ed m\u00f3ib\u00edleacha is f\u00e9idir leat a \u00fas\u00e1id n\u00f3 m\u00e1 t\u00e1 imn\u00ed ort go bhf\u00e9adf<\/span><span class=\"NormalTextRun SCXW210813231 BCX8\">\u00e1<\/span><span class=\"NormalTextRun SCXW210813231 BCX8\"> do theorainn \u00fas\u00e1id chothrom a bhaint amach, ansin t\u00e1 roinnt beala\u00ed inar f\u00e9idir leat an m\u00e9id sonra\u00ed a \u00fas\u00e1ideann t\u00fa a laghd\u00fa.\u00a0\u00a0<\/span><\/span><span class=\"EOP SCXW210813231 BCX8\" data-ccp-props=\"{}\">\u00a0<\/span><\/p>\n<p><span data-ccp-props=\"{&quot;201341983&quot;:0,&quot;335559739&quot;:160,&quot;335559740&quot;:259}\"><span class=\"TextRun SCXW213433124 BCX8\" lang=\"GA-IE\" xml:lang=\"GA-IE\" data-contrast=\"auto\"><span class=\"NormalTextRun SCXW213433124 BCX8\">Roinnt beala\u00ed coitianta chun \u00fas\u00e1id sonra\u00ed m\u00f3ib\u00edleacha a laghd\u00fa go tapa:<\/span><\/span> <\/span><\/p>\n<ul>\n<li><span data-contrast=\"auto\">Cuir m\u00f3d s\u00e1bh\u00e1la sonra\u00ed ar si\u00fal\u00a0\u00a0<\/span><span data-ccp-props=\"{}\">\u00a0<\/span><\/li>\n<li><span data-contrast=\"auto\">\u00cdosl\u00f3d\u00e1il comhaid mh\u00f3ra, feidhmchl\u00e1ir n\u00f3 uasd\u00e1tuithe ar Wi-Fi seachas ar shonra\u00ed m\u00f3ib\u00edleacha\u00a0<\/span><span data-ccp-props=\"{}\">\u00a0<\/span><\/li>\n<li><span data-contrast=\"auto\">D\u00e9an an rud c\u00e9anna le seirbh\u00eds\u00ed ceoil agus f\u00eds-sruthaithe\u00a0<\/span><span data-ccp-props=\"{}\">\u00a0<\/span><\/li>\n<li><span data-contrast=\"auto\">\u00cdosl\u00f3d\u00e1lann feidhmchl\u00e1ir \u00e1irithe f\u00edse\u00e1in n\u00f3 \u00e1bhar eile sa ch\u00falra &#8211; seice\u00e1il an bhfuil rogha ann \u00e9 seo a theorann\u00fa go Wi-Fi amh\u00e1in\u00a0<\/span><span data-ccp-props=\"{}\">\u00a0<\/span><\/li>\n<li><span data-contrast=\"auto\">Cas d\u00f3 an fh\u00e1na\u00edocht sonra\u00ed agus t\u00fa thar lear\u00a0<\/span><span data-ccp-props=\"{}\">\u00a0<\/span><\/li>\n<li><span data-contrast=\"auto\">\u00das\u00e1id f\u00edsghlao thar Wi-Fi\u00a0<\/span><span data-ccp-props=\"{}\">\u00a0<\/span><\/li>\n<\/ul>\n<p><span data-contrast=\"auto\">Ligeann glaonna Wi-Fi duit glaonna a dh\u00e9anamh agus a fh\u00e1il agus teachtaireachta\u00ed a sheoladh thar nasc Wi-Fi, mar do leathanbhanda baile. \u00c9il\u00edonn an ghn\u00e9 seo nasc Wi-Fi agus n\u00ed m\u00f3r glaonna Wi-Fi a chumas\u00fa ar ghl\u00e9as comhoiri\u00fanach.<\/span><span data-ccp-props=\"{}\">\u00a0<\/span><\/p>\n<h4 aria-level=\"3\"><span class=\"TextRun SCXW216352886 BCX8\" lang=\"GA-IE\" xml:lang=\"GA-IE\" data-contrast=\"auto\"><span class=\"NormalTextRun SCXW216352886 BCX8\">Feidhmchl\u00e1ir teachtaireachta\u00ed vs SMS\u00a0\u00a0<\/span><\/span><span class=\"EOP SCXW216352886 BCX8\" data-ccp-props=\"{}\">\u00a0<\/span><\/h4>\n<p><span class=\"TextRun SCXW49991719 BCX8\" lang=\"GA-IE\" xml:lang=\"GA-IE\" data-contrast=\"auto\"><span class=\"NormalTextRun SCXW49991719 BCX8\">C\u00e9 go bhfuil teachtaireachta\u00ed t\u00e9acs n\u00f3 teachtaireachta\u00ed SMS f\u00f3s ina bhfoirm choitianta chun teachtaireachta\u00ed a sheoladh, t\u00e1 roinnt feidhmchl\u00e1ir \u00e9ags\u00fala cos\u00fail le Facebook Messenger, WhatsApp agus n\u00edos m\u00f3 mar phr\u00edomh-mhodh cumars\u00e1ide ag go leor daoine mar gheall ar an m\u00e9ad\u00fa ar chumars\u00e1id l\u00e1ithreach.\u00a0\u00a0<\/span><\/span><span class=\"EOP SCXW49991719 BCX8\" data-ccp-props=\"{}\">\u00a0<\/span><\/p>\n<p><span class=\"TextRun SCXW89409323 BCX8\" lang=\"GA-IE\" xml:lang=\"GA-IE\" data-contrast=\"auto\"><span class=\"NormalTextRun SCXW89409323 BCX8\">C\u00e9 go bhfreastala\u00edonn an d\u00e1 cheann ar an gcusp\u00f3ir c\u00e9anna, \u00fas\u00e1ideann siad seirbh\u00eds\u00ed \u00e9ags\u00fala chun teachtaireachta\u00ed a sheoladh. Seoltar teachtaireachta\u00ed SMS ag d\u2019oibr<\/span><span class=\"NormalTextRun SCXW89409323 BCX8\">eoir<\/span><span class=\"NormalTextRun SCXW89409323 BCX8\"> l<\/span><span class=\"NormalTextRun SCXW89409323 BCX8\">\u00ed<\/span><span class=\"NormalTextRun SCXW89409323 BCX8\">onra m\u00f3ib\u00edleach. Cialla\u00edonn s\u00e9 seo nach bhfuil nasc idirl\u00edn ag teast\u00e1il uait chun SMS a sheoladh, ach teasta\u00edonn cl\u00fadach m\u00f3ib\u00edleach agus s\u00ednti\u00fas gn\u00edomhach le sol\u00e1thr<\/span><span class=\"NormalTextRun SCXW89409323 BCX8\">\u00f3ir <\/span><span class=\"NormalTextRun SCXW89409323 BCX8\">m\u00f3ib\u00edleach.\u00a0\u00a0<\/span><\/span><span class=\"EOP SCXW89409323 BCX8\" data-ccp-props=\"{}\">\u00a0<\/span><\/p>\n<p><span class=\"TextRun SCXW18710791 BCX8\" lang=\"GA-IE\" xml:lang=\"GA-IE\" data-contrast=\"auto\"><span class=\"NormalTextRun SCXW18710791 BCX8\">B\u00edonn WhatsApp agus seirbh\u00eds\u00ed teachtaireachta\u00ed meandracha eile ag brath ar nasc gn\u00edomhach idirl\u00edn. D\u2019fh\u00e9adfadh nasc idirl\u00edn m\u00f3ib\u00edleach a bheith i gceist (3G, 4G n\u00f3 5G) n\u00f3 nasc Wi-Fi chun <\/span><span class=\"NormalTextRun SCXW18710791 BCX8\">do theachtaireacht a sheoladh. M\u00e1 sheoltar \u00ed ag baint \u00fas\u00e1id as sonra\u00ed m\u00f3ib\u00edleacha, rachaidh s\u00ed i dtreo do theorainn sonra\u00ed ioml\u00e1n.\u00a0<\/span><\/span><span class=\"EOP SCXW18710791 BCX8\" data-ccp-props=\"{}\">\u00a0<\/span><\/p>\n","protected":false},"excerpt":{"rendered":"<p>C\u00e9 go bhfuil s\u00e9 mar aidhm ag teicneola\u00edocht mh\u00f3ib\u00edleach an saol a dh\u00e9anamh n\u00edos \u00e9asca do gach duine, is f\u00e9idir fadhbanna a bheith againn gan &hellip; <a href=\"https:\/\/www.comreg.ie\/ga\/comhairle-eolas\/guthain-phoca\/an-leas-is-fearr-a-bhaint-as-do-sheirbhis-mhoibileach\/\"><\/a><\/p>\n","protected":false},"author":69,"featured_media":0,"parent":131391,"menu_order":1,"comment_status":"closed","ping_status":"closed","template":"templates\/template-topic-pages.php","meta":{"_acf_changed":false,"_relevanssi_hide_post":"","_relevanssi_hide_content":"","_relevanssi_pin_for_all":"","_relevanssi_pin_keywords":"","_relevanssi_unpin_keywords":"","_relevanssi_related_keywords":"","_relevanssi_related_include_ids":"","_relevanssi_related_exclude_ids":"","_relevanssi_related_no_append":"","_relevanssi_related_not_related":"","_relevanssi_related_posts":"","_relevanssi_noindex_reason":"","footnotes":"","_wp_rev_ctl_limit":""},"class_list":["post-131415","page","type-page","status-publish","hentry"],"acf":[],"aioseo_notices":[],"_links":{"self":[{"href":"https:\/\/www.comreg.ie\/ga\/wp-json\/wp\/v2\/pages\/131415","targetHints":{"allow":["GET"]}}],"collection":[{"href":"https:\/\/www.comreg.ie\/ga\/wp-json\/wp\/v2\/pages"}],"about":[{"href":"https:\/\/www.comreg.ie\/ga\/wp-json\/wp\/v2\/types\/page"}],"author":[{"embeddable":true,"href":"https:\/\/www.comreg.ie\/ga\/wp-json\/wp\/v2\/users\/69"}],"replies":[{"embeddable":true,"href":"https:\/\/www.comreg.ie\/ga\/wp-json\/wp\/v2\/comments?post=131415"}],"version-history":[{"count":5,"href":"https:\/\/www.comreg.ie\/ga\/wp-json\/wp\/v2\/pages\/131415\/revisions"}],"predecessor-version":[{"id":131959,"href":"https:\/\/www.comreg.ie\/ga\/wp-json\/wp\/v2\/pages\/131415\/revisions\/131959"}],"up":[{"embeddable":true,"href":"https:\/\/www.comreg.ie\/ga\/wp-json\/wp\/v2\/pages\/131391"}],"wp:attachment":[{"href":"https:\/\/www.comreg.ie\/ga\/wp-json\/wp\/v2\/media?parent=131415"}],"curies":[{"name":"wp","href":"https:\/\/api.w.org\/{rel}","templated":true}]}}