{"id":131417,"date":"2024-03-26T09:37:42","date_gmt":"2024-03-26T09:37:42","guid":{"rendered":"https:\/\/www.comreg.ie\/comhairle-eolas\/guthain-phoca\/switch-mobile-provider\/"},"modified":"2024-11-15T09:43:17","modified_gmt":"2024-11-15T09:43:17","slug":"athraigh-do-holathroir-oibileach","status":"publish","type":"page","link":"https:\/\/www.comreg.ie\/ga\/comhairle-eolas\/guthain-phoca\/athraigh-do-holathroir-oibileach\/","title":{"rendered":"Athraigh do Shol\u00e1thr\u00f3ir M\u00f3ib\u00edleach"},"content":{"rendered":"<p><span class=\"TextRun SCXW246607678 BCX8\" lang=\"GA-IE\" xml:lang=\"GA-IE\" data-contrast=\"auto\"><span class=\"NormalTextRun SCXW246607678 BCX8\">I gc\u00e1s custaim\u00e9ir\u00ed bille-\u00edoca\u00edochta, agus t\u00fa ag smaoineamh ar do shol\u00e1thra\u00ed guth\u00e1n p\u00f3ca a athr\u00fa, ar dt\u00fas ba ch\u00f3ir duit a fh\u00e1il amach an bhfuil t\u00fa f\u00f3s i gconradh.<\/span><\/span><span class=\"EOP SCXW246607678 BCX8\" data-ccp-props=\"{}\">\u00a0<\/span><\/p>\n<h3><span class=\"TextRun SCXW47176703 BCX8\" lang=\"GA-IE\" xml:lang=\"GA-IE\" data-contrast=\"auto\"><span class=\"NormalTextRun SCXW47176703 BCX8\">C\u00e9ard a dh\u00e9anfaidh m\u00e9 m\u00e1 t\u00e1im f\u00f3s i gconradh?<\/span><\/span><span class=\"EOP SCXW47176703 BCX8\" data-ccp-props=\"{}\">\u00a0<\/span><\/h3>\n<p><span class=\"TextRun SCXW40427720 BCX8\" lang=\"GA-IE\" xml:lang=\"GA-IE\" data-contrast=\"auto\"><span class=\"NormalTextRun SCXW40427720 BCX8\">M\u00e1 t\u00e1 t\u00fa f\u00f3s i gconradh le do shol\u00e1thra\u00ed seirbh\u00edse, ba cheart duit do chonradh a sheice\u00e1il i gcomhair eolas a bhaineann leis na nithe seo a leanas:<\/span><\/span><span class=\"EOP SCXW40427720 BCX8\" data-ccp-props=\"{}\">\u00a0<\/span><\/p>\n<ul>\n<li><span data-contrast=\"auto\">fad do chonartha<\/span><span data-ccp-props=\"{}\">\u00a0<\/span><\/li>\n<li><span data-contrast=\"auto\">aon t\u00e1ill\u00ed as deireadh luath a chur leis an gconradh.<\/span><span data-ccp-props=\"{}\">\u00a0<\/span><\/li>\n<li><span data-contrast=\"auto\">An mb\u00edonn t\u00e1ille i gceist chun an guth\u00e1n p\u00f3ca a dh\u00edghlas\u00e1il<\/span><span data-ccp-props=\"{}\">\u00a0<\/span><\/li>\n<\/ul>\n<p><span class=\"TextRun SCXW250269546 BCX8\" lang=\"GA-IE\" xml:lang=\"GA-IE\" data-contrast=\"auto\"><span class=\"NormalTextRun SCXW250269546 BCX8\">Mar shampla, b\u00edonn conartha\u00ed a mhaireann idir 12 agus 24 m\u00ed ag formh\u00f3r na gcustaim\u00e9ir\u00ed bille-\u00edoca\u00edochta<\/span><\/span>. <span class=\"TextRun SCXW250269546 BCX8\" lang=\"GA-IE\" xml:lang=\"GA-IE\" data-contrast=\"auto\"><span class=\"NormalTextRun SCXW250269546 BCX8\">M\u00e1 t\u00e1 t\u00fa f\u00f3s i gconradh<\/span><\/span>, <span class=\"TextRun SCXW250269546 BCX8\" lang=\"GA-IE\" xml:lang=\"GA-IE\" data-contrast=\"auto\"><span class=\"NormalTextRun SCXW250269546 BCX8\">f\u00e9ach ar \u00e1r<\/span><\/span> <a href=\"https:\/\/www.comreg.ie\/ga\/comhairle-eolas\/conarthai\/\"> gcuid conartha\u00ed <span class=\"TextRun SCXW228509379 BCX8\" lang=\"GA-IE\" xml:lang=\"GA-IE\" data-contrast=\"auto\"><span class=\"NormalTextRun SCXW228509379 BCX8\">le haghaidh tuilleadh eolais.<\/span><\/span><\/a><\/p>\n<h4><span class=\"TextRun SCXW247509833 BCX8\" lang=\"GA-IE\" xml:lang=\"GA-IE\" data-contrast=\"auto\"><span class=\"NormalTextRun SCXW247509833 BCX8\">C\u00e9ard a tharl\u00f3idh m\u00e1 t\u00e1 plean r\u00e9amh\u00edoca\u00edochta n\u00f3 plean sim-amh\u00e1in agam?<\/span><\/span><span class=\"EOP SCXW247509833 BCX8\" data-ccp-props=\"{}\">\u00a0<\/span><\/h4>\n<p><span class=\"TextRun SCXW169495015 BCX8\" lang=\"GA-IE\" xml:lang=\"GA-IE\" data-contrast=\"auto\"><span class=\"NormalTextRun SCXW169495015 BCX8\">M\u00e1 t\u00e1 plean m\u00f3ib\u00edleach r\u00e9amh\u00edoctha n\u00f3 sim-amh\u00e1in agat t\u00e1 saoirse agam chun <\/span><span class=\"NormalTextRun SCXW169495015 BCX8\">sol\u00e1thr\u00f3ir\u00ed<\/span><span class=\"NormalTextRun SCXW169495015 BCX8\"> a athr\u00fa agus an uimhir ch\u00e9anna a choinne\u00e1il, m\u00e1 t\u00e1 an guth\u00e1n d\u00edghlas\u00e1ilte gan aon t\u00e1ill\u00ed a tharraingt ort f\u00e9in.<\/span><\/span><span class=\"EOP SCXW169495015 BCX8\" data-ccp-props=\"{}\">\u00a0<\/span><\/p>\n<p><strong><span class=\"TextRun SCXW76937420 BCX8\" lang=\"GA-IE\" xml:lang=\"GA-IE\" data-contrast=\"auto\"><span class=\"NormalTextRun SCXW76937420 BCX8\">An f\u00e9idir liom mo chonradh a chur ar ceal l\u00e1ithreach?<\/span><\/span><\/strong><span class=\"EOP SCXW76937420 BCX8\" data-ccp-props=\"{}\">\u00a0<\/span><\/p>\n<p><span class=\"TextRun SCXW23486656 BCX8\" lang=\"GA-IE\" xml:lang=\"GA-IE\" data-contrast=\"auto\"><span class=\"NormalTextRun SCXW23486656 BCX8\">M\u00e1 chl\u00e1ra\u00edonn t\u00fa do chonradh agus m\u00e1 athra\u00edonn t\u00fa d\u2019intinn, b\u2019fh\u00e9idir go mbeadh s\u00e9 de cheart agat \u00e9 a chur ar ceal le linn na tr\u00e9imhse suaimhnithe. B\u00edonn difr\u00edocht sna rialacha a bhaineann leis an tr\u00e9imhse shuaimhnithe ag brath ar an gcaoi ar chl\u00e1raigh t\u00fa don chonradh.\u00a0 Ba cheart duit t\u00e9arma\u00ed do chonartha a sheice\u00e1il le haghaidh tuilleadh eolais.<\/span><\/span><span class=\"EOP SCXW23486656 BCX8\" data-ccp-props=\"{}\">\u00a0<\/span><\/p>\n<h3><span class=\"TextRun SCXW79718105 BCX8\" lang=\"GA-IE\" xml:lang=\"GA-IE\" data-contrast=\"auto\"><span class=\"NormalTextRun SCXW79718105 BCX8\">C<\/span><span class=\"NormalTextRun SCXW79718105 BCX8\">\u00e9ar<\/span><span class=\"NormalTextRun SCXW79718105 BCX8\">d a dh\u00e9anfaidh m\u00e9 m\u00e1 t\u00e1 mo chonradh reatha ag teacht chun cr\u00edche?<\/span><\/span><span class=\"EOP SCXW79718105 BCX8\" data-ccp-props=\"{}\">\u00a0<\/span><\/h3>\n<p><span data-contrast=\"auto\">Caithfidh do shol\u00e1thra\u00ed seirbh\u00edse t\u00fa a chur ar an eolas go bhfuil do chonradh ag teacht chun cr\u00edche agus go bhf\u00e9adfaidh t\u00fa do phlean reatha a chur ar ceal. Ba cheart do do shol\u00e1thra\u00ed an <strong>Chomhairle Taraife is Fearr<\/strong> a sheoladh chugat freisin ag cur b\u00e9im ar an taraif, ar an bpraghasphlean n\u00f3 ar an gcuachadh is fearr, \u00f3 do shol\u00e1thra\u00ed seirbh\u00edse reatha a oireann do do chuid riachtanas. N\u00ed m\u00f3r \u00ed seo a chur ar f\u00e1il roimh dheireadh do chonartha, agus n\u00ed m\u00f3r an <strong>Fhaisn\u00e9is Taraife is Fearr<\/strong> a shol\u00e1thar uair sa bhliain ar a laghad.<\/span><span data-ccp-props=\"{}\">\u00a0<\/span><\/p>\n<p><span data-contrast=\"auto\">Leanfaidh go leor conartha\u00ed ar aghaidh ag feidhmi\u00fa ar bhonn rollach m\u00ed ar mh\u00ed nuair a bheidh an t\u00e9arma \u00edosta imithe in \u00e9ag ach nach mbeidh siad curtha ar ceal. D\u2019fh\u00e9adfadh t\u00e9arma \u00edosta conartha nua a bheith mar thoradh ar aon chomhaont\u00fa nua a dh\u00e9anfaidh t\u00fa.<\/span><span data-ccp-props=\"{}\">\u00a0<\/span><\/p>\n<h3><span class=\"TextRun SCXW136354514 BCX8\" lang=\"GA-IE\" xml:lang=\"GA-IE\" data-contrast=\"auto\"><span class=\"NormalTextRun SCXW136354514 BCX8\">C<\/span><span class=\"NormalTextRun SCXW136354514 BCX8\">\u00e9n chaoi le <\/span><span class=\"NormalTextRun SCXW136354514 BCX8\">sol\u00e1thr<\/span><span class=\"NormalTextRun SCXW136354514 BCX8\">\u00f3ir<\/span><span class=\"NormalTextRun SCXW136354514 BCX8\"> guth\u00e1n p\u00f3ca a athr\u00fa<\/span><\/span><\/h3>\n<p><span class=\"TextRun SCXW103031809 BCX8\" lang=\"GA-IE\" xml:lang=\"GA-IE\" data-contrast=\"auto\"><span class=\"NormalTextRun SCXW103031809 BCX8\">Nuair a bheidh do chonradh reatha seice\u00e1ilte agat agus aon sonra\u00ed t\u00e1bhachtacha tugtha faoi deara agat, f\u00e9adfaidh t\u00fa teagmh\u00e1il a dh\u00e9anamh le sol\u00e1thr<\/span><span class=\"NormalTextRun SCXW103031809 BCX8\">\u00f3ir<\/span><span class=\"NormalTextRun SCXW103031809 BCX8\"> nua a dh\u00e9anfaidh maoirseacht ar an gcuid is m\u00f3 den obair.<\/span><\/span><span class=\"EOP SCXW103031809 BCX8\" data-ccp-props=\"{}\">\u00a0<\/span><\/p>\n<p><span class=\"TextRun SCXW127144802 BCX8\" lang=\"GA-IE\" xml:lang=\"GA-IE\" data-contrast=\"auto\"><span class=\"NormalTextRun SCXW127144802 BCX8\">Nuair a dh\u00e9anann t\u00fa teagmh\u00e1il leis an oibreoir m\u00f3ib\u00edleach nua b\u00ed cinnte go sol\u00e1thr\u00f3idh t\u00fa aon fhaisn\u00e9is \u00e1bhartha mar:<\/span><\/span><span class=\"EOP SCXW127144802 BCX8\" data-ccp-props=\"{}\">\u00a0<\/span><\/p>\n<ul>\n<li><span data-contrast=\"auto\">Eolas faoi do chonradh reatha<\/span><span data-ccp-props=\"{}\">\u00a0<\/span><\/li>\n<li><span data-contrast=\"auto\">Eolas faoi do chonradh n\u00f3 faoi do chuachadh reatha<\/span><span data-ccp-props=\"{}\">\u00a0<\/span><\/li>\n<li><span data-contrast=\"auto\">Eolas ar do Chomhairle Taraife Is Fearr n\u00f3 tuiscint mhaith ar an bplean is fearr a oireann do chuid riachtanas<\/span><span data-ccp-props=\"{}\">\u00a0<\/span><\/li>\n<li><span data-contrast=\"auto\">Sonra\u00ed bainc n\u00f3 \u00edoca\u00edochta<\/span><span data-ccp-props=\"{}\">\u00a0<\/span><\/li>\n<li><span data-contrast=\"auto\">Seoladh n\u00f3 \u00c9irch\u00f3d<\/span><span data-ccp-props=\"{}\">\u00a0<\/span><\/li>\n<\/ul>\n<p><span data-contrast=\"auto\">Caithfidh do shol\u00e1thra\u00ed nua agus do sheansol\u00e1thr\u00f3ir oibri\u00fa de mheon mac\u00e1nta agus pr\u00f3iseas aistrithe a chomhord\u00fa a shol\u00e1thra\u00edonn lean\u00fanachas seirbh\u00edse.<\/span><span data-ccp-props=\"{}\">\u00a0<\/span><\/p>\n<h3><span class=\"TextRun SCXW40904963 BCX8\" lang=\"GA-IE\" xml:lang=\"GA-IE\" data-contrast=\"auto\"><span class=\"NormalTextRun SCXW40904963 BCX8\">An f\u00e9idir liom m\u2019uimhir a choinne\u00e1il?<\/span><\/span><span class=\"EOP SCXW40904963 BCX8\" data-ccp-props=\"{}\">\u00a0<\/span><\/h3>\n<p><span class=\"TextRun SCXW29467556 BCX8\" lang=\"GA-IE\" xml:lang=\"GA-IE\" data-contrast=\"auto\"><span class=\"NormalTextRun SCXW29467556 BCX8\">Is f\u00e9idir, is f\u00e9idir leat d&#8217;uimhir reatha a aistri\u00fa chuig sol\u00e1thr<\/span><span class=\"NormalTextRun SCXW29467556 BCX8\">\u00f3ir<\/span><span class=\"NormalTextRun SCXW29467556 BCX8\"> seirbh\u00edse nua. N\u00ed m\u00f3r duit a bheith cinnte, \u00e1fach, \u00e9 seo a dh\u00e9anamh soil\u00e9ir le linn an phr\u00f3isis aistrithe mar n\u00ed dh\u00e9anfar \u00e9 seo go huathoibr\u00edoch. N\u00edl aon chostas ag baint le d\u2019uimhir a choinne\u00e1il.<\/span><\/span><span class=\"EOP SCXW29467556 BCX8\" data-ccp-props=\"{}\">\u00a0<\/span><\/p>\n<p><span class=\"TextRun SCXW228387571 BCX8\" lang=\"GA-IE\" xml:lang=\"GA-IE\" data-contrast=\"auto\"><span class=\"NormalTextRun SCXW228387571 BCX8\">Maidir le do sheanuimhir (n\u00f3 inaistritheacht uimhreacha) a choinne\u00e1il, n\u00ed m\u00f3r don d\u00e1 oibreoir guth\u00e1n p\u00f3ca \u00e9 seo a chomhord\u00fa freisin. M\u00e1s rud \u00e9 go gcaillfidh t\u00fa seirbh\u00eds mar gheall ar aon saincheisteanna sa phr\u00f3iseas seo, n\u00edor cheart go mairfeadh s\u00e9 seo n\u00edos m\u00f3 n\u00e1<strong> l\u00e1 oibre amh\u00e1in<\/strong>.<\/span><\/span><span class=\"EOP SCXW228387571 BCX8\" data-ccp-props=\"{}\">\u00a0<\/span><\/p>\n<p><span class=\"TextRun SCXW161623581 BCX8\" lang=\"GA-IE\" xml:lang=\"GA-IE\" data-contrast=\"auto\"><span class=\"NormalTextRun SCXW161623581 BCX8\">M\u00e1 bh\u00edonn fadhbanna ann, ba cheart do do sheanoibreoir lean\u00faint ar aghaidh ag cur seirbh\u00edse ar f\u00e1il fad is a oibr\u00edonn an t-oibreoir nua chun an fhadhb a r\u00e9iteach<\/span><\/span>.<\/p>\n<p><span class=\"TextRun SCXW209049608 BCX8\" lang=\"GA-IE\" xml:lang=\"GA-IE\" data-contrast=\"auto\"><span class=\"NormalTextRun SCXW209049608 BCX8\">M\u00e1s mian leat seirbh\u00eds nua a bheith agat le huimhir nua agus do sheanseirbh\u00eds a choinne\u00e1il, n\u00edl t\u00fa ag aistri\u00fa<\/span><\/span>.<\/p>\n<h3><span class=\"TextRun SCXW267110046 BCX8\" lang=\"GA-IE\" xml:lang=\"GA-IE\" data-contrast=\"auto\"><span class=\"NormalTextRun SCXW267110046 BCX8\">C\u00e9 chomh fada a th\u00f3gfaidh an t-athr\u00fa?<\/span><\/span><span class=\"EOP SCXW267110046 BCX8\" data-ccp-props=\"{}\">\u00a0<\/span><\/h3>\n<p><span class=\"TextRun SCXW140922597 BCX8\" lang=\"GA-IE\" xml:lang=\"GA-IE\" data-contrast=\"auto\"><span class=\"NormalTextRun SCXW140922597 BCX8\">Comhaont\u00f3far d\u00e1ta an aistrithe agus an aistrithe uimhreach idir t\u00fa f\u00e9in agus d\u2019oibreoir nua. Ba ch\u00f3ir go mbeadh an t-aistri\u00fa laistigh den tr\u00e9imhse is giorra agus is f\u00e9idir agus go dtarl\u00f3dh s\u00e9 ar dh\u00e1ta ar aontaigh t\u00fa leis.<\/span><\/span><span class=\"EOP SCXW140922597 BCX8\" data-ccp-props=\"{}\">\u00a0<\/span><\/p>\n<p><span class=\"TextRun SCXW155471239 BCX8\" lang=\"GA-IE\" xml:lang=\"GA-IE\" data-contrast=\"auto\"><span class=\"NormalTextRun SCXW155471239 BCX8\">Cialla\u00edonn s\u00e9 seo n\u00e1r cheart an pr\u00f3iseas a bheith fad\u00e1lach gan gh\u00e1, agus gur cheart go bhfaighfe\u00e1 cumars\u00e1id shoil\u00e9ir ar dh\u00e1ta comhaontaithe aistrithe. Nuair a chuirtear t\u00fas le do sheirbh\u00eds nua cuirtear do sheanchonradh ar ceal go hoifigi\u00fail agus n\u00edl do sheanseirbh\u00eds gn\u00edomhach a thuilleadh. Cialla\u00edonn s\u00e9 seo n\u00e1r cheart go mbeadh aon chomhthr\u00e1th idir an d\u00e1 chonradh, agus d\u00e1 bhr\u00ed sin, n\u00edor cheart go gcuirf\u00ed bille d\u00fabailte ort ar feadh aon tr\u00e9imhse.<\/span><\/span><span class=\"EOP SCXW155471239 BCX8\" data-ccp-props=\"{}\">\u00a0<\/span><\/p>\n<h3><span class=\"TextRun SCXW252170106 BCX8\" lang=\"GA-IE\" xml:lang=\"GA-IE\" data-contrast=\"auto\"><span class=\"NormalTextRun SCXW252170106 BCX8\">An mbeidh costas ar athr\u00fa a dh\u00e9anamh?<\/span><\/span><span class=\"EOP SCXW252170106 BCX8\" data-ccp-props=\"{}\">\u00a0<\/span><\/h3>\n<p><span class=\"TextRun SCXW75285776 BCX8\" lang=\"GA-IE\" xml:lang=\"GA-IE\" data-contrast=\"auto\"><span class=\"NormalTextRun SCXW75285776 BCX8\">N\u00ed bheidh. T\u00e1 an pr\u00f3iseas aistrithe f\u00e9in saor in aisce. Mar a luadh cheana, \u00e1fach, t\u00e1 s\u00e9 t\u00e1bhachtach do chonradh a l\u00e9amh go c\u00faramach le f\u00e1il amach an bhfuil aon rud ann a luann t\u00e1ill\u00ed n\u00f3 muirir as deireadh luath a chur le conradh. M\u00e1 t\u00e1, l\u00e9ireofar \u00e9 seo i do bhille deiridh \u00f3 do sheansol\u00e1thr\u00f3ir.<\/span><\/span><span class=\"EOP SCXW75285776 BCX8\" data-ccp-props=\"{}\">\u00a0<\/span><\/p>\n<h3><span class=\"TextRun SCXW76875768 BCX8\" lang=\"GA-IE\" xml:lang=\"GA-IE\" data-contrast=\"auto\"><span class=\"NormalTextRun SCXW76875768 BCX8\">An f\u00e9idir liom mo chreidmheas a fh\u00e1il ar ais?<\/span><\/span><span class=\"EOP SCXW76875768 BCX8\" data-ccp-props=\"{}\">\u00a0<\/span><\/h3>\n<p><span class=\"TextRun SCXW125145157 BCX8\" lang=\"GA-IE\" xml:lang=\"GA-IE\" data-contrast=\"auto\"><span class=\"NormalTextRun SCXW125145157 BCX8\">Is f\u00e9idir. T\u00e1 t\u00fa i dteideal ais\u00edoca\u00edochta m\u00e1 t\u00e1 aon chreidmheas agat n\u00e1r \u00fas\u00e1id t\u00fa le haghaidh seirbh\u00eds\u00ed r\u00e9amh\u00edoctha. N\u00ed m\u00f3r duit \u00e9 seo a iarraidh go sonrach ach b\u00edodh a fhios agat go bhf\u00e9adfadh t\u00e1ille riarach\u00e1in a bheith i gceist leis an ais\u00edoca\u00edocht seo m\u00e1 luaitear i do chonradh \u00e9. Caithfidh an t\u00e1ille seo a bheith comhr\u00e9ireach leis an m\u00e9id at\u00e1 dlite duit.<\/span><\/span><span class=\"EOP SCXW125145157 BCX8\" data-ccp-props=\"{}\">\u00a0<\/span><\/p>\n<p><span class=\"TextRun SCXW49848139 BCX8\" lang=\"GA-IE\" xml:lang=\"GA-IE\" data-contrast=\"auto\"><span class=\"NormalTextRun SCXW49848139 BCX8\">M\u00e1 t\u00e1 seirbh\u00eds bhille-\u00edoca\u00edochta agat agus go bhfuil creidmheas ar do chuntas, t\u00e1 t\u00fa i dteideal \u00e9 seo a fh\u00e1il ar ais freisin. D\u2019fh\u00e9adfadh t\u00e1ille riarach\u00e1in a bheith i gceist le hais\u00edoca\u00edocht an chreidmheasa seo.<\/span><\/span><span class=\"EOP SCXW49848139 BCX8\" data-ccp-props=\"{}\">\u00a0<\/span><\/p>\n<h3><span class=\"TextRun SCXW51402591 BCX8\" lang=\"GA-IE\" xml:lang=\"GA-IE\" data-contrast=\"auto\"><span class=\"NormalTextRun SCXW51402591 BCX8\">An f\u00e9idir liom an guth\u00e1n c\u00e9anna a \u00fas\u00e1id?<\/span><\/span><span class=\"EOP SCXW51402591 BCX8\" data-ccp-props=\"{}\">\u00a0<\/span><\/h3>\n<p><span class=\"TextRun SCXW122013789 BCX8\" lang=\"GA-IE\" xml:lang=\"GA-IE\" data-contrast=\"auto\"><span class=\"NormalTextRun SCXW122013789 BCX8\">M\u00e1 t\u00e1 guth\u00e1n san \u00e1ireamh i do chonradh, seans go mbeidh an guth\u00e1n glas\u00e1ilte leis an l\u00edonra m\u00f3ib\u00edleach sin. Go hiond\u00fail, nuair a bheidh an t\u00e9arma conartha \u00edosta thart, beidh t\u00fa in ann do ghuth\u00e1n a dh\u00edghlas\u00e1il saor in aisce nuair a iarrann t\u00fa c\u00f3d d\u00edghlas\u00e1la guth\u00e1in. T\u00e1 s\u00e9 seo amhlaidh toisc gur \u00edoc t\u00fa as costas an ghuth\u00e1in feadh th\u00e9arma \u00edosta an chonartha.<\/span><\/span><span class=\"EOP SCXW122013789 BCX8\" data-ccp-props=\"{}\">\u00a0<\/span><\/p>\n<p><span class=\"TextRun SCXW161419437 BCX8\" lang=\"GA-IE\" xml:lang=\"GA-IE\" data-contrast=\"auto\"><span class=\"NormalTextRun SCXW161419437 BCX8\">B\u00edodh a fhios agat go bhf\u00e9adfadh s\u00e9 c\u00fapla l\u00e1 a ghlacadh chun an c\u00f3d seo a fh\u00e1il. Mar sin, is fearr \u00e9 a iarraidh roimh do dh\u00e1ta aistrithe.<\/span><\/span><span class=\"EOP SCXW161419437 BCX8\" data-ccp-props=\"{}\">\u00a0<\/span><\/p>\n<p><span class=\"TextRun SCXW119746476 BCX8\" lang=\"GA-IE\" xml:lang=\"GA-IE\" data-contrast=\"auto\"><span class=\"NormalTextRun SCXW119746476 BCX8\">Mura bhfuil do th\u00e9arma \u00edosta istigh agus m\u00e1s mian leat do sheirbh\u00eds a athr\u00fa n\u00f3 deireadh a chur le do sheirbh\u00eds, b\u2019fh\u00e9idir go n-iarrfar ort luach iarmharach do ghuth\u00e1in a \u00edoc ar ais.\u00a0 N\u00ed m\u00f3r c\u00e9n chaoi a r\u00edomhtar \u00e9 seo a leagan amach i do chonradh.\u00a0 Is f\u00e9idir leat dul i dteagmh\u00e1il le do shol\u00e1thr\u00f3ir seirbh\u00edse chun tuilleadh eolais a fh\u00e1il faoi seo.<\/span><\/span><span class=\"EOP SCXW119746476 BCX8\" data-ccp-props=\"{}\">\u00a0<\/span><\/p>\n<h3><span class=\"TextRun SCXW209507425 BCX8\" lang=\"GA-IE\" xml:lang=\"GA-IE\" data-contrast=\"auto\"><span class=\"NormalTextRun SCXW209507425 BCX8\">Cuachadh a athr\u00fa<\/span><\/span><span class=\"EOP SCXW209507425 BCX8\" data-ccp-props=\"{}\">\u00a0<\/span><\/h3>\n<p><span class=\"NormalTextRun SCXW248715410 BCX8\">D\u00f3ibh si\u00fad at\u00e1 ag iarraidh a l\u00edne leathanbhanda agus guth\u00e1n baile a athr\u00fa n\u00f3 at\u00e1 ag iarraidh pac\u00e1iste cuachta a aistri\u00fa chuig sol\u00e1thr<\/span><span class=\"NormalTextRun SCXW248715410 BCX8\">\u00f3ir<\/span><span class=\"NormalTextRun SCXW248715410 BCX8\"> nua, t\u00e1 tuilleadh eolais faoin \u00e1bhar seo againn ar \u00e1r leathanach<\/span>\u00a0<a href=\"https:\/\/www.comreg.ie\/ga\/comhairle-eolas\/leathanbhanda-guthan-baile\/ag-athru\/\">aistrithe leathanbhanda<\/a>.<\/p>\n<h2><span class=\"TextRun SCXW254638403 BCX8\" lang=\"GA-IE\" xml:lang=\"GA-IE\" data-contrast=\"auto\"><span class=\"NormalTextRun SCXW254638403 BCX8\">Tuilleadh eolais<\/span><\/span><span class=\"EOP SCXW254638403 BCX8\" data-ccp-props=\"{}\">\u00a0<\/span><\/h2>\n<p>Seice\u00e1il <a href=\"https:\/\/coveragemap.comreg.ie\/map\">an cl\u00fadach m\u00f3ib\u00edleach<\/a> <span class=\"TextRun SCXW177994883 BCX8\" lang=\"GA-IE\" xml:lang=\"GA-IE\" data-contrast=\"auto\"><span class=\"NormalTextRun SCXW177994883 BCX8\">i do cheantar roimh an athr\u00fa, mar is f\u00e9idir le cl\u00fadach a bheith \u00e9ags\u00fail ag brath ar an \u00e1it sa t\u00edr ina bhfuil t\u00fa<\/span><\/span>.<\/p>\n<p><span class=\"TextRun SCXW102816002 BCX8\" lang=\"GA-IE\" xml:lang=\"GA-IE\" data-contrast=\"auto\"><span class=\"NormalTextRun SCXW102816002 BCX8\">Bain \u00fas\u00e1id as \u00e1r n-uirlis chompar\u00e1ide chun cabhr\u00fa le compar\u00e1id a dh\u00e9anamh idir costas na bpraghasphleananna guth\u00e1in, leathanbhanda agus teilif\u00edse.<\/span><\/span><span class=\"EOP SCXW102816002 BCX8\" data-ccp-props=\"{}\">\u00a0<\/span><\/p>\n","protected":false},"excerpt":{"rendered":"<p>I gc\u00e1s custaim\u00e9ir\u00ed bille-\u00edoca\u00edochta, agus t\u00fa ag smaoineamh ar do shol\u00e1thra\u00ed guth\u00e1n p\u00f3ca a athr\u00fa, ar dt\u00fas ba ch\u00f3ir duit a fh\u00e1il amach an bhfuil &hellip; <a href=\"https:\/\/www.comreg.ie\/ga\/comhairle-eolas\/guthain-phoca\/athraigh-do-holathroir-oibileach\/\"><\/a><\/p>\n","protected":false},"author":69,"featured_media":0,"parent":131391,"menu_order":3,"comment_status":"closed","ping_status":"closed","template":"templates\/template-topic-pages.php","meta":{"_acf_changed":false,"_relevanssi_hide_post":"","_relevanssi_hide_content":"","_relevanssi_pin_for_all":"","_relevanssi_pin_keywords":"","_relevanssi_unpin_keywords":"","_relevanssi_related_keywords":"","_relevanssi_related_include_ids":"","_relevanssi_related_exclude_ids":"","_relevanssi_related_no_append":"","_relevanssi_related_not_related":"","_relevanssi_related_posts":"","_relevanssi_noindex_reason":"","footnotes":"","_wp_rev_ctl_limit":""},"class_list":["post-131417","page","type-page","status-publish","hentry"],"acf":[],"aioseo_notices":[],"_links":{"self":[{"href":"https:\/\/www.comreg.ie\/ga\/wp-json\/wp\/v2\/pages\/131417","targetHints":{"allow":["GET"]}}],"collection":[{"href":"https:\/\/www.comreg.ie\/ga\/wp-json\/wp\/v2\/pages"}],"about":[{"href":"https:\/\/www.comreg.ie\/ga\/wp-json\/wp\/v2\/types\/page"}],"author":[{"embeddable":true,"href":"https:\/\/www.comreg.ie\/ga\/wp-json\/wp\/v2\/users\/69"}],"replies":[{"embeddable":true,"href":"https:\/\/www.comreg.ie\/ga\/wp-json\/wp\/v2\/comments?post=131417"}],"version-history":[{"count":3,"href":"https:\/\/www.comreg.ie\/ga\/wp-json\/wp\/v2\/pages\/131417\/revisions"}],"predecessor-version":[{"id":131924,"href":"https:\/\/www.comreg.ie\/ga\/wp-json\/wp\/v2\/pages\/131417\/revisions\/131924"}],"up":[{"embeddable":true,"href":"https:\/\/www.comreg.ie\/ga\/wp-json\/wp\/v2\/pages\/131391"}],"wp:attachment":[{"href":"https:\/\/www.comreg.ie\/ga\/wp-json\/wp\/v2\/media?parent=131417"}],"curies":[{"name":"wp","href":"https:\/\/api.w.org\/{rel}","templated":true}]}}