{"id":131574,"date":"2024-04-05T19:16:09","date_gmt":"2024-04-05T19:16:12","guid":{"rendered":"https:\/\/www.comreg.ie\/comhairle-eolas\/switching-providers\/switch-mobile-provider\/"},"modified":"2024-11-18T16:57:24","modified_gmt":"2024-11-18T16:57:24","slug":"athru-solathroiri","status":"publish","type":"page","link":"https:\/\/www.comreg.ie\/ga\/comhairle-eolas\/athru-solathroiri\/athru-solathroiri\/","title":{"rendered":"Athraigh Sol\u00e1thr\u00f3ir\u00ed Teileaf\u00f3n P\u00f3ca"},"content":{"rendered":"","protected":false},"excerpt":{"rendered":"","protected":false},"author":57,"featured_media":0,"parent":90344,"menu_order":0,"comment_status":"closed","ping_status":"closed","template":"templates\/template-topic-pages.php","meta":{"_acf_changed":false,"_relevanssi_hide_post":"","_relevanssi_hide_content":"","_relevanssi_pin_for_all":"","_relevanssi_pin_keywords":"","_relevanssi_unpin_keywords":"","_relevanssi_related_keywords":"","_relevanssi_related_include_ids":"","_relevanssi_related_exclude_ids":"","_relevanssi_related_no_append":"","_relevanssi_related_not_related":"","_relevanssi_related_posts":"","_relevanssi_noindex_reason":"","footnotes":"","_wp_rev_ctl_limit":""},"class_list":["post-131574","page","type-page","status-publish","hentry"],"acf":[],"aioseo_notices":[],"_links":{"self":[{"href":"https:\/\/www.comreg.ie\/ga\/wp-json\/wp\/v2\/pages\/131574","targetHints":{"allow":["GET"]}}],"collection":[{"href":"https:\/\/www.comreg.ie\/ga\/wp-json\/wp\/v2\/pages"}],"about":[{"href":"https:\/\/www.comreg.ie\/ga\/wp-json\/wp\/v2\/types\/page"}],"author":[{"embeddable":true,"href":"https:\/\/www.comreg.ie\/ga\/wp-json\/wp\/v2\/users\/57"}],"replies":[{"embeddable":true,"href":"https:\/\/www.comreg.ie\/ga\/wp-json\/wp\/v2\/comments?post=131574"}],"version-history":[{"count":4,"href":"https:\/\/www.comreg.ie\/ga\/wp-json\/wp\/v2\/pages\/131574\/revisions"}],"predecessor-version":[{"id":132107,"href":"https:\/\/www.comreg.ie\/ga\/wp-json\/wp\/v2\/pages\/131574\/revisions\/132107"}],"up":[{"embeddable":true,"href":"https:\/\/www.comreg.ie\/ga\/wp-json\/wp\/v2\/pages\/90344"}],"wp:attachment":[{"href":"https:\/\/www.comreg.ie\/ga\/wp-json\/wp\/v2\/media?parent=131574"}],"curies":[{"name":"wp","href":"https:\/\/api.w.org\/{rel}","templated":true}]}}