{"id":131579,"date":"2024-04-05T19:17:09","date_gmt":"2024-04-05T19:17:05","guid":{"rendered":"https:\/\/www.comreg.ie\/comhairle-eolas\/athru-solathroiri\/switch-broadband-provider\/"},"modified":"2024-11-18T14:19:22","modified_gmt":"2024-11-18T14:19:22","slug":"switch-broadband-provider","status":"publish","type":"page","link":"https:\/\/www.comreg.ie\/ga\/comhairle-eolas\/athru-solathroiri\/switch-broadband-provider\/","title":{"rendered":"Sol\u00e1thr\u00f3ir\u00ed leathanbhanda a athr\u00fa"},"content":{"rendered":"","protected":false},"excerpt":{"rendered":"","protected":false},"author":57,"featured_media":0,"parent":90344,"menu_order":0,"comment_status":"closed","ping_status":"closed","template":"templates\/template-topic-pages-noanchors.php","meta":{"_acf_changed":false,"_relevanssi_hide_post":"","_relevanssi_hide_content":"","_relevanssi_pin_for_all":"","_relevanssi_pin_keywords":"","_relevanssi_unpin_keywords":"","_relevanssi_related_keywords":"","_relevanssi_related_include_ids":"","_relevanssi_related_exclude_ids":"","_relevanssi_related_no_append":"","_relevanssi_related_not_related":"","_relevanssi_related_posts":"","_relevanssi_noindex_reason":"","footnotes":"","_wp_rev_ctl_limit":""},"class_list":["post-131579","page","type-page","status-publish","hentry"],"acf":[],"aioseo_notices":[],"_links":{"self":[{"href":"https:\/\/www.comreg.ie\/ga\/wp-json\/wp\/v2\/pages\/131579","targetHints":{"allow":["GET"]}}],"collection":[{"href":"https:\/\/www.comreg.ie\/ga\/wp-json\/wp\/v2\/pages"}],"about":[{"href":"https:\/\/www.comreg.ie\/ga\/wp-json\/wp\/v2\/types\/page"}],"author":[{"embeddable":true,"href":"https:\/\/www.comreg.ie\/ga\/wp-json\/wp\/v2\/users\/57"}],"replies":[{"embeddable":true,"href":"https:\/\/www.comreg.ie\/ga\/wp-json\/wp\/v2\/comments?post=131579"}],"version-history":[{"count":3,"href":"https:\/\/www.comreg.ie\/ga\/wp-json\/wp\/v2\/pages\/131579\/revisions"}],"predecessor-version":[{"id":132088,"href":"https:\/\/www.comreg.ie\/ga\/wp-json\/wp\/v2\/pages\/131579\/revisions\/132088"}],"up":[{"embeddable":true,"href":"https:\/\/www.comreg.ie\/ga\/wp-json\/wp\/v2\/pages\/90344"}],"wp:attachment":[{"href":"https:\/\/www.comreg.ie\/ga\/wp-json\/wp\/v2\/media?parent=131579"}],"curies":[{"name":"wp","href":"https:\/\/api.w.org\/{rel}","templated":true}]}}