{"id":131667,"date":"2024-10-25T04:24:03","date_gmt":"2024-10-25T04:24:03","guid":{"rendered":"https:\/\/www.comreg.ie\/?page_id=131667"},"modified":"2024-11-05T14:10:17","modified_gmt":"2024-11-05T14:10:17","slug":"scam-guide-for-businesses","status":"publish","type":"page","link":"https:\/\/www.comreg.ie\/ga\/comhairle-eolas\/scam-calls\/scam-guide-for-businesses\/","title":{"rendered":"Treoir maidir le Sc\u00e9im\u00e9ireacht do Ghn\u00f3lachta\u00ed"},"content":{"rendered":"<p><span class=\"NormalTextRun SpellingErrorV2Themed SCXW88420043 BCX8\">T\u00e1<\/span> <span class=\"NormalTextRun SpellingErrorV2Themed SCXW88420043 BCX8\">Treoir<\/span> <span class=\"NormalTextRun SCXW88420043 BCX8\">Dea-<\/span><span class=\"NormalTextRun SpellingErrorV2Themed SCXW88420043 BCX8\">Chleachtais<\/span><span class=\"NormalTextRun SCXW88420043 BCX8\"> do <\/span><span class=\"NormalTextRun SpellingErrorV2Themed SCXW88420043 BCX8\">Ghn\u00f3lachta\u00ed<\/span>\u00a0<a href=\"https:\/\/eur02.safelinks.protection.outlook.com\/?url=https%3A%2F%2Fwww.comreg.ie%2Fmedia%2F2023%2F01%2FComReg-2301.pdf&amp;data=05%7C01%7Csimon.deignan%40comreg.ie%7C43ebe99158af4b44e21d08dbf80b17c5%7C7e3063639dee4b8d8a6b4fee706b37fa%7C0%7C0%7C638376499240612349%7CUnknown%7CTWFpbGZsb3d8eyJWIjoiMC4wLjAwMDAiLCJQIjoiV2luMzIiLCJBTiI6Ik1haWwiLCJXVCI6Mn0%3D%7C3000%7C%7C%7C&amp;sdata=lq5NyjGVKKydAhYsB3So0AbTps7PoUwNsGJwtXgZFTw%3D&amp;reserved=0\">foilsithe againn<\/a> <span class=\"TextRun SCXW257770996 BCX8\" lang=\"EN-IE\" xml:lang=\"EN-IE\" data-contrast=\"auto\"><span class=\"NormalTextRun SpellingErrorV2Themed SCXW257770996 BCX8\">chun<\/span> <span class=\"NormalTextRun SpellingErrorV2Themed SCXW257770996 BCX8\">cabhr\u00fa<\/span> <span class=\"NormalTextRun SpellingErrorV2Themed SCXW257770996 BCX8\">lena<\/span> <span class=\"NormalTextRun SpellingErrorV2Themed SCXW257770996 BCX8\">gcustaim\u00e9ir\u00ed<\/span><span class=\"NormalTextRun SCXW257770996 BCX8\"> a <\/span><span class=\"NormalTextRun SpellingErrorV2Themed SCXW257770996 BCX8\">chosaint<\/span> <span class=\"NormalTextRun SpellingErrorV2Themed SCXW257770996 BCX8\">ar<\/span> <span class=\"NormalTextRun SpellingErrorV2Themed SCXW257770996 BCX8\">ghlaonna<\/span> <span class=\"NormalTextRun SpellingErrorV2Themed SCXW257770996 BCX8\">agus<\/span> <span class=\"NormalTextRun SpellingErrorV2Themed SCXW257770996 BCX8\">teachtaireachta\u00ed<\/span> <span class=\"NormalTextRun SpellingErrorV2Themed SCXW257770996 BCX8\">sc\u00e9im\u00e9ireachta\u00ed<\/span><span class=\"NormalTextRun SCXW257770996 BCX8\">.<\/span><\/span><span class=\"EOP SCXW257770996 BCX8\" data-ccp-props=\"{}\">\u00a0<\/span><\/p>\n<p><span class=\"TextRun SCXW247704314 BCX8\" lang=\"EN-IE\" xml:lang=\"EN-IE\" data-contrast=\"auto\"><span class=\"NormalTextRun SpellingErrorV2Themed SCXW247704314 BCX8\">T\u00e1<\/span> <span class=\"NormalTextRun SpellingErrorV2Themed SCXW247704314 BCX8\">leideanna<\/span> <span class=\"NormalTextRun SpellingErrorV2Themed SCXW247704314 BCX8\">sa<\/span> <span class=\"NormalTextRun SpellingErrorV2Themed SCXW247704314 BCX8\">treoir<\/span><span class=\"NormalTextRun SCXW247704314 BCX8\"> do <\/span><span class=\"NormalTextRun SpellingErrorV2Themed SCXW247704314 BCX8\">ghn\u00f3lachta\u00ed<\/span> <span class=\"NormalTextRun SpellingErrorV2Themed SCXW247704314 BCX8\">chun<\/span> <span class=\"NormalTextRun SpellingErrorV2Themed SCXW247704314 BCX8\">cabhr\u00fa<\/span> <span class=\"NormalTextRun SpellingErrorV2Themed SCXW247704314 BCX8\">lena<\/span> <span class=\"NormalTextRun SpellingErrorV2Themed SCXW247704314 BCX8\">gcustaim\u00e9ir\u00ed<\/span> <span class=\"NormalTextRun SpellingErrorV2Themed SCXW247704314 BCX8\">f\u00edortheachtaireachta\u00ed<\/span> <span class=\"NormalTextRun ContextualSpellingAndGrammarErrorV2Themed SCXW247704314 BCX8\">a<\/span> <span class=\"NormalTextRun SpellingErrorV2Themed SCXW247704314 BCX8\">aithint<\/span> <span class=\"NormalTextRun SpellingErrorV2Themed SCXW247704314 BCX8\">uathu<\/span><span class=\"NormalTextRun SCXW247704314 BCX8\">.<\/span><\/span><span class=\"EOP SCXW247704314 BCX8\" data-ccp-props=\"{}\">\u00a0<\/span><\/p>\n<p><strong><span class=\"TextRun Underlined UnderlinedGateOff SCXW117375774 BCX8\" lang=\"EN-IE\" xml:lang=\"EN-IE\" data-contrast=\"auto\"><span class=\"NormalTextRun SpellingErrorV2Themed SCXW117375774 BCX8\">Roinnt<\/span> <span class=\"NormalTextRun SpellingErrorV2Themed SCXW117375774 BCX8\">leideanna<\/span> <span class=\"NormalTextRun SpellingErrorV2Themed SCXW117375774 BCX8\">at\u00e1<\/span><span class=\"NormalTextRun SCXW117375774 BCX8\"> \u00e1 <\/span><span class=\"NormalTextRun SpellingErrorV2Themed SCXW117375774 BCX8\">dtabhairt<\/span> <span class=\"NormalTextRun SpellingErrorV2Themed SCXW117375774 BCX8\">againn<\/span><span class=\"NormalTextRun SCXW117375774 BCX8\"> do <\/span><span class=\"NormalTextRun SpellingErrorV2Themed SCXW117375774 BCX8\">ghn\u00f3lachta\u00ed<\/span><span class=\"NormalTextRun SCXW117375774 BCX8\">, <\/span><span class=\"NormalTextRun SpellingErrorV2Themed SCXW117375774 BCX8\">chun<\/span> <span class=\"NormalTextRun SpellingErrorV2Themed SCXW117375774 BCX8\">cabhr\u00fa<\/span> <span class=\"NormalTextRun SpellingErrorV2Themed SCXW117375774 BCX8\">leo<\/span> <span class=\"NormalTextRun SpellingErrorV2Themed SCXW117375774 BCX8\">t\u00fa<\/span><span class=\"NormalTextRun SCXW117375774 BCX8\"> a <\/span><span class=\"NormalTextRun SpellingErrorV2Themed SCXW117375774 BCX8\">chosaint<\/span><span class=\"NormalTextRun SCXW117375774 BCX8\"> \u00f3 <\/span><span class=\"NormalTextRun SpellingErrorV2Themed SCXW117375774 BCX8\">sc\u00e9im\u00e9ireacht<\/span><span class=\"NormalTextRun SCXW117375774 BCX8\">:<\/span><\/span><span class=\"EOP SCXW117375774 BCX8\" data-ccp-props=\"{}\">\u00a0<\/span><\/strong><\/p>\n<ol>\n<li>\n<ol>\n<li data-leveltext=\"%1.\" data-font=\"\" data-listid=\"2\" data-list-defn-props=\"{&quot;335552541&quot;:0,&quot;335559685&quot;:720,&quot;335559991&quot;:360,&quot;469769242&quot;:[65533,0],&quot;469777803&quot;:&quot;left&quot;,&quot;469777804&quot;:&quot;%1.&quot;,&quot;469777815&quot;:&quot;multilevel&quot;}\" aria-setsize=\"-1\" data-aria-posinset=\"1\" data-aria-level=\"1\"><span data-contrast=\"auto\">Ag meabhr\u00fa do ghn\u00f3lachta\u00ed gan do chuid sonra\u00ed a iarraidh ort tr\u00ed th\u00e9acs n\u00f3 tr\u00ed r\u00edomhphost<\/span><span data-ccp-props=\"{}\">\u00a0<\/span><\/li>\n<\/ol>\n<ol>\n<li data-leveltext=\"%1.\" data-font=\"\" data-listid=\"2\" data-list-defn-props=\"{&quot;335552541&quot;:0,&quot;335559685&quot;:720,&quot;335559991&quot;:360,&quot;469769242&quot;:[65533,0],&quot;469777803&quot;:&quot;left&quot;,&quot;469777804&quot;:&quot;%1.&quot;,&quot;469777815&quot;:&quot;multilevel&quot;}\" aria-setsize=\"-1\" data-aria-posinset=\"2\" data-aria-level=\"1\"><span data-contrast=\"auto\">Ag moladh do ghn\u00f3lachta\u00ed a gcuid sonra\u00ed teagmh\u00e1la a fhoilsi\u00fa agus cur s\u00edos a dh\u00e9anamh ar a l\u00e1ithre\u00e1n gr\u00e9as\u00e1in faoin d\u00f3igh a rachaidh siad i dteagmh\u00e1il leat, mar chustaim\u00e9ir (mar shampla, m\u00e1s d\u00f3cha go nd\u00e9anfaidh siad teagmh\u00e1il leat ar an teileaf\u00f3n, tr\u00ed r\u00edomhphost n\u00f3 tr\u00ed th\u00e9acs)<\/span><span data-ccp-props=\"{}\">\u00a0<\/span><\/li>\n<\/ol>\n<ol>\n<li data-leveltext=\"%1.\" data-font=\"\" data-listid=\"2\" data-list-defn-props=\"{&quot;335552541&quot;:0,&quot;335559685&quot;:720,&quot;335559991&quot;:360,&quot;469769242&quot;:[65533,0],&quot;469777803&quot;:&quot;left&quot;,&quot;469777804&quot;:&quot;%1.&quot;,&quot;469777815&quot;:&quot;multilevel&quot;}\" aria-setsize=\"-1\" data-aria-posinset=\"3\" data-aria-level=\"1\"><span data-contrast=\"auto\">Comhairle a thabhairt do ghn\u00f3lachta\u00ed a mh\u00edni\u00fa an d\u00f3igh ar f\u00e9idir leat a chruth\u00fa go bhfuil cumars\u00e1id f\u00edor uathu<\/span><span data-ccp-props=\"{}\">\u00a0<\/span><\/li>\n<\/ol>\n<ol>\n<li data-leveltext=\"%1.\" data-font=\"\" data-listid=\"2\" data-list-defn-props=\"{&quot;335552541&quot;:0,&quot;335559685&quot;:720,&quot;335559991&quot;:360,&quot;469769242&quot;:[65533,0],&quot;469777803&quot;:&quot;left&quot;,&quot;469777804&quot;:&quot;%1.&quot;,&quot;469777815&quot;:&quot;multilevel&quot;}\" aria-setsize=\"-1\" data-aria-posinset=\"4\" data-aria-level=\"1\"><span data-contrast=\"auto\">Uimhreacha a aithint nach bhfaigheann ach glaonna agus iad a chur leis an liosta N\u00edl Bun\u00fas Leo (DNO). Cabhra\u00edonn s\u00e9 seo le cosc a chur ar chaimil\u00e9ir\u00ed na huimhreacha a \u00fas\u00e1id chun glaonna a dh\u00e9anamh. T\u00e1 sonra\u00ed maidir leis an tseirbh\u00eds DNO <\/span><a href=\"http:\/\/www.comreg.ie\/dno\">anseo<\/a>.<\/li>\n<\/ol>\n<\/li>\n<\/ol>\n<p><span class=\"TextRun SCXW17209425 BCX8\" lang=\"EN-IE\" xml:lang=\"EN-IE\" data-contrast=\"auto\"><span class=\"NormalTextRun SpellingErrorV2Themed SCXW17209425 BCX8\">Ar<\/span> <span class=\"NormalTextRun ContextualSpellingAndGrammarErrorV2Themed SCXW17209425 BCX8\">an<\/span> <span class=\"NormalTextRun SpellingErrorV2Themed SCXW17209425 BCX8\">drochuair<\/span><span class=\"NormalTextRun SCXW17209425 BCX8\">, is <\/span><span class=\"NormalTextRun SpellingErrorV2Themed SCXW17209425 BCX8\">deacair<\/span> <span class=\"NormalTextRun SpellingErrorV2Themed SCXW17209425 BCX8\">glaonna<\/span> <span class=\"NormalTextRun SpellingErrorV2Themed SCXW17209425 BCX8\">agus<\/span> <span class=\"NormalTextRun SpellingErrorV2Themed SCXW17209425 BCX8\">t\u00e9acsanna<\/span> <span class=\"NormalTextRun SpellingErrorV2Themed SCXW17209425 BCX8\">sc\u00e9im\u00e9ireachta<\/span> <span class=\"NormalTextRun ContextualSpellingAndGrammarErrorV2Themed SCXW17209425 BCX8\">a<\/span> <span class=\"NormalTextRun SpellingErrorV2Themed SCXW17209425 BCX8\">aithint<\/span><span class=\"NormalTextRun SCXW17209425 BCX8\">. <\/span><span class=\"NormalTextRun SCXW17209425 BCX8\">M\u00e1<\/span> <span class=\"NormalTextRun SpellingErrorV2Themed SCXW17209425 BCX8\">mha\u00edonn<\/span> <span class=\"NormalTextRun SpellingErrorV2Themed SCXW17209425 BCX8\">glao<\/span> <span class=\"NormalTextRun SpellingErrorV2Themed SCXW17209425 BCX8\">n\u00f3<\/span> <span class=\"NormalTextRun SpellingErrorV2Themed SCXW17209425 BCX8\">teachtaireacht<\/span> <span class=\"NormalTextRun SpellingErrorV2Themed SCXW17209425 BCX8\">t\u00e9acs<\/span> <span class=\"NormalTextRun SCXW17209425 BCX8\">go <\/span><span class=\"NormalTextRun SpellingErrorV2Themed SCXW17209425 BCX8\">bhfuil<\/span> <span class=\"NormalTextRun SpellingErrorV2Themed SCXW17209425 BCX8\">s\u00e9<\/span><span class=\"NormalTextRun SCXW17209425 BCX8\"> ag <\/span><span class=\"NormalTextRun SCXW17209425 BCX8\">teacht<\/span><span class=\"NormalTextRun SCXW17209425 BCX8\"> \u00f3 <\/span><span class=\"NormalTextRun SpellingErrorV2Themed SCXW17209425 BCX8\">chuideachta<\/span><span class=\"NormalTextRun SCXW17209425 BCX8\"> a <\/span><span class=\"NormalTextRun SpellingErrorV2Themed SCXW17209425 BCX8\">nd\u00e9anann<\/span> <span class=\"NormalTextRun SpellingErrorV2Themed SCXW17209425 BCX8\">t\u00fa<\/span> <span class=\"NormalTextRun SCXW17209425 BCX8\">gn\u00f3<\/span> <span class=\"NormalTextRun SpellingErrorV2Themed SCXW17209425 BCX8\">l\u00e9i<\/span><span class=\"NormalTextRun SCXW17209425 BCX8\">, is <\/span><span class=\"NormalTextRun SpellingErrorV2Themed SCXW17209425 BCX8\">fearr<\/span> <span class=\"NormalTextRun SpellingErrorV2Themed SCXW17209425 BCX8\">gan<\/span> <span class=\"NormalTextRun SpellingErrorV2Themed SCXW17209425 BCX8\">dul<\/span> <span class=\"NormalTextRun SpellingErrorV2Themed SCXW17209425 BCX8\">i<\/span> <span class=\"NormalTextRun SpellingErrorV2Themed SCXW17209425 BCX8\">dteagmh\u00e1il<\/span><span class=\"NormalTextRun SCXW17209425 BCX8\"> leis <\/span><span class=\"NormalTextRun ContextualSpellingAndGrammarErrorV2Themed SCXW17209425 BCX8\">an<\/span> <span class=\"NormalTextRun SpellingErrorV2Themed SCXW17209425 BCX8\">nglaoiteoir<\/span> <span class=\"NormalTextRun SpellingErrorV2Themed SCXW17209425 BCX8\">n\u00f3<\/span><span class=\"NormalTextRun SCXW17209425 BCX8\"> leis <\/span><span class=\"NormalTextRun ContextualSpellingAndGrammarErrorV2Themed SCXW17209425 BCX8\">an<\/span> <span class=\"NormalTextRun SpellingErrorV2Themed SCXW17209425 BCX8\">teachtaireacht<\/span><span class=\"NormalTextRun SCXW17209425 BCX8\"> go <\/span><span class=\"NormalTextRun SpellingErrorV2Themed SCXW17209425 BCX8\">dt\u00ed<\/span><span class=\"NormalTextRun SCXW17209425 BCX8\"> go <\/span><span class=\"NormalTextRun SpellingErrorV2Themed SCXW17209425 BCX8\">bhf\u00edora\u00edonn<\/span> <span class=\"NormalTextRun SpellingErrorV2Themed SCXW17209425 BCX8\">t\u00fa<\/span><span class=\"NormalTextRun SCXW17209425 BCX8\"> go <\/span><span class=\"NormalTextRun SpellingErrorV2Themed SCXW17209425 BCX8\">bhfuil<\/span><span class=\"NormalTextRun SCXW17209425 BCX8\"> an <\/span><span class=\"NormalTextRun SpellingErrorV2Themed SCXW17209425 BCX8\">teagmh\u00e1il<\/span> <span class=\"NormalTextRun SpellingErrorV2Themed SCXW17209425 BCX8\">dlisteanach<\/span><span class=\"NormalTextRun SCXW17209425 BCX8\">. Ina <\/span><span class=\"NormalTextRun SpellingErrorV2Themed SCXW17209425 BCX8\">\u00e1it<\/span><span class=\"NormalTextRun SCXW17209425 BCX8\"> sin, <\/span><span class=\"NormalTextRun SpellingErrorV2Themed SCXW17209425 BCX8\">cr\u00edochnaigh<\/span> <span class=\"NormalTextRun ContextualSpellingAndGrammarErrorV2Themed SCXW17209425 BCX8\">an<\/span> <span class=\"NormalTextRun SpellingErrorV2Themed SCXW17209425 BCX8\">glao<\/span><span class=\"NormalTextRun SCXW17209425 BCX8\">, <\/span><span class=\"NormalTextRun SpellingErrorV2Themed SCXW17209425 BCX8\">cuardaigh<\/span><span class=\"NormalTextRun SCXW17209425 BCX8\"> a <\/span><span class=\"NormalTextRun SpellingErrorV2Themed SCXW17209425 BCX8\">gcuid<\/span> <span class=\"NormalTextRun SpellingErrorV2Themed SCXW17209425 BCX8\">sonra\u00ed<\/span> <span class=\"NormalTextRun SpellingErrorV2Themed SCXW17209425 BCX8\">teagmh\u00e1la<\/span> <span class=\"NormalTextRun SpellingErrorV2Themed SCXW17209425 BCX8\">oifigi\u00fala<\/span> <span class=\"NormalTextRun SpellingErrorV2Themed SCXW17209425 BCX8\">agus<\/span> <span class=\"NormalTextRun SpellingErrorV2Themed SCXW17209425 BCX8\">d\u00e9an<\/span> <span class=\"NormalTextRun SpellingErrorV2Themed SCXW17209425 BCX8\">teagmh\u00e1il<\/span> <span class=\"NormalTextRun SpellingErrorV2Themed SCXW17209425 BCX8\">leo<\/span> <span class=\"NormalTextRun SpellingErrorV2Themed SCXW17209425 BCX8\">ar<\/span><span class=\"NormalTextRun SCXW17209425 BCX8\"> ais <\/span><span class=\"NormalTextRun SpellingErrorV2Themed SCXW17209425 BCX8\">chun<\/span><span class=\"NormalTextRun SCXW17209425 BCX8\"> a <\/span><span class=\"NormalTextRun SpellingErrorV2Themed SCXW17209425 BCX8\">fh\u00edor\u00fa<\/span><span class=\"NormalTextRun SCXW17209425 BCX8\"> an <\/span><span class=\"NormalTextRun SpellingErrorV2Themed SCXW17209425 BCX8\">bhfuil<\/span><span class=\"NormalTextRun SCXW17209425 BCX8\"> an <\/span><span class=\"NormalTextRun SpellingErrorV2Themed SCXW17209425 BCX8\">glao<\/span> <span class=\"NormalTextRun SpellingErrorV2Themed SCXW17209425 BCX8\">dlisteanach<\/span><span class=\"NormalTextRun SCXW17209425 BCX8\">.<\/span><\/span><span class=\"EOP SCXW17209425 BCX8\" data-ccp-props=\"{}\">\u00a0<\/span><\/p>\n<p><a href=\"https:\/\/www.comreg.ie\/media\/2023\/04\/Infographic-Final1-scaled.jpg\"><img loading=\"lazy\" decoding=\"async\" class=\"alignnone wp-image-124112 size-large\" src=\"https:\/\/www.comreg.ie\/media\/2023\/04\/Infographic-Final1-724x1024.jpg\" alt=\"\" width=\"724\" height=\"1024\" srcset=\"https:\/\/www.comreg.ie\/media\/2023\/04\/Infographic-Final1-724x1024.jpg 724w, https:\/\/www.comreg.ie\/media\/2023\/04\/Infographic-Final1-212x300.jpg 212w, https:\/\/www.comreg.ie\/media\/2023\/04\/Infographic-Final1-1086x1536.jpg 1086w, https:\/\/www.comreg.ie\/media\/2023\/04\/Infographic-Final1-1448x2048.jpg 1448w, https:\/\/www.comreg.ie\/media\/2023\/04\/Infographic-Final1-scaled.jpg 1810w\" sizes=\"auto, (max-width: 724px) 100vw, 724px\" \/><\/a><\/p>\n","protected":false},"excerpt":{"rendered":"<p>T\u00e1 Treoir Dea-Chleachtais do Ghn\u00f3lachta\u00ed\u00a0foilsithe againn chun cabhr\u00fa lena gcustaim\u00e9ir\u00ed a chosaint ar ghlaonna agus teachtaireachta\u00ed sc\u00e9im\u00e9ireachta\u00ed.\u00a0 T\u00e1 leideanna sa treoir do ghn\u00f3lachta\u00ed chun cabhr\u00fa &hellip; <a href=\"https:\/\/www.comreg.ie\/ga\/comhairle-eolas\/scam-calls\/scam-guide-for-businesses\/\"><\/a><\/p>\n","protected":false},"author":71,"featured_media":0,"parent":102456,"menu_order":0,"comment_status":"closed","ping_status":"closed","template":"templates\/template-topic-pages-noanchors.php","meta":{"_acf_changed":false,"_relevanssi_hide_post":"","_relevanssi_hide_content":"","_relevanssi_pin_for_all":"","_relevanssi_pin_keywords":"","_relevanssi_unpin_keywords":"","_relevanssi_related_keywords":"","_relevanssi_related_include_ids":"","_relevanssi_related_exclude_ids":"","_relevanssi_related_no_append":"","_relevanssi_related_not_related":"","_relevanssi_related_posts":"","_relevanssi_noindex_reason":"","footnotes":"","_wp_rev_ctl_limit":""},"class_list":["post-131667","page","type-page","status-publish","hentry","page_category-consumer"],"acf":[],"aioseo_notices":[],"_links":{"self":[{"href":"https:\/\/www.comreg.ie\/ga\/wp-json\/wp\/v2\/pages\/131667","targetHints":{"allow":["GET"]}}],"collection":[{"href":"https:\/\/www.comreg.ie\/ga\/wp-json\/wp\/v2\/pages"}],"about":[{"href":"https:\/\/www.comreg.ie\/ga\/wp-json\/wp\/v2\/types\/page"}],"author":[{"embeddable":true,"href":"https:\/\/www.comreg.ie\/ga\/wp-json\/wp\/v2\/users\/71"}],"replies":[{"embeddable":true,"href":"https:\/\/www.comreg.ie\/ga\/wp-json\/wp\/v2\/comments?post=131667"}],"version-history":[{"count":3,"href":"https:\/\/www.comreg.ie\/ga\/wp-json\/wp\/v2\/pages\/131667\/revisions"}],"predecessor-version":[{"id":131856,"href":"https:\/\/www.comreg.ie\/ga\/wp-json\/wp\/v2\/pages\/131667\/revisions\/131856"}],"up":[{"embeddable":true,"href":"https:\/\/www.comreg.ie\/ga\/wp-json\/wp\/v2\/pages\/102456"}],"wp:attachment":[{"href":"https:\/\/www.comreg.ie\/ga\/wp-json\/wp\/v2\/media?parent=131667"}],"curies":[{"name":"wp","href":"https:\/\/api.w.org\/{rel}","templated":true}]}}