{"id":131711,"date":"2024-10-26T01:50:34","date_gmt":"2024-10-26T01:50:34","guid":{"rendered":"https:\/\/www.comreg.ie\/?page_id=131711"},"modified":"2024-10-31T11:53:14","modified_gmt":"2024-10-31T11:53:14","slug":"scor-3g","status":"publish","type":"page","link":"https:\/\/www.comreg.ie\/ga\/comhairle-eolas\/guthain-phoca\/guathain-phoca-amach-anseo\/scor-3g\/","title":{"rendered":"Scor 3G"},"content":{"rendered":"<p><span class=\"TextRun SCXW250664889 BCX8\" lang=\"GA-IE\" xml:lang=\"GA-IE\" data-contrast=\"auto\"><span class=\"NormalTextRun SCXW250664889 BCX8\">T\u00e1 <\/span><span class=\"NormalTextRun SCXW250664889 BCX8\">sol\u00e1thr\u00f3ir\u00ed<\/span><span class=\"NormalTextRun SCXW250664889 BCX8\"> seirbh\u00eds\u00ed m\u00f3ib\u00edleacha ag cur deireadh lena l\u00edonra\u00ed 3G de r\u00e9ir a ch\u00e9ile agus leanfaidh siad ar aghaidh leis seo sna m\u00edonna agus sna blianta amach romhainn. Tabharfaidh s\u00e9 seo deis do shol\u00e1thraithe d\u00edri\u00fa ar na teicneola\u00edochta\u00ed n\u00edos nua\u00ed, 4G agus 5G a leathn\u00fa.\u00a0\u00a0<\/span><\/span><span class=\"EOP SCXW250664889 BCX8\" data-ccp-props=\"{}\">\u00a0<\/span><\/p>\n<h3><span class=\"TextRun SCXW75514509 BCX8\" lang=\"GA-IE\" xml:lang=\"GA-IE\" data-contrast=\"auto\"><span class=\"NormalTextRun SCXW75514509 BCX8\">Uasd\u00e1t\u00fa is Deireana\u00ed\u00a0<\/span><\/span><\/h3>\n<p><span data-contrast=\"auto\">T\u00e1 Vodafone tosaithe ar chodanna d\u00e1 l\u00edonra 3G a mh\u00fachadh agus t\u00e1 s\u00e9 beartaithe acu seirbh\u00eds\u00ed 3G a scor go hioml\u00e1n in 2024.<\/span><span data-ccp-props=\"{}\">\u00a0<\/span><\/p>\n<p><span data-contrast=\"auto\">\u00das\u00e1ideann Clear Mobile agus An Post l\u00edonra Vodafone, mar sin cialla\u00edonn s\u00e9 seo go mbeidh seirbh\u00eds\u00ed 3G d\u00e1 gcuid custaim\u00e9ir\u00ed scortha freisin.<\/span><span data-ccp-props=\"{}\">\u00a0<\/span><\/p>\n<ul>\n<li><span class=\"TextRun SCXW156900867 BCX8\" lang=\"GA-IE\" xml:lang=\"GA-IE\" data-contrast=\"auto\"><span class=\"NormalTextRun SCXW156900867 BCX8\">Is f\u00e9idir tuilleadh eolais do chustaim\u00e9ir\u00ed Vodafone agus Clear Mobile a fh\u00e1il<\/span><\/span> <a href=\"https:\/\/n.vodafone.ie\/network\/3G-upgrade.html\">anseo<\/a>.<\/li>\n<li style=\"text-align: left;\"><span class=\"TextRun SCXW196696066 BCX8\" lang=\"GA-IE\" xml:lang=\"GA-IE\" data-contrast=\"auto\"><span class=\"NormalTextRun SCXW196696066 BCX8\">Is f\u00e9idir le custaim\u00e9ir\u00ed m\u00f3ib\u00edleacha An Post tuilleadh eolais a fh\u00e1il<\/span><\/span>\u00a0<a href=\"https:\/\/www.anpost.com\/Mobile\/3G-Network-Upgrade\">anseo<\/a>.<\/li>\n<li style=\"text-align: left;\"><span class=\"TextRun SCXW44928819 BCX8\" lang=\"GA-IE\" xml:lang=\"GA-IE\" data-contrast=\"auto\"><span class=\"NormalTextRun SCXW44928819 BCX8\">Cuirfidh gach sol\u00e1thr<\/span><span class=\"NormalTextRun SCXW44928819 BCX8\">\u00f3ir <\/span><span class=\"NormalTextRun SCXW44928819 BCX8\">seirbh\u00edse m\u00f3ib\u00edl\u00ed t\u00fas leis an bpr\u00f3iseas scoir seo ina gcuid ama f\u00e9in, agus cuirfidh <\/span><span class=\"NormalTextRun SCXW44928819 BCX8\">sol\u00e1thr\u00f3ir\u00ed<\/span><span class=\"NormalTextRun SCXW44928819 BCX8\"> a gcuid tomhalt\u00f3ir\u00ed ar an eolas sula nd\u00e9anfar aon athruithe beartaithe d\u00e1 gcuid seirbh\u00eds\u00ed.<\/span><\/span><span class=\"EOP SCXW44928819 BCX8\" data-ccp-props=\"{}\">\u00a0<\/span><\/li>\n<\/ul>\n<h3><span class=\"TextRun SCXW7934636 BCX8\" lang=\"GA-IE\" xml:lang=\"GA-IE\" data-contrast=\"auto\"><span class=\"NormalTextRun SCXW7934636 BCX8\">C\u00e9ard a tharl\u00f3idh nuair a scoirfear 3G?\u00a0<\/span><\/span><span class=\"EOP SCXW7934636 BCX8\" data-ccp-props=\"{}\">\u00a0<\/span><\/h3>\n<p><span class=\"TextRun SCXW34075936 BCX8\" lang=\"GA-IE\" xml:lang=\"GA-IE\" data-contrast=\"auto\"><span class=\"NormalTextRun SCXW34075936 BCX8\">Leanfaidh gl\u00e9asanna m\u00f3ib\u00edleacha n\u00edos sine nach f\u00e9idir a nascadh ach le l\u00edonra\u00ed 3G agus 2G ag d\u00e9anamh agus ag f\u00e1il glaonna guth\u00e1in thar l\u00edonra 2G, ach beidh tionchar ar sheirbh\u00eds\u00ed sonra\u00ed. Cialla\u00edonn s\u00e9 seo go mbeidh an t-idirl\u00edon (tr\u00ed f<\/span><span class=\"NormalTextRun SCXW34075936 BCX8\">h<\/span><span class=\"NormalTextRun SCXW34075936 BCX8\">eidhmchl\u00e1ir agus brabhs\u00e1laithe srl.) n\u00edos moille.\u00a0\u00a0<\/span><\/span><span class=\"EOP SCXW34075936 BCX8\" data-ccp-props=\"{}\">\u00a0<\/span><\/p>\n<p><span data-contrast=\"auto\">D\u00f3ibh si\u00fad le guth\u00e1n cliste\/gl\u00e9as ar a bhfuil 4G n\u00f3 5G cumasaithe, n\u00ed d\u00f3cha go gcuirfidh an t-athr\u00fa seo isteach orthu.\u00a0<\/span><span data-ccp-props=\"{}\">\u00a0<\/span><\/p>\n<p><span data-contrast=\"auto\">D\u2019fh\u00e9adfadh do shol\u00e1thra\u00ed guth\u00e1n p\u00f3ca teagmh\u00e1il a dh\u00e9anamh leat in am tr\u00e1tha chun a chur in i\u00fal duit an mbeidh tionchar ort n\u00f3 nach mbeidh agus c\u00e9ard iad na c\u00e9imeanna is g\u00e1 duit a ghlacadh. Ba cheart duit seice\u00e1il le do shol\u00e1thra\u00ed guth\u00e1n p\u00f3ca chun an sc\u00e9al is d\u00e9ana\u00ed a fh\u00e1il maidir lena gcuid pleananna 3G a scor.\u00a0<\/span><span data-ccp-props=\"{}\">\u00a0<\/span><\/p>\n<h3><span data-ccp-props=\"{&quot;134233117&quot;:true,&quot;134233118&quot;:true,&quot;201341983&quot;:0,&quot;335559739&quot;:160,&quot;335559740&quot;:240}\"><span class=\"TextRun SCXW147350586 BCX8\" lang=\"GA-IE\" xml:lang=\"GA-IE\" data-contrast=\"auto\"><span class=\"NormalTextRun SCXW147350586 BCX8\">C\u00e9ard at\u00e1 ag teacht in \u00e1it 3G?<\/span><\/span> <\/span><\/h3>\n<p><span class=\"TextRun SCXW7956047 BCX8\" lang=\"GA-IE\" xml:lang=\"GA-IE\" data-contrast=\"auto\"><span class=\"NormalTextRun SCXW7956047 BCX8\">Cialla\u00edonn scor na seirbh\u00eds\u00ed 3G go mbeidh n\u00edos m\u00f3 acmhainn\u00ed ag <\/span><span class=\"NormalTextRun SCXW7956047 BCX8\">sol\u00e1thr\u00f3ir\u00ed<\/span><span class=\"NormalTextRun SCXW7956047 BCX8\"> m\u00f3ib\u00edleacha chun a gcuid l\u00edonra\u00ed 4G agus 5G a fheabhs\u00fa. Sol\u00e1thra\u00edonn 4G agus 5G araon luasanna idirl\u00edn n\u00edos tap\u00fala, comhartha n\u00edos fearr agus seirbh\u00eds mh\u00f3ib\u00edleach fheabhsaithe do chustaim\u00e9ir\u00ed.\u00a0\u00a0<\/span><\/span><span class=\"EOP SCXW7956047 BCX8\" data-ccp-props=\"{}\">\u00a0<\/span><\/p>\n<h3><span data-ccp-props=\"{&quot;134245418&quot;:true,&quot;134245529&quot;:true,&quot;201341983&quot;:0,&quot;335559738&quot;:40,&quot;335559739&quot;:0,&quot;335559740&quot;:259}\"><span class=\"TextRun SCXW259012754 BCX8\" lang=\"GA-IE\" xml:lang=\"GA-IE\" data-contrast=\"auto\"><span class=\"NormalTextRun SCXW259012754 BCX8\">An g\u00e1 dom gl\u00e9as nua a fh\u00e1il n\u00f3 mo ghl\u00e9as a uasghr\u00e1d\u00fa?\u00a0<\/span><\/span><span class=\"EOP SCXW259012754 BCX8\" data-ccp-props=\"{}\">\u00a0<\/span> <\/span><\/h3>\n<p><span data-contrast=\"auto\">M\u00e1 t\u00e1 gl\u00e9as n\u00edos sine in \u00fas\u00e1id agat nach dtaca\u00edonn le 4G n\u00f3 5G, seans go mbeidh ort gl\u00e9as l\u00e1imhe nua a fh\u00e1il m\u00e1s mian leat lean\u00faint ar aghaidh ag \u00fas\u00e1id seirbh\u00eds\u00ed sonra\u00ed m\u00f3ib\u00edleacha.\u00a0\u00a0<\/span><span data-ccp-props=\"{}\">\u00a0<\/span><\/p>\n<p><span data-contrast=\"auto\">Leanfaidh gl\u00e9asanna n\u00edos sine ag tac\u00fa le seirbh\u00eds\u00ed sonra\u00ed ar an l\u00edonra 2G ach beidh luasanna sonra\u00ed i bhfad n\u00edos moille acu. D\u2019fh\u00e9adfadh do shol\u00e1thra\u00ed guth\u00e1n p\u00f3ca a bheith i dteagmh\u00e1il le huasghr\u00e1d\u00fa a thairiscint duit n\u00f3 f\u00e9adfaidh t\u00fa dul i dteagmh\u00e1il leo le f\u00e1il amach c\u00e9ard is f\u00e9idir leo a dh\u00e9anamh chun cabhr\u00fa leat.\u00a0<\/span><span data-ccp-props=\"{}\">\u00a0<\/span><\/p>\n<h3><span class=\"TextRun SCXW214813936 BCX8\" lang=\"GA-IE\" xml:lang=\"GA-IE\" data-contrast=\"auto\"><span class=\"NormalTextRun SCXW214813936 BCX8\">Gl\u00e9asanna eile a bhf\u00e9adfadh tionchar a bheith orthu\u00a0<\/span><\/span><span class=\"EOP SCXW214813936 BCX8\" data-ccp-props=\"{}\">\u00a0<\/span><\/h3>\n<p><span data-contrast=\"auto\">N\u00ed gl\u00e9asanna m\u00f3ib\u00edleacha amh\u00e1in a mbeidh tionchar ag scor an l\u00edonra 3G orthu. Anseo t\u00e1 roinnt cine\u00e1lacha gl\u00e9asanna liostaithe againn nach n-oibreoidh a thuilleadh tar \u00e9is scor 3G. Chun a chinnti\u00fa go leanfaidh do ghl\u00e9as ag obair tar \u00e9is an phr\u00f3isis c\u00e9imnithe amach, n\u00f3 chun f\u00e9achaint an g\u00e1 duit SIM a uasghr\u00e1d\u00fa n\u00f3 ceann nua a cheannach, molaimid duit do ghl\u00e9as a sheice\u00e1il n\u00f3 dul i dteagmh\u00e1il le do shol\u00e1thra\u00ed.\u00a0\u00a0<\/span><span data-ccp-props=\"{}\">\u00a0<\/span><\/p>\n<p><span data-contrast=\"auto\">Liosta de chine\u00e1lacha eile gl\u00e9asanna a bhf\u00e9adfadh tionchar a bheith orthu (tugtha mar threoir amh\u00e1in):\u00a0<\/span><span data-ccp-props=\"{}\">\u00a0<\/span><\/p>\n<ul>\n<li><span data-contrast=\"auto\">\u00das\u00e1ideann roinnt feithicl\u00ed l\u00edonra\u00ed 3G le haghaidh uasd\u00e1tuithe agus cianchumars\u00e1id. Seice\u00e1il le do dh\u00edolt\u00f3ir \u00e1iti\u00fail chun tuilleadh eolais a fh\u00e1il.<\/span><span data-ccp-props=\"{}\">\u00a0<\/span><\/li>\n<li><span data-contrast=\"auto\">T\u00e1 eolas foilsithe ag Tesla <\/span><a href=\"https:\/\/www.tesla.com\/en_ie\/support\/3g-cellular-network-retirement\">anseo<\/a><span data-contrast=\"none\">.<\/span><span data-ccp-props=\"{&quot;134233117&quot;:true,&quot;134233118&quot;:true,&quot;201341983&quot;:0,&quot;335559740&quot;:240}\">\u00a0<\/span><\/li>\n<li><span data-contrast=\"auto\">Gl\u00e9asanna al\u00e1raim ch\u00faraim a nd\u00e9antar monat\u00f3ireacht orthu (brathad\u00f3ir\u00ed titime, cumars\u00e1id\u00ed, srl.)\u00a0<\/span><span data-ccp-props=\"{}\">\u00a0<\/span><\/li>\n<li><span data-contrast=\"auto\">Al\u00e1raim shl\u00e1nd\u00e1la\u00a0<\/span><span data-ccp-props=\"{}\">\u00a0<\/span><\/li>\n<li><span data-contrast=\"auto\">Al\u00e1raim dh\u00f3ite\u00e1in\u00a0<\/span><span data-ccp-props=\"{}\">\u00a0<\/span><\/li>\n<li><span data-contrast=\"auto\">Teirmin\u00e9il \u00edoca\u00edochta c\u00e1rta d\u00edolphointe\u00a0<\/span><span data-ccp-props=\"{}\">\u00a0<\/span><\/li>\n<li><span data-contrast=\"auto\">Rianair\u00ed Fardail\u00a0<\/span><span data-ccp-props=\"{}\">\u00a0<\/span><\/li>\n<li><span data-contrast=\"auto\">Uairead\u00f3ir\u00ed cliste\u00a0<\/span><span data-ccp-props=\"{}\">\u00a0<\/span><\/li>\n<li><span data-contrast=\"auto\">R\u00edomhl\u00e9itheoir\u00ed (Kindle, Nook, srl.)\u00a0<\/span><span data-ccp-props=\"{}\">\u00a0<\/span><\/li>\n<li><span data-contrast=\"auto\">Rianair\u00ed GPS (lena n-\u00e1ir\u00edtear cinn do pheata\u00ed)\u00a0<\/span><span data-ccp-props=\"{}\">\u00a0<\/span><\/li>\n<li><span data-contrast=\"auto\">Gl\u00e9asanna s\u00e1bh\u00e1ilteachta\u00a0<\/span><span data-ccp-props=\"{}\">\u00a0<\/span><\/li>\n<li><span data-contrast=\"auto\">Geata\u00ed Leictreacha Uathoibrithe\u00a0<\/span><span data-ccp-props=\"{}\">\u00a0<\/span><\/li>\n<li><span data-contrast=\"auto\">Gn\u00e9ithe\/scairde\u00e1in uisce\u00a0<\/span><span data-ccp-props=\"{}\">\u00a0<\/span><\/li>\n<li><span data-contrast=\"auto\">C\u00f3rais teasa\u00a0<\/span><span data-ccp-props=\"{}\">\u00a0<\/span><\/li>\n<\/ul>\n","protected":false},"excerpt":{"rendered":"<p>T\u00e1 sol\u00e1thr\u00f3ir\u00ed seirbh\u00eds\u00ed m\u00f3ib\u00edleacha ag cur deireadh lena l\u00edonra\u00ed 3G de r\u00e9ir a ch\u00e9ile agus leanfaidh siad ar aghaidh leis seo sna m\u00edonna agus sna &hellip; <a href=\"https:\/\/www.comreg.ie\/ga\/comhairle-eolas\/guthain-phoca\/guathain-phoca-amach-anseo\/scor-3g\/\"><\/a><\/p>\n","protected":false},"author":71,"featured_media":0,"parent":131397,"menu_order":0,"comment_status":"closed","ping_status":"closed","template":"templates\/template-topic-pages.php","meta":{"_acf_changed":false,"_relevanssi_hide_post":"","_relevanssi_hide_content":"","_relevanssi_pin_for_all":"","_relevanssi_pin_keywords":"","_relevanssi_unpin_keywords":"","_relevanssi_related_keywords":"","_relevanssi_related_include_ids":"","_relevanssi_related_exclude_ids":"","_relevanssi_related_no_append":"","_relevanssi_related_not_related":"","_relevanssi_related_posts":"","_relevanssi_noindex_reason":"","footnotes":"","_wp_rev_ctl_limit":""},"class_list":["post-131711","page","type-page","status-publish","hentry"],"acf":[],"aioseo_notices":[],"_links":{"self":[{"href":"https:\/\/www.comreg.ie\/ga\/wp-json\/wp\/v2\/pages\/131711","targetHints":{"allow":["GET"]}}],"collection":[{"href":"https:\/\/www.comreg.ie\/ga\/wp-json\/wp\/v2\/pages"}],"about":[{"href":"https:\/\/www.comreg.ie\/ga\/wp-json\/wp\/v2\/types\/page"}],"author":[{"embeddable":true,"href":"https:\/\/www.comreg.ie\/ga\/wp-json\/wp\/v2\/users\/71"}],"replies":[{"embeddable":true,"href":"https:\/\/www.comreg.ie\/ga\/wp-json\/wp\/v2\/comments?post=131711"}],"version-history":[{"count":3,"href":"https:\/\/www.comreg.ie\/ga\/wp-json\/wp\/v2\/pages\/131711\/revisions"}],"predecessor-version":[{"id":131764,"href":"https:\/\/www.comreg.ie\/ga\/wp-json\/wp\/v2\/pages\/131711\/revisions\/131764"}],"up":[{"embeddable":true,"href":"https:\/\/www.comreg.ie\/ga\/wp-json\/wp\/v2\/pages\/131397"}],"wp:attachment":[{"href":"https:\/\/www.comreg.ie\/ga\/wp-json\/wp\/v2\/media?parent=131711"}],"curies":[{"name":"wp","href":"https:\/\/api.w.org\/{rel}","templated":true}]}}