{"id":131792,"date":"2022-01-21T14:04:40","date_gmt":"2022-01-21T14:04:40","guid":{"rendered":"https:\/\/www.comreg.ie\/tionsclaiocht\/sabhailteacht-tairgi\/declaration-of-conformity-doc\/"},"modified":"2024-11-15T21:26:47","modified_gmt":"2024-11-15T21:26:47","slug":"dearbhu-comhreireachta","status":"publish","type":"page","link":"https:\/\/www.comreg.ie\/ga\/tionsclaiocht\/sabhailteacht-tairgi\/dearbhu-comhreireachta\/","title":{"rendered":"Dearbh\u00fa Comhr\u00e9ireachta"},"content":{"rendered":"<p><span style=\"text-decoration: underline;\"><strong>Faisn\u00e9is riachtanach le cur san \u00e1ireamh i nDearbh\u00fa Comhr\u00e9ireachta<br \/>\n<\/strong><\/span><\/p>\n<ol>\n<li style=\"text-align: left;\">Trealamh raidi\u00f3 (t\u00e1irge, cine\u00e1l, baisc n\u00f3 sraithuimhir):<\/li>\n<li style=\"text-align: left;\">Ainm agus seoladh an mhonar\u00f3ra n\u00f3 a ionada\u00ed \u00fadaraithe:<\/li>\n<li style=\"text-align: left;\">Is faoi fhreagracht an mhonar\u00f3ra amh\u00e1in a eis\u00edtear an dearbh\u00fa comhr\u00e9ireachta seo.<\/li>\n<li style=\"text-align: left;\">Cusp\u00f3ir an dearbhaithe (an trealamh raidi\u00f3 a shainaithint lena gceada\u00edtear inrianaitheacht; f\u00e9adfaidh s\u00e9 \u00edomh\u00e1 daite a bheidh soil\u00e9ir go leor a chur san \u00e1ireamh nuair is g\u00e1 chun an trealamh raidi\u00f3 a shainaithint):<\/li>\n<li style=\"text-align: left;\">T\u00e1 cusp\u00f3ir an dearbhaithe a thuairisc\u00edtear thuas i gcomhr\u00e9ir le reachta\u00edocht \u00e1bhartha an Aontais maidir le comhchuibhi\u00fa: Treoir 2014\/53\/AE Reachta\u00edocht eile um chomhchuibhi\u00fa de chuid an Aontais i gc\u00e1s inarb infheidhme<\/li>\n<li style=\"text-align: left;\">Tagairt\u00ed do na caighde\u00e1in chomhchuibhithe \u00e1bhartha a \u00fas\u00e1idtear n\u00f3 tagairt\u00ed do na sonra\u00edochta\u00ed teicni\u00fala eile a ndearbha\u00edtear comhr\u00e9ireacht i nd\u00e1il leo. N\u00ed m\u00f3r tagairt\u00ed a liost\u00fa lena n-uimhir aitheantais agus a leagan agus, i gc\u00e1s inarb infheidhme, d\u00e1ta eisi\u00fana:<\/li>\n<li style=\"text-align: left;\">I gc\u00e1s inarb infheidhme, an comhlacht d\u00e1 dtugtar f\u00f3gra \u2026 (ainm, uimhir) \u2026 \u2026 (tuairisc ar an idirghabh\u00e1il) \u2026 agus d\u2019eisigh s\u00e9 an deimhni\u00fa ar scr\u00fad\u00fa de chine\u00e1il an AE:\u2026<\/li>\n<li style=\"text-align: left;\">I gc\u00e1s inarb infheidhme, tuairisc ar ghabh\u00e1lais agus ar chomhph\u00e1irteanna, lena n-\u00e1ir\u00edtear bogearra\u00ed, a ligeann don trealamh raidi\u00f3 oibri\u00fa mar at\u00e1 beartaithe agus at\u00e1 cl\u00fadaithe ag dearbh\u00fa comhr\u00e9ireachta an AE:<\/li>\n<li style=\"text-align: left;\">Eolas breise: Arna sh\u00edni\u00fa ar son agus thar ceann: \u2026 (\u00e1it agus d\u00e1ta eisi\u00fana): (ainm, feidhm) (s\u00edni\u00fa).<\/li>\n<\/ol>\n<p>&nbsp;<\/p>\n<p>&nbsp;<\/p>\n<p><span style=\"text-decoration: underline;\"><strong>Dearbh\u00fa Comhr\u00e9ireachta Simplithe an AE (An Treoir maidir le Trealamh Raidi\u00f3 2014\/53\/AE, Iarscr\u00edbhinn VII)<\/strong><\/span><\/p>\n<p>F\u00e9adfaidh \u201cDEARBH\u00da COMHR\u00c9IREACHTA Simplithe an AE\u201d a bheith ag gabh\u00e1il leis an t\u00e1irge freisin  Cuirfear dearbh\u00fa comhr\u00e9ireachta simplithe an AE, d\u00e1 dtagra\u00edtear in Airteagal 10(9) den RED, ar f\u00e1il mar a leanas:<\/p>\n<p>&nbsp;<\/p>\n<p style=\"text-align: center;\"> Leis seo, dearbha\u00edonn [Ainm an mhonar\u00f3ra] go bhfuil an cine\u00e1l trealaimh raidi\u00f3 [sonra\u00edocht an chine\u00e1il trealaimh raidi\u00f3] ag comhl\u00edonadh Threoir 2014\/53\/AE.<\/p>\n<p style=\"text-align: center;\">\n<p style=\"text-align: center;\">T\u00e1 t\u00e9acs ioml\u00e1n dhearbh\u00fa comhr\u00e9ireachta an AE ar f\u00e1il ag an seoladh idirl\u00edn seo a leanas: xxxxx<\/p>\n","protected":false},"excerpt":{"rendered":"<p>Faisn\u00e9is riachtanach le cur san \u00e1ireamh i nDearbh\u00fa Comhr\u00e9ireachta Trealamh raidi\u00f3 (t\u00e1irge, cine\u00e1l, baisc n\u00f3 sraithuimhir): Ainm agus seoladh an mhonar\u00f3ra n\u00f3 a ionada\u00ed \u00fadaraithe: &hellip; <a href=\"https:\/\/www.comreg.ie\/ga\/tionsclaiocht\/sabhailteacht-tairgi\/dearbhu-comhreireachta\/\"><\/a><\/p>\n","protected":false},"author":67,"featured_media":0,"parent":90465,"menu_order":4,"comment_status":"closed","ping_status":"closed","template":"templates\/template-topic-pages-noanchors.php","meta":{"_acf_changed":false,"_relevanssi_hide_post":"","_relevanssi_hide_content":"","_relevanssi_pin_for_all":"","_relevanssi_pin_keywords":"","_relevanssi_unpin_keywords":"","_relevanssi_related_keywords":"","_relevanssi_related_include_ids":"","_relevanssi_related_exclude_ids":"","_relevanssi_related_no_append":"","_relevanssi_related_not_related":"","_relevanssi_related_posts":"","_relevanssi_noindex_reason":"","footnotes":"","_wp_rev_ctl_limit":""},"class_list":["post-131792","page","type-page","status-publish","hentry","page_category-industry"],"acf":[],"aioseo_notices":[],"_links":{"self":[{"href":"https:\/\/www.comreg.ie\/ga\/wp-json\/wp\/v2\/pages\/131792","targetHints":{"allow":["GET"]}}],"collection":[{"href":"https:\/\/www.comreg.ie\/ga\/wp-json\/wp\/v2\/pages"}],"about":[{"href":"https:\/\/www.comreg.ie\/ga\/wp-json\/wp\/v2\/types\/page"}],"author":[{"embeddable":true,"href":"https:\/\/www.comreg.ie\/ga\/wp-json\/wp\/v2\/users\/67"}],"replies":[{"embeddable":true,"href":"https:\/\/www.comreg.ie\/ga\/wp-json\/wp\/v2\/comments?post=131792"}],"version-history":[{"count":3,"href":"https:\/\/www.comreg.ie\/ga\/wp-json\/wp\/v2\/pages\/131792\/revisions"}],"predecessor-version":[{"id":132074,"href":"https:\/\/www.comreg.ie\/ga\/wp-json\/wp\/v2\/pages\/131792\/revisions\/132074"}],"up":[{"embeddable":true,"href":"https:\/\/www.comreg.ie\/ga\/wp-json\/wp\/v2\/pages\/90465"}],"wp:attachment":[{"href":"https:\/\/www.comreg.ie\/ga\/wp-json\/wp\/v2\/media?parent=131792"}],"curies":[{"name":"wp","href":"https:\/\/api.w.org\/{rel}","templated":true}]}}