{"id":131795,"date":"2022-01-21T16:13:42","date_gmt":"2022-01-21T16:13:42","guid":{"rendered":"https:\/\/www.comreg.ie\/tionsclaiocht\/sabhailteacht-tairgi\/product-recalls\/"},"modified":"2024-11-04T03:56:47","modified_gmt":"2024-11-04T03:56:47","slug":"aistarraingt-tairge-agus-tairgi-neamh-chomhliontach","status":"publish","type":"page","link":"https:\/\/www.comreg.ie\/ga\/tionsclaiocht\/sabhailteacht-tairgi\/aistarraingt-tairge-agus-tairgi-neamh-chomhliontach\/","title":{"rendered":"Aistarraingt T\u00e1irge agus T\u00e1irg\u00ed Neamh-Chomhl\u00edontach"},"content":{"rendered":"\n<table id=\"tablepress-136\" class=\"tablepress tablepress-id-136\">\n<thead>\n<tr class=\"row-1\">\n\t<th class=\"column-1\">Date<\/th><th class=\"column-2\">Product Recall Notice<\/th>\n<\/tr>\n<\/thead>\n<tbody class=\"row-striping\">\n<tr class=\"row-2\">\n\t<td class=\"column-1\">10 July 2023 <\/td><td class=\"column-2\"><a href=\"https:\/\/www.comreg.ie\/product-safety-information-notice-on-philips-avent-digital-video-baby-monitor\/\">Philips Avent Digital Video Baby Monitor <\/a><\/td>\n<\/tr>\n<tr class=\"row-3\">\n\t<td class=\"column-1\">27 June 2023<\/td><td class=\"column-2\"><a href=\"https:\/\/www.comreg.ie\/product-safety-information-notice-on-bluebell-baby-monitor-sold-in-boots-mccabes-pharmacy-and-currys\/\">Bluebell Baby Monitor<\/a><br \/>\n<\/td>\n<\/tr>\n<tr class=\"row-4\">\n\t<td class=\"column-1\">4 March 2022<\/td><td class=\"column-2\"><a href=\"https:\/\/www.comreg.ie\/product-recall-notice-fitbit-ionic-smartwatch\/\">Fitbit Ionic Smartwatch<\/a><\/td>\n<\/tr>\n<tr class=\"row-5\">\n\t<td class=\"column-1\">4 March 2022<\/td><td class=\"column-2\"><a href=\"https:\/\/www.comreg.ie\/product-recall-notice-decathlon-sports-watches-kiprun-gps-500-model-and-kiprun-gps-550-model\/\">Decathlon Sports Ireland watchesKIPRUN GPS 500 &amp; 550 Model<\/a><br \/>\n<\/td>\n<\/tr>\n<\/tbody>\n<\/table>\n<!-- #tablepress-136 from cache -->\n","protected":false},"excerpt":{"rendered":"","protected":false},"author":67,"featured_media":0,"parent":90465,"menu_order":4,"comment_status":"closed","ping_status":"closed","template":"templates\/template-topic-pages-noanchors.php","meta":{"_acf_changed":false,"_relevanssi_hide_post":"","_relevanssi_hide_content":"","_relevanssi_pin_for_all":"","_relevanssi_pin_keywords":"","_relevanssi_unpin_keywords":"","_relevanssi_related_keywords":"","_relevanssi_related_include_ids":"","_relevanssi_related_exclude_ids":"","_relevanssi_related_no_append":"","_relevanssi_related_not_related":"","_relevanssi_related_posts":"","_relevanssi_noindex_reason":"","footnotes":"","_wp_rev_ctl_limit":""},"class_list":["post-131795","page","type-page","status-publish","hentry","page_category-industry"],"acf":[],"aioseo_notices":[],"_links":{"self":[{"href":"https:\/\/www.comreg.ie\/ga\/wp-json\/wp\/v2\/pages\/131795","targetHints":{"allow":["GET"]}}],"collection":[{"href":"https:\/\/www.comreg.ie\/ga\/wp-json\/wp\/v2\/pages"}],"about":[{"href":"https:\/\/www.comreg.ie\/ga\/wp-json\/wp\/v2\/types\/page"}],"author":[{"embeddable":true,"href":"https:\/\/www.comreg.ie\/ga\/wp-json\/wp\/v2\/users\/67"}],"replies":[{"embeddable":true,"href":"https:\/\/www.comreg.ie\/ga\/wp-json\/wp\/v2\/comments?post=131795"}],"version-history":[{"count":1,"href":"https:\/\/www.comreg.ie\/ga\/wp-json\/wp\/v2\/pages\/131795\/revisions"}],"predecessor-version":[{"id":131796,"href":"https:\/\/www.comreg.ie\/ga\/wp-json\/wp\/v2\/pages\/131795\/revisions\/131796"}],"up":[{"embeddable":true,"href":"https:\/\/www.comreg.ie\/ga\/wp-json\/wp\/v2\/pages\/90465"}],"wp:attachment":[{"href":"https:\/\/www.comreg.ie\/ga\/wp-json\/wp\/v2\/media?parent=131795"}],"curies":[{"name":"wp","href":"https:\/\/api.w.org\/{rel}","templated":true}]}}