{"id":131802,"date":"2024-09-26T16:40:53","date_gmt":"2024-09-26T16:40:53","guid":{"rendered":"https:\/\/www.comreg.ie\/tionsclaiocht\/sabhailteacht-tairgi\/sales-bans\/"},"modified":"2024-11-16T00:29:46","modified_gmt":"2024-11-16T00:29:46","slug":"toirmisc-ar-dhiolachain","status":"publish","type":"page","link":"https:\/\/www.comreg.ie\/ga\/tionsclaiocht\/sabhailteacht-tairgi\/toirmisc-ar-dhiolachain\/","title":{"rendered":"Toirmisc ar Dh\u00edolach\u00e1in"},"content":{"rendered":"<p> Cuirtear toirmisc ar dh\u00edolach\u00e1in ar th\u00e1irg\u00ed neamhchomhl\u00edontacha a bhfuil riosca ag baint leo don \u00das\u00e1ideoir Deiridh. M\u00e1 t\u00e1 t\u00e1irge faoi r\u00e9ir toirmisc, t\u00e1 s\u00e9 neamhdhleathach an t\u00e1irge sin a dh\u00edol. Beidh uimhir chosanta ag an t\u00e1irge, rud a thabharfadh le fios go bhfuil n\u00f3s imeachta cosanta tionscanta ag an \u00dadar\u00e1s um Fhaireachas Margaidh.<\/p>\n\n<table id=\"tablepress-168\" class=\"tablepress tablepress-id-168\">\n<thead>\n<tr class=\"row-1\">\n\t<th class=\"column-1\">D\u00e1ta a th\u00e1inig s\u00e9 i bhfeidhm<\/th><th class=\"column-2\">Faisn\u00e9is T\u00e1irge<\/th><th class=\"column-3\">Uimhir Chosanta<\/th><th class=\"column-4\">Grianghraf den Ghl\u00e9as<\/th>\n<\/tr>\n<\/thead>\n<tbody class=\"row-striping row-hover\">\n<tr class=\"row-2\">\n\t<td class=\"column-1\">16 May 2024<\/td><td class=\"column-2\">Woolley - SA-003-UK-Wi-Fi Smart WiFi Plug<\/td><td class=\"column-3\"><a href=\"https:\/\/webgate.ec.europa.eu\/single-market-compliance-space\/market-surveillance\/investigated-products\/231100238915?filter=t:1,brand:woolley\" rel=\"noopener\" target=\"_blank\">2014\/53\/EU-IRL-240216-16472<\/a><\/td><td class=\"column-4\"><img loading=\"lazy\" decoding=\"async\" src=\"https:\/\/www.comreg.ie\/media\/2024\/09\/Woolley-SA-003-UK.jpg\" alt=\"\" width=\"300\" height=\"143\" class=\"alignnone size-medium wp-image-130996\" \/><\/td>\n<\/tr>\n<tr class=\"row-3\">\n\t<td class=\"column-1\">11 March 2024<\/td><td class=\"column-2\">Hosmart -  HY777 Wireless Home Intercom System<\/td><td class=\"column-3\"><a href=\"https:\/\/webgate.ec.europa.eu\/single-market-compliance-space\/market-surveillance\/investigated-products\/230700228362?filter=t:1,brand:hosmart\" rel=\"noopener\" target=\"_blank\">2014\/53\/EU-IRL-231212-15691<\/a><\/td><td class=\"column-4\"><img loading=\"lazy\" decoding=\"async\" src=\"https:\/\/www.comreg.ie\/media\/2024\/09\/Hosmart-HY777.jpeg\" alt=\"\" width=\"300\" height=\"187\" class=\"alignnone size-medium wp-image-130995\" \/><\/td>\n<\/tr>\n<tr class=\"row-4\">\n\t<td class=\"column-1\">11 March 2024<\/td><td class=\"column-2\">Jucjet \u2013 UV-5RE FM Tranceiver<\/td><td class=\"column-3\"><a href=\"https:\/\/webgate.ec.europa.eu\/single-market-compliance-space\/market-surveillance\/investigated-products\/230700228388?filter=brand:jucjet,t:1\" rel=\"noopener\" target=\"_blank\">2014\/53\/EU-IRL-231212-15692<\/a><\/td><td class=\"column-4\"><figure id=\"attachment_131066\" aria-describedby=\"caption-attachment-131066\" style=\"width: 300px\" class=\"wp-caption alignnone\"><img loading=\"lazy\" decoding=\"async\" src=\"https:\/\/www.comreg.ie\/media\/2024\/09\/Jucjet.jpg\" alt=\"\" width=\"300\" height=\"300\" class=\"size-medium wp-image-131066\" \/><figcaption id=\"caption-attachment-131066\" class=\"wp-caption-text\">Version 1.0.0<\/figcaption><\/figure><\/td>\n<\/tr>\n<tr class=\"row-5\">\n\t<td class=\"column-1\">11 March 2024<\/td><td class=\"column-2\">Pthtechus \u2013 Kids Smart Watch<\/td><td class=\"column-3\"><a href=\"https:\/\/webgate.ec.europa.eu\/single-market-compliance-space\/market-surveillance\/investigated-products\/230600227232?filter=brand:Pthtechus,t:1\" rel=\"noopener\" target=\"_blank\">2014\/53\/EU-IRL-230914-14550<\/a><\/td><td class=\"column-4\"><img loading=\"lazy\" decoding=\"async\" src=\"https:\/\/www.comreg.ie\/media\/2024\/09\/Pthtechus.jpeg\" alt=\"\" width=\"192\" height=\"300\" class=\"alignnone size-medium wp-image-130992\" \/><\/td>\n<\/tr>\n<tr class=\"row-6\">\n\t<td class=\"column-1\">11 March 2024<\/td><td class=\"column-2\">Vonets \u2013 VAP11G-300 WiFi Bridge<\/td><td class=\"column-3\"><a href=\"https:\/\/webgate.ec.europa.eu\/single-market-compliance-space\/market-surveillance\/investigated-products\/230700227468?filter=t:1,brand:vonets\" rel=\"noopener\" target=\"_blank\">2014\/53\/EU-IRL-231212-15690<\/a><\/td><td class=\"column-4\"><img loading=\"lazy\" decoding=\"async\" src=\"https:\/\/www.comreg.ie\/media\/2024\/09\/Vonets-VAP11G-300.jpeg\" alt=\"\" width=\"300\" height=\"199\" class=\"alignnone size-medium wp-image-130994\" \/><\/td>\n<\/tr>\n<tr class=\"row-7\">\n\t<td class=\"column-1\">13 December 2023<\/td><td class=\"column-2\">Greatzer \u2013 Wi-Fi Repeater<\/td><td class=\"column-3\"><a href=\"https:\/\/webgate.ec.europa.eu\/single-market-compliance-space\/market-surveillance\/investigated-products\/230700228393?filter=t:1,brand:greatzer\" rel=\"noopener\" target=\"_blank\">2014\/53\/EU-IRL-230914-14550<\/a><\/td><td class=\"column-4\"><img loading=\"lazy\" decoding=\"async\" src=\"https:\/\/www.comreg.ie\/media\/2024\/09\/Greatzer.jpeg\" alt=\"\" width=\"300\" height=\"294\" class=\"alignnone size-medium wp-image-130998\" \/><\/td>\n<\/tr>\n<tr class=\"row-8\">\n\t<td class=\"column-1\">7 December 2023<\/td><td class=\"column-2\">GF-07 Location Tracker<\/td><td class=\"column-3\"><a href=\"https:\/\/webgate.ec.europa.eu\/single-market-compliance-space\/market-surveillance\/investigated-products\/230100216118?filter=productTypeModel:gf-07,t:1\" rel=\"noopener\" target=\"_blank\">2014\/53\/EU-IRL-230908-14509<\/a><\/td><td class=\"column-4\"><img loading=\"lazy\" decoding=\"async\" src=\"https:\/\/www.comreg.ie\/media\/2024\/09\/GF-07.jpg\" alt=\"\" width=\"293\" height=\"300\" class=\"alignnone size-medium wp-image-130991\" \/><\/td>\n<\/tr>\n<tr class=\"row-9\">\n\t<td class=\"column-1\">8 October 2023<\/td><td class=\"column-2\">CallToU \u2013 E-01AB Wireless Caregiver Alarm<\/td><td class=\"column-3\"><a href=\"https:\/\/webgate.ec.europa.eu\/single-market-compliance-space\/market-surveillance\/investigated-products\/230500224057?filter=t:1,brand:calltou\" rel=\"noopener\" target=\"_blank\">2014\/53\/EU-IRL-230710-13834<\/a><\/td><td class=\"column-4\"><figure id=\"attachment_130997\" aria-describedby=\"caption-attachment-130997\" style=\"width: 300px\" class=\"wp-caption alignnone\"><img loading=\"lazy\" decoding=\"async\" src=\"https:\/\/www.comreg.ie\/media\/2024\/09\/CallToU.jpg\" alt=\"\" width=\"300\" height=\"300\" class=\"size-medium wp-image-130997\" \/><figcaption id=\"caption-attachment-130997\" class=\"wp-caption-text\">Version 1.0.0<\/figcaption><\/figure><\/td>\n<\/tr>\n<tr class=\"row-10\">\n\t<td class=\"column-1\">June 2023<\/td><td class=\"column-2\">Wallbox \u2013 EV-charger<\/td><td class=\"column-3\">2014\/53\/EU-S-230315-12471<\/td><td class=\"column-4\"><img loading=\"lazy\" decoding=\"async\" src=\"https:\/\/www.comreg.ie\/media\/2024\/09\/Wallbox-\u2013-EV-charger.png\" alt=\"\" width=\"196\" height=\"268\" class=\"alignnone size-medium wp-image-131001\" \/><\/td>\n<\/tr>\n<\/tbody>\n<\/table>\n<!-- #tablepress-168 from cache -->\n","protected":false},"excerpt":{"rendered":"<p>Cuirtear toirmisc ar dh\u00edolach\u00e1in ar th\u00e1irg\u00ed neamhchomhl\u00edontacha a bhfuil riosca ag baint leo don \u00das\u00e1ideoir Deiridh. M\u00e1 t\u00e1 t\u00e1irge faoi r\u00e9ir toirmisc, t\u00e1 s\u00e9 neamhdhleathach &hellip; <a href=\"https:\/\/www.comreg.ie\/ga\/tionsclaiocht\/sabhailteacht-tairgi\/toirmisc-ar-dhiolachain\/\"><\/a><\/p>\n","protected":false},"author":69,"featured_media":0,"parent":90465,"menu_order":5,"comment_status":"closed","ping_status":"closed","template":"templates\/template-topic-pages-noanchors.php","meta":{"_acf_changed":false,"_relevanssi_hide_post":"","_relevanssi_hide_content":"","_relevanssi_pin_for_all":"","_relevanssi_pin_keywords":"","_relevanssi_unpin_keywords":"","_relevanssi_related_keywords":"","_relevanssi_related_include_ids":"","_relevanssi_related_exclude_ids":"","_relevanssi_related_no_append":"","_relevanssi_related_not_related":"","_relevanssi_related_posts":"","_relevanssi_noindex_reason":"","footnotes":"","_wp_rev_ctl_limit":""},"class_list":["post-131802","page","type-page","status-publish","hentry","page_category-industry"],"acf":[],"aioseo_notices":[],"_links":{"self":[{"href":"https:\/\/www.comreg.ie\/ga\/wp-json\/wp\/v2\/pages\/131802","targetHints":{"allow":["GET"]}}],"collection":[{"href":"https:\/\/www.comreg.ie\/ga\/wp-json\/wp\/v2\/pages"}],"about":[{"href":"https:\/\/www.comreg.ie\/ga\/wp-json\/wp\/v2\/types\/page"}],"author":[{"embeddable":true,"href":"https:\/\/www.comreg.ie\/ga\/wp-json\/wp\/v2\/users\/69"}],"replies":[{"embeddable":true,"href":"https:\/\/www.comreg.ie\/ga\/wp-json\/wp\/v2\/comments?post=131802"}],"version-history":[{"count":3,"href":"https:\/\/www.comreg.ie\/ga\/wp-json\/wp\/v2\/pages\/131802\/revisions"}],"predecessor-version":[{"id":132081,"href":"https:\/\/www.comreg.ie\/ga\/wp-json\/wp\/v2\/pages\/131802\/revisions\/132081"}],"up":[{"embeddable":true,"href":"https:\/\/www.comreg.ie\/ga\/wp-json\/wp\/v2\/pages\/90465"}],"wp:attachment":[{"href":"https:\/\/www.comreg.ie\/ga\/wp-json\/wp\/v2\/media?parent=131802"}],"curies":[{"name":"wp","href":"https:\/\/api.w.org\/{rel}","templated":true}]}}