{"id":131806,"date":"2018-02-22T10:45:32","date_gmt":"2018-02-22T10:45:32","guid":{"rendered":"https:\/\/www.comreg.ie\/fuinn\/gairmeacha\/testimonials\/"},"modified":"2024-11-07T14:27:52","modified_gmt":"2024-11-07T14:27:52","slug":"leathanach-lamaire-teistimeireachtai","status":"publish","type":"page","link":"https:\/\/www.comreg.ie\/ga\/fuinn\/gairmeacha\/leathanach-lamaire-teistimeireachtai\/","title":{"rendered":"Leathanach Lamaire Teistim\u00e9ireachta\u00ed"},"content":{"rendered":"<p><span class=\"TextRun SCXW21352882 BCX8\" lang=\"GD\" xml:lang=\"GD\" data-contrast=\"auto\"><span class=\"NormalTextRun SCXW21352882 BCX8\">T\u00e1 an-\u00e1<\/span><span class=\"NormalTextRun SCXW21352882 BCX8\">th<\/span><span class=\"NormalTextRun SCXW21352882 BCX8\">as orainn f\u00e1ilte a <\/span><span class=\"NormalTextRun SCXW21352882 BCX8\">chur<\/span><span class=\"NormalTextRun SCXW21352882 BCX8\"> romhat chuig \u00e1r lea<\/span><span class=\"NormalTextRun SCXW21352882 BCX8\">th<\/span><span class=\"NormalTextRun SCXW21352882 BCX8\">anach Eisp\u00e9ireas ComReg. <\/span><span class=\"NormalTextRun SCXW21352882 BCX8\">Chuir<\/span><span class=\"NormalTextRun SCXW21352882 BCX8\">eamar le ch\u00e9ile \u00e9 chun blaiseadh a <\/span><span class=\"NormalTextRun SCXW21352882 BCX8\">th<\/span><span class=\"NormalTextRun SCXW21352882 BCX8\">abhairt duit ar an d\u00f3igh a mo<\/span><span class=\"NormalTextRun SCXW21352882 BCX8\">th<\/span><span class=\"NormalTextRun SCXW21352882 BCX8\">a\u00edonn cuid de na daoine at\u00e1 ag obair anseo faoina r\u00f3l agus faoin eagra\u00edocht.<\/span><\/span><span class=\"EOP SCXW21352882 BCX8\" data-ccp-props=\"{}\">\u00a0<\/span><\/p>\n<p><span class=\"TextRun SCXW38977299 BCX8\" lang=\"GD\" xml:lang=\"GD\" data-contrast=\"auto\"><span class=\"NormalTextRun SCXW38977299 BCX8\">Tr\u00ed na teistim\u00e9ireachta\u00ed a d\u2019ullmhaigh raon daoine ar fud na heagra\u00edochta a l\u00e9amh, t\u00e1 s\u00fail againn go bhfaighidh t\u00fa l\u00e9argas ar an d\u00f3igh a bhfuil s\u00e9 le bhei<\/span><span class=\"NormalTextRun SCXW38977299 BCX8\">th<\/span><span class=\"NormalTextRun SCXW38977299 BCX8\"> ag obair ag ComReg.\u00a0 Is \u00e9 an bealach is fearr chun \u00e9 sin a <\/span><span class=\"NormalTextRun SCXW38977299 BCX8\">th<\/span><span class=\"NormalTextRun SCXW38977299 BCX8\">uiscint n\u00e1 sc\u00e9al na n-eisp\u00e9ireas aonair a l\u00e9amh. T\u00e1imid an-bhu\u00edoch do gach duine a ghlac an t-am chun a bhforbhrea<\/span><span class=\"NormalTextRun SCXW38977299 BCX8\">th<\/span><span class=\"NormalTextRun SCXW38977299 BCX8\">n\u00fa a ullmh\u00fa agus gabhaimid bu\u00edochas leat as iad a l\u00e9amh.\u00a0 T\u00e1 s\u00fail againn go bhfaighidh t\u00fa blaiseadh de chult\u00far agus de fheals\u00fanacht ComReg agus t\u00fa ag l\u00e9amh.\u00a0 B&#8217;fh\u00e9idir go spreagfadh s\u00e9 t\u00fa iarratas a dh\u00e9anamh ar r\u00f3l linn?\u00a0 Brea<\/span><span class=\"NormalTextRun SCXW38977299 BCX8\">th<\/span><span class=\"NormalTextRun SCXW38977299 BCX8\">naigh ar na fol\u00fantais at\u00e1 againn faoi l\u00e1<\/span><span class=\"NormalTextRun SCXW38977299 BCX8\">th<\/span><span class=\"NormalTextRun SCXW38977299 BCX8\">air agus m\u00e1 <\/span><span class=\"NormalTextRun SCXW38977299 BCX8\">th<\/span><span class=\"NormalTextRun SCXW38977299 BCX8\">agann do scileanna agus do <\/span><span class=\"NormalTextRun SCXW38977299 BCX8\">th<\/span><span class=\"NormalTextRun SCXW38977299 BCX8\">ai<\/span><span class=\"NormalTextRun SCXW38977299 BCX8\">th<\/span><span class=\"NormalTextRun SCXW38977299 BCX8\">\u00ed leis na riachtanais, ba bhre\u00e1 linn go nd\u00e9anf\u00e1 iarratas le bhei<\/span><span class=\"NormalTextRun SCXW38977299 BCX8\">th<\/span><span class=\"NormalTextRun SCXW38977299 BCX8\"> mar chuid den fhoireann at\u00e1 ag f\u00e1s.<\/span><\/span><span class=\"EOP SCXW38977299 BCX8\" data-ccp-props=\"{}\">\u00a0<\/span><\/p>\n","protected":false},"excerpt":{"rendered":"<p>T\u00e1 an-\u00e1thas orainn f\u00e1ilte a chur romhat chuig \u00e1r leathanach Eisp\u00e9ireas ComReg. Chuireamar le ch\u00e9ile \u00e9 chun blaiseadh a thabhairt duit ar an d\u00f3igh a &hellip; <a href=\"https:\/\/www.comreg.ie\/ga\/fuinn\/gairmeacha\/leathanach-lamaire-teistimeireachtai\/\"><\/a><\/p>\n","protected":false},"author":31,"featured_media":0,"parent":131351,"menu_order":4,"comment_status":"closed","ping_status":"closed","template":"templates\/template-ComregExperience.php","meta":{"_acf_changed":false,"_relevanssi_hide_post":"","_relevanssi_hide_content":"","_relevanssi_pin_for_all":"","_relevanssi_pin_keywords":"","_relevanssi_unpin_keywords":"","_relevanssi_related_keywords":"","_relevanssi_related_include_ids":"","_relevanssi_related_exclude_ids":"","_relevanssi_related_no_append":"","_relevanssi_related_not_related":"","_relevanssi_related_posts":"","_relevanssi_noindex_reason":"","footnotes":"","_wp_rev_ctl_limit":""},"class_list":["post-131806","page","type-page","status-publish","hentry"],"acf":[],"aioseo_notices":[],"_links":{"self":[{"href":"https:\/\/www.comreg.ie\/ga\/wp-json\/wp\/v2\/pages\/131806","targetHints":{"allow":["GET"]}}],"collection":[{"href":"https:\/\/www.comreg.ie\/ga\/wp-json\/wp\/v2\/pages"}],"about":[{"href":"https:\/\/www.comreg.ie\/ga\/wp-json\/wp\/v2\/types\/page"}],"author":[{"embeddable":true,"href":"https:\/\/www.comreg.ie\/ga\/wp-json\/wp\/v2\/users\/31"}],"replies":[{"embeddable":true,"href":"https:\/\/www.comreg.ie\/ga\/wp-json\/wp\/v2\/comments?post=131806"}],"version-history":[{"count":3,"href":"https:\/\/www.comreg.ie\/ga\/wp-json\/wp\/v2\/pages\/131806\/revisions"}],"predecessor-version":[{"id":131949,"href":"https:\/\/www.comreg.ie\/ga\/wp-json\/wp\/v2\/pages\/131806\/revisions\/131949"}],"up":[{"embeddable":true,"href":"https:\/\/www.comreg.ie\/ga\/wp-json\/wp\/v2\/pages\/131351"}],"wp:attachment":[{"href":"https:\/\/www.comreg.ie\/ga\/wp-json\/wp\/v2\/media?parent=131806"}],"curies":[{"name":"wp","href":"https:\/\/api.w.org\/{rel}","templated":true}]}}