{"id":131838,"date":"2018-02-22T11:29:36","date_gmt":"2018-02-22T11:29:36","guid":{"rendered":"https:\/\/www.comreg.ie\/fuinn\/gairmeacha\/learning-and-development\/"},"modified":"2024-11-07T10:30:50","modified_gmt":"2024-11-07T10:30:50","slug":"foghlaim-agus-forbairt","status":"publish","type":"page","link":"https:\/\/www.comreg.ie\/ga\/fuinn\/gairmeacha\/foghlaim-agus-forbairt\/","title":{"rendered":"Foghlaim agus Forbairt"},"content":{"rendered":"<p style=\"text-align: left;\"><span class=\"TextRun SCXW113577344 BCX8\" lang=\"GD\" xml:lang=\"GD\" data-contrast=\"auto\"><span class=\"NormalTextRun SCXW113577344 BCX8\">Is \u00e9 \u00e1r bhfeals\u00fanacht i lei<\/span><span class=\"NormalTextRun SCXW113577344 BCX8\">th<\/span><span class=\"NormalTextRun SCXW113577344 BCX8\"> acmhainn\u00ed daonna n\u00e1:<\/span><\/span><span class=\"EOP SCXW113577344 BCX8\" data-ccp-props=\"{}\">\u00a0<\/span><\/p>\n<p style=\"text-align: left;\"><strong><span class=\"TextRun SCXW170422199 BCX8\" lang=\"GD\" xml:lang=\"GD\" data-contrast=\"auto\"><span class=\"NormalTextRun SCXW170422199 BCX8\">\u2018Feabhas a cho<\/span><span class=\"NormalTextRun SCXW170422199 BCX8\">th<\/span><span class=\"NormalTextRun SCXW170422199 BCX8\">\u00fa tr\u00ed sheirbh\u00eds strait\u00e9iseach AD a shol\u00e1<\/span><span class=\"NormalTextRun SCXW170422199 BCX8\">th<\/span><span class=\"NormalTextRun SCXW170422199 BCX8\">ar go comhoibr\u00edoch a <\/span><span class=\"NormalTextRun SCXW170422199 BCX8\">chuir<\/span><span class=\"NormalTextRun SCXW170422199 BCX8\">eann ar chumas daoine a n-acmhainneacht a bhaint amach agus a <\/span><span class=\"NormalTextRun SCXW170422199 BCX8\">th<\/span><span class=\"NormalTextRun SCXW170422199 BCX8\">aca\u00edonn leis an eagra\u00edocht freagairt don timpeallacht rial\u00e1la at\u00e1 ag a<\/span><span class=\"NormalTextRun SCXW170422199 BCX8\">th<\/span><span class=\"NormalTextRun SCXW170422199 BCX8\">r\u00fa\u2019.<\/span><\/span><\/strong><span class=\"EOP SCXW170422199 BCX8\" data-ccp-props=\"{}\">\u00a0<\/span><\/p>\n<p style=\"text-align: left;\"><span class=\"TextRun SCXW28109035 BCX8\" lang=\"GD\" xml:lang=\"GD\" data-contrast=\"auto\"><span class=\"NormalTextRun SCXW28109035 BCX8\">Ai<\/span><span class=\"NormalTextRun SCXW28109035 BCX8\">th<\/span><span class=\"NormalTextRun SCXW28109035 BCX8\">n\u00edmid go bhfuil scileanna, eolas agus saineolas na ndaoine a oibr\u00edonn ag ComReg l\u00e1rnach le go n-\u00e9ireoidh linn. Tr\u00edn\u00e1r n-infheist\u00edocht i bhforbairt, d\u00e9anaimid iarracht i gc\u00f3na\u00ed a chinnti\u00fa go dtaca\u00edtear len\u00e1r bhfostai<\/span><span class=\"NormalTextRun SCXW28109035 BCX8\">th<\/span><span class=\"NormalTextRun SCXW28109035 BCX8\">e go l\u00e9ir a n-acmhainneacht a bhaint amach agus spriocanna eagra\u00edocht\u00fala a shol\u00e1<\/span><span class=\"NormalTextRun SCXW28109035 BCX8\">th<\/span><span class=\"NormalTextRun SCXW28109035 BCX8\">ar.<\/span><\/span><span class=\"EOP SCXW28109035 BCX8\" data-ccp-props=\"{}\">\u00a0<\/span><\/p>\n<p style=\"text-align: left;\"><span class=\"TextRun SCXW164974770 BCX8\" lang=\"GD\" xml:lang=\"GD\" data-contrast=\"auto\"><span class=\"NormalTextRun SCXW164974770 BCX8\">Feidhm\u00edonn ComReg i dtimpeallacht dhinimici\u00fail ina bhfuil cult\u00far l\u00e1idir sol\u00e1<\/span><span class=\"NormalTextRun SCXW164974770 BCX8\">th<\/span><span class=\"NormalTextRun SCXW164974770 BCX8\">air i r\u00e9im. Mar eagra\u00edocht il-oilte, foireann-bhunai<\/span><span class=\"NormalTextRun SCXW164974770 BCX8\">th<\/span><span class=\"NormalTextRun SCXW164974770 BCX8\">e, spreagaimid an fhoireann chun a scileanna agus a gc\u00e1il\u00edochta\u00ed a fhorbairt agus a nuashonr\u00fa go lean\u00fanach le cur ar \u00e1r gcumas a bhei<\/span><span class=\"NormalTextRun SCXW164974770 BCX8\">th<\/span><span class=\"NormalTextRun SCXW164974770 BCX8\"> mar eagra\u00edocht shofhreag\u00fail. D&#8217;fhonn a chinnti\u00fa go nd\u00e9anaimid \u00e1r strait\u00e9is uaillmhianach 5 bliana a shol\u00e1<\/span><span class=\"NormalTextRun SCXW164974770 BCX8\">th<\/span><span class=\"NormalTextRun SCXW164974770 BCX8\">ar, t\u00e1 s\u00e9 mar aidhm againn linn acmhainn\u00ed gn\u00edomhacha a cho<\/span><span class=\"NormalTextRun SCXW164974770 BCX8\">th<\/span><span class=\"NormalTextRun SCXW164974770 BCX8\">abh\u00e1il a mbeidh tacair scileanna \u00e1bhar<\/span><span class=\"NormalTextRun SCXW164974770 BCX8\">th<\/span><span class=\"NormalTextRun SCXW164974770 BCX8\">a agus co<\/span><span class=\"NormalTextRun SCXW164974770 BCX8\">th<\/span><span class=\"NormalTextRun SCXW164974770 BCX8\">rom le d\u00e1ta ann.<\/span><\/span><span class=\"EOP SCXW164974770 BCX8\" data-ccp-props=\"{}\">\u00a0<\/span><\/p>\n<p style=\"text-align: left;\"><span class=\"TextRun SCXW214996869 BCX8\" lang=\"GD\" xml:lang=\"GD\" data-contrast=\"auto\"><span class=\"NormalTextRun SCXW214996869 BCX8\">Seo cuid de na beala\u00ed ina dtaca\u00edonn \u00e1r bhfoireann tiomnai<\/span><span class=\"NormalTextRun SCXW214996869 BCX8\">th<\/span><span class=\"NormalTextRun SCXW214996869 BCX8\">e Foghlama agus Forbar<\/span><span class=\"NormalTextRun SCXW214996869 BCX8\">th<\/span><span class=\"NormalTextRun SCXW214996869 BCX8\">a len\u00e1r bhfoireann:<\/span><\/span><span class=\"EOP SCXW214996869 BCX8\" data-ccp-props=\"{}\">\u00a0<\/span><\/p>\n<ul style=\"text-align: left;\">\n<li><a href=\"https:\/\/www.comreg.ie\/about\/careers\/learning-and-development\/#mentor-programme\">Cl\u00e1r Meant\u00f3ireachta <\/a><\/li>\n<li><a href=\"https:\/\/www.comreg.ie\/about\/careers\/learning-and-development\/#class-train\">Oili\u00faint sa seomra ranga chun tac\u00fa le forbairt ghairmi\u00fail agus phearsanta <\/a><\/li>\n<li><a href=\"https:\/\/www.comreg.ie\/about\/careers\/learning-and-development\/#Ind-pro\">Cl\u00e1r ionducht\u00fach\u00e1in <\/a><\/li>\n<li><a href=\"https:\/\/www.comreg.ie\/about\/careers\/learning-and-development\/#EU-master\">M\u00e1istir-ranganna Teileachumars\u00e1ide an AE <\/a><\/li>\n<li><a href=\"https:\/\/www.comreg.ie\/about\/careers\/learning-and-development\/#focused-train\">Oili\u00faint agus taca\u00edocht d\u00edrithe ar an l\u00e1thair oibre <\/a><\/li>\n<li><a href=\"https:\/\/www.comreg.ie\/about\/careers\/learning-and-development\/#support-frame\">Creat Inni\u00falachta Taca\u00edochta <\/a><\/li>\n<li><a href=\"https:\/\/www.comreg.ie\/about\/careers\/learning-and-development\/#assist-support\">Taca\u00edocht Ch\u00fanamh Oideachais <\/a><\/li>\n<\/ul>\n<p>&nbsp;<\/p>\n<h2 id=\"mentor-programme\" style=\"text-align: left;\"><span class=\"TextRun SCXW171676064 BCX8\" lang=\"GD\" xml:lang=\"GD\" data-contrast=\"auto\"><span class=\"NormalTextRun SCXW171676064 BCX8\">Cl\u00e1r Meant\u00f3ireachta<\/span><\/span><span class=\"EOP SCXW171676064 BCX8\" data-ccp-props=\"{}\">\u00a0<\/span><\/h2>\n<p><span class=\"TextRun SCXW230528640 BCX8\" lang=\"GD\" xml:lang=\"GD\" data-contrast=\"auto\"><span class=\"NormalTextRun SCXW230528640 BCX8\">Cuirimid deis ar f\u00e1il do gach ball foirne meant\u00f3ireacht a fh\u00e1il mar chuid de chl\u00e1r strucht\u00far<\/span><span class=\"NormalTextRun SCXW230528640 BCX8\">th<\/span><span class=\"NormalTextRun SCXW230528640 BCX8\">a. Is f\u00e9idir leo si\u00fad faoi mheant\u00f3ireacht a meant\u00f3ir f\u00e9in a roghn\u00fa. Cuirtear oili\u00faint ioml\u00e1n ar f\u00e1il don t\u00e9 at\u00e1 faoi mheant\u00f3ireacht agus do mheant\u00f3ir\u00ed nua, le taca\u00edocht lean\u00fanach.<\/span><\/span><span class=\"EOP SCXW230528640 BCX8\" data-ccp-props=\"{}\">\u00a0<\/span><\/p>\n<h2 id=\"class-train\" style=\"text-align: left;\"><span class=\"TextRun SCXW37938656 BCX8\" lang=\"GD\" xml:lang=\"GD\" data-contrast=\"auto\"><span class=\"NormalTextRun SCXW37938656 BCX8\">Oili\u00faint sa seomra ranga chun tac\u00fa le forbairt ghairmi\u00fail agus phearsanta<\/span><\/span><span class=\"EOP SCXW37938656 BCX8\" data-ccp-props=\"{}\">\u00a0<\/span><\/h2>\n<p><span class=\"TextRun SCXW141300271 BCX8\" lang=\"GD\" xml:lang=\"GD\" data-contrast=\"auto\"><span class=\"NormalTextRun SCXW141300271 BCX8\">Ag \u00e1r n-oifig\u00ed in One Dockland Central, re\u00e1cht\u00e1laimid rogha \u00e9ags\u00fail de chl\u00e1ir oili\u00fana saincheap<\/span><span class=\"NormalTextRun SCXW141300271 BCX8\">th<\/span><span class=\"NormalTextRun SCXW141300271 BCX8\">a ar n\u00f3s idirghabh\u00e1il, scileanna scr\u00edbhneoireachta, l\u00e9amh luais, oili\u00faint teileachumars\u00e1ide srl.<\/span><\/span><span class=\"EOP SCXW141300271 BCX8\" data-ccp-props=\"{}\">\u00a0<\/span><\/p>\n<h2 id=\"Ind-pro\" style=\"text-align: left;\"><span class=\"TextRun SCXW103139638 BCX8\" lang=\"GD\" xml:lang=\"GD\" data-contrast=\"auto\"><span class=\"NormalTextRun SCXW103139638 BCX8\">Cl\u00e1r ionducht\u00fach\u00e1in<\/span><\/span><span class=\"EOP SCXW103139638 BCX8\" data-ccp-props=\"{}\">\u00a0<\/span><\/h2>\n<p><span class=\"TextRun SCXW102242812 BCX8\" lang=\"GD\" xml:lang=\"GD\" data-contrast=\"auto\"><span class=\"NormalTextRun SCXW102242812 BCX8\">Tugann \u00e1r gcl\u00e1r dh\u00e1 l\u00e1, a nuashonra\u00edodh le d\u00e9ana\u00ed, forbhrea<\/span><span class=\"NormalTextRun SCXW102242812 BCX8\">th<\/span><span class=\"NormalTextRun SCXW102242812 BCX8\">n\u00fa ar an eagra\u00edocht, le f\u00f3cas ar strucht\u00far, cult\u00far, stair, c\u00f3id iompair, polasai<\/span><span class=\"NormalTextRun SCXW102242812 BCX8\">th<\/span><span class=\"NormalTextRun SCXW102242812 BCX8\">e srl.<\/span><\/span><span class=\"EOP SCXW102242812 BCX8\" data-ccp-props=\"{}\">\u00a0<\/span><\/p>\n<h2 id=\"EU-master\" style=\"text-align: left;\"><span class=\"TextRun SCXW79575941 BCX8\" lang=\"GD\" xml:lang=\"GD\" data-contrast=\"auto\"><span class=\"NormalTextRun SCXW79575941 BCX8\">M\u00e1istir-ranganna Teileachumars\u00e1ide an AE<\/span><\/span><span class=\"EOP SCXW79575941 BCX8\" data-ccp-props=\"{}\">\u00a0<\/span><\/h2>\n<p><span class=\"TextRun SCXW91178931 BCX8\" lang=\"GD\" xml:lang=\"GD\" data-contrast=\"auto\"><span class=\"NormalTextRun SCXW91178931 BCX8\">Tr\u00ed \u00fas\u00e1id a bhaint as sampla\u00ed f\u00edorsaoil agus c\u00e1s-staid\u00e9ir \u00f3n Aontas Eorpach, tugann an oili\u00faint seo forbhrea<\/span><span class=\"NormalTextRun SCXW91178931 BCX8\">th<\/span><span class=\"NormalTextRun SCXW91178931 BCX8\">n\u00fa cuimsi<\/span><span class=\"NormalTextRun SCXW91178931 BCX8\">th<\/span><span class=\"NormalTextRun SCXW91178931 BCX8\">each ar shaincheisteanna rial\u00e1la agus ar fhorbairt\u00ed san earn\u00e1il teileachumars\u00e1ide.<\/span><\/span><span class=\"EOP SCXW91178931 BCX8\" data-ccp-props=\"{}\">\u00a0<\/span><\/p>\n<h2 id=\"focused-train\" style=\"text-align: left;\"><span class=\"TextRun SCXW161101996 BCX8\" lang=\"GD\" xml:lang=\"GD\" data-contrast=\"auto\"><span class=\"NormalTextRun SCXW161101996 BCX8\">Oili\u00faint agus taca\u00edocht d\u00edri<\/span><span class=\"NormalTextRun SCXW161101996 BCX8\">th<\/span><span class=\"NormalTextRun SCXW161101996 BCX8\">e ar an l\u00e1<\/span><span class=\"NormalTextRun SCXW161101996 BCX8\">th<\/span><span class=\"NormalTextRun SCXW161101996 BCX8\">air oibre<\/span><\/span><span class=\"EOP SCXW161101996 BCX8\" data-ccp-props=\"{}\">\u00a0<\/span><\/h2>\n<p><span class=\"TextRun SCXW90176588 BCX8\" lang=\"GD\" xml:lang=\"GD\" data-contrast=\"auto\"><span class=\"NormalTextRun SCXW90176588 BCX8\">Tr\u00edn\u00e1r bpr\u00f3iseas bord\u00e1la, cl\u00e1r c\u00e9imi<\/span><span class=\"NormalTextRun SCXW90176588 BCX8\">th<\/span><span class=\"NormalTextRun SCXW90176588 BCX8\">e agus pr\u00f3iseas bainist\u00edochta feidhm\u00edochta.<\/span><\/span><span class=\"EOP SCXW90176588 BCX8\" data-ccp-props=\"{}\">\u00a0<\/span><\/p>\n<h2 id=\"support-frame\" style=\"text-align: left;\"><span class=\"TextRun SCXW133554012 BCX8\" lang=\"GD\" xml:lang=\"GD\" data-contrast=\"auto\"><span class=\"NormalTextRun SCXW133554012 BCX8\">Creat Inni\u00falachta Taca\u00edochta<\/span><\/span><span class=\"EOP SCXW133554012 BCX8\" data-ccp-props=\"{}\">\u00a0<\/span><\/h2>\n<p><span class=\"TextRun SCXW169546213 BCX8\" lang=\"GD\" xml:lang=\"GD\" data-contrast=\"auto\"><span class=\"NormalTextRun SCXW169546213 BCX8\">Seoladh creat Inni\u00falachta nua le d\u00e9ana\u00ed agus is \u00ed an leabharlann \u00ed a choinn\u00edonn agus a eagra\u00edonn na tuairisc\u00ed ar iompra\u00edochta\u00ed is infheidhme ag gach leibh\u00e9al do gach r\u00f3l. Bainimid \u00fas\u00e1id as an gcreat seo in\u00e1r bpr\u00f3iseas earca\u00edochta.<\/span><\/span><span class=\"EOP SCXW169546213 BCX8\" data-ccp-props=\"{}\">\u00a0<\/span><\/p>\n<h2 id=\"assist-support\" style=\"text-align: left;\"><span class=\"TextRun SCXW40768798 BCX8\" lang=\"GD\" xml:lang=\"GD\" data-contrast=\"auto\"><span class=\"NormalTextRun SCXW40768798 BCX8\">Taca\u00edocht Ch\u00fanamh Oideachais<\/span><\/span><span class=\"EOP SCXW40768798 BCX8\" data-ccp-props=\"{}\">\u00a0<\/span><\/h2>\n<p><span data-contrast=\"auto\">Is m\u00f3r againn an tiomantas a dh\u00e9anann \u00e1r bhfoireann agus iad ag tabhairt faoi oili\u00faint oideachais. T\u00e1 an t-am agus an fuinneamh a dh\u00e9antar a infheisti\u00fa suntasach agus tugaimid taca\u00edocht tr\u00ed shaoire staid\u00e9ir\/scr\u00fadaithe, c\u00fanamh le t\u00e1ill\u00ed c\u00farsa, sol\u00e1thar rochtana ar sheirbh\u00eds \u00e9ags\u00fala leabharlainne, t\u00e9acsleabhair, iris\u00ed, \u00e1bhair ar l\u00edne srl, tr\u00ed eagra\u00edochta\u00ed aitheanta ar n\u00f3s Cullen International, Col\u00e1iste na Tr\u00edon\u00f3ide, agus an IMI. I measc na sampla\u00ed de staid\u00e9ir acad\u00fala a rinne an fhoireann le d\u00e9ana\u00ed t\u00e1; Diopl\u00f3ma Iarch\u00e9ime i nDl\u00ed Ioma\u00edochta na hEorpa, Diopl\u00f3ma i Rialachas Rial\u00e1la.<\/span><span data-ccp-props=\"{}\">\u00a0<\/span><\/p>\n<p><span data-contrast=\"auto\">Tr\u00edn\u00e1r bplean foghlama agus forbartha spriocdh\u00edrithe, spreagaimid iad si\u00fad a oibr\u00edonn ag ComReg chun cur lena gcuid saineolais. Creidimid go gcuirfidh s\u00e9 seo ar a gcumas riachtanais a r\u00f3il reatha a chomhl\u00edonadh agus ullmh\u00fa do dh\u00fashl\u00e1in agus deiseanna amach anseo.<\/span><span data-ccp-props=\"{}\">\u00a0<\/span><\/p>\n<p>&nbsp;<\/p>\n","protected":false},"excerpt":{"rendered":"<p>Is \u00e9 \u00e1r bhfeals\u00fanacht i leith acmhainn\u00ed daonna n\u00e1:\u00a0 \u2018Feabhas a choth\u00fa tr\u00ed sheirbh\u00eds strait\u00e9iseach AD a shol\u00e1thar go comhoibr\u00edoch a chuireann ar chumas daoine &hellip; <a href=\"https:\/\/www.comreg.ie\/ga\/fuinn\/gairmeacha\/foghlaim-agus-forbairt\/\"><\/a><\/p>\n","protected":false},"author":31,"featured_media":0,"parent":131351,"menu_order":4,"comment_status":"closed","ping_status":"closed","template":"templates\/template-topic-pages-noanchors.php","meta":{"_acf_changed":false,"_relevanssi_hide_post":"","_relevanssi_hide_content":"","_relevanssi_pin_for_all":"","_relevanssi_pin_keywords":"","_relevanssi_unpin_keywords":"","_relevanssi_related_keywords":"","_relevanssi_related_include_ids":"","_relevanssi_related_exclude_ids":"","_relevanssi_related_no_append":"","_relevanssi_related_not_related":"","_relevanssi_related_posts":"","_relevanssi_noindex_reason":"","footnotes":"","_wp_rev_ctl_limit":""},"class_list":["post-131838","page","type-page","status-publish","hentry"],"acf":[],"aioseo_notices":[],"_links":{"self":[{"href":"https:\/\/www.comreg.ie\/ga\/wp-json\/wp\/v2\/pages\/131838","targetHints":{"allow":["GET"]}}],"collection":[{"href":"https:\/\/www.comreg.ie\/ga\/wp-json\/wp\/v2\/pages"}],"about":[{"href":"https:\/\/www.comreg.ie\/ga\/wp-json\/wp\/v2\/types\/page"}],"author":[{"embeddable":true,"href":"https:\/\/www.comreg.ie\/ga\/wp-json\/wp\/v2\/users\/31"}],"replies":[{"embeddable":true,"href":"https:\/\/www.comreg.ie\/ga\/wp-json\/wp\/v2\/comments?post=131838"}],"version-history":[{"count":2,"href":"https:\/\/www.comreg.ie\/ga\/wp-json\/wp\/v2\/pages\/131838\/revisions"}],"predecessor-version":[{"id":131939,"href":"https:\/\/www.comreg.ie\/ga\/wp-json\/wp\/v2\/pages\/131838\/revisions\/131939"}],"up":[{"embeddable":true,"href":"https:\/\/www.comreg.ie\/ga\/wp-json\/wp\/v2\/pages\/131351"}],"wp:attachment":[{"href":"https:\/\/www.comreg.ie\/ga\/wp-json\/wp\/v2\/media?parent=131838"}],"curies":[{"name":"wp","href":"https:\/\/api.w.org\/{rel}","templated":true}]}}