{"id":131842,"date":"2018-02-22T11:31:17","date_gmt":"2018-02-22T11:31:17","guid":{"rendered":"https:\/\/www.comreg.ie\/fuinn\/gairmeacha\/what-we-offer\/"},"modified":"2024-11-07T10:33:46","modified_gmt":"2024-11-07T10:33:46","slug":"an-meid-a-chuirimid-ar-fail","status":"publish","type":"page","link":"https:\/\/www.comreg.ie\/ga\/fuinn\/gairmeacha\/an-meid-a-chuirimid-ar-fail\/","title":{"rendered":"An M\u00e9id a Chuirimid ar F\u00e1il"},"content":{"rendered":"<p><span class=\"TextRun SCXW11087688 BCX8\" lang=\"GD\" xml:lang=\"GD\" data-contrast=\"auto\"><span class=\"NormalTextRun SCXW11087688 BCX8\">T\u00e1 roinnt bunt\u00e1ist\u00ed tarraingteacha ag ComReg d\u00f3ibh si\u00fad at\u00e1 ag obair anseo. D\u00edr\u00edmid go m\u00f3r ar fhoghlaim agus ar fhorbairt lean\u00fanach agus muid ag iarraidh cabhr\u00fa leat ar do shl\u00ed bhea<\/span><span class=\"NormalTextRun SCXW11087688 BCX8\">th<\/span><span class=\"NormalTextRun SCXW11087688 BCX8\">a. Cuirimid timpeallacht oibre oscailte agus cairdi\u00fail chun cinn. In 2017, bhogamar go dt\u00ed oifig\u00ed nua-aimsear<\/span><span class=\"NormalTextRun SCXW11087688 BCX8\">th<\/span><span class=\"NormalTextRun SCXW11087688 BCX8\">a in One Dockand Central gar don IFSC. Chumasaigh an plean oscailte mar <\/span><span class=\"NormalTextRun SCXW11087688 BCX8\">th<\/span><span class=\"NormalTextRun SCXW11087688 BCX8\">impeallacht n\u00edos m\u00f3 comhoibri<\/span><span class=\"NormalTextRun SCXW11087688 BCX8\">th<\/span><span class=\"NormalTextRun SCXW11087688 BCX8\">e agus cleachtais oibre \u00e9ifeachtacha.<\/span><\/span><span class=\"EOP SCXW11087688 BCX8\" data-ccp-props=\"{}\">\u00a0<\/span><\/p>\n<p><span class=\"TextRun SCXW135709584 BCX8\" lang=\"GD\" xml:lang=\"GD\" data-contrast=\"auto\"><span class=\"NormalTextRun SCXW135709584 BCX8\">Cuid den m\u00e9id a <\/span><span class=\"NormalTextRun SCXW135709584 BCX8\">chuir<\/span><span class=\"NormalTextRun SCXW135709584 BCX8\">imid ar f\u00e1il:<\/span><\/span><span class=\"EOP SCXW135709584 BCX8\" data-ccp-props=\"{}\">\u00a0<\/span><\/p>\n<ul>\n<li><span data-contrast=\"auto\">Tuarastal ioma\u00edoch<\/span><span data-ccp-props=\"{}\">\u00a0<\/span><\/li>\n<li><span data-contrast=\"auto\">28 l\u00e1 de shaoire bhliant\u00fail<\/span><span data-ccp-props=\"{}\">\u00a0<\/span><\/li>\n<li><span data-contrast=\"auto\">Rann\u00edoca\u00edocht Phinsin<\/span><span data-ccp-props=\"{}\">\u00a0<\/span><\/li>\n<li><span data-contrast=\"auto\">Tic\u00e9id do Choigilteoir C\u00e1nach<\/span><span data-ccp-props=\"{}\">\u00a0<\/span><\/li>\n<li><span data-contrast=\"auto\">Sc\u00e9im na Rothar chun Oibre<\/span><span data-ccp-props=\"{}\">\u00a0<\/span><\/li>\n<li><span data-contrast=\"auto\">S\u00ednti\u00fas bliant\u00fail le cumann gairmi\u00fail<\/span><span data-ccp-props=\"{}\">\u00a0<\/span><\/li>\n<li><span data-contrast=\"auto\">C\u00fanamh oideachais<\/span><span data-ccp-props=\"{}\">\u00a0<\/span><\/li>\n<li><span data-contrast=\"auto\">Cl\u00e1r Meant\u00f3ireachta<\/span><span data-ccp-props=\"{}\">\u00a0<\/span><\/li>\n<li><span data-contrast=\"auto\">\u00c1r gCl\u00e1r ionducht\u00fach\u00e1in cuimsitheach<\/span><span data-ccp-props=\"{}\">\u00a0<\/span><\/li>\n<li><span data-contrast=\"auto\">Sainfhoghlaim inmhe\u00e1nach<\/span><span data-ccp-props=\"{}\">\u00a0<\/span><\/li>\n<li><span data-contrast=\"auto\">Club Sp\u00f3irt agus S\u00f3isialta<\/span><span data-ccp-props=\"{}\">\u00a0<\/span><\/li>\n<li><span data-contrast=\"auto\">Tionscnaimh agus Cl\u00e1ir Foll\u00e1ine<\/span><span data-ccp-props=\"{}\">\u00a0<\/span><\/li>\n<li><span data-contrast=\"auto\">Cl\u00e1r C\u00fanaimh Fostaithe<\/span><span data-ccp-props=\"{}\">\u00a0<\/span><\/li>\n<\/ul>\n<p>&nbsp;<\/p>\n","protected":false},"excerpt":{"rendered":"<p>T\u00e1 roinnt bunt\u00e1ist\u00ed tarraingteacha ag ComReg d\u00f3ibh si\u00fad at\u00e1 ag obair anseo. D\u00edr\u00edmid go m\u00f3r ar fhoghlaim agus ar fhorbairt lean\u00fanach agus muid ag iarraidh &hellip; <a href=\"https:\/\/www.comreg.ie\/ga\/fuinn\/gairmeacha\/an-meid-a-chuirimid-ar-fail\/\"><\/a><\/p>\n","protected":false},"author":31,"featured_media":0,"parent":131351,"menu_order":6,"comment_status":"closed","ping_status":"closed","template":"templates\/template-topic-pages-noanchors.php","meta":{"_acf_changed":false,"_relevanssi_hide_post":"","_relevanssi_hide_content":"","_relevanssi_pin_for_all":"","_relevanssi_pin_keywords":"","_relevanssi_unpin_keywords":"","_relevanssi_related_keywords":"","_relevanssi_related_include_ids":"","_relevanssi_related_exclude_ids":"","_relevanssi_related_no_append":"","_relevanssi_related_not_related":"","_relevanssi_related_posts":"","_relevanssi_noindex_reason":"","footnotes":"","_wp_rev_ctl_limit":""},"class_list":["post-131842","page","type-page","status-publish","hentry"],"acf":[],"aioseo_notices":[],"_links":{"self":[{"href":"https:\/\/www.comreg.ie\/ga\/wp-json\/wp\/v2\/pages\/131842","targetHints":{"allow":["GET"]}}],"collection":[{"href":"https:\/\/www.comreg.ie\/ga\/wp-json\/wp\/v2\/pages"}],"about":[{"href":"https:\/\/www.comreg.ie\/ga\/wp-json\/wp\/v2\/types\/page"}],"author":[{"embeddable":true,"href":"https:\/\/www.comreg.ie\/ga\/wp-json\/wp\/v2\/users\/31"}],"replies":[{"embeddable":true,"href":"https:\/\/www.comreg.ie\/ga\/wp-json\/wp\/v2\/comments?post=131842"}],"version-history":[{"count":2,"href":"https:\/\/www.comreg.ie\/ga\/wp-json\/wp\/v2\/pages\/131842\/revisions"}],"predecessor-version":[{"id":131940,"href":"https:\/\/www.comreg.ie\/ga\/wp-json\/wp\/v2\/pages\/131842\/revisions\/131940"}],"up":[{"embeddable":true,"href":"https:\/\/www.comreg.ie\/ga\/wp-json\/wp\/v2\/pages\/131351"}],"wp:attachment":[{"href":"https:\/\/www.comreg.ie\/ga\/wp-json\/wp\/v2\/media?parent=131842"}],"curies":[{"name":"wp","href":"https:\/\/api.w.org\/{rel}","templated":true}]}}