{"id":131844,"date":"2023-01-27T10:46:55","date_gmt":"2023-01-27T10:46:55","guid":{"rendered":"https:\/\/www.comreg.ie\/fuinn\/gairmeacha\/wellbeing-and-respect-charter\/"},"modified":"2024-11-07T10:38:40","modified_gmt":"2024-11-07T10:38:40","slug":"cairt-follaine-agus-meas","status":"publish","type":"page","link":"https:\/\/www.comreg.ie\/ga\/fuinn\/gairmeacha\/cairt-follaine-agus-meas\/","title":{"rendered":"Cairt Foll\u00e1ine agus Meas"},"content":{"rendered":"<h3><span class=\"TextRun SCXW8873956 BCX8\" lang=\"GD\" xml:lang=\"GD\" data-contrast=\"auto\"><span class=\"NormalTextRun SCXW8873956 BCX8\">Gealltanas Foll\u00e1ine ComReg<\/span><\/span><span class=\"EOP SCXW8873956 BCX8\" data-ccp-props=\"{}\">\u00a0<\/span><\/h3>\n<p><img loading=\"lazy\" decoding=\"async\" class=\"aligncenter wp-image-123429 size-medium\" src=\"\/media\/2023\/01\/ComWell-for-use-300x291.png\" alt=\"ComWell logo\" width=\"300\" height=\"291\" srcset=\"https:\/\/www.comreg.ie\/media\/2023\/01\/ComWell-for-use-300x291.png 300w, https:\/\/www.comreg.ie\/media\/2023\/01\/ComWell-for-use.png 385w\" sizes=\"auto, (max-width: 300px) 100vw, 300px\" \/><\/p>\n<p><span data-contrast=\"auto\">T\u00e1 an-aird ag ComReg ar fholl\u00e1ine fostaithe. N\u00ed h\u00e9 go bhfuilimid ag teacht i dt\u00edr anois air! Ag breathn\u00fa siar le deich mbliana anuas, t\u00e1 ComReg tar \u00e9is a bheith r\u00e9amhghn\u00edomhach i gc\u00f3na\u00ed ag tac\u00fa len\u00e1r bhfoireann chun cabhr\u00fa leo dea-shl\u00e1inte a bhaint amach i ngach ciall den fhocal agus t\u00e1imid br\u00f3d\u00fail go bhfuil \u00e1r dtiomantas ag f\u00e1s i gc\u00f3na\u00ed.<\/span><span data-ccp-props=\"{}\">\u00a0<\/span><\/p>\n<p><span data-contrast=\"auto\">Mar fhost\u00f3ir freagrach, ba mhaith linn cult\u00far oscailte, meas\u00fail agus cuimsitheach san ionad oibre a choth\u00fa tr\u00ed na tionscnaimh thac\u00fala foll\u00e1ine riachtanacha agus na dea-chleachtais san ionad oibre a theasta\u00edonn chun \u00e9 seo a bhaint amach a chur i bhfeidhm. C\u00e9 go bhfuilimid f\u00f3s tiomanta don chur chuige seo, is t\u00e1bhachtach freisin don fhoireann a aithint go bhfuil freagracht ioml\u00e1n orthu f\u00e9in as a bhfoll\u00e1ine f\u00e9in.<\/span><span data-ccp-props=\"{}\">\u00a0<\/span><\/p>\n<p><span data-contrast=\"auto\">Ba mhaith linn gealltanas a thabhairt maidir leis an r\u00fan lean\u00fanach at\u00e1 againn tac\u00fa le muintir ComReg sna r\u00e9ims\u00ed seo.\u00a0 T\u00e1imid tar \u00e9is \u00e9 seo a dh\u00e9anamh tr\u00edn\u00e1r dtiomantas a scr\u00edobh tr\u00ed Ghealltanas a cheapadh de r\u00e9ir \u00e1r luachanna agus \u00e1r gCairt Meas.<\/span><span data-ccp-props=\"{}\">\u00a0<\/span><\/p>\n<p><span data-contrast=\"auto\">Is doicim\u00e9ad gairid \u00e9 an gealltanas seo (th\u00edos) a leagann amach \u00e1r gcur chuige, \u00e1r n-\u00e9iteas, agus \u00e1r dtiomantas don fholl\u00e1ine, chomh maith leis an obair at\u00e1 d\u00e9anta againn agus a leanfaimid d\u00e1 dh\u00e9anamh.<\/span><span data-ccp-props=\"{}\">\u00a0<\/span><\/p>\n<p><a href=\"\/media\/2023\/01\/ComReg-Wellbeing-Pledge.pdf\">\u00cdosl\u00f3d\u00e1il Gealltanas Foll\u00e1ine ComReg <\/a><\/p>\n<p>&nbsp;<\/p>\n<h3><\/h3>\n<h3><span class=\"TextRun SCXW139479192 BCX8\" lang=\"GD\" xml:lang=\"GD\" data-contrast=\"auto\"><span class=\"NormalTextRun SCXW139479192 BCX8\">Cairt Meas ComReg<\/span><\/span><span class=\"EOP SCXW139479192 BCX8\" data-ccp-props=\"{}\">\u00a0<\/span><\/h3>\n<p><a href=\"https:\/\/www.comreg.ie\/media\/2023\/06\/Respect-Charter.jpg\"><img loading=\"lazy\" decoding=\"async\" class=\"alignnone size-medium wp-image-124860\" src=\"https:\/\/www.comreg.ie\/media\/2023\/06\/Respect-Charter-300x300.jpg\" alt=\"\" width=\"300\" height=\"300\" srcset=\"https:\/\/www.comreg.ie\/media\/2023\/06\/Respect-Charter-300x300.jpg 300w, https:\/\/www.comreg.ie\/media\/2023\/06\/Respect-Charter-150x150.jpg 150w, https:\/\/www.comreg.ie\/media\/2023\/06\/Respect-Charter.jpg 992w\" sizes=\"auto, (max-width: 300px) 100vw, 300px\" \/><\/a><\/p>\n<p><span class=\"TextRun SCXW138574080 BCX8\" lang=\"GD\" xml:lang=\"GD\" data-contrast=\"auto\"><span class=\"NormalTextRun SCXW138574080 BCX8\">Leagann \u00e1r gCairt Measa amach caighde\u00e1in maidir leis an d\u00f3igh a bhfuil s\u00e9 mar aidhm againn idirghn\u00edomh\u00fa lena ch\u00e9ile ag an obair. Tr\u00ed mheon na Cairte a <\/span><span class=\"NormalTextRun SCXW138574080 BCX8\">chur<\/span><span class=\"NormalTextRun SCXW138574080 BCX8\"> i bhfeidhm go freagrach, cru<\/span><span class=\"NormalTextRun SCXW138574080 BCX8\">th<\/span><span class=\"NormalTextRun SCXW138574080 BCX8\">\u00f3imid le ch\u00e9ile cult\u00far meas\u00fail san ionad oibre ina n-\u00e9ireoidh linn agus ina nd\u00e9anfaimid \u00e1r gcuid is fearr den obair.<\/span><\/span><span class=\"EOP SCXW138574080 BCX8\" data-ccp-props=\"{}\">\u00a0<\/span><\/p>\n<p><a href=\"https:\/\/www.comreg.ie\/media\/2023\/06\/Respect-Charter-Brochure-for-Click-Book-FINAL-5th-May-2020.pdf\">\u00cdosl\u00f3d\u00e1il Cairt Meas ComReg <\/a><\/p>\n<p>&nbsp;<\/p>\n","protected":false},"excerpt":{"rendered":"<p>Gealltanas Foll\u00e1ine ComReg\u00a0 T\u00e1 an-aird ag ComReg ar fholl\u00e1ine fostaithe. N\u00ed h\u00e9 go bhfuilimid ag teacht i dt\u00edr anois air! Ag breathn\u00fa siar le deich &hellip; <a href=\"https:\/\/www.comreg.ie\/ga\/fuinn\/gairmeacha\/cairt-follaine-agus-meas\/\"><\/a><\/p>\n","protected":false},"author":22,"featured_media":0,"parent":131351,"menu_order":7,"comment_status":"closed","ping_status":"closed","template":"templates\/template-topic-pages-noanchors.php","meta":{"_acf_changed":false,"_relevanssi_hide_post":"","_relevanssi_hide_content":"","_relevanssi_pin_for_all":"","_relevanssi_pin_keywords":"","_relevanssi_unpin_keywords":"","_relevanssi_related_keywords":"","_relevanssi_related_include_ids":"","_relevanssi_related_exclude_ids":"","_relevanssi_related_no_append":"","_relevanssi_related_not_related":"","_relevanssi_related_posts":"","_relevanssi_noindex_reason":"","footnotes":"","_wp_rev_ctl_limit":""},"class_list":["post-131844","page","type-page","status-publish","hentry"],"acf":[],"aioseo_notices":[],"_links":{"self":[{"href":"https:\/\/www.comreg.ie\/ga\/wp-json\/wp\/v2\/pages\/131844","targetHints":{"allow":["GET"]}}],"collection":[{"href":"https:\/\/www.comreg.ie\/ga\/wp-json\/wp\/v2\/pages"}],"about":[{"href":"https:\/\/www.comreg.ie\/ga\/wp-json\/wp\/v2\/types\/page"}],"author":[{"embeddable":true,"href":"https:\/\/www.comreg.ie\/ga\/wp-json\/wp\/v2\/users\/22"}],"replies":[{"embeddable":true,"href":"https:\/\/www.comreg.ie\/ga\/wp-json\/wp\/v2\/comments?post=131844"}],"version-history":[{"count":2,"href":"https:\/\/www.comreg.ie\/ga\/wp-json\/wp\/v2\/pages\/131844\/revisions"}],"predecessor-version":[{"id":131943,"href":"https:\/\/www.comreg.ie\/ga\/wp-json\/wp\/v2\/pages\/131844\/revisions\/131943"}],"up":[{"embeddable":true,"href":"https:\/\/www.comreg.ie\/ga\/wp-json\/wp\/v2\/pages\/131351"}],"wp:attachment":[{"href":"https:\/\/www.comreg.ie\/ga\/wp-json\/wp\/v2\/media?parent=131844"}],"curies":[{"name":"wp","href":"https:\/\/api.w.org\/{rel}","templated":true}]}}