{"id":132052,"date":"2024-11-14T17:27:14","date_gmt":"2024-11-14T17:27:14","guid":{"rendered":"https:\/\/www.comreg.ie\/?page_id=132052"},"modified":"2025-01-06T10:18:02","modified_gmt":"2025-01-06T10:18:02","slug":"annual-price-increases-ga","status":"publish","type":"page","link":"https:\/\/www.comreg.ie\/ga\/comhairle-eolas\/conarthai\/annual-price-increases-ga\/","title":{"rendered":"Arduithe Praghais Bliant\u00fala"},"content":{"rendered":"<p><strong><span class=\"TextRun SCXW53768388 BCX8\" lang=\"GD\" xml:lang=\"GD\" data-contrast=\"auto\"><span class=\"NormalTextRun SCXW53768388 BCX8\">Arduithe praghais bliant\u00fala do sheirbh\u00eds\u00ed f\u00f3in agus leathanbhanda<\/span><\/span><span class=\"EOP SCXW53768388 BCX8\" data-ccp-props=\"{}\">\u00a0<\/span><\/strong><\/p>\n<p>Cuireann go leor m\u00f3rshol\u00e1thr\u00f3ir\u00ed seirbh\u00edse ard\u00fa praghais uathoibr\u00edoch i bhfeidhm anois tar \u00e9is do chustaim\u00e9ir dul isteach i gconradh nua. Is f\u00e9idir an t-ard\u00fa praghais a r\u00edomh bunaithe ar mh\u00e9adraigh boilscithe amhail an Praghasinn\u00e9acs Tomhalt\u00f3ir\u00ed (PIT), c\u00e9atad\u00e1n seasta, PIT agus c\u00e9atad\u00e1n seasta le ch\u00e9ile, n\u00f3 m\u00e9id r\u00e9amhbheartaithe in aghaidh na m\u00edosa. De ghn\u00e1th, tarla\u00edonn na harduithe praghais seo go huathoibr\u00edoch i m\u00ed Aibre\u00e1in gach bliain.<\/p>\n<p><span data-contrast=\"auto\">Molann muid t\u00e9arma\u00ed agus coinn\u00edollacha do chonartha a sheice\u00e1il, n\u00f3 teagmh\u00e1il a dh\u00e9anamh le do shol\u00e1thr\u00f3ir seirbh\u00edse, chun a chinnti\u00fa go bhfuil t\u00fa ar an eolas faoi aon arduithe praghais a d&#8217;fh\u00e9adfadh a bheith san \u00e1ireamh i do chonradh.\u00a0<\/span><span data-ccp-props=\"{}\">\u00a0<\/span><\/p>\n<p><span data-contrast=\"auto\">M\u00e1 t\u00e1 t\u00fa ag iarraidh do chonradh a athr\u00fa n\u00f3 conradh nua a dh\u00e9anamh, b\u00ed ar an eolas nach bhfuil arduithe praghais conartha curtha i bhfeidhm ag roinnt sol\u00e1thr\u00f3ir\u00ed seirbh\u00edse, agus mar sin is f\u00e9idir leat an margadh is fearr a chuardach.<\/span><span data-ccp-props=\"{}\">\u00a0<\/span><\/p>\n<p><span data-contrast=\"auto\">Is \u00e9 an t-am is fearr chun margadh n\u00edos saoire a chuardach n\u00e1:<\/span><span data-ccp-props=\"{}\">\u00a0<\/span><\/p>\n<ul>\n<li data-leveltext=\"\uf0b7\" data-font=\"Symbol\" data-listid=\"1\" data-list-defn-props=\"{&quot;335552541&quot;:1,&quot;335559685&quot;:720,&quot;335559991&quot;:360,&quot;469769226&quot;:&quot;Symbol&quot;,&quot;469769242&quot;:[8226],&quot;469777803&quot;:&quot;left&quot;,&quot;469777804&quot;:&quot;\uf0b7&quot;,&quot;469777815&quot;:&quot;hybridMultilevel&quot;}\" aria-setsize=\"-1\" data-aria-posinset=\"1\" data-aria-level=\"1\"><span data-contrast=\"auto\">m\u00e1 t\u00e1 t\u00fa ag teacht go dt\u00ed deireadh d&#8217;\u00edost\u00e9arma conartha.<\/span><span data-ccp-props=\"{}\">\u00a0<\/span><\/li>\n<\/ul>\n<ul>\n<li data-leveltext=\"\uf0b7\" data-font=\"Symbol\" data-listid=\"1\" data-list-defn-props=\"{&quot;335552541&quot;:1,&quot;335559685&quot;:720,&quot;335559991&quot;:360,&quot;469769226&quot;:&quot;Symbol&quot;,&quot;469769242&quot;:[8226],&quot;469777803&quot;:&quot;left&quot;,&quot;469777804&quot;:&quot;\uf0b7&quot;,&quot;469777815&quot;:&quot;hybridMultilevel&quot;}\" aria-setsize=\"-1\" data-aria-posinset=\"2\" data-aria-level=\"1\"><span data-contrast=\"auto\">mura bhfuil t\u00fa taobh istigh d&#8217;\u00edost\u00e9arma do chonartha n\u00edos m\u00f3.<\/span><span data-ccp-props=\"{}\">\u00a0<\/span><\/li>\n<\/ul>\n<p><span data-contrast=\"auto\">M\u00e1 t\u00e1 ard\u00fa praghais san \u00e1ireamh i do chonradh, de ghn\u00e1th n\u00ed f\u00e9idir leat do chonradh a athr\u00fa n\u00f3 deireadh a chur leis gan phion\u00f3s, ach amh\u00e1in m\u00e1 t\u00e1 t\u00fa taobh amuigh de d&#8217;\u00edost\u00e9arma.<\/span><span data-ccp-props=\"{}\">\u00a0<\/span><\/p>\n<p><span data-contrast=\"auto\">Mar sin f\u00e9in, mura bhfuil ard\u00fa praghais san \u00e1ireamh i do chonradh n\u00f3 m\u00e1 t\u00e1 t\u00fa taobh amuigh de d&#8217;\u00edost\u00e9arma, is f\u00e9idir leat athr\u00fa gan phion\u00f3s m\u00e1 thagann ard\u00fa ar an bpraghas.<\/span><span data-ccp-props=\"{}\">\u00a0<\/span><\/p>\n<p><span data-contrast=\"auto\">Mura bhfuil ard\u00fa praghais san \u00e1ireamh i do chonradh, n\u00ed m\u00f3r do do shol\u00e1thr\u00f3ir seirbh\u00edse t\u00fa a chur ar an eolas faoi aon athruithe ar do chonradh. N\u00ed m\u00f3r d\u00f3ibh \u00e9 seo a dh\u00e9anamh tr\u00ed fh\u00f3gra m\u00edosa ar a laghad a thabhairt duit faoin athr\u00fa agus n\u00ed m\u00f3r d\u00f3ibh t\u00fa a chur ar an eolas, m\u00e1s cu\u00ed, faoin gceart at\u00e1 agat deireadh a chur le do chonradh gan phion\u00f3s.<\/span><span data-ccp-props=\"{}\">\u00a0<\/span><\/p>\n<p><span data-contrast=\"auto\">Cl\u00fada\u00edtear sa chonradh an plean praghsanna agus t\u00e9arma\u00ed agus coinn\u00edollacha eile.\u00a0<\/span><span data-ccp-props=\"{}\">\u00a0<\/span><\/p>\n<p><span data-contrast=\"auto\">Roinnt leideanna\u00a0<\/span><span data-ccp-props=\"{}\">\u00a0<\/span><\/p>\n<ul>\n<li data-leveltext=\"\uf0b7\" data-font=\"Symbol\" data-listid=\"2\" data-list-defn-props=\"{&quot;335552541&quot;:1,&quot;335559685&quot;:720,&quot;335559991&quot;:360,&quot;469769226&quot;:&quot;Symbol&quot;,&quot;469769242&quot;:[8226],&quot;469777803&quot;:&quot;left&quot;,&quot;469777804&quot;:&quot;\uf0b7&quot;,&quot;469777815&quot;:&quot;hybridMultilevel&quot;}\" aria-setsize=\"-1\" data-aria-posinset=\"1\" data-aria-level=\"1\"><span data-contrast=\"auto\">F\u00e9ach ar na sol\u00e1thr\u00f3ir\u00ed seirbh\u00edse a bhfuil ard\u00fa praghais san \u00e1ireamh acu, agus orthu si\u00fad nach bhfuil.<\/span><span data-ccp-props=\"{}\">\u00a0<\/span><\/li>\n<\/ul>\n<ul>\n<li data-leveltext=\"\uf0b7\" data-font=\"Symbol\" data-listid=\"2\" data-list-defn-props=\"{&quot;335552541&quot;:1,&quot;335559685&quot;:720,&quot;335559991&quot;:360,&quot;469769226&quot;:&quot;Symbol&quot;,&quot;469769242&quot;:[8226],&quot;469777803&quot;:&quot;left&quot;,&quot;469777804&quot;:&quot;\uf0b7&quot;,&quot;469777815&quot;:&quot;hybridMultilevel&quot;}\" aria-setsize=\"-1\" data-aria-posinset=\"2\" data-aria-level=\"1\"><span data-contrast=\"auto\">Tarla\u00edonn arduithe praghais conartha i m\u00ed Aibre\u00e1in de ghn\u00e1th, agus mar sin smaoinigh ar an am den bhliain a dh\u00e9anann t\u00fa conradh nua le m\u00e9ad\u00fa praghais san \u00e1ireamh.<\/span><span data-ccp-props=\"{}\">\u00a0<\/span><\/li>\n<\/ul>\n<ul>\n<li data-leveltext=\"\uf0b7\" data-font=\"Symbol\" data-listid=\"2\" data-list-defn-props=\"{&quot;335552541&quot;:1,&quot;335559685&quot;:720,&quot;335559991&quot;:360,&quot;469769226&quot;:&quot;Symbol&quot;,&quot;469769242&quot;:[8226],&quot;469777803&quot;:&quot;left&quot;,&quot;469777804&quot;:&quot;\uf0b7&quot;,&quot;469777815&quot;:&quot;hybridMultilevel&quot;}\" aria-setsize=\"-1\" data-aria-posinset=\"3\" data-aria-level=\"1\"><span data-contrast=\"auto\">Smaoinigh ar chonradh \u00edost\u00e9arma n\u00edos giorra, amhail 12 mh\u00ed n\u00f3 conradh gan aon t\u00e9arma \u00edosta.<\/span><span data-ccp-props=\"{}\">\u00a0<\/span><\/li>\n<\/ul>\n<ul>\n<li data-leveltext=\"\uf0b7\" data-font=\"Symbol\" data-listid=\"2\" data-list-defn-props=\"{&quot;335552541&quot;:1,&quot;335559685&quot;:720,&quot;335559991&quot;:360,&quot;469769226&quot;:&quot;Symbol&quot;,&quot;469769242&quot;:[8226],&quot;469777803&quot;:&quot;left&quot;,&quot;469777804&quot;:&quot;\uf0b7&quot;,&quot;469777815&quot;:&quot;hybridMultilevel&quot;}\" aria-setsize=\"-1\" data-aria-posinset=\"4\" data-aria-level=\"1\"><span data-contrast=\"auto\">Smaoinigh ar phlean SIM amh\u00e1in &#8211; is minic a bh\u00edonn costais s\u00ednti\u00fais n\u00edos \u00edsle acu seo a d&#8217;fh\u00e9adfadh tionchar airgeadais aon arduithe praghais a bhaineann le CPI a laghd\u00fa.<\/span><span data-ccp-props=\"{}\">\u00a0<\/span><\/li>\n<\/ul>\n<p><span class=\"TextRun SCXW119453539 BCX8\" lang=\"GD\" xml:lang=\"GD\" data-contrast=\"auto\"><span class=\"NormalTextRun SCXW119453539 BCX8\">Seo sampla den chostas breise a d&#8217;fh\u00e9adfadh a bheith mar thoradh ar ard\u00fa praghais bliant\u00fail a bhaineann le CPI:<\/span><\/span><\/p>\n<p><a href=\"https:\/\/www.comreg.ie\/media\/2024\/11\/graphic_final-1.png\"><img loading=\"lazy\" decoding=\"async\" class=\"alignnone wp-image-132055\" src=\"https:\/\/www.comreg.ie\/media\/2024\/11\/graphic_final-1.png\" alt=\"\" width=\"765\" height=\"574\" \/><\/a><\/p>\n<p><b>Is sampla \u00e9 seo de chonradh 24 m\u00ed le hard\u00fa praghais bliant\u00fail CPI+ san \u00e1ireamh sa chonradh.<\/b><\/p>\n<p>I m\u00ed an Mh\u00e1rta i mbliain 1, cuireann custaim\u00e9ir a (h)ainm le seirbh\u00eds a chosna\u00edonn \u20ac62.17 in aghaidh na m\u00edosa, lena n-\u00e1ir\u00edtear ard\u00fa praghais bliant\u00fail CPI +3%. An bhliain sin, f\u00f3gra\u00edtear an praghasinn\u00e9acs tomhalt\u00f3ir\u00ed mar mh\u00e9ad\u00fa 8.2%. D\u00e1 bhr\u00ed sin, ard\u00f3far bille m\u00edos\u00fail an chustaim\u00e9ara go dt\u00ed \u20ac69.13, m\u00e9ad\u00fa 11.2% \u00f3 mh\u00ed Aibre\u00e1in, sin 8.2% m\u00f3ide 3%. An bhliain d\u00e1r gcionn, f\u00f3gra\u00edtear an praghasinn\u00e9acs tomhalt\u00f3ir\u00ed mar mh\u00e9ad\u00fa 3.9%. D\u00e1 bhr\u00ed sin, ard\u00f3far bille m\u00edos\u00fail an chustaim\u00e9ara go dt\u00ed \u20ac74.38, m\u00e9ad\u00fa 6.9% \u00f3 mh\u00ed Aibre\u00e1in i mbliain 2, sin 3.9% m\u00f3ide 3%. Le linn chonradh 24 m\u00ed d&#8217;\u00edocfadh an custaim\u00e9ir \u20ac217.83 sa bhreis.<\/p>\n<p><span data-ccp-props=\"{}\">\u00a0<\/span><\/p>\n<p><span data-contrast=\"auto\">T\u00e1 tuilleadh eolais maidir le <\/span><a href=\"https:\/\/www.comreg.ie\/ga\/comhairle-eolas\/athru-solathroiri\/\"><span data-contrast=\"none\">hathr\u00fa<\/span><\/a><span data-contrast=\"auto\"> agus le <\/span><a href=\"https:\/\/www.comreg.ie\/advice-information\/contracts\/\"><span data-contrast=\"none\">conartha\u00ed<\/span><\/a><span data-contrast=\"auto\"> againn chun cuidi\u00fa leat.<\/span><span data-ccp-props=\"{}\">\u00a0<\/span><\/p>\n","protected":false},"excerpt":{"rendered":"<p>Arduithe praghais bliant\u00fala do sheirbh\u00eds\u00ed f\u00f3in agus leathanbhanda\u00a0 Cuireann go leor m\u00f3rshol\u00e1thr\u00f3ir\u00ed seirbh\u00edse ard\u00fa praghais uathoibr\u00edoch i bhfeidhm anois tar \u00e9is do chustaim\u00e9ir dul isteach &hellip; <a href=\"https:\/\/www.comreg.ie\/ga\/comhairle-eolas\/conarthai\/annual-price-increases-ga\/\"><\/a><\/p>\n","protected":false},"author":69,"featured_media":0,"parent":90340,"menu_order":0,"comment_status":"closed","ping_status":"closed","template":"templates\/template-topic-pages-noanchors.php","meta":{"_acf_changed":false,"_relevanssi_hide_post":"","_relevanssi_hide_content":"","_relevanssi_pin_for_all":"","_relevanssi_pin_keywords":"","_relevanssi_unpin_keywords":"","_relevanssi_related_keywords":"","_relevanssi_related_include_ids":"","_relevanssi_related_exclude_ids":"","_relevanssi_related_no_append":"","_relevanssi_related_not_related":"","_relevanssi_related_posts":"","_relevanssi_noindex_reason":"","footnotes":"","_wp_rev_ctl_limit":""},"class_list":["post-132052","page","type-page","status-publish","hentry","page_category-consumer"],"acf":[],"aioseo_notices":[],"_links":{"self":[{"href":"https:\/\/www.comreg.ie\/ga\/wp-json\/wp\/v2\/pages\/132052","targetHints":{"allow":["GET"]}}],"collection":[{"href":"https:\/\/www.comreg.ie\/ga\/wp-json\/wp\/v2\/pages"}],"about":[{"href":"https:\/\/www.comreg.ie\/ga\/wp-json\/wp\/v2\/types\/page"}],"author":[{"embeddable":true,"href":"https:\/\/www.comreg.ie\/ga\/wp-json\/wp\/v2\/users\/69"}],"replies":[{"embeddable":true,"href":"https:\/\/www.comreg.ie\/ga\/wp-json\/wp\/v2\/comments?post=132052"}],"version-history":[{"count":14,"href":"https:\/\/www.comreg.ie\/ga\/wp-json\/wp\/v2\/pages\/132052\/revisions"}],"predecessor-version":[{"id":132807,"href":"https:\/\/www.comreg.ie\/ga\/wp-json\/wp\/v2\/pages\/132052\/revisions\/132807"}],"up":[{"embeddable":true,"href":"https:\/\/www.comreg.ie\/ga\/wp-json\/wp\/v2\/pages\/90340"}],"wp:attachment":[{"href":"https:\/\/www.comreg.ie\/ga\/wp-json\/wp\/v2\/media?parent=132052"}],"curies":[{"name":"wp","href":"https:\/\/api.w.org\/{rel}","templated":true}]}}