{"id":132250,"date":"2024-11-29T16:28:08","date_gmt":"2024-11-29T16:28:08","guid":{"rendered":"https:\/\/www.comreg.ie\/?page_id=132250"},"modified":"2024-12-02T12:25:58","modified_gmt":"2024-12-02T12:25:58","slug":"ceisteanna-agat","status":"publish","type":"page","link":"https:\/\/www.comreg.ie\/ga\/ceisteanna-agat\/","title":{"rendered":"Ceisteanna agat?"},"content":{"rendered":"<h3>C\u00e9ard \u00e9 Compare?<\/h3>\n<p>Is uirlis idirghn\u00edomhach neamhsple\u00e1ch \u00e9 an feidhmchl\u00e1r ar l\u00edne Compare ina gcuirtear liosta ar f\u00e1il de raon leathan pleananna sol\u00e1thr\u00f3ir\u00ed seirbh\u00edse le haghaidh seirbh\u00eds\u00ed m\u00f3ib\u00edleacha, f\u00f3n baile, leathanbhanda agus seirbh\u00eds\u00ed a dh\u00edoltar le ch\u00e9ile.<\/p>\n<p>Cuireann ComReg an tseirbh\u00eds seo ar f\u00e1il i gcomhr\u00e9ir lena dhualgas dl\u00edthi\u00fail chun cur ar chumas tomhalt\u00f3ir\u00ed roghanna eolasacha a dh\u00e9anamh agus cinneadh \u00e1 dh\u00e9anamh sol\u00e1thr\u00f3ir\u00ed seirbh\u00edse cumars\u00e1ide a athr\u00fa n\u00f3 pleananna a athr\u00fa leis an sol\u00e1thr\u00f3ir seirbh\u00edse c\u00e9anna. Is \u00e9 sprioc ComReg \u00e1iseanna a thairiscint do thomhalt\u00f3ir\u00ed chun compar\u00e1id chruinn a dh\u00e9anamh idir pleananna sol\u00e1thr\u00f3ir\u00ed seirbh\u00edse agus scagair\u00ed \u00e1 n-\u00fas\u00e1id acu chun an cuardach a laghd\u00fa go dt\u00ed an m\u00e9id at\u00e1 \u00e1 lorg ag an tomhalt\u00f3ir.<\/p>\n<p>Is chun cr\u00edocha faisn\u00e9ise amh\u00e1in at\u00e1 an t-iarratas seo ar l\u00edne ag Compare. Cuireann ComReg an tseirbh\u00eds seo ar f\u00e1il chun rochtain an phobail ar fhaisn\u00e9is a fheabhs\u00fa.<\/p>\n<h3>C\u00e1 as a dtagann na sonra\u00ed le haghaidh Compare?<\/h3>\n<p>Faigheann ComReg faisn\u00e9is \u00f3 gach sol\u00e1thr\u00f3ir seirbh\u00edse \u00f3 am go ch\u00e9ile. Mar sin f\u00e9in, d&#8217;fh\u00e9adfadh faisn\u00e9is n\u00edos cothroime le d\u00e1ta a bheith ar f\u00e1il ar shu\u00edomhanna gr\u00e9as\u00e1in na sol\u00e1thr\u00f3ir\u00ed seirbh\u00edse f\u00e9in. C\u00e9 go nd\u00e9anann ComReg iarracht tortha\u00ed cruinne a thaispe\u00e1int san acmhainn ar l\u00edne seo, ba cheart do gach \u00fas\u00e1ideoir teagmh\u00e1il dh\u00edreach a dh\u00e9anamh lena rogha sol\u00e1thr\u00f3ir seirbh\u00edse chun sonra\u00ed an phlean a dhearbh\u00fa sula nd\u00e9anann siad conradh. D&#8217;fh\u00e9adfadh tuilleadh faisn\u00e9ise faoi na seirbh\u00eds\u00ed sin a bheith ar f\u00e1il \u00f3 shu\u00edomh gr\u00e9as\u00e1in an tsol\u00e1thr\u00f3ra seirbh\u00edse \u00e1bhartha.<\/p>\n<h3>C\u00e9n f\u00e1th nach bhfuil gach sol\u00e1thr\u00f3ir seirbh\u00edse liostaithe?<\/h3>\n<p>Is \u00e9 sprioc ComReg faisn\u00e9is a chur ar f\u00e1il ar raon leathan tairiscint\u00ed a chl\u00fada\u00edonn cuid shuntasach den mhargadh, ach n\u00ed forl\u00e9argas ioml\u00e1n \u00e9 ar an margadh, agus d\u00e1 bhr\u00ed sin n\u00edl gach sol\u00e1thr\u00f3ir seirbh\u00edse liostaithe.<\/p>\n<p><strong>M\u00edni\u00fa ar roinnt t\u00e9arma\u00ed coitianta<\/strong><\/p>\n<h3>C\u00e9ard is beart ann?<\/h3>\n<p>Is bealach \u00e1isi\u00fail \u00e9 beart chun measc\u00e1n seirbh\u00eds\u00ed a fh\u00e1il lena n-\u00e1ir\u00edtear leathanbhanda, m\u00f3ib\u00edleach, f\u00f3n baile agus teilif\u00eds \u00f3 shol\u00e1thr\u00f3ir amh\u00e1in. D&#8217;fh\u00e9adfadh na seirbh\u00eds\u00ed seo a bheith n\u00edos saoire n\u00e1 \u00edoc as gach seirbh\u00eds ina n-aonar agus d\u00e9anfar iad a bhille\u00e1il le ch\u00e9ile, seachas bill\u00ed ar leith a fh\u00e1il do gach seirbh\u00eds gach m\u00ed.<\/p>\n<h3>C\u00e9ard iad na cine\u00e1lacha \u00e9ags\u00fala pleananna m\u00f3ib\u00edleacha?<\/h3>\n<p><strong>\u00cdoca\u00edocht bille<\/strong> &#8211; \u00cdocann t\u00fa bille m\u00edos\u00fail ar phraghas socraithe \u00f3 do shol\u00e1thr\u00f3ir mh\u00f3ib\u00edleach as na seirbh\u00eds\u00ed a d&#8217;\u00fas\u00e1id t\u00fa an mh\u00ed roimhe sin. Is iond\u00fail go maireann an conradh \u00f3 mh\u00ed go m\u00ed, 12 n\u00f3 24 mh\u00ed.<\/p>\n<p>M\u00e1 th\u00e9ann t\u00fa os cionn do li\u00fantais glaonna, t\u00e9acsanna agus sonra\u00ed beidh ort breis a \u00edoc.<br \/>\nIs iond\u00fail go n-\u00e1ir\u00edtear i bpleananna bille-\u00edoca\u00edochta gl\u00e9as l\u00e1imhe guth\u00e1n p\u00f3ca nua n\u00f3 athch\u00f3irithe sa chonradh, a bhf\u00e9adfadh praghas lascainithe a bheith aige bunaithe ar an gcine\u00e1l conartha bille-\u00edoca\u00edochta a rinneadh. T\u00e1 rogha ann freisin maidir le plean SIM amh\u00e1in, nach gcuireann an sol\u00e1thr\u00f3ir seirbh\u00edse gl\u00e9as l\u00e1imhe ar f\u00e1il, ach go n-\u00edocann t\u00fa conradh m\u00edos\u00fail le haghaidh glaonna, t\u00e9acsanna agus sonra\u00ed.<\/p>\n<p><strong>R\u00e9amh\u00edoc<\/strong> &#8211; Is rogha \u00edoc-mar-a-\u00fas\u00e1idtear \u00e9 seo. Ceanna\u00edonn t\u00fa creidmheas \u00f3 ionaid dh\u00edola ar n\u00f3s siopa\u00ed, meais\u00edn\u00ed bainc agus ar l\u00edne, agus cuireann t\u00fa breis creidmheasa ar d&#8217;fh\u00f3n nuair a bh\u00edonn g\u00e1 leis. D\u2019fh\u00e9adfadh go n-\u00e1ireofa\u00ed i do phlean m\u00f3ib\u00edleach srian ar an m\u00e9id sonra\u00ed is f\u00e9idir leat a \u00fas\u00e1id, teorainn ar an l\u00edon n\u00f3im\u00e9ad a chaitheann t\u00fa ar ghlaonna, n\u00f3 l\u00edon na dt\u00e9acsanna is f\u00e9idir leat a sheoladh laistigh de thr\u00e9imhse shonraithe (m\u00ed de ghn\u00e1th). N\u00ed g\u00e1 duit conradh ar th\u00e9arma seasta a dh\u00e9anamh agus is f\u00e9idir leat stop a chur le h\u00fas\u00e1id na seirbh\u00edse ag am ar bith. D&#8217;fh\u00e9adfadh gl\u00e9as l\u00e1imhe guth\u00e1n p\u00f3ca nua n\u00f3 athch\u00f3irithe a bheith i gceist leis seo a \u00edoctar de ghn\u00e1th roimh r\u00e9.<\/p>\n<p>T\u00e1 tuilleadh eolais maidir le pleananna m\u00f3ib\u00edleacha in\u00e1r rann\u00e1n gr\u00e9as\u00e1in tiomnaithe <a href=\"https:\/\/www.comreg.ie\/advice-information\/mobile\/\">anseo<\/a>.<\/p>\n<h3>C\u00e9ard iad na cine\u00e1lacha \u00e9ags\u00fala teicneola\u00edochta m\u00f3ib\u00edl\u00ed?<\/h3>\n<p>Seasann an \u2018G\u2019 do \u2018Ghl\u00fain\u2019 na teicneola\u00edochta guth\u00e1n p\u00f3ca, mar shampla, is \u00e9 5G an C\u00faigi\u00fa Gl\u00fain. Bh\u00ed gach forbairt ar an teicneola\u00edocht mh\u00f3ib\u00edleach in ann seirbh\u00eds\u00ed idirl\u00edn m\u00f3ib\u00edleacha n\u00edos tap\u00fala (sonra\u00ed) a chur ar f\u00e1il, rud a chuir ar chumas f\u00e1s bliain i ndiaidh bliana ar thomhaltas sonra\u00ed, an tseirbh\u00eds mh\u00f3ib\u00edleach is m\u00f3 a \u00fas\u00e1ideann tomhalt\u00f3ir\u00ed \u00c9ireannacha.<\/p>\n<p>T\u00e1 tuilleadh eolais maidir le teicneola\u00edocht mh\u00f3ib\u00edleach ar \u00e1r <a href=\"https:\/\/www.comreg.ie\/advice-information\/mobile\/mobile-technology-explained\/\">leathanach gr\u00e9as\u00e1in<\/a>.<\/p>\n<h3>C\u00e9ard iad na cine\u00e1lacha \u00e9ags\u00fala teicneola\u00edochta leathanbhanda?<\/h3>\n<p>Cuirtear roinnt cine\u00e1lacha \u00e9ags\u00fala teicneola\u00edochta leathanbhanda ar f\u00e1il do thithe agus do ghn\u00f3nna in \u00c9irinn. Braitheann an nasc leathanbhanda at\u00e1 ar f\u00e1il duit ar do cheantar c\u00f3naithe, ar an teicneola\u00edocht at\u00e1 ar f\u00e1il agus ar na sol\u00e1thr\u00f3ir\u00ed seirbh\u00edse at\u00e1 ag feidhmi\u00fa i do cheantar. \u00c1ir\u00edtear ar na pr\u00edomhchine\u00e1lacha nasc leathanbhanda at\u00e1 ar f\u00e1il in \u00c9irinn sn\u00e1ith\u00edn, p\u00e1irt-sn\u00e1ith\u00edn, c\u00e1bla, copar, seasta gan sreang, satail\u00edt agus m\u00f3ib\u00edleach. T\u00e1 tuilleadh eolais maidir le teicneola\u00edocht leathanbhanda ar <a href=\"https:\/\/www.comreg.ie\/ga\/comhairle-eolas\/leathanbhanda-guthan-baile\/cinealacha-leathanbhanda\/\">\u00e1r leathanach gr\u00e9as\u00e1in tiomnaithe<\/a>.<\/p>\n<h3>C\u00e9ard a chialla\u00edonn luas leathanbhanda?<\/h3>\n<p>Rud a luaitear go minic agus leathanbhanda \u00e1 cheannach, n\u00f3 nuair a fh\u00f3gra\u00edtear \u00e9, n\u00e1 luas leathanbhanda. D\u00e9antar \u00e9 seo a thomhas de ghn\u00e1th i meigighiot\u00e1in sa soicind (Mbps) n\u00f3 gigighiot\u00e1in sa soicind (Gbps). Is ionann gigighiot\u00e1n amh\u00e1in sa soicind (1Gbps) agus m\u00edle meigighiot\u00e1n sa soicind (1000Mbps), a bheag n\u00f3 a mh\u00f3r. D\u00e1 mh\u00e9ad meigibheart a bh\u00edonn an, is amhlaidh is tap\u00fala a bheidh do nasc leathanbhanda agus beidh s\u00e9 ar chaighde\u00e1n n\u00edos fearr, ach na facht\u00f3ir\u00ed eile a bheith mar an gc\u00e9anna. T\u00e1 tuilleadh eolais maidir le teicneola\u00edocht agus luas leathanbhanda ar \u00e1r <a href=\"https:\/\/www.comreg.ie\/advice-information\/broadband-and-home-phone\/types-of-broadband-technology\/\">leathanach gr\u00e9as\u00e1in<\/a>.<\/p>\n<h3>C\u00e9ard iad Arduithe Praghais Bliant\u00fala (ar a dtugtar CPI freisin)?<\/h3>\n<p>I bhformh\u00f3r na sol\u00e1thr\u00f3ir\u00ed m\u00f3ra seirbh\u00edse, ach n\u00ed hiad go l\u00e9ir, b\u00edonn ard\u00fa praghais san \u00e1ireamh i gconartha\u00ed nua. Is f\u00e9idir na harduithe praghais seo a r\u00edomh bunaithe ar bhoilsci\u00fa, c\u00e9atad\u00e1n seasta n\u00f3 an d\u00e1 rud agus uaireanta tugtar Praghasinn\u00e9acs Tomhalt\u00f3ir\u00ed Plus (CPI+) orthu. De ghn\u00e1th, tarla\u00edonn an t-ard\u00fa praghais seo go huathoibr\u00edoch i m\u00ed Aibre\u00e1in gach bliain. N\u00ed shocra\u00edonn n\u00e1 n\u00ed cheada\u00edonn ComReg praghsanna miond\u00edola. T\u00e1 tuilleadh eolais maidir le h<strong>Arduithe Praghais Bliant\u00fala <\/strong>ar f\u00e1il <a href=\"https:\/\/www.comreg.ie\/ga\/comhairle-eolas\/conarthai\/annual-price-increases-ga\/\">anseo<\/a>.<\/p>\n<h3>C\u00e9ard a chialla\u00edonn me\u00e1nchostas m\u00edos\u00fail conartha?<\/h3>\n<p>Is r\u00edomh me\u00e1nchostais \u00e9 seo do gach m\u00ed den chonradh, bunaithe ar na costais go l\u00e9ir at\u00e1 san \u00e1ireamh sa chonradh [seachas r\u00edomh an ardaithe praghais bhliant\u00fail]. Is \u00e9 me\u00e1nchostas m\u00edos\u00fail an chonartha costas ioml\u00e1n an chonartha roinnte ar fhad an chonartha.<\/p>\n<h3>C\u00e9ard a chialla\u00edonn costas ioml\u00e1n conartha?<\/h3>\n<p>Is costas ioml\u00e1n \u00e9 seo de na costais go l\u00e9ir at\u00e1 san \u00e1ireamh sa chonradh [seachas r\u00edomh an ardaithe praghais bhliant\u00fail]. Is \u00e9 an costas ioml\u00e1n conartha an costas in aghaidh na m\u00edosa do l\u00edon na m\u00edonna ag an r\u00e1ta lascainithe (m\u00e1 chuirtear lascaine i bhfeidhm) m\u00f3ide an costas in aghaidh na m\u00edosa ina dhiaidh sin do na m\u00edonna neamh-lascainithe at\u00e1 f\u00e1gtha m\u00f3ide na costais tosaigh [m\u00e1s ann] m\u00f3ide na costais ghl\u00e9is l\u00e1imhe [m\u00e1s ann d\u00f3ibh].<\/p>\n<h3>C\u00e9ard a chialla\u00edonn costas tosaigh?<\/h3>\n<p>Is \u00e9 seo an m\u00e9id tosaigh a \u00edocann t\u00fa agus t\u00fa ag cl\u00e1r\u00fa le haghaidh conartha, is \u00e9 sin an ch\u00e9ad \u00edoca\u00edocht a dh\u00e9anann t\u00fa roimh do ch\u00e9ad bhille m\u00edos\u00fail. Is sampla\u00ed de chostais tosaigh iad t\u00e1ill\u00ed suite\u00e1la, t\u00e1ill\u00ed gn\u00edomhachtaithe agus costais ghl\u00e9is l\u00e1imhe mh\u00f3ib\u00edligh.<\/p>\n<h3>Conas faisn\u00e9is mh\u00edcheart a thuairisci\u00fa?<\/h3>\n<p>M\u00e1 chreideann t\u00fa go bhfuil roinnt faisn\u00e9ise ar Compare m\u00edcheart, seol r\u00edomhphost chuig <a href=\"mailto:comparefeedback@comreg.ie\">comparefeedback@comreg.ie<\/a> leis na sonra\u00ed.<\/p>\n<p>M\u00e1 theasta\u00edonn tuilleadh c\u00fanaimh uait, d\u00e9an teagmh\u00e1il len\u00e1r <a href=\"https:\/\/www.comreg.ie\/advice-information\/consumer-care\/\">bhfoireann C\u00faraim Tomhalt\u00f3ir\u00ed<\/a>.<\/p>\n<h3>Conas a dh\u00e9anann sol\u00e1thr\u00f3ir teagmh\u00e1il le ComReg chun a bheith liostaithe ar Compare?<\/h3>\n<p>M\u00e1s sol\u00e1thr\u00f3ir seirbh\u00edse cl\u00e1raithe th\u00fa a thairgeann seirbh\u00eds\u00ed m\u00f3ib\u00edleacha, leathanbhanda, f\u00f3n baile n\u00f3 seirbh\u00eds\u00ed a dh\u00edoltar le ch\u00e9ile do thomhalt\u00f3ir\u00ed i bPoblacht na h\u00c9ireann, d\u00e9an teagmh\u00e1il le <a href=\"mailto:comparefeedback@comreg.ie\">comparefeedback@comreg.ie<\/a>.<\/p>\n","protected":false},"excerpt":{"rendered":"<p>C\u00e9ard \u00e9 Compare? Is uirlis idirghn\u00edomhach neamhsple\u00e1ch \u00e9 an feidhmchl\u00e1r ar l\u00edne Compare ina gcuirtear liosta ar f\u00e1il de raon leathan pleananna sol\u00e1thr\u00f3ir\u00ed seirbh\u00edse le &hellip; <a href=\"https:\/\/www.comreg.ie\/ga\/ceisteanna-agat\/\"><\/a><\/p>\n","protected":false},"author":57,"featured_media":0,"parent":0,"menu_order":99,"comment_status":"closed","ping_status":"closed","template":"templates\/template-topic-pages-noanchors.php","meta":{"_acf_changed":false,"_relevanssi_hide_post":"","_relevanssi_hide_content":"","_relevanssi_pin_for_all":"","_relevanssi_pin_keywords":"","_relevanssi_unpin_keywords":"","_relevanssi_related_keywords":"","_relevanssi_related_include_ids":"","_relevanssi_related_exclude_ids":"","_relevanssi_related_no_append":"","_relevanssi_related_not_related":"","_relevanssi_related_posts":"","_relevanssi_noindex_reason":"","footnotes":"","_wp_rev_ctl_limit":""},"class_list":["post-132250","page","type-page","status-publish","hentry","page_category-consumer"],"acf":[],"aioseo_notices":[],"_links":{"self":[{"href":"https:\/\/www.comreg.ie\/ga\/wp-json\/wp\/v2\/pages\/132250","targetHints":{"allow":["GET"]}}],"collection":[{"href":"https:\/\/www.comreg.ie\/ga\/wp-json\/wp\/v2\/pages"}],"about":[{"href":"https:\/\/www.comreg.ie\/ga\/wp-json\/wp\/v2\/types\/page"}],"author":[{"embeddable":true,"href":"https:\/\/www.comreg.ie\/ga\/wp-json\/wp\/v2\/users\/57"}],"replies":[{"embeddable":true,"href":"https:\/\/www.comreg.ie\/ga\/wp-json\/wp\/v2\/comments?post=132250"}],"version-history":[{"count":2,"href":"https:\/\/www.comreg.ie\/ga\/wp-json\/wp\/v2\/pages\/132250\/revisions"}],"predecessor-version":[{"id":132291,"href":"https:\/\/www.comreg.ie\/ga\/wp-json\/wp\/v2\/pages\/132250\/revisions\/132291"}],"wp:attachment":[{"href":"https:\/\/www.comreg.ie\/ga\/wp-json\/wp\/v2\/media?parent=132250"}],"curies":[{"name":"wp","href":"https:\/\/api.w.org\/{rel}","templated":true}]}}