{"id":133314,"date":"2025-02-14T16:25:37","date_gmt":"2025-02-14T16:25:37","guid":{"rendered":"https:\/\/www.comreg.ie\/?page_id=133314"},"modified":"2025-06-05T10:08:15","modified_gmt":"2025-06-05T10:08:15","slug":"sms-sender-id-registry","status":"publish","type":"page","link":"https:\/\/www.comreg.ie\/ga\/tionsclaiocht\/cumarsaid-leictreonach\/nuisance-communications\/sms-sender-id-registry\/","title":{"rendered":"Cl\u00e1rlann Aitheantas Seolt\u00f3ra SMS"},"content":{"rendered":"<p>&nbsp;<\/p>\n<p><a href=\"https:\/\/www.comreg.ie\/media\/2024\/12\/iStock-1219700578-e1738075193699.jpg\"><img loading=\"lazy\" decoding=\"async\" class=\"wp-image-132578 \" src=\"https:\/\/www.comreg.ie\/media\/2024\/12\/iStock-1219700578-e1738075193699.jpg\" alt=\"\" width=\"811\" height=\"392\" srcset=\"https:\/\/www.comreg.ie\/media\/2024\/12\/iStock-1219700578-e1738075193699.jpg 2119w, https:\/\/www.comreg.ie\/media\/2024\/12\/iStock-1219700578-e1738075193699-300x145.jpg 300w, https:\/\/www.comreg.ie\/media\/2024\/12\/iStock-1219700578-e1738075193699-1024x495.jpg 1024w, https:\/\/www.comreg.ie\/media\/2024\/12\/iStock-1219700578-e1738075193699-1536x742.jpg 1536w, https:\/\/www.comreg.ie\/media\/2024\/12\/iStock-1219700578-e1738075193699-2048x990.jpg 2048w\" sizes=\"auto, (max-width: 811px) 100vw, 811px\" \/><\/a><\/p>\n<p>T\u00e1 teachtaireachta\u00ed camsc\u00e9ime ag baint an bonn de chain\u00e9al cumars\u00e1ide na Seirbh\u00edse Gearrtheachtaireachta\u00ed (SMS) in \u00c9irinn, agus t\u00e1 muin\u00edn \u00e1 cailleadh ag tomhalt\u00f3ir\u00ed agus eagra\u00edochta\u00ed in SMS.<\/p>\n<p>L\u00e9ir\u00edonn taighde a choimisi\u00fanaigh ComReg gur tharla an m\u00e9id seo a leanas in \u00c9irinn in 2022:<\/p>\n<ul>\n<li>365,000 c\u00e1s calaoise mar thoradh ar ghlaonna agus teachtaireachta\u00ed camsc\u00e9ime,<\/li>\n<li>suas le 89 milli\u00fan cumars\u00e1id chiapacha\/bhearr\u00e1nacha,<\/li>\n<li>31 milli\u00fan cumars\u00e1id chiapacha; agus<\/li>\n<li>n\u00edos m\u00f3 n\u00e1 5,000 gn\u00f3 a bh\u00ed ina n-\u00edospartaigh calaoise tar \u00e9is d\u00f3ibh glaonna agus teachtaireachta\u00ed camsc\u00e9ime a fh\u00e1il<\/li>\n<\/ul>\n<p>Measann ComReg gurb ionann an dochar ioml\u00e1n inchainn\u00edochtaithe do shocha\u00ed na h\u00c9ireann de bharr glaonna agus teachtaireachta\u00ed camsc\u00e9ime agus breis agus \u20ac300 milli\u00fan in aghaidh na bliana.<\/p>\n<h3>C\u00e9ard is Aitheantas Seolt\u00f3ra ann?<\/h3>\n<p>B\u00edonn go leor eagra\u00edochta\u00ed ag brath ar SMS chun cumars\u00e1id a dh\u00e9anamh lena gcustaim\u00e9ir\u00ed agus lena gcliaint, le haghaidh idirbhearta airgeadais, nuashonruithe seachadta agus coinn\u00ed mar shampla. Tugtar teachtaireachta\u00ed Feidhmchl\u00e1ir go Duine (A2P) ar an ngn\u00f3 seo chuig cliant\/custaim\u00e9ir.<\/p>\n<p>Is minic a chuims\u00edonn teachtaireachta\u00ed SMS A2P seoladh tionscnaimh alfa-uimhri\u00fail (m.sh., 234BANK) chun a chur in i\u00fal c\u00e9 a sheol an teachtaireacht &#8211; tugtar Aitheantas Seolt\u00f3ra SMS air seo.<\/p>\n<h3>Cad \u00e9 at\u00e1 i gceist le Cl\u00e1rlann Aitheantas Seolt\u00f3ra SMS?<\/h3>\n<p>Ar an drochuair, le blianta beaga anuas chuir calaoiseoir\u00ed isteach ar roinnt cumars\u00e1ide SMS A2P tr\u00ed th\u00e9acsanna camsc\u00e9ime a chur isteach i sn\u00e1itheanna teachtaireachta\u00ed SMS dlisteanacha chun custaim\u00e9ir\u00ed a mhealladh, agus bh\u00ed tionchar di\u00faltach ag go leor tomhalt\u00f3ir\u00ed mar thoradh air sin.<\/p>\n<p>T\u00e1 Cl\u00e1rlann Aitheantas Seolt\u00f3ra SMS (Cl\u00e1rlann) \u00e1 forbairt ag ComReg chun camsc\u00e9imeanna t\u00e9acs a chosc agus chun an cain\u00e9al SMS a chosaint mar bhealach cumars\u00e1ide iontaofa agus iontaofa.<\/p>\n<p>Is \u00e9ard at\u00e1 sa Chl\u00e1rlann Aitheantas Seolt\u00f3ra SMS n\u00e1 st\u00f3r sl\u00e1n d\u2019Aitheantais Seolt\u00f3ra SMS cl\u00e1raithe, \u00dain\u00e9ir\u00ed Aitheantais Seolt\u00f3ra cl\u00e1raithe (SIDOanna), Sol\u00e1thraithe Seirbh\u00edse Soghluaiste Rannph\u00e1irteacha (MSPanna) agus Comhbhailitheoir\u00ed Rannph\u00e1irteacha (PA). N\u00ed m\u00f3r do rannph\u00e1irtithe clo\u00ed le rialacha oibr\u00edochta na Cl\u00e1rlainne. N\u00edos moille in 2025, cuirfear bac ar theachtaireachta\u00ed t\u00e9acs le hAitheantais Seolt\u00f3ra neamhchl\u00e1raithe.<\/p>\n<p>T\u00e1 an Chl\u00e1rlann \u00e1 tabhairt isteach tar \u00e9is cinnidh fhoirmi\u00fail \u00f3 ComReg a foils\u00edodh i m\u00ed Aibre\u00e1in 2024 (F\u00e9ach Ionstraim Chinneadh D14\/24 i nDoicim\u00e9ad ComReg 24\/24).<\/p>\n<h3><strong>An t-uasd\u00e1t\u00fa is deireana\u00ed &#8211; Feabhra 2025<\/strong><\/h3>\n<ul>\n<li><strong>\u00d3n 4 Feabhra 2025 go dt\u00ed an 25 Feabhra 2025<\/strong>\u00a0T\u00e1 Comhbhailitheoir\u00ed SMS agus Sol\u00e1thraithe Seirbh\u00edse Soghluaiste in ann Aitheantas Seolt\u00f3ra SMS reatha a gcustaim\u00e9ir\u00ed gn\u00f3 a r\u00e9amhchl\u00e1r\u00fa ar an m\u00f3rch\u00f3ir le ComReg.<br \/>\nCuir r\u00edomhphost chuig\u00a0<strong>senderid@comreg.ie<\/strong>\u00a0chun iarratas a dh\u00e9anamh ar ph\u00e1irt a ghlacadh. Cuirfidh ComReg treoracha breise ar f\u00e1il ansin.<\/li>\n<li><strong>I R2 2025<\/strong>, t\u00e1 an tairseach ar l\u00edne don Chl\u00e1rlann \u00e1 forbairt agus t\u00e1thar ag s\u00fail go seolfar \u00ed.<\/li>\n<li><strong>\u00d3n 3 I\u00fail 2025,<\/strong>\u00a0Beidh an lip\u00e9ad \u201cCamsc\u00e9im Dh\u00f3ch\u00fail\u201d ar SMS a bhfuil Aitheantais Seolt\u00f3ra neamhchl\u00e1raithe aige chun a chur in i\u00fal don fhaighteoir go bhf\u00e9adfadh s\u00e9 nach bhfuil an SMS dlisteanach.<\/li>\n<li><strong>\u00d3n 3 Deireadh F\u00f3mhair 2025<\/strong>, cuirfear bac ar theachtaireachta\u00ed t\u00e9acs le hAitheantais Seolt\u00f3ra neamhchl\u00e1raithe. N\u00ed rachaidh na teachtaireachta\u00ed sin chomh fada leis na tomhalt\u00f3ir\u00ed.<\/li>\n<\/ul>\n<h3><strong>Faisn\u00e9is do Chomhbhailitheoir\u00ed SMS agus Sol\u00e1thraithe Seirbh\u00edse Soghluaiste<\/strong><\/h3>\n<p>Cuir r\u00edomhphost chuig\u00a0<a href=\"mailto:senderid@comreg.ie\">senderid@comreg.ie<\/a>\u00a0anois chun iarratas a dh\u00e9anamh chun p\u00e1irt a ghlacadh sa phr\u00f3iseas r\u00e9amhchl\u00e1r\u00fach\u00e1in a bheidh ar si\u00fal \u00f3\u00a04 Feabhra 2025 go dt\u00ed 25 Feabhra 2025.<\/p>\n<p>Cuir in i\u00fal do do chustaim\u00e9ir\u00ed gn\u00f3 go mbeidh orthu a dheimhni\u00fa go nglacann siad le hAitheantas an tSeolt\u00f3ra SMS r\u00e9amhchl\u00e1r\u00fa tr\u00ed r\u00edomhphost. Cuirfidh ComReg treoracha ar f\u00e1il.<\/p>\n<p>N\u00ed m\u00f3r do Chomhbhailitheoir\u00ed SMS agus BPAanna a l\u00e1imhse\u00e1lann bluctheachtaireachta\u00ed SMS thar ceann eagra\u00edochta\u00ed (lena n-\u00e1ir\u00edtear eagra\u00edochta\u00ed tr\u00ed\u00fa p\u00e1irt\u00ed e.g., D\u00edolt\u00f3ir\u00ed Bogearra\u00ed Neamhsple\u00e1cha n\u00f3 ISVanna) na hAitheantais de chuid an tSeolt\u00f3ra SMS at\u00e1 in \u00fas\u00e1id ag na heagra\u00edochta\u00ed sin a r\u00e9amhchl\u00e1r\u00fa. Laghd\u00f3idh s\u00e9 seo aon chur isteach n\u00f3 moille a d\u2019fh\u00e9adfadh a bheith ann maidir le hAitheantais an tSeolt\u00f3ra SMS sin a chl\u00e1r\u00fa sa todhcha\u00ed.<\/p>\n<p>Tr\u00ed ph\u00e1irt a ghlacadh sa phr\u00f3iseas r\u00e9amhchl\u00e1r\u00fach\u00e1in, n\u00ed bheidh ort fanacht go dt\u00ed go seolfar an Chl\u00e1rlann ina hioml\u00e1ine nuair a chl\u00e1r\u00f3far Aitheantais Seolt\u00f3ra SMS aonair ar bhonn T\u00fas Freastalaithe. N\u00ed ghearrtar aon chostas ar an tseirbh\u00eds seo faoi l\u00e1thair.<\/p>\n<p>Cosain do ghn\u00f3, do chuid custaim\u00e9ir\u00ed agus do chuid \u00fas\u00e1ideoir\u00ed deiridh. Fan Sl\u00e1n ar Chamsc\u00e9imeanna.<\/p>\n<p>&nbsp;<\/p>\n<p><a href=\"https:\/\/www.comreg.ie\/media\/2025\/02\/Aggregator-infographic-landscape.png\"><img loading=\"lazy\" decoding=\"async\" class=\" wp-image-133279 aligncenter\" src=\"https:\/\/www.comreg.ie\/media\/2025\/02\/Aggregator-infographic-landscape-300x225.png\" alt=\"\" width=\"850\" height=\"637\" srcset=\"https:\/\/www.comreg.ie\/media\/2025\/02\/Aggregator-infographic-landscape-300x225.png 300w, https:\/\/www.comreg.ie\/media\/2025\/02\/Aggregator-infographic-landscape.png 1024w\" sizes=\"auto, (max-width: 850px) 100vw, 850px\" \/><\/a><\/p>\n<h3>Eolas do ghn\u00f3lachta\u00ed a \u00fas\u00e1ideann aitheantais seolt\u00f3ra SMS<\/h3>\n<p>Ba ch\u00f3ir do ghn\u00f3lachta\u00ed agus d\u2019eagra\u00edochta\u00ed a \u00fas\u00e1ideann Aitheantais Seolt\u00f3ra SMS ina dteachtaireachta\u00ed t\u00e9acs chuig custaim\u00e9ir\u00ed\/cliaint a sheice\u00e1il go bhfuil a n-Aitheantais Seolt\u00f3ra SMS reatha r\u00e9amhchl\u00e1raithe ag a gComhbhailitheoir SMS n\u00f3 BPA le ComReg.<\/p>\n<p>Beidh ort a dheimhni\u00fa go bhfuil t\u00fa ag glacadh le hAitheantas an tSeolt\u00f3ra SMS r\u00e9amhchl\u00e1r\u00fa tr\u00ed r\u00edomhphost. Cuirfidh ComReg treoracha ar f\u00e1il.<\/p>\n<p>&nbsp;<\/p>\n<p><img loading=\"lazy\" decoding=\"async\" class=\"wp-image-133297 aligncenter\" src=\"https:\/\/www.comreg.ie\/media\/2025\/02\/SIDO-infographic-landscape-300x225.jpg\" alt=\"\" width=\"841\" height=\"631\" srcset=\"https:\/\/www.comreg.ie\/media\/2025\/02\/SIDO-infographic-landscape-300x225.jpg 300w, https:\/\/www.comreg.ie\/media\/2025\/02\/SIDO-infographic-landscape.jpg 1024w\" sizes=\"auto, (max-width: 841px) 100vw, 841px\" \/><\/p>\n<h3><strong>Tuilleadh eolais<\/strong><\/h3>\n<ul>\n<li>Nuacht Tionscail ComReg, an 16 Nollaig 2024: <a href=\"https:\/\/www.comreg.ie\/sms-sender-id-registry-sms-aggregators-and-msps-advised-to-register-sms-sender-ids-now\/\">SMS Sender ID Registry \u2013 SMS Aggregators and MSPs advised to register SMS Sender IDs now<\/a><\/li>\n<li><a href=\"https:\/\/www.comreg.ie\/media\/2024\/12\/ComReg-2497_Implementation-and-Communications-Plan-for-SMS-Sender-ID-Registry.pdf\">ComReg Document 24\/97<\/a>:Implementation and Communications Plan for ComReg\u2019s SMS Sender ID Registry &#8211; Information for SMS Aggregators and Mobile Service Providers.<\/li>\n<li><a href=\"https:\/\/www.comreg.ie\/media\/2024\/05\/ComReg-2435.pdf\">ComReg 24\/35<\/a>: Formation of the Nuisance Communications Industry Forum<\/li>\n<li><a href=\"https:\/\/www.comreg.ie\/media\/2024\/04\/ComReg-2424.pdf\">ComReg 24\/24<\/a>: Combatting scam calls and texts &#8211; Response to Consultation on network-based interventions to reduce the harm from Nuisance Communications<\/li>\n<li><a href=\"https:\/\/www.comreg.ie\/media\/2023\/06\/Consultation.pdf\">ComReg 23\/52<\/a>: Combatting scam calls and texts &#8211; Consultation on network based interventions to reduce the harm from Nuisance Communications<\/li>\n<li><a href=\"https:\/\/www.comreg.ie\/media\/2024\/04\/ComReg-15136R4.pdf\">ComReg 15\/136R4<\/a>: Numbering Conditions of Use and Application Process<\/li>\n<\/ul>\n<p>&nbsp;<\/p>\n","protected":false},"excerpt":{"rendered":"<p>&nbsp; T\u00e1 teachtaireachta\u00ed camsc\u00e9ime ag baint an bonn de chain\u00e9al cumars\u00e1ide na Seirbh\u00edse Gearrtheachtaireachta\u00ed (SMS) in \u00c9irinn, agus t\u00e1 muin\u00edn \u00e1 cailleadh ag tomhalt\u00f3ir\u00ed agus &hellip; <a href=\"https:\/\/www.comreg.ie\/ga\/tionsclaiocht\/cumarsaid-leictreonach\/nuisance-communications\/sms-sender-id-registry\/\"><\/a><\/p>\n","protected":false},"author":69,"featured_media":0,"parent":133330,"menu_order":0,"comment_status":"closed","ping_status":"closed","template":"templates\/template-topic-pages.php","meta":{"_acf_changed":false,"_relevanssi_hide_post":"","_relevanssi_hide_content":"","_relevanssi_pin_for_all":"","_relevanssi_pin_keywords":"","_relevanssi_unpin_keywords":"","_relevanssi_related_keywords":"","_relevanssi_related_include_ids":"","_relevanssi_related_exclude_ids":"","_relevanssi_related_no_append":"","_relevanssi_related_not_related":"","_relevanssi_related_posts":"","_relevanssi_noindex_reason":"","footnotes":"","_wp_rev_ctl_limit":""},"class_list":["post-133314","page","type-page","status-publish","hentry","page_category-industry"],"acf":[],"aioseo_notices":[],"_links":{"self":[{"href":"https:\/\/www.comreg.ie\/ga\/wp-json\/wp\/v2\/pages\/133314","targetHints":{"allow":["GET"]}}],"collection":[{"href":"https:\/\/www.comreg.ie\/ga\/wp-json\/wp\/v2\/pages"}],"about":[{"href":"https:\/\/www.comreg.ie\/ga\/wp-json\/wp\/v2\/types\/page"}],"author":[{"embeddable":true,"href":"https:\/\/www.comreg.ie\/ga\/wp-json\/wp\/v2\/users\/69"}],"replies":[{"embeddable":true,"href":"https:\/\/www.comreg.ie\/ga\/wp-json\/wp\/v2\/comments?post=133314"}],"version-history":[{"count":8,"href":"https:\/\/www.comreg.ie\/ga\/wp-json\/wp\/v2\/pages\/133314\/revisions"}],"predecessor-version":[{"id":134577,"href":"https:\/\/www.comreg.ie\/ga\/wp-json\/wp\/v2\/pages\/133314\/revisions\/134577"}],"up":[{"embeddable":true,"href":"https:\/\/www.comreg.ie\/ga\/wp-json\/wp\/v2\/pages\/133330"}],"wp:attachment":[{"href":"https:\/\/www.comreg.ie\/ga\/wp-json\/wp\/v2\/media?parent=133314"}],"curies":[{"name":"wp","href":"https:\/\/api.w.org\/{rel}","templated":true}]}}