{"id":133330,"date":"2025-02-18T10:56:02","date_gmt":"2025-02-18T10:56:02","guid":{"rendered":"https:\/\/www.comreg.ie\/?page_id=133330"},"modified":"2025-02-24T12:31:50","modified_gmt":"2025-02-24T12:31:50","slug":"nuisance-communications","status":"publish","type":"page","link":"https:\/\/www.comreg.ie\/ga\/tionsclaiocht\/cumarsaid-leictreonach\/nuisance-communications\/","title":{"rendered":"Cumars\u00e1id Chiapaireachta"},"content":{"rendered":"<h3>Cumars\u00e1id Chiapaireachta \u2013 Glaonna agus Teachtaireachta\u00ed T\u00e9acs Camsc\u00e9ime<\/h3>\n<p>T\u00e1 ComReg ag obair go gn\u00edomhach leis an tionscal teileachumars\u00e1ide chun glaonna agus teachtaireachta\u00ed camsc\u00e9ime in \u00c9irinn a mhaol\u00fa. \u00d3 th\u00fas 2022, t\u00e1 ComReg agus an tionscal teileachumars\u00e1ide ag obair le ch\u00e9ile chun muin\u00edn in\u00e1r teileachumars\u00e1id a athbhun\u00fa.<\/p>\n<p>N\u00ed bhaineann cumars\u00e1id chiapaireachta le h\u00c9ireann amh\u00e1in \u2013 is fadhb dhomhanda \u00ed agus t\u00e1 ComReg i dteagmh\u00e1il agus ag comhoibri\u00fa le rialt\u00f3ir\u00ed eile, san AE agus n\u00edos faide i gc\u00e9in chun beala\u00ed a fhorbairt chun dul i ngleic le cumars\u00e1id chiapaireachta, go h\u00e1irithe leo si\u00fad i Limist\u00e9ar an Bh\u00e9arla. Is \u00e9 an f\u00e1th at\u00e1 leis seo n\u00e1, mar th\u00edr ina labhra\u00edtear B\u00e9arla, go nd\u00edr\u00edtear go d\u00edr\u00e9ireach ar ch\u00f3naitheoir\u00ed na h\u00c9ireann i gcompar\u00e1id lena gcomhghleacaithe san AE toisc gur f\u00e9idir le calaoiseoir\u00ed bogadh gan str\u00f3 idir t\u00edortha eile ina labhra\u00edtear B\u00e9arla, ag d\u00edri\u00fa a n-acmhainn\u00ed ar th\u00edortha inar d\u00f3ich\u00ed gurbh fhearr a \u00e9ireoidh le camsc\u00e9imeanna. T\u00e1 s\u00e9 dosheachanta go leanfaidh calaoiseoir\u00ed ar aghaidh ag d\u00edri\u00fa agus ag d\u00e9anamh n\u00edos m\u00f3 calaoise ar th\u00edortha nach bhfuil d\u00f3thain cosanta acu agus is d\u00f3cha gurb iad t\u00edortha ina labhra\u00edtear B\u00e9arla ar n\u00f3s na h\u00c9ireann is m\u00f3 a bheidh th\u00edos leis.<\/p>\n<p>&nbsp;<\/p>\n<p><a href=\"https:\/\/www.comreg.ie\/media\/2023\/03\/Scam-pic.jpg\"><img loading=\"lazy\" decoding=\"async\" class=\"size-medium wp-image-124015 aligncenter\" src=\"https:\/\/www.comreg.ie\/media\/2023\/03\/Scam-pic-300x167.jpg\" alt=\"\" width=\"300\" height=\"167\" srcset=\"https:\/\/www.comreg.ie\/media\/2023\/03\/Scam-pic-300x167.jpg 300w, https:\/\/www.comreg.ie\/media\/2023\/03\/Scam-pic-1024x571.jpg 1024w, https:\/\/www.comreg.ie\/media\/2023\/03\/Scam-pic-1536x856.jpg 1536w, https:\/\/www.comreg.ie\/media\/2023\/03\/Scam-pic.jpg 1616w\" sizes=\"auto, (max-width: 300px) 100vw, 300px\" \/><\/a><\/p>\n<p>&nbsp;<\/p>\n<p><strong>Ar an 16 Meitheamh, 2023, d\u2019fhoilsigh ComReg a chomhairli\u00fach\u00e1n maidir le gn\u00edomh\u00fa i gcoinne glaonna agus teachtaireachta\u00ed camsc\u00e9ime. L\u00e9ir\u00edonn taighde a choimisi\u00fanaigh ComReg gur tharla an m\u00e9id seo a leanas in \u00c9irinn in 2022:<\/strong><\/p>\n<ul>\n<li>thart ar 365,000 c\u00e1s calaoise mar thoradh ar ghlaonna agus teachtaireachta\u00ed camsc\u00e9ime, (n\u00f3 1,000 c\u00e1s in aghaidh an lae)<\/li>\n<li>suas le 89 milli\u00fan cumars\u00e1id chiapacha\/bhearr\u00e1nacha agus 31 milli\u00fan cumars\u00e1id anacair.<\/li>\n<li>n\u00edos m\u00f3 n\u00e1 5,000 gn\u00f3 a bh\u00ed ina n-\u00edospartaigh calaoise tar \u00e9is d\u00f3ibh glaonna agus teachtaireachta\u00ed camsc\u00e9ime a fh\u00e1il<\/li>\n<li>Bloc\u00e1il CLI Seasta: Chun cosc \u200b\u200ba chur ar chalaoiseoir\u00ed uimhreacha geografacha na h\u00c9ireann br\u00e9agacha a dh\u00e9anamh (m.sh., 01-xx) chun glaonna gutha camsc\u00e9ime a dh\u00e9anamh.<\/li>\n<li>Bloc\u00e1il CLI M\u00f3ib\u00edleach: Chun cosc \u200b\u200ba chur ar chalaoiseoir\u00ed uimhreacha m\u00f3ib\u00edleacha na h\u00c9ireann br\u00e9agacha a dh\u00e9anamh (m.sh., 087-xx) chun glaonna gutha camsc\u00e9ime a dh\u00e9anamh.<\/li>\n<li>Liosta uimhreacha cosanta: Chun cosc \u200b\u200ba chur ar chalaoiseoir\u00ed \u00fas\u00e1id a bhaint as uimhreacha nach bhfuil f\u00f3s i seirbh\u00eds n\u00f3 at\u00e1 f\u00f3s le leithdh\u00e1ileadh ar oibritheoir teileachumars\u00e1ide sula dt\u00e9ann siad i seirbh\u00eds.<\/li>\n<li>Liosta uimhreacha nach dtagann \u00f3n bhfoinse: Ligeann s\u00e9 do ghn\u00f3lachta\u00ed\/eagra\u00edochta\u00ed a gcuid uimhreacha a dhaingni\u00fa tr\u00ed na huimhreacha sin nach n-\u00fas\u00e1idtear chun teagmh\u00e1il a dh\u00e9anamh le tomhalt\u00f3ir\u00ed a bhloc\u00e1il.<\/li>\n<li>Cl\u00e1r Aitheantas SMS: Ligeann s\u00e9 do ghn\u00f3lachta\u00ed\/eagra\u00edochta\u00ed Aitheantas Seolt\u00f3ra SMS a chl\u00e1r\u00fa agus bac a chur orthu si\u00fad nach bhfuil ar an gCl\u00e1r.<\/li>\n<li>Balla D\u00f3ite\u00e1in Gutha: Glaonna turscair a bhloc\u00e1il cib\u00e9 \u00e1it a dtagann siad chun cinn (\u00c9ire n\u00f3 thar lear) agus cosaint a thabhairt i gcoinne camsc\u00e9imeanna n\u00edos sofaistici\u00fala amach anseo.<\/li>\n<\/ul>\n<p>Ar an ioml\u00e1n, meastar go coime\u00e1dach thart ar \u20ac309 milli\u00fan in aghaidh na bliana an dochar ioml\u00e1n inchainn\u00edochtaithe don tsocha\u00ed.<\/p>\n<p>T\u00e1 ComReg ag moladh go gcuirfidh oibreoir\u00ed teileachumars\u00e1ide roinnt idirghabh\u00e1lacha teicni\u00fala i bhfeidhm chun dul i ngleic le glaonna agus teachtaireachta\u00ed camsc\u00e9ime:<\/p>\n<p>Rinne ComReg meas\u00fan\u00fa freisin ar Scagaire Camsc\u00e9imeanna SMS chun camsc\u00e9imeanna SMS a bhloc\u00e1il agus chun cosaint a thabhairt i gcoinne camsc\u00e9imeanna n\u00edos sofaistici\u00fala amach anseo ach beidh g\u00e1 le reachta\u00edocht taca\u00edochta sula dtabharfar isteach \u00e9.<\/p>\n<p>Is ionann na bunt\u00e1ist\u00ed forioml\u00e1na \u00f3 na hidirghabh\u00e1lacha agus thart ar \u20ac1.5 billi\u00fan thar na seacht mbliana at\u00e1 le teacht. Is m\u00f3r an tairbhe don tsocha\u00ed as gach euro a chaitear ar na hidirghabh\u00e1lacha agus ba cheart go mbeadh \u20ac50 de shochar eacnama\u00edoch agus s\u00f3isialta ann in aghaidh gach \u20ac1 a chaitear.<\/p>\n<p><a href=\"https:\/\/www.comreg.ie\/media\/2023\/07\/July2023.jpg\"><img loading=\"lazy\" decoding=\"async\" class=\"aligncenter wp-image-125148 size-medium\" src=\"https:\/\/www.comreg.ie\/media\/2023\/07\/July2023-211x300.jpg\" alt=\"\" width=\"211\" height=\"300\" srcset=\"https:\/\/www.comreg.ie\/media\/2023\/07\/July2023-211x300.jpg 211w, https:\/\/www.comreg.ie\/media\/2023\/07\/July2023.jpg 636w\" sizes=\"auto, (max-width: 211px) 100vw, 211px\" \/><\/a><\/p>\n<p>&nbsp;<\/p>\n<p><strong>T\u00e1 comhairli\u00fach\u00e1n agus doicim\u00e9id taca\u00edochta ComReg nasctha th\u00edos:<\/strong><\/p>\n<ul>\n<li>24\/97 <a href=\"https:\/\/www.comreg.ie\/publication\/comreg-24-97-implementation-and-communications-plan-for-comregs-sms-sender-id-registry-information-for-sms-aggregators-and-mobile-service-providers\">ComReg 24\/97 Implementation and Communications Plan for ComReg\u2019s SMS Sender ID Registry \u2013 Information for SMS Aggregators and Mobile Service Providers | Commission for Communications Regulation<\/a><\/li>\n<\/ul>\n<p>&nbsp;<\/p>\n<ul>\n<li>24\/35 <a href=\"https:\/\/www.comreg.ie\/publication\/formation-of-the-nuisance-communications-industry-forum\">Formation of the Nuisance Communications Industry Forum | Commission for Communications Regulation (comreg.ie)<\/a><\/li>\n<\/ul>\n<p>&nbsp;<\/p>\n<ul>\n<li>24\/27 <a href=\"https:\/\/www.comreg.ie\/publication\/extension-of-the-consultation-period-for-document-24-24c-titled-know-your-customer-guidance-draft\">Extension of the consultation period for Document 24\/24c titled \u201cKnow Your Customer Guidance \u2013 Draft\u201d | Commission for Communications Regulation (comreg.ie)<\/a><\/li>\n<\/ul>\n<p>&nbsp;<\/p>\n<ul>\n<li>24\/24 <a href=\"https:\/\/www.comreg.ie\/publication\/combatting-scam-calls-and-texts-response-to-consultation-on-network-based-interventions-to-reduce-the-harm-from-nuisance-communications\">Combatting scam calls and texts: Response to Consultation on network-based interventions to reduce the harm from Nuisance Communications | Commission for Communications Regulation (comreg.ie)<\/a><\/li>\n<\/ul>\n<p>&nbsp;<\/p>\n<ul>\n<li>24\/24a <a href=\"https:\/\/www.comreg.ie\/publication\/europe-economics-response-to-submissions-to-consultation-23-52\">Europe Economics\u2019 response to submissions to Consultation 23\/52 | Commission for Communications Regulation (comreg.ie)<\/a><\/li>\n<\/ul>\n<p>&nbsp;<\/p>\n<ul>\n<li>24\/24b <a href=\"https:\/\/www.comreg.ie\/publication\/plum-report-report-on-the-deadlines-for-implementation-of-comregs-proposed-interventions-to-combat-nuisance-communication\">Plum Report: Report on the deadlines for implementation of ComReg\u2019s proposed interventions to combat nuisance communication | Commission for Communications Regulation<\/a><\/li>\n<\/ul>\n<p>&nbsp;<\/p>\n<ul>\n<li>24\/24c <a href=\"https:\/\/www.comreg.ie\/publication\/know-your-customer-kyc-guidance-document-draft\">Know Your Customer (KYC) Guidance Document \u2013 Draft | Commission for Communications Regulation (comreg.ie)<\/a><\/li>\n<\/ul>\n<p>&nbsp;<\/p>\n<ul>\n<li>24\/24d <a href=\"https:\/\/www.comreg.ie\/publication\/combatting-scam-calls-and-texts-overview-of-the-response-to-consultation\">Combatting scam calls and texts: Overview of the Response to Consultation | Commission for Communications Regulation (comreg.ie)<\/a><\/li>\n<\/ul>\n<p>&nbsp;<\/p>\n<ul>\n<li>24\/24s <a href=\"https:\/\/www.comreg.ie\/publication\/non-confidential-submissions-to-consultation-23-52\">Non-confidential submissions to Consultation 23\/52 | Commission for Communications Regulation (comreg.ie)<\/a><\/li>\n<\/ul>\n<p>&nbsp;<\/p>\n<ul>\n<li>23\/75 <a href=\"https:\/\/www.comreg.ie\/publication\/clarification-questions-and-answers-on-consultation-23-52\">Clarification Questions and Answers on Consultation 23\/52 | Commission for Communications Regulation (comreg.ie)<\/a><\/li>\n<\/ul>\n<p>&nbsp;<\/p>\n<ul>\n<li>23\/67 <a href=\"https:\/\/www.comreg.ie\/publication\/extension-of-consultation-23-52\">Extension of Consultation 23\/52 | Commission for Communications Regulation (comreg.ie)<\/a><\/li>\n<\/ul>\n<p>&nbsp;<\/p>\n<ul>\n<li>23\/52 <a href=\"https:\/\/www.comreg.ie\/publication\/consultation-on-combatting-nuisance-communications\">Consultation on combatting Nuisance Communications<\/a><\/li>\n<\/ul>\n<p>&nbsp;<\/p>\n<ul>\n<li>23\/52a <a href=\"https:\/\/www.comreg.ie\/publication\/europe-economics-report-on-combatting-nuisance-communications\">Europe Economics Report on combatting Nuisance Communications<\/a><\/li>\n<\/ul>\n<p>&nbsp;<\/p>\n<ul>\n<li>23\/52b <a href=\"https:\/\/www.comreg.ie\/publication\/ba-consumer-survey-on-nuisance-communications\">B&amp;A Consumer survey on Nuisance Communications<\/a><\/li>\n<\/ul>\n<p>&nbsp;<\/p>\n<ul>\n<li>23\/52c <a href=\"https:\/\/www.comreg.ie\/publication\/ba-business-survey-on-nuisance-communications\">B&amp;A Business survey on Nuisance Communications<\/a><\/li>\n<\/ul>\n<p>&nbsp;<\/p>\n<ul>\n<li>23\/52d <a href=\"https:\/\/www.comreg.ie\/publication\/nuisance-communications-updates-to-the-numbering-conditions\">Nuisance Communications &#8211; Updates to the Numbering Conditions<\/a><\/li>\n<\/ul>\n<p>&nbsp;<\/p>\n<ul>\n<li>23\/52e <a href=\"https:\/\/www.comreg.ie\/publication\/nuisance-communications-information-notice\">Nuisance Communications &#8211; Information Notice<\/a><\/li>\n<\/ul>\n<p>&nbsp;<\/p>\n<p>&nbsp;<\/p>\n<p><strong>I measc na bhfoilseach\u00e1n eile at\u00e1 ag ComReg maidir le cumars\u00e1id chiapaireachta t\u00e1:\u00a0<\/strong><\/p>\n<ul>\n<li><a href=\"https:\/\/www.comreg.ie\/continue-to-be-vigilant-against-scams-this-festive-season\/\">Continue to be vigilant against scams this festive season | Commission for Communications Regulation.<\/a> Published 18\/12\/2023<\/li>\n<\/ul>\n<p>&nbsp;<\/p>\n<ul>\n<li><a href=\"https:\/\/www.comreg.ie\/publication\/tackling-nuisance-communications-cli-call-blocking-update\">IN 23\/47<\/a>\u00a0Nuisance Communications: CLI Call Blocking Update. Published 24\/05\/2023<\/li>\n<\/ul>\n<p>&nbsp;<\/p>\n<ul>\n<li><a href=\"https:\/\/www.comreg.ie\/publication\/nuisance-communications-do-not-originate-service-update\">IN 23\/28R<\/a> Nuisance Communications: Do Not Originate Service Update. Published 27\/03\/2023<\/li>\n<\/ul>\n<p>&nbsp;<\/p>\n<ul>\n<li><a href=\"https:\/\/www.comreg.ie\/publication\/nuisance-communications-agreed-revised-terms-of-reference-for-nuisance-communications-industry-taskforce\">IN 23\/12<\/a> NCIT New Terms of Reference. Published 10\/02\/2023<\/li>\n<\/ul>\n<p>&nbsp;<\/p>\n<ul>\n<li><a href=\"https:\/\/www.comreg.ie\/publication\/nuisance-communications-scam-calls-texts-best-practice-guide-for-businesses-and-organisations\">IN 23\/01<\/a> Nuisance Communications: Scam Calls &amp; Texts \u2013 Best Practice Guide for Businesses and Organisations. Published 13\/01\/2023<\/li>\n<\/ul>\n<p style=\"text-align: center;\"><a href=\"https:\/\/www.comreg.ie\/media\/2023\/04\/Infographic-Final1-scaled.jpg\"><img loading=\"lazy\" decoding=\"async\" class=\"wp-image-124112 aligncenter\" src=\"https:\/\/www.comreg.ie\/media\/2023\/04\/Infographic-Final1-212x300.jpg\" alt=\"\" width=\"276\" height=\"391\" srcset=\"https:\/\/www.comreg.ie\/media\/2023\/04\/Infographic-Final1-212x300.jpg 212w, https:\/\/www.comreg.ie\/media\/2023\/04\/Infographic-Final1-724x1024.jpg 724w, https:\/\/www.comreg.ie\/media\/2023\/04\/Infographic-Final1-1086x1536.jpg 1086w, https:\/\/www.comreg.ie\/media\/2023\/04\/Infographic-Final1-1448x2048.jpg 1448w, https:\/\/www.comreg.ie\/media\/2023\/04\/Infographic-Final1-scaled.jpg 1810w\" sizes=\"auto, (max-width: 276px) 100vw, 276px\" \/><\/a><\/p>\n<p>&nbsp;<\/p>\n<ul>\n<li><a href=\"https:\/\/www.comreg.ie\/publication\/nuisance-communications-fixed-cli-blocking-intervention-arrangements-for-international-operations\">IN 22\/114<\/a> Nuisance Communications: Fixed CLI Blocking Intervention Arrangements for International Operations. Published 20\/12\/2022<\/li>\n<\/ul>\n<p>&nbsp;<\/p>\n<ul>\n<li><a href=\"https:\/\/www.comreg.ie\/comreg-engages-in-international-forum-to-combat-nuisance-communications\/\">Robert Mourik Canada<\/a> Commissioner Mourik met with regulators from Canada, Australia, Hong Kong, and the USA to discuss ways to combat Nuisance Communications and collaboration at an international level. Published 03\/11\/2022<\/li>\n<\/ul>\n<p style=\"text-align: left;\">\u00a0 \u00a0 \u00a0 \u00a0 \u00a0 \u00a0 \u00a0 \u00a0 \u00a0 \u00a0 \u00a0 \u00a0 \u00a0 \u00a0 \u00a0 \u00a0 \u00a0 \u00a0 \u00a0 \u00a0 \u00a0 \u00a0 \u00a0 \u00a0 \u00a0 \u00a0 \u00a0 \u00a0 \u00a0 \u00a0 \u00a0 \u00a0 \u00a0 \u00a0 \u00a0 \u00a0 \u00a0 \u00a0 \u00a0 \u00a0 \u00a0 \u00a0 \u00a0 \u00a0 \u00a0 \u00a0 \u00a0 \u00a0 \u00a0 \u00a0 \u00a0 \u00a0<a href=\"https:\/\/www.comreg.ie\/media\/2023\/04\/Nuisance-CommsRMCanada.jpg\"><img loading=\"lazy\" decoding=\"async\" class=\"wp-image-124111 aligncenter\" src=\"https:\/\/www.comreg.ie\/media\/2023\/04\/Nuisance-CommsRMCanada-300x134.jpg\" alt=\"\" width=\"304\" height=\"136\" srcset=\"https:\/\/www.comreg.ie\/media\/2023\/04\/Nuisance-CommsRMCanada-300x134.jpg 300w, https:\/\/www.comreg.ie\/media\/2023\/04\/Nuisance-CommsRMCanada.jpg 451w\" sizes=\"auto, (max-width: 304px) 100vw, 304px\" \/><\/a><\/p>\n<p>&nbsp;<\/p>\n<ul>\n<li><a href=\"https:\/\/www.comreg.ie\/publication\/nuisance-communications-launch-of-do-not-originate-protocol\">IN 22\/86<\/a> Nuisance Communications \u2013 Launch of \u2018Do Not Originate\u2019 Protocol. Published 24\/10\/2022<\/li>\n<\/ul>\n<p style=\"text-align: center;\"><a href=\"https:\/\/www.comreg.ie\/media\/2023\/04\/DNO-Infographic-scaled.jpg\"><img loading=\"lazy\" decoding=\"async\" class=\"wp-image-124110 aligncenter\" src=\"https:\/\/www.comreg.ie\/media\/2023\/04\/DNO-Infographic-212x300.jpg\" alt=\"\" width=\"237\" height=\"335\" srcset=\"https:\/\/www.comreg.ie\/media\/2023\/04\/DNO-Infographic-212x300.jpg 212w, https:\/\/www.comreg.ie\/media\/2023\/04\/DNO-Infographic-724x1024.jpg 724w, https:\/\/www.comreg.ie\/media\/2023\/04\/DNO-Infographic-1086x1536.jpg 1086w, https:\/\/www.comreg.ie\/media\/2023\/04\/DNO-Infographic-1448x2048.jpg 1448w, https:\/\/www.comreg.ie\/media\/2023\/04\/DNO-Infographic-scaled.jpg 1810w\" sizes=\"auto, (max-width: 237px) 100vw, 237px\" \/><\/a><\/p>\n<ul>\n<li><a href=\"https:\/\/www.comreg.ie\/publication\/do-not-originate-list-guidance-note-for-organisations-and-application-form\">IN 22\/86a<\/a> Do Not Originate List \u2013 Guidance Note for organisations and Application Form. Published 24\/10\/2022<\/li>\n<\/ul>\n<p>&nbsp;<\/p>\n<ul>\n<li><a href=\"https:\/\/www.comreg.ie\/publication\/nuisance-communications-update-on-the-nuisance-communications-industry-taskforce\">IN 22\/77<\/a> Nuisance Communications \u2013 Update on the Nuisance Communications Industry Taskforce. Published 30\/09\/2022<\/li>\n<\/ul>\n<p>&nbsp;<\/p>\n<ul>\n<li><a href=\"https:\/\/www.comreg.ie\/publication\/nuisance-communications-formation-of-the-nuisance-communications-industry-taskforce\">IN 21\/129<\/a> Nuisance Communications \u2013 Formation of the Nuisance Communications Industry Taskforce. 17\/12\/2021<\/li>\n<\/ul>\n<p>&nbsp;<\/p>\n<p>Chun an fhaisn\u00e9is is d\u00e9ana\u00ed a fh\u00e1il do thomhalt\u00f3ir\u00ed ar ghlaonna agus teachtaireachta camsc\u00e9imeanna, lean an nasc th\u00edos le do thoil:<\/p>\n<p><a href=\"https:\/\/www.comreg.ie\/advice-information\/scam-calls\/\">Glaonna Camsc\u00e9imeanna | Uimhreacha Guth\u00e1in Camsc\u00e9imeanna | ComReg | An Coimisi\u00fan um Rial\u00e1il Chumars\u00e1ide<\/a><\/p>\n<p>&nbsp;<\/p>\n<p>T\u00e1 faisn\u00e9is foilsithe ag an Roinn Fuinnimh, Aer\u00e1ide agus Cumars\u00e1ide ar ghlaonna agus teachtaireachta\u00ed camsc\u00e9imeanna, lean an nasc th\u00edos le do thoil:<\/p>\n<p><a href=\"https:\/\/www.gov.ie\/en\/publication\/7ee5e-how-to-protect-yourself-against-scams-or-attempted-fraud\/\">https:\/\/www.gov.ie\/en\/publication\/7ee5e-how-to-protect-yourself-against-s<\/a><a href=\"https:\/\/www.gov.ie\/en\/publication\/7ee5e-how-to-protect-yourself-against-scams-or-attempted-fraud\/\">cams-or-attempted-fraud\/<\/a><\/p>\n<p>&nbsp;<\/p>\n<p>Chun eolas nuashonraithe a fh\u00e1il \u00f3n nGarda S\u00edoch\u00e1na ar ghlaonna agus teachtaireachta\u00ed camsc\u00e9ime, lean an nasc th\u00edos le do thoil:<\/p>\n<p><a href=\"https:\/\/www.garda.ie\/en\/about-us\/our-departments\/office-of-corporate-communications\/news-media\/scam-warning-phone-calls-and-texts.html\">https:\/\/www.garda.ie\/en\/about-us\/our-departments\/office-of-corporate-communications\/news-media\/scam-warning-phone-calls-and-texts.html<\/a><\/p>\n<p>&nbsp;<\/p>\n<p>T\u00e1 faisn\u00e9is an-\u00fas\u00e1ideach ag C\u00f3naidhm Bainc\u00e9ireachta &amp; \u00cdoca\u00edochta\u00ed \u00c9ireann (BPFI) ar ghlaonna agus t\u00e9acsanna camsc\u00e9ime, le do thoil lean an nasc th\u00edos:<\/p>\n<p><a href=\"https:\/\/www.fraudsmart.ie\/\">FraudSMART \u2013 Ar an Eolas. Ar airdeall\u00a0 Daingean.<\/a><\/p>\n","protected":false},"excerpt":{"rendered":"<p>Cumars\u00e1id Chiapaireachta \u2013 Glaonna agus Teachtaireachta\u00ed T\u00e9acs Camsc\u00e9ime T\u00e1 ComReg ag obair go gn\u00edomhach leis an tionscal teileachumars\u00e1ide chun glaonna agus teachtaireachta\u00ed camsc\u00e9ime in \u00c9irinn &hellip; <a href=\"https:\/\/www.comreg.ie\/ga\/tionsclaiocht\/cumarsaid-leictreonach\/nuisance-communications\/\"><\/a><\/p>\n","protected":false},"author":57,"featured_media":0,"parent":90295,"menu_order":10,"comment_status":"closed","ping_status":"closed","template":"templates\/template-topic-pages-noanchors.php","meta":{"_acf_changed":false,"_relevanssi_hide_post":"","_relevanssi_hide_content":"","_relevanssi_pin_for_all":"","_relevanssi_pin_keywords":"","_relevanssi_unpin_keywords":"","_relevanssi_related_keywords":"","_relevanssi_related_include_ids":"","_relevanssi_related_exclude_ids":"","_relevanssi_related_no_append":"","_relevanssi_related_not_related":"","_relevanssi_related_posts":"","_relevanssi_noindex_reason":"","footnotes":"","_wp_rev_ctl_limit":""},"class_list":["post-133330","page","type-page","status-publish","hentry","page_category-industry"],"acf":[],"aioseo_notices":[],"_links":{"self":[{"href":"https:\/\/www.comreg.ie\/ga\/wp-json\/wp\/v2\/pages\/133330","targetHints":{"allow":["GET"]}}],"collection":[{"href":"https:\/\/www.comreg.ie\/ga\/wp-json\/wp\/v2\/pages"}],"about":[{"href":"https:\/\/www.comreg.ie\/ga\/wp-json\/wp\/v2\/types\/page"}],"author":[{"embeddable":true,"href":"https:\/\/www.comreg.ie\/ga\/wp-json\/wp\/v2\/users\/57"}],"replies":[{"embeddable":true,"href":"https:\/\/www.comreg.ie\/ga\/wp-json\/wp\/v2\/comments?post=133330"}],"version-history":[{"count":6,"href":"https:\/\/www.comreg.ie\/ga\/wp-json\/wp\/v2\/pages\/133330\/revisions"}],"predecessor-version":[{"id":133395,"href":"https:\/\/www.comreg.ie\/ga\/wp-json\/wp\/v2\/pages\/133330\/revisions\/133395"}],"up":[{"embeddable":true,"href":"https:\/\/www.comreg.ie\/ga\/wp-json\/wp\/v2\/pages\/90295"}],"wp:attachment":[{"href":"https:\/\/www.comreg.ie\/ga\/wp-json\/wp\/v2\/media?parent=133330"}],"curies":[{"name":"wp","href":"https:\/\/api.w.org\/{rel}","templated":true}]}}