{"id":136513,"date":"2025-11-12T15:40:09","date_gmt":"2025-11-12T15:40:09","guid":{"rendered":"https:\/\/www.comreg.ie\/?page_id=136513"},"modified":"2026-04-10T13:55:28","modified_gmt":"2026-04-10T13:55:28","slug":"treoirleabhair-tomhaltora","status":"publish","type":"page","link":"https:\/\/www.comreg.ie\/ga\/engagement\/public-stakeholder-engagement\/treoirleabhair-tomhaltora\/","title":{"rendered":"Treoirleabhair Tomhalt\u00f3ra"},"content":{"rendered":"<h3>Treoirleabhair Tomhalt\u00f3ra ComReg<\/h3>\n<p>Foils\u00edonn ComReg treoirleabhair tomhalt\u00f3ra go minic chun an pobal a chur ar an eolas maidir le do chearta agus t\u00fa ag pl\u00e9 le sol\u00e1thr\u00f3ir\u00ed seirbh\u00edse. D\u00e1iltear na treoirleabhair seo ag eachtra\u00ed tomhalt\u00f3ra agus tr\u00ed bheala\u00ed \u00e9ags\u00fala ar fud na t\u00edre.<\/p>\n<p><a href=\"https:\/\/www.comreg.ie\/media\/2025\/09\/Eolas-agus-comhairle.png\"><img loading=\"lazy\" decoding=\"async\" class=\"alignnone size-medium wp-image-135633\" src=\"https:\/\/www.comreg.ie\/media\/2025\/09\/Eolas-agus-comhairle-214x300.png\" alt=\"\" width=\"214\" height=\"300\" srcset=\"https:\/\/www.comreg.ie\/media\/2025\/09\/Eolas-agus-comhairle-214x300.png 214w, https:\/\/www.comreg.ie\/media\/2025\/09\/Eolas-agus-comhairle.png 665w\" sizes=\"auto, (max-width: 214px) 100vw, 214px\" \/><\/a><\/p>\n<p><a href=\"https:\/\/www.comreg.ie\/media\/2025\/09\/Eolas-agus-comhairle-1.pdf\">Eolas agus comhairle &#8211; Le haghaidh seirbh\u00eds\u00ed teileaf\u00f3in, leathanbhanda agus poist<\/a><\/p>\n<p><a href=\"https:\/\/www.comreg.ie\/media\/2025\/09\/Eolas-faoi-theicneolaiocht-mhoibileach.png\"><img loading=\"lazy\" decoding=\"async\" class=\"alignnone size-medium wp-image-135634\" src=\"https:\/\/www.comreg.ie\/media\/2025\/09\/Eolas-faoi-theicneolaiocht-mhoibileach-215x300.png\" alt=\"\" width=\"215\" height=\"300\" srcset=\"https:\/\/www.comreg.ie\/media\/2025\/09\/Eolas-faoi-theicneolaiocht-mhoibileach-215x300.png 215w, https:\/\/www.comreg.ie\/media\/2025\/09\/Eolas-faoi-theicneolaiocht-mhoibileach.png 665w\" sizes=\"auto, (max-width: 215px) 100vw, 215px\" \/><\/a><\/p>\n<p><a href=\"https:\/\/www.comreg.ie\/media\/2025\/09\/Eolas-faoi-theicneolaiocht-mhoibileach-1.pdf\">Eolas faoi theicneola\u00edocht mh\u00f3ib\u00edleach &#8211; Eolas agus comhairle maidir le seirbh\u00eds mh\u00f3ib\u00edleach, teicneola\u00edocht, f\u00e1na\u00edocht agus tuilleadh.<\/a><\/p>\n<p><a href=\"https:\/\/www.comreg.ie\/media\/2025\/09\/Eolas-faoi-leathanbhanda.png\"><img loading=\"lazy\" decoding=\"async\" class=\"alignnone size-medium wp-image-135635\" src=\"https:\/\/www.comreg.ie\/media\/2025\/09\/Eolas-faoi-leathanbhanda-213x300.png\" alt=\"\" width=\"213\" height=\"300\" srcset=\"https:\/\/www.comreg.ie\/media\/2025\/09\/Eolas-faoi-leathanbhanda-213x300.png 213w, https:\/\/www.comreg.ie\/media\/2025\/09\/Eolas-faoi-leathanbhanda.png 662w\" sizes=\"auto, (max-width: 213px) 100vw, 213px\" \/><\/a><\/p>\n<p><a href=\"https:\/\/www.comreg.ie\/media\/2025\/09\/Eolas-faoi-leathanbhanda-1.pdf\">Eolas faoi leathanbhanda &#8211; Eolas agus comhairle neamhsple\u00e1ch faoi sheirbh\u00eds\u00ed leathanbhanda<\/a><\/p>\n<p><a href=\"https:\/\/www.comreg.ie\/media\/2025\/09\/An-Treoir-maidir-le-hAthru-Fon-Poca.png\"><img loading=\"lazy\" decoding=\"async\" class=\"alignnone size-medium wp-image-135636\" src=\"https:\/\/www.comreg.ie\/media\/2025\/09\/An-Treoir-maidir-le-hAthru-Fon-Poca-214x300.png\" alt=\"\" width=\"214\" height=\"300\" srcset=\"https:\/\/www.comreg.ie\/media\/2025\/09\/An-Treoir-maidir-le-hAthru-Fon-Poca-214x300.png 214w, https:\/\/www.comreg.ie\/media\/2025\/09\/An-Treoir-maidir-le-hAthru-Fon-Poca.png 661w\" sizes=\"auto, (max-width: 214px) 100vw, 214px\" \/><\/a><\/p>\n<p><a href=\"https:\/\/www.comreg.ie\/media\/2025\/09\/An-Treoir-maidir-le-hAthru-Fon-Poca-1.pdf\">An Treoir maidir le hAthr\u00fa F\u00f3n P\u00f3ca &#8211; Eolas faoi shol\u00e1thr\u00f3ir\u00ed m\u00f3ib\u00edleacha a athr\u00fa<\/a><\/p>\n<p><a href=\"https:\/\/www.comreg.ie\/media\/2025\/09\/An-Treoir-maidir-le-hAthru-Fon-agus-Leathanbhanda.png\"><img loading=\"lazy\" decoding=\"async\" class=\"alignnone size-medium wp-image-135637\" src=\"https:\/\/www.comreg.ie\/media\/2025\/09\/An-Treoir-maidir-le-hAthru-Fon-agus-Leathanbhanda-214x300.png\" alt=\"\" width=\"214\" height=\"300\" srcset=\"https:\/\/www.comreg.ie\/media\/2025\/09\/An-Treoir-maidir-le-hAthru-Fon-agus-Leathanbhanda-214x300.png 214w, https:\/\/www.comreg.ie\/media\/2025\/09\/An-Treoir-maidir-le-hAthru-Fon-agus-Leathanbhanda.png 663w\" sizes=\"auto, (max-width: 214px) 100vw, 214px\" \/><\/a><\/p>\n<p><a href=\"https:\/\/www.comreg.ie\/media\/2025\/09\/An-Treoir-maidir-le-hAthru-Fon-agus-Leathanbhanda-1.pdf\">An Treoir maidir le hAthr\u00fa F\u00f3n agus Leathanbhanda &#8211; Eolas faoi shol\u00e1thr\u00f3ir\u00ed m\u00f3ib\u00edleacha agus leathanbhanda a athr\u00fa<\/a><\/p>\n<p>&nbsp;<\/p>\n<p><img loading=\"lazy\" decoding=\"async\" class=\"alignnone size-medium wp-image-138370\" src=\"https:\/\/www.comreg.ie\/media\/2026\/04\/Screenshot-2026-04-10-145334-213x300.png\" alt=\"\" width=\"213\" height=\"300\" srcset=\"https:\/\/www.comreg.ie\/media\/2026\/04\/Screenshot-2026-04-10-145334-213x300.png 213w, https:\/\/www.comreg.ie\/media\/2026\/04\/Screenshot-2026-04-10-145334.png 511w\" sizes=\"auto, (max-width: 213px) 100vw, 213px\" \/><\/p>\n<p><a href=\"https:\/\/www.comreg.ie\/media\/2026\/04\/6595_CR_SevereWeather_Leaflet_Iri_A5_v6_FA_WEB-1.pdf\">An bhfuil do chuid guth\u00e1in agus leathanbhanda r\u00e9idh do dhrochaimsir? Leideanna chun cabhr\u00fa leat fanacht ceangailte le linn drochaimsire<\/a><\/p>\n","protected":false},"excerpt":{"rendered":"<p>Treoirleabhair Tomhalt\u00f3ra ComReg Foils\u00edonn ComReg treoirleabhair tomhalt\u00f3ra go minic chun an pobal a chur ar an eolas maidir le do chearta agus t\u00fa ag pl\u00e9 &hellip; <a href=\"https:\/\/www.comreg.ie\/ga\/engagement\/public-stakeholder-engagement\/treoirleabhair-tomhaltora\/\"><\/a><\/p>\n","protected":false},"author":57,"featured_media":0,"parent":132469,"menu_order":3,"comment_status":"closed","ping_status":"closed","template":"templates\/template-topic-pages-noanchors.php","meta":{"_acf_changed":false,"_relevanssi_hide_post":"","_relevanssi_hide_content":"","_relevanssi_pin_for_all":"","_relevanssi_pin_keywords":"","_relevanssi_unpin_keywords":"","_relevanssi_related_keywords":"","_relevanssi_related_include_ids":"","_relevanssi_related_exclude_ids":"","_relevanssi_related_no_append":"","_relevanssi_related_not_related":"","_relevanssi_related_posts":"","_relevanssi_noindex_reason":"","footnotes":"","_wp_rev_ctl_limit":""},"class_list":["post-136513","page","type-page","status-publish","hentry","page_category-consumer"],"acf":[],"aioseo_notices":[],"_links":{"self":[{"href":"https:\/\/www.comreg.ie\/ga\/wp-json\/wp\/v2\/pages\/136513","targetHints":{"allow":["GET"]}}],"collection":[{"href":"https:\/\/www.comreg.ie\/ga\/wp-json\/wp\/v2\/pages"}],"about":[{"href":"https:\/\/www.comreg.ie\/ga\/wp-json\/wp\/v2\/types\/page"}],"author":[{"embeddable":true,"href":"https:\/\/www.comreg.ie\/ga\/wp-json\/wp\/v2\/users\/57"}],"replies":[{"embeddable":true,"href":"https:\/\/www.comreg.ie\/ga\/wp-json\/wp\/v2\/comments?post=136513"}],"version-history":[{"count":4,"href":"https:\/\/www.comreg.ie\/ga\/wp-json\/wp\/v2\/pages\/136513\/revisions"}],"predecessor-version":[{"id":138371,"href":"https:\/\/www.comreg.ie\/ga\/wp-json\/wp\/v2\/pages\/136513\/revisions\/138371"}],"up":[{"embeddable":true,"href":"https:\/\/www.comreg.ie\/ga\/wp-json\/wp\/v2\/pages\/132469"}],"wp:attachment":[{"href":"https:\/\/www.comreg.ie\/ga\/wp-json\/wp\/v2\/media?parent=136513"}],"curies":[{"name":"wp","href":"https:\/\/api.w.org\/{rel}","templated":true}]}}