{"id":137670,"date":"2026-02-24T14:08:49","date_gmt":"2026-02-24T14:08:49","guid":{"rendered":"https:\/\/www.comreg.ie\/?page_id=137670"},"modified":"2026-02-26T08:59:10","modified_gmt":"2026-02-26T08:59:10","slug":"rabhadh-sabhailteachta-um-thriomadoir-rothlaim-baol-o-thine","status":"publish","type":"page","link":"https:\/\/www.comreg.ie\/ga\/tionsclaiocht\/sabhailteacht-tairgi\/rabhadh-sabhailteachta-um-thriomadoir-rothlaim-baol-o-thine\/","title":{"rendered":"Rabhadh S\u00e1bh\u00e1ilteachta um Thriomad\u00f3ir Rothlaim: Baol \u00f3 Thine"},"content":{"rendered":"<p style=\"text-align: center;\"><img loading=\"lazy\" decoding=\"async\" class=\"aligncenter\" style=\"margin: auto;\" src=\"https:\/\/www.ccpc.ie\/consumers\/wp-content\/uploads\/sites\/2\/2019\/08\/Tumble-dryer.jpg\" alt=\"tumble dryer\" width=\"364\" height=\"430\" \/><\/p>\n<p>T\u00e1 baol \u00f3 thine ann a d\u2019fh\u00e9adfadh tarl\u00fa nuair nach nd\u00e9antar triomad\u00f3ir\u00ed rothlaim a chothabh\u00e1il n\u00e1 a \u00fas\u00e1id i gceart. T\u00e1 ComReg ag iarraidh feasacht a ard\u00fa mar chuid d\u00e1 r\u00f3l mar \u00dadar\u00e1s um Fhaireachas Margaidh faoin Treoir maidir le Trealamh Raidi\u00f3 chun sl\u00e1inte agus s\u00e1bh\u00e1ilteacht daoine, ainmhithe cl\u00f3is agus maoine a chosaint<\/p>\n<p>Molann ComReg duit an chomhairle th\u00edos a lean\u00faint chun a chinnti\u00fa go bhfuil do thriomad\u00f3ir rothlaim in \u00fas\u00e1id go s\u00e1bh\u00e1ilte agat:<\/p>\n<ol>\n<li>Cl\u00e1raigh fearas nua i gc\u00f3na\u00ed leis an monar\u00f3ir ionas go bhfaighidh t\u00fa eolas cothrom le d\u00e1ta faoi aon saincheisteanna a d&#8217;fh\u00e9adfadh a bheith ina gc\u00fais le guais s\u00e1bh\u00e1ilteachta. De ghn\u00e1th is f\u00e9idir leat do chuid eolais teagmh\u00e1la a chl\u00e1r\u00fa leis an siopa ina gceanna\u00edonn t\u00fa an t\u00e1irge.<\/li>\n<li>Cinntigh go l\u00e9ann t\u00fa gach eolas agus rabhadh s\u00e1bh\u00e1ilteachta at\u00e1 sa l\u00e1mhleabhar treoracha sula n-\u00fas\u00e1ideann t\u00fa an meais\u00edn den ch\u00e9ad uair.<\/li>\n<li>Ba ch\u00f3ir l\u00edonolann agus cl\u00famhach a ghlanadh amach as an scagaire agus thart timpeall an dorais tar \u00e9is gach \u00fas\u00e1ide.<\/li>\n<li>B\u00ed ag faire amach do shn\u00e1ith\u00edn, do dheannach, agus do shalachar ag carnadh timpeall ar an mbealach amach sceite agus ar na h\u00e1iteanna m\u00f3rthimpeall, agus glan na h\u00e1iteanna seo go minic.<\/li>\n<li>N\u00e1 triail ruda\u00ed nach bhfuil nite a rothaltriom\u00fa, ar n\u00f3s \u00e9ada\u00ed b\u00e1ite, mar gurbh fh\u00e9idir gur th\u00e1inig na h\u00e9ada\u00ed seo i dteagmh\u00e1il le ceimice\u00e1in sho-lasta.<\/li>\n<li>N\u00e1 cuir stop leis an triomad\u00f3ir rothlaim sula mbeidh an timthriall triomaithe cr\u00edochnaithe, lena n-\u00e1ir\u00edtear an timthriall \u2018fuaraithe\u2019. M\u00e1s g\u00e1 duit cur isteach ar an timthriall triomaithe, bain amach gach rud gan mhoill agus f\u00e1g an doras ar oscailt chun ligean don fhearas fuar\u00fa.<\/li>\n<li>Nuair is f\u00e9idir, d\u00edphlug\u00e1il an fearas thar o\u00edche agus nuair a fh\u00e1gann t\u00fa an teach chun an baol go mbeadh locht leictreach ina ch\u00fais le tine a sheachaint.<\/li>\n<li>N\u00e1 lig do leana\u00ed an fearas a oibri\u00fa riamh.<\/li>\n<li>Cinntigh go bhfuil an fearas suite in \u00e1it ina bhfuil aer\u00e1il leordh\u00f3thanach, agus n\u00e1 cuir triomad\u00f3ir rothlaim riamh ar url\u00e1r at\u00e1 cl\u00fadaithe le cairp\u00e9ad. Cabhr\u00f3idh an m\u00e9id sin le cosc a chur ar r\u00f3th\u00e9amh.<\/li>\n<li>N\u00e1 h\u00fas\u00e1id c\u00e1bla\u00ed s\u00ednteacha, cuibheoir\u00ed, n\u00f3 il-phloc\u00f3id\u00ed riamh chun d&#8217;fhearas a nascadh le sol\u00e1thar cumhachta, mar go m\u00e9ada\u00edonn s\u00e9 sin an baol f\u00e9ideartha le haghaidh turraing leictreach agus tine.<\/li>\n<\/ol>\n","protected":false},"excerpt":{"rendered":"<p>T\u00e1 baol \u00f3 thine ann a d\u2019fh\u00e9adfadh tarl\u00fa nuair nach nd\u00e9antar triomad\u00f3ir\u00ed rothlaim a chothabh\u00e1il n\u00e1 a \u00fas\u00e1id i gceart. T\u00e1 ComReg ag iarraidh feasacht &hellip; <a href=\"https:\/\/www.comreg.ie\/ga\/tionsclaiocht\/sabhailteacht-tairgi\/rabhadh-sabhailteachta-um-thriomadoir-rothlaim-baol-o-thine\/\"><\/a><\/p>\n","protected":false},"author":69,"featured_media":0,"parent":90465,"menu_order":1,"comment_status":"closed","ping_status":"closed","template":"templates\/template-topic-pages-noanchors.php","meta":{"_acf_changed":false,"_relevanssi_hide_post":"","_relevanssi_hide_content":"","_relevanssi_pin_for_all":"","_relevanssi_pin_keywords":"","_relevanssi_unpin_keywords":"","_relevanssi_related_keywords":"","_relevanssi_related_include_ids":"","_relevanssi_related_exclude_ids":"","_relevanssi_related_no_append":"","_relevanssi_related_not_related":"","_relevanssi_related_posts":"","_relevanssi_noindex_reason":"","footnotes":"","_wp_rev_ctl_limit":""},"class_list":["post-137670","page","type-page","status-publish","hentry","page_category-industry"],"acf":[],"aioseo_notices":[],"_links":{"self":[{"href":"https:\/\/www.comreg.ie\/ga\/wp-json\/wp\/v2\/pages\/137670","targetHints":{"allow":["GET"]}}],"collection":[{"href":"https:\/\/www.comreg.ie\/ga\/wp-json\/wp\/v2\/pages"}],"about":[{"href":"https:\/\/www.comreg.ie\/ga\/wp-json\/wp\/v2\/types\/page"}],"author":[{"embeddable":true,"href":"https:\/\/www.comreg.ie\/ga\/wp-json\/wp\/v2\/users\/69"}],"replies":[{"embeddable":true,"href":"https:\/\/www.comreg.ie\/ga\/wp-json\/wp\/v2\/comments?post=137670"}],"version-history":[{"count":3,"href":"https:\/\/www.comreg.ie\/ga\/wp-json\/wp\/v2\/pages\/137670\/revisions"}],"predecessor-version":[{"id":137698,"href":"https:\/\/www.comreg.ie\/ga\/wp-json\/wp\/v2\/pages\/137670\/revisions\/137698"}],"up":[{"embeddable":true,"href":"https:\/\/www.comreg.ie\/ga\/wp-json\/wp\/v2\/pages\/90465"}],"wp:attachment":[{"href":"https:\/\/www.comreg.ie\/ga\/wp-json\/wp\/v2\/media?parent=137670"}],"curies":[{"name":"wp","href":"https:\/\/api.w.org\/{rel}","templated":true}]}}