{"id":137689,"date":"2026-02-26T03:55:58","date_gmt":"2026-02-26T03:55:58","guid":{"rendered":"https:\/\/www.comreg.ie\/?page_id=137689"},"modified":"2026-02-26T03:56:29","modified_gmt":"2026-02-26T03:56:29","slug":"claraigh-le-haghaidh-folairimh-foilseachan-comreg","status":"publish","type":"page","link":"https:\/\/www.comreg.ie\/ga\/foilseachain\/claraigh-le-haghaidh-folairimh-foilseachan-comreg\/","title":{"rendered":"Cl\u00e1raigh le haghaidh Fol\u00e1irimh Foilseach\u00e1n ComReg"},"content":{"rendered":"","protected":false},"excerpt":{"rendered":"","protected":false},"author":71,"featured_media":0,"parent":90307,"menu_order":0,"comment_status":"closed","ping_status":"closed","template":"templates\/template-ealerts.php","meta":{"_acf_changed":false,"_relevanssi_hide_post":"","_relevanssi_hide_content":"","_relevanssi_pin_for_all":"","_relevanssi_pin_keywords":"","_relevanssi_unpin_keywords":"","_relevanssi_related_keywords":"","_relevanssi_related_include_ids":"","_relevanssi_related_exclude_ids":"","_relevanssi_related_no_append":"","_relevanssi_related_not_related":"","_relevanssi_related_posts":"","_relevanssi_noindex_reason":"","footnotes":"","_wp_rev_ctl_limit":""},"class_list":["post-137689","page","type-page","status-publish","hentry","page_category-industry"],"acf":[],"aioseo_notices":[],"_links":{"self":[{"href":"https:\/\/www.comreg.ie\/ga\/wp-json\/wp\/v2\/pages\/137689","targetHints":{"allow":["GET"]}}],"collection":[{"href":"https:\/\/www.comreg.ie\/ga\/wp-json\/wp\/v2\/pages"}],"about":[{"href":"https:\/\/www.comreg.ie\/ga\/wp-json\/wp\/v2\/types\/page"}],"author":[{"embeddable":true,"href":"https:\/\/www.comreg.ie\/ga\/wp-json\/wp\/v2\/users\/71"}],"replies":[{"embeddable":true,"href":"https:\/\/www.comreg.ie\/ga\/wp-json\/wp\/v2\/comments?post=137689"}],"version-history":[{"count":1,"href":"https:\/\/www.comreg.ie\/ga\/wp-json\/wp\/v2\/pages\/137689\/revisions"}],"predecessor-version":[{"id":137690,"href":"https:\/\/www.comreg.ie\/ga\/wp-json\/wp\/v2\/pages\/137689\/revisions\/137690"}],"up":[{"embeddable":true,"href":"https:\/\/www.comreg.ie\/ga\/wp-json\/wp\/v2\/pages\/90307"}],"wp:attachment":[{"href":"https:\/\/www.comreg.ie\/ga\/wp-json\/wp\/v2\/media?parent=137689"}],"curies":[{"name":"wp","href":"https:\/\/api.w.org\/{rel}","templated":true}]}}