{"id":90174,"date":"2016-02-19T12:26:10","date_gmt":"2016-02-19T12:26:10","guid":{"rendered":"http:\/\/comreg.ie.grigore"},"modified":"2024-11-13T14:46:28","modified_gmt":"2024-11-13T14:46:28","slug":"gearan-a-dheanamh-le-do-solathrai","status":"publish","type":"page","link":"https:\/\/www.comreg.ie\/ga\/comhairle-eolas\/gearan-a-dheanamh-le-do-solathrai\/","title":{"rendered":"Gear\u00e1n a dh\u00e9anamh le do Sol\u00e1thra\u00ed"},"content":{"rendered":"<h2><span class=\"TextRun SCXW144694234 BCX8\" lang=\"GA-IE\" xml:lang=\"GA-IE\" data-contrast=\"auto\"><span class=\"NormalTextRun SCXW144694234 BCX8\">R\u00f3l C\u00faram Tomhalt\u00f3ir\u00ed<\/span><\/span><span class=\"EOP SCXW144694234 BCX8\" data-ccp-props=\"{&quot;201341983&quot;:0,&quot;335559739&quot;:160,&quot;335559740&quot;:259}\">\u00a0<\/span><\/h2>\n<p><span class=\"TextRun SCXW224902324 BCX8\" lang=\"GA-IE\" xml:lang=\"GA-IE\" data-contrast=\"auto\"><span class=\"NormalTextRun SCXW224902324 BCX8\">T\u00e1 s\u00e9 mar aidhm ag C\u00faram Tomhalt\u00f3ir\u00ed an Choimisi\u00fain um Rial\u00e1il Cumars\u00e1ide tomhalt\u00f3ir\u00ed a chur ar an eolas faoi fhadhbanna cumars\u00e1ide agus gear\u00e1in a dh\u00e9antar le do shol\u00e1thraithe seirbh\u00edse cumars\u00e1ide leictreona\u00ed (\u201cECS\u201d \u2013 leathanbhanda, teileaf\u00f3n baile, agus guth\u00e1n), poist, agus ardr\u00e1ta (\u201cPRS\u201d) a chur ar aghaidh.<\/span><\/span><span class=\"EOP SCXW224902324 BCX8\" data-ccp-props=\"{&quot;201341983&quot;:0,&quot;335559739&quot;:160,&quot;335559740&quot;:259}\">\u00a0<\/span><\/p>\n<h3><span class=\"TextRun SCXW229289011 BCX8\" lang=\"GA-IE\" xml:lang=\"GA-IE\" data-contrast=\"auto\"><span class=\"NormalTextRun SCXW229289011 BCX8\">Gear\u00e1n a dh\u00e9anamh leis an gCoimisi\u00fan um Rial\u00e1il Cumars\u00e1ide maidir le do shol\u00e1thra\u00ed seirbh\u00edse ECS n\u00f3 PRS.<\/span><\/span><span class=\"EOP SCXW229289011 BCX8\" data-ccp-props=\"{&quot;201341983&quot;:0,&quot;335559739&quot;:160,&quot;335559740&quot;:259}\">\u00a0<\/span><\/h3>\n<p><span class=\"TextRun SCXW22094046 BCX8\" lang=\"GA-IE\" xml:lang=\"GA-IE\" data-contrast=\"auto\"><span class=\"NormalTextRun SCXW22094046 BCX8\">Chun gear\u00e1n foirmi\u00fail a chur isteach len\u00e1r bhFoireann C\u00faram Tomhalt\u00f3ir\u00ed, n\u00ed m\u00f3r duit tabhairt faoi na c\u00e9imeanna seo a leanas <strong>ar dt\u00fas:<\/strong><\/span><\/span><strong><span class=\"EOP SCXW22094046 BCX8\" data-ccp-props=\"{&quot;201341983&quot;:0,&quot;335559739&quot;:160,&quot;335559740&quot;:259}\">\u00a0<\/span><\/strong><\/p>\n<p><strong>1)\u00a0\u00a0\u00a0 Gear\u00e1n foirmi\u00fail a dh\u00e9anamh le do shol\u00e1thra\u00ed seirbh\u00edse (ECS\/PRS)\u00a0<\/strong><\/p>\n<p><span data-contrast=\"auto\">N\u00ed m\u00f3r duit, ar an gc\u00e9ad dul s\u00edos, do ghear\u00e1n a dh\u00e9anamh go foirmi\u00fail agus uimhir thagartha gear\u00e1in a fh\u00e1il \u00f3 do shol\u00e1thra\u00ed seirbh\u00edse.<\/span><span data-ccp-props=\"{&quot;201341983&quot;:0,&quot;335559739&quot;:160,&quot;335559740&quot;:259}\">\u00a0<\/span><\/p>\n<p><span data-contrast=\"auto\">Tugtar 10 l\u00e1 oibre chuig sol\u00e1thraithe seirbh\u00edse do ghear\u00e1n a r\u00e9iteach.<\/span><span data-ccp-props=\"{&quot;201341983&quot;:0,&quot;335559739&quot;:160,&quot;335559740&quot;:259}\">\u00a0<\/span><\/p>\n<p><span data-contrast=\"auto\">M\u00e1s rud \u00e9 go ndearna t\u00fa iarracht ar\u00eds agus ar\u00eds eile teagmh\u00e1il a dh\u00e9anamh le do shol\u00e1thra\u00ed seirbh\u00edse chun gear\u00e1n a dh\u00e9anamh go foirmi\u00fail gan aon rath, d\u2019fh\u00e9adfadh an Coimisi\u00fan um Rial\u00e1il Cumars\u00e1ide idirghabh\u00e1il a dh\u00e9anamh go d\u00edreach leis an sol\u00e1thra\u00ed seirbh\u00edse ar do shon.<\/span><span data-ccp-props=\"{&quot;201341983&quot;:0,&quot;335559739&quot;:160,&quot;335559740&quot;:259}\">\u00a0<\/span><\/p>\n<p><strong>2)\u00a0\u00a0\u00a0 Fan 10 l\u00e1 oibre go dt\u00ed go bhfuil r\u00e9iteach tagtha ar do ghear\u00e1n\u00a0<\/strong><\/p>\n<p><span data-contrast=\"auto\">M\u00e1s rud \u00e9 nach bhfuil r\u00e9iteach tagtha ar do ghear\u00e1n f\u00f3s i ndiaidh 10 l\u00e1 oibre, is f\u00e9idir leat c\u00fanamh a iarraidh \u00f3n gCoimisi\u00fan um Rial\u00e1il Cumars\u00e1ide maidir leis an ngear\u00e1n a r\u00e9iteach.<\/span><span data-ccp-props=\"{&quot;201341983&quot;:0,&quot;335559739&quot;:160,&quot;335559740&quot;:259}\">\u00a0<\/span><\/p>\n<p><span data-contrast=\"auto\">D\u00e9an teagmh\u00e1il len\u00e1r bhfoireann C\u00faram Tomhalt\u00f3ir\u00ed nuair at\u00e1 10 l\u00e1 oibre imithe.<\/span><span data-ccp-props=\"{&quot;201341983&quot;:0,&quot;335559739&quot;:160,&quot;335559740&quot;:259}\">\u00a0<\/span><\/p>\n<p><span data-contrast=\"auto\">N\u00ed m\u00f3r gear\u00e1in a dh\u00e9anamh leis an sol\u00e1thra\u00ed ar dt\u00fas de r\u00e9ir a ch\u00f3d cleachtais maidir le gear\u00e1in a l\u00e1imhse\u00e1il laistigh de 12 mh\u00ed anuas.<\/span><span data-ccp-props=\"{&quot;201341983&quot;:0,&quot;335559739&quot;:160,&quot;335559740&quot;:259}\">\u00a0<\/span><\/p>\n<h3><span class=\"TextRun SCXW45160635 BCX8\" lang=\"GA-IE\" xml:lang=\"GA-IE\" data-contrast=\"auto\"><span class=\"NormalTextRun SCXW45160635 BCX8\">Conas is f\u00e9idir leis an gCoimisi\u00fan um Rial\u00e1il Cumars\u00e1ide cabhr\u00fa?<\/span><\/span><span class=\"EOP SCXW45160635 BCX8\" data-ccp-props=\"{&quot;201341983&quot;:0,&quot;335559739&quot;:160,&quot;335559740&quot;:259}\">\u00a0<\/span><\/h3>\n<p><span class=\"TextRun SCXW41211789 BCX8\" lang=\"GA-IE\" xml:lang=\"GA-IE\" data-contrast=\"auto\"><span class=\"NormalTextRun SCXW41211789 BCX8\">D\u00e9anfaidh foireann C\u00faram Tomhalt\u00f3ir\u00ed an Choimisi\u00fain um Rial\u00e1il Cumars\u00e1ide an m\u00e9id seo a leanas chun cabhr\u00fa:<\/span><\/span><span class=\"EOP SCXW41211789 BCX8\" data-ccp-props=\"{&quot;201341983&quot;:0,&quot;335559739&quot;:160,&quot;335559740&quot;:259}\">\u00a0<\/span><\/p>\n<ul>\n<li>\n<ul style=\"list-style-type: disc;\">\n<li data-leveltext=\"\uf0b7\" data-font=\"Symbol\" data-listid=\"1\" data-list-defn-props=\"{&quot;335552541&quot;:1,&quot;335559685&quot;:720,&quot;335559991&quot;:360,&quot;469769226&quot;:&quot;Symbol&quot;,&quot;469769242&quot;:[8226],&quot;469777803&quot;:&quot;left&quot;,&quot;469777804&quot;:&quot;\uf0b7&quot;,&quot;469777815&quot;:&quot;hybridMultilevel&quot;}\" aria-setsize=\"-1\" data-aria-posinset=\"1\" data-aria-level=\"1\"><span data-contrast=\"auto\">do ghear\u00e1n a chur ar aghaidh go foirmi\u00fail le do shol\u00e1thra\u00ed seirbh\u00edse<\/span><span data-ccp-props=\"{&quot;201341983&quot;:0,&quot;335559739&quot;:160,&quot;335559740&quot;:259}\">\u00a0<\/span><\/li>\n<\/ul>\n<ul style=\"list-style-type: disc;\">\n<li data-leveltext=\"\uf0b7\" data-font=\"Symbol\" data-listid=\"1\" data-list-defn-props=\"{&quot;335552541&quot;:1,&quot;335559685&quot;:720,&quot;335559991&quot;:360,&quot;469769226&quot;:&quot;Symbol&quot;,&quot;469769242&quot;:[8226],&quot;469777803&quot;:&quot;left&quot;,&quot;469777804&quot;:&quot;\uf0b7&quot;,&quot;469777815&quot;:&quot;hybridMultilevel&quot;}\" aria-setsize=\"-1\" data-aria-posinset=\"2\" data-aria-level=\"1\"><span data-contrast=\"auto\">monat\u00f3ireacht a dh\u00e9anamh agus s\u00fail a choinne\u00e1il ar dhul chun cinn do ghear\u00e1in go dt\u00ed go dtagann r\u00e9iteach air,<\/span><span data-ccp-props=\"{&quot;201341983&quot;:0,&quot;335559739&quot;:160,&quot;335559740&quot;:259}\">\u00a0<\/span><\/li>\n<\/ul>\n<ul style=\"list-style-type: disc;\">\n<li data-leveltext=\"\uf0b7\" data-font=\"Symbol\" data-listid=\"1\" data-list-defn-props=\"{&quot;335552541&quot;:1,&quot;335559685&quot;:720,&quot;335559991&quot;:360,&quot;469769226&quot;:&quot;Symbol&quot;,&quot;469769242&quot;:[8226],&quot;469777803&quot;:&quot;left&quot;,&quot;469777804&quot;:&quot;\uf0b7&quot;,&quot;469777815&quot;:&quot;hybridMultilevel&quot;}\" aria-setsize=\"-1\" data-aria-posinset=\"3\" data-aria-level=\"1\"><span data-contrast=\"auto\">iarracht a dh\u00e9anamh lena chinnti\u00fa go bhfaigheann t\u00fa nuashonruithe rialta \u00f3 do shol\u00e1thra\u00ed seirbh\u00edse<\/span><span data-ccp-props=\"{&quot;201341983&quot;:0,&quot;335559739&quot;:160,&quot;335559740&quot;:259}\">\u00a0<\/span><\/li>\n<\/ul>\n<ul style=\"list-style-type: disc;\">\n<li data-leveltext=\"\uf0b7\" data-font=\"Symbol\" data-listid=\"1\" data-list-defn-props=\"{&quot;335552541&quot;:1,&quot;335559685&quot;:720,&quot;335559991&quot;:360,&quot;469769226&quot;:&quot;Symbol&quot;,&quot;469769242&quot;:[8226],&quot;469777803&quot;:&quot;left&quot;,&quot;469777804&quot;:&quot;\uf0b7&quot;,&quot;469777815&quot;:&quot;hybridMultilevel&quot;}\" aria-setsize=\"-1\" data-aria-posinset=\"4\" data-aria-level=\"1\"><span data-contrast=\"auto\">athbhreithni\u00fa a dh\u00e9anamh ar r\u00e9iteach do shol\u00e1thra\u00ed seirbh\u00edse ar do ghear\u00e1n i gcomhth\u00e9acs a oibleag\u00e1id\u00ed rial\u00e1la<\/span><span data-ccp-props=\"{&quot;201341983&quot;:0,&quot;335559739&quot;:160,&quot;335559740&quot;:259}\">\u00a0<\/span><\/li>\n<\/ul>\n<\/li>\n<\/ul>\n<h3><span class=\"TextRun SCXW92250153 BCX8\" lang=\"GA-IE\" xml:lang=\"GA-IE\" data-contrast=\"auto\"><span class=\"NormalTextRun SCXW92250153 BCX8\">Conas teagmh\u00e1il a dh\u00e9anamh le C\u00faram Tomhalt\u00f3ir\u00ed an Choimisi\u00fain um Rial\u00e1il Cumars\u00e1ide\u00a0<\/span><\/span><span class=\"EOP SCXW92250153 BCX8\" data-ccp-props=\"{&quot;201341983&quot;:0,&quot;335559739&quot;:160,&quot;335559740&quot;:259}\">\u00a0<\/span><\/h3>\n<p><a href=\"https:\/\/www.comreg.ie\/ga\/comhairle-eolas\/gearan-a-dheanamh-le-do-solathrai\/foirm-iarratais-gearain-2\/\">Clice\u00e1il anseo<\/a> <span class=\"TextRun SCXW16897678 BCX8\" lang=\"GA-IE\" xml:lang=\"GA-IE\" data-contrast=\"auto\"><span class=\"NormalTextRun SCXW16897678 BCX8\">chun teagmh\u00e1il a dh\u00e9anamh leis an bhfoireann C\u00faram Tomhalt\u00f3ir\u00ed agus gear\u00e1n foirmi\u00fail a dh\u00e9anamh.<\/span><\/span><span class=\"EOP SCXW16897678 BCX8\" data-ccp-props=\"{&quot;201341983&quot;:0,&quot;335559739&quot;:160,&quot;335559740&quot;:259}\">\u00a0<\/span><\/p>\n<h3><span class=\"TextRun SCXW49553767 BCX8\" lang=\"GA-IE\" xml:lang=\"GA-IE\" data-contrast=\"auto\"><span class=\"NormalTextRun SCXW49553767 BCX8\">Gear\u00e1n a dh\u00e9anamh leis an gCoimisi\u00fan um Rial\u00e1il Cumars\u00e1ide maidir le do sheirbh\u00eds poist<\/span><\/span><span class=\"EOP SCXW49553767 BCX8\" data-ccp-props=\"{&quot;201341983&quot;:0,&quot;335559739&quot;:160,&quot;335559740&quot;:259}\">\u00a0<\/span><\/h3>\n<p>Don phr\u00f3is\u00e9as seo, t\u00e9igh chuig <a href=\"https:\/\/www.comreg.ie\/ga\/comhairle-eolas\/post\/#:~:text=providers%20in%20Ireland.-,Making%20a%20complaint,-You%20must%20first\">an leathanach seo.<\/a><\/p>\n<p>&nbsp;<\/p>\n","protected":false},"excerpt":{"rendered":"<p>R\u00f3l C\u00faram Tomhalt\u00f3ir\u00ed\u00a0 T\u00e1 s\u00e9 mar aidhm ag C\u00faram Tomhalt\u00f3ir\u00ed an Choimisi\u00fain um Rial\u00e1il Cumars\u00e1ide tomhalt\u00f3ir\u00ed a chur ar an eolas faoi fhadhbanna cumars\u00e1ide agus &hellip; <a href=\"https:\/\/www.comreg.ie\/ga\/comhairle-eolas\/gearan-a-dheanamh-le-do-solathrai\/\"><\/a><\/p>\n","protected":false},"author":31,"featured_media":0,"parent":90187,"menu_order":10,"comment_status":"closed","ping_status":"closed","template":"templates\/template-topic-pages.php","meta":{"_acf_changed":false,"_relevanssi_hide_post":"","_relevanssi_hide_content":"","_relevanssi_pin_for_all":"","_relevanssi_pin_keywords":"","_relevanssi_unpin_keywords":"","_relevanssi_related_keywords":"","_relevanssi_related_include_ids":"","_relevanssi_related_exclude_ids":"","_relevanssi_related_no_append":"","_relevanssi_related_not_related":"","_relevanssi_related_posts":"","_relevanssi_noindex_reason":"","footnotes":"","_wp_rev_ctl_limit":""},"class_list":["post-90174","page","type-page","status-publish","hentry","page_category-consumer"],"acf":[],"aioseo_notices":[],"_links":{"self":[{"href":"https:\/\/www.comreg.ie\/ga\/wp-json\/wp\/v2\/pages\/90174","targetHints":{"allow":["GET"]}}],"collection":[{"href":"https:\/\/www.comreg.ie\/ga\/wp-json\/wp\/v2\/pages"}],"about":[{"href":"https:\/\/www.comreg.ie\/ga\/wp-json\/wp\/v2\/types\/page"}],"author":[{"embeddable":true,"href":"https:\/\/www.comreg.ie\/ga\/wp-json\/wp\/v2\/users\/31"}],"replies":[{"embeddable":true,"href":"https:\/\/www.comreg.ie\/ga\/wp-json\/wp\/v2\/comments?post=90174"}],"version-history":[{"count":4,"href":"https:\/\/www.comreg.ie\/ga\/wp-json\/wp\/v2\/pages\/90174\/revisions"}],"predecessor-version":[{"id":132015,"href":"https:\/\/www.comreg.ie\/ga\/wp-json\/wp\/v2\/pages\/90174\/revisions\/132015"}],"up":[{"embeddable":true,"href":"https:\/\/www.comreg.ie\/ga\/wp-json\/wp\/v2\/pages\/90187"}],"wp:attachment":[{"href":"https:\/\/www.comreg.ie\/ga\/wp-json\/wp\/v2\/media?parent=90174"}],"curies":[{"name":"wp","href":"https:\/\/api.w.org\/{rel}","templated":true}]}}