{"id":90254,"date":"2016-02-22T12:41:09","date_gmt":"2016-02-22T12:41:09","guid":{"rendered":"http:\/\/comreg.ie.grigore"},"modified":"2025-02-12T09:25:11","modified_gmt":"2025-02-12T09:25:11","slug":"an-meid-a-dheanaimid-2","status":"publish","type":"page","link":"https:\/\/www.comreg.ie\/ga\/fuinn\/an-meid-a-dheanaimid-2\/","title":{"rendered":"An m\u00e9id a dh\u00e9anaimid"},"content":{"rendered":"<h2><strong>R\u00f3il agus Dualgais<\/strong><\/h2>\n<p>Is \u00e9 ComReg an comhlacht st\u00e1it at\u00e1 freagrach as rial\u00fa na hearn\u00e1la cumars\u00e1ide leictreona\u00ed (teileachumars\u00e1ide, radachumars\u00e1id, craoladh agus seirbh\u00eds\u00ed ardr\u00e1ta) agus an earn\u00e1il poist.<\/p>\n<p>T\u00e1 raon leathan dualgas teileachumars\u00e1ide (n\u00f3 seirbhis\u00ed cumars\u00e1ide leictreona\u00ed agus l\u00edonra chun cur s\u00edos n\u00edos cuims\u00ed a chur air), poist agus bhainisti\u00fa speictrim orainn. Feidhm\u00edonn ComReg faoi sc\u00e1th reachta\u00edocht na h\u00c9ireann agus an AE sna hearn\u00e1lacha seo.<\/p>\n<p>T\u00e1imid freagrach as ioma\u00edocht a chur chun cinn, tomhalt\u00f3ir\u00ed a chosaint, agus nu\u00e1la\u00edocht a spreagadh. B\u00edmid ag pl\u00e9 le ceisteanna deacra dl\u00ed, eacnama\u00edochta agus teicneola\u00edochta in \u00e1r gcuid oibre, agus ag cinnti\u00fa go nd\u00e9antar\u00a0cinnt\u00ed i mbealach cothrom agus go m\u00edn\u00edtear iad go soil\u00e9ir. Feidhm\u00edonn ComReg mar chomhlacht col\u00e1isteach, glacann na Coimisin\u00e9ir\u00ed na cinnt\u00ed ar fad le ch\u00e9ile. Breathna\u00edtear ar seo mar rud f\u00edor-th\u00e1bhachtach agus ComReg ag comhl\u00edonadh spioraid an Achta um Rial\u00e1il Cumars\u00e1ide, 2002, a d\u2019eascair ComReg as.<\/p>\n<p>L\u00e9ir\u00edonn an <a title=\"This link will open in a new window\" href=\"https:\/\/www.youtube.com\/watch?v=8pZGfua4gjM\" target=\"_blank\" rel=\"noopener noreferrer\">f\u00edse\u00e1n<\/a>\u00a0seo tuilleadh faoi ComReg &#8211; c\u00e9 muidne agus cad a bh\u00edonn ar si\u00fal againn.<\/p>\n","protected":false},"excerpt":{"rendered":"<p>R\u00f3il agus Dualgais Is \u00e9 ComReg an comhlacht st\u00e1it at\u00e1 freagrach as rial\u00fa na hearn\u00e1la cumars\u00e1ide leictreona\u00ed (teileachumars\u00e1ide, radachumars\u00e1id, craoladh agus seirbh\u00eds\u00ed ardr\u00e1ta) agus an &hellip; <a href=\"https:\/\/www.comreg.ie\/ga\/fuinn\/an-meid-a-dheanaimid-2\/\"><\/a><\/p>\n","protected":false},"author":31,"featured_media":0,"parent":90181,"menu_order":1,"comment_status":"closed","ping_status":"closed","template":"templates\/template-topic-pages-noanchors.php","meta":{"_acf_changed":false,"_relevanssi_hide_post":"","_relevanssi_hide_content":"","_relevanssi_pin_for_all":"","_relevanssi_pin_keywords":"","_relevanssi_unpin_keywords":"","_relevanssi_related_keywords":"","_relevanssi_related_include_ids":"","_relevanssi_related_exclude_ids":"","_relevanssi_related_no_append":"","_relevanssi_related_not_related":"","_relevanssi_related_posts":"","_relevanssi_noindex_reason":"","footnotes":"","_wp_rev_ctl_limit":""},"class_list":["post-90254","page","type-page","status-publish","hentry"],"acf":[],"aioseo_notices":[],"_links":{"self":[{"href":"https:\/\/www.comreg.ie\/ga\/wp-json\/wp\/v2\/pages\/90254","targetHints":{"allow":["GET"]}}],"collection":[{"href":"https:\/\/www.comreg.ie\/ga\/wp-json\/wp\/v2\/pages"}],"about":[{"href":"https:\/\/www.comreg.ie\/ga\/wp-json\/wp\/v2\/types\/page"}],"author":[{"embeddable":true,"href":"https:\/\/www.comreg.ie\/ga\/wp-json\/wp\/v2\/users\/31"}],"replies":[{"embeddable":true,"href":"https:\/\/www.comreg.ie\/ga\/wp-json\/wp\/v2\/comments?post=90254"}],"version-history":[{"count":1,"href":"https:\/\/www.comreg.ie\/ga\/wp-json\/wp\/v2\/pages\/90254\/revisions"}],"predecessor-version":[{"id":133227,"href":"https:\/\/www.comreg.ie\/ga\/wp-json\/wp\/v2\/pages\/90254\/revisions\/133227"}],"up":[{"embeddable":true,"href":"https:\/\/www.comreg.ie\/ga\/wp-json\/wp\/v2\/pages\/90181"}],"wp:attachment":[{"href":"https:\/\/www.comreg.ie\/ga\/wp-json\/wp\/v2\/media?parent=90254"}],"curies":[{"name":"wp","href":"https:\/\/api.w.org\/{rel}","templated":true}]}}