{"id":90255,"date":"2016-02-22T10:54:09","date_gmt":"2016-02-22T10:54:09","guid":{"rendered":"http:\/\/comreg.ie.grigore"},"modified":"2024-02-19T17:44:12","modified_gmt":"2024-02-19T17:44:12","slug":"an-fhoireann","status":"publish","type":"page","link":"https:\/\/www.comreg.ie\/ga\/fuinn\/an-fhoireann\/","title":{"rendered":"An Fhoireann"},"content":{"rendered":"<h2>An Fhoireann<\/h2>\n<p>Buna\u00edodh an Coimisi\u00fan um Rial\u00e1il Cumars\u00e1ide (ComReg) ar an 1 Nollaig 2002. T\u00e1 ComReg faoi cheannas Coimisi\u00fan a mb\u00edonn suas go tri\u00far coimisin\u00e9ir\u00ed ina mball de.<\/p>\n<p><a href=\"\/media\/2019\/01\/22T200-Robert-Mourik.jpg\"><img loading=\"lazy\" decoding=\"async\" class=\"alignnone size-medium wp-image-106559\" src=\"\/media\/2019\/01\/22T200-Robert-Mourik-240x300.jpg\" alt=\"\" width=\"240\" height=\"300\" srcset=\"https:\/\/www.comreg.ie\/media\/2019\/01\/22T200-Robert-Mourik-240x300.jpg 240w, https:\/\/www.comreg.ie\/media\/2019\/01\/22T200-Robert-Mourik-819x1024.jpg 819w\" sizes=\"auto, (max-width: 240px) 100vw, 240px\" \/><\/a><\/p>\n<h3>Robert Mourik<\/h3>\n<p>Ceapadh ina choimisin\u00e9ir \u00e9 ar 2019 agus is cathaoirleach \u00e9.<\/p>\n<p><a href=\"\/media\/2019\/01\/22T248-Garrett-Blaney.jpg\"><img loading=\"lazy\" decoding=\"async\" class=\"alignnone size-medium wp-image-106555\" src=\"\/media\/2019\/01\/22T248-Garrett-Blaney-240x300.jpg\" alt=\"\" width=\"240\" height=\"300\" srcset=\"https:\/\/www.comreg.ie\/media\/2019\/01\/22T248-Garrett-Blaney-240x300.jpg 240w, https:\/\/www.comreg.ie\/media\/2019\/01\/22T248-Garrett-Blaney-819x1024.jpg 819w\" sizes=\"auto, (max-width: 240px) 100vw, 240px\" \/><\/a><\/p>\n<h3>Garrett Blaney<\/h3>\n<p>Ceapadh ina choimisin\u00e9ir \u00e9 ar 2019.<\/p>\n<p>&nbsp;<\/p>\n<p><a href=\"https:\/\/www.comreg.ie\/media\/2024\/02\/Helen-Dixon_headshot-scaled.jpg\"><img loading=\"lazy\" decoding=\"async\" class=\"alignnone size-medium wp-image-128111\" src=\"https:\/\/www.comreg.ie\/media\/2024\/02\/Helen-Dixon_headshot-300x200.jpg\" alt=\"\" width=\"300\" height=\"200\" srcset=\"https:\/\/www.comreg.ie\/media\/2024\/02\/Helen-Dixon_headshot-300x200.jpg 300w, https:\/\/www.comreg.ie\/media\/2024\/02\/Helen-Dixon_headshot-1024x684.jpg 1024w, https:\/\/www.comreg.ie\/media\/2024\/02\/Helen-Dixon_headshot-1536x1026.jpg 1536w, https:\/\/www.comreg.ie\/media\/2024\/02\/Helen-Dixon_headshot-2048x1368.jpg 2048w\" sizes=\"auto, (max-width: 300px) 100vw, 300px\" \/><\/a><\/p>\n<h3>Helen Dixon<\/h3>\n<p>Ceapadh ina coimisin\u00e9ir \u00ed ar 2024.<\/p>\n<p>&nbsp;<\/p>\n<h2><strong>Foireann Bainist\u00edochta ComReg<\/strong><\/h2>\n<p>T\u00e1 an Coimisi\u00fan um Rial\u00e1il Cumars\u00e1ide roinnte i rann\u00f3ga \u00e9ags\u00fala. Tugann an\u00a0<a href=\"http:\/\/comreg.ie\/faoi\/an-fhoireann\/ard-abhcoide\/?lang=ga\">Ard-Abhc\u00f3ide<\/a> agus an <span class=\"title\"><a href=\"http:\/\/comreg.ie\/faoi\/an-fhoireann\/comhairleoir-sinsearach\/?lang=ga\">Comhairleoir Sinsearach Eacnama\u00edochta, Polasaithe agus Taighde<\/a> <\/span> taca\u00edocht do na rann\u00f3ga ar fad. T\u00e1 an strucht\u00far seo bunaithe ar fhoirne tras-feidhme ag obair le ch\u00e9ile i dtimpeallacht ildiscipl\u00edneach. Br\u00fa ar na cnaipe ar chl\u00e9 chun tuilleadh eolais a fh\u00e1il.<\/p>\n","protected":false},"excerpt":{"rendered":"<p>An Fhoireann Buna\u00edodh an Coimisi\u00fan um Rial\u00e1il Cumars\u00e1ide (ComReg) ar an 1 Nollaig 2002. T\u00e1 ComReg faoi cheannas Coimisi\u00fan a mb\u00edonn suas go tri\u00far coimisin\u00e9ir\u00ed &hellip; <a href=\"https:\/\/www.comreg.ie\/ga\/fuinn\/an-fhoireann\/\"><\/a><\/p>\n","protected":false},"author":31,"featured_media":0,"parent":90181,"menu_order":3,"comment_status":"closed","ping_status":"closed","template":"templates\/template-topic-pages-noanchors.php","meta":{"_acf_changed":false,"_relevanssi_hide_post":"","_relevanssi_hide_content":"","_relevanssi_pin_for_all":"","_relevanssi_pin_keywords":"","_relevanssi_unpin_keywords":"","_relevanssi_related_keywords":"","_relevanssi_related_include_ids":"","_relevanssi_related_exclude_ids":"","_relevanssi_related_no_append":"","_relevanssi_related_not_related":"","_relevanssi_related_posts":"","_relevanssi_noindex_reason":"","footnotes":"","_wp_rev_ctl_limit":""},"class_list":["post-90255","page","type-page","status-publish","hentry"],"acf":[],"aioseo_notices":[],"_links":{"self":[{"href":"https:\/\/www.comreg.ie\/ga\/wp-json\/wp\/v2\/pages\/90255","targetHints":{"allow":["GET"]}}],"collection":[{"href":"https:\/\/www.comreg.ie\/ga\/wp-json\/wp\/v2\/pages"}],"about":[{"href":"https:\/\/www.comreg.ie\/ga\/wp-json\/wp\/v2\/types\/page"}],"author":[{"embeddable":true,"href":"https:\/\/www.comreg.ie\/ga\/wp-json\/wp\/v2\/users\/31"}],"replies":[{"embeddable":true,"href":"https:\/\/www.comreg.ie\/ga\/wp-json\/wp\/v2\/comments?post=90255"}],"version-history":[{"count":0,"href":"https:\/\/www.comreg.ie\/ga\/wp-json\/wp\/v2\/pages\/90255\/revisions"}],"up":[{"embeddable":true,"href":"https:\/\/www.comreg.ie\/ga\/wp-json\/wp\/v2\/pages\/90181"}],"wp:attachment":[{"href":"https:\/\/www.comreg.ie\/ga\/wp-json\/wp\/v2\/media?parent=90255"}],"curies":[{"name":"wp","href":"https:\/\/api.w.org\/{rel}","templated":true}]}}