{"id":90256,"date":"2016-02-22T12:19:35","date_gmt":"2016-02-22T12:19:35","guid":{"rendered":"http:\/\/comreg.ie.grigore"},"modified":"2021-09-26T12:21:28","modified_gmt":"2021-09-26T12:21:28","slug":"reachtaiocht","status":"publish","type":"page","link":"https:\/\/www.comreg.ie\/ga\/fuinn\/reachtaiocht\/","title":{"rendered":"Reachta\u00edocht"},"content":{"rendered":"<h2><strong>Pr\u00edomhreachta\u00edocht a bhaineann le ComReg<\/strong><\/h2>\n<ul>\n<li><a title=\"This link will open in a new window\" href=\"http:\/\/www.irishstatutebook.ie\/2002\/en\/act\/pub\/0020\/index.html\" target=\"_blank\" rel=\"noopener noreferrer\">Communications Regulation Act, 2002<\/a><\/li>\n<li><a title=\"This link will open in a new window\" href=\"http:\/\/www.irishstatutebook.ie\/2002\/en\/si\/0510.html\" target=\"_blank\" rel=\"noopener noreferrer\">S.I. No. 510 of 2002 Communications Regulation Act 2002 (Establishment Day) Order 2002<\/a><\/li>\n<li><a title=\"This link will open in a new window\" href=\"http:\/\/www.irishstatutebook.ie\/eli\/2007\/act\/22\/enacted\/en\/html\" target=\"_blank\" rel=\"noopener noreferrer\">Communications Regulation (Amendment) Act 2007<\/a><\/li>\n<li><a title=\"This link will open in a new window\" href=\"http:\/\/www.irishstatutebook.ie\/eli\/2010\/act\/2\/enacted\/en\/html\" target=\"_blank\" rel=\"noopener noreferrer\">Communications Regulation (Premium Rate Services and Electronic Communications Infrastructure) Act 2010<\/a><\/li>\n<li><a title=\"This link will open in a new window\" href=\"http:\/\/www.irishstatutebook.ie\/2011\/en\/act\/pub\/0021\/print.html\" target=\"_blank\" rel=\"noopener noreferrer\">Communications Regulations (Postal Services) Act 2011<\/a><\/li>\n<li><a title=\"This link will open in a new window\" href=\"http:\/\/www.irishstatutebook.ie\/eli\/2015\/act\/20\/enacted\/en\/html\" target=\"_blank\" rel=\"noopener noreferrer\">Communications Regulation (Postal Services) (Amendment) Act 2015<\/a><\/li>\n<li><a href=\"\/media\/2016\/02\/Communications-Regulation-Postal-Service-Amendment-Act-2017.pdf\">Communications Regulation (Postal Service) (Amendment) Act 2017<\/a><\/li>\n<\/ul>\n<p>&nbsp;<\/p>\n<h3><strong>Reachta\u00edocht Chomhdhl\u00faite<\/strong><\/h3>\n<p><span lang=\"en\">The following are administrative consolidations of the Communications Regulation (Amendment) Act 2007 (updated to 22 February 2013) and the Communications Regulation (Postal Services) \u00a0Act 2011 (updated to 1 January 2016). They have been prepared by the \u00a0Law Reform Commission in accordance with its function under the Law Reform Commission Act 1975 (3\/1975) to keep the law under review and to undertake revision and consolidation of statute law.<\/span><\/p>\n<ul>\n<li style=\"list-style-type: none;\">\n<ul>\n<li><a title=\"This link will open in a new window\" href=\"http:\/\/www.lawreform.ie\/_fileupload\/RevisedActs\/WithAnnotations\/HTML\/EN_ACT_1996_0034.htm\" target=\"_blank\" rel=\"noopener noreferrer\">Telecommunications (Miscellaneous Provisions) Act 1996<\/a><\/li>\n<li><a title=\"This link will open in a new window\" href=\"http:\/\/www.lawreform.ie\/_fileupload\/RevisedActs\/WithAnnotations\/HTML\/EN_ACT_2002_0020.htm\" target=\"_blank\" rel=\"noopener noreferrer\">Communications Regulation Act 2002<\/a><\/li>\n<li><a title=\"This link will open in a new window\" href=\"http:\/\/www.lawreform.ie\/_fileupload\/RevisedActs\/WithAnnotations\/HTML\/en_act_2007_0022.htm\" target=\"_blank\" rel=\"noopener noreferrer\">Communications Regulation (Amendment) Act 2007<\/a><\/li>\n<li><a title=\"This link will open in a new window\" href=\"http:\/\/www.lawreform.ie\/_fileupload\/RevisedActs\/WithAnnotations\/HTML\/en_act_2011_0021.htm\" target=\"_blank\" rel=\"noopener noreferrer\">Communications Regulation (Postal Services) Act 2011<\/a><\/li>\n<li><a href=\"\/media\/2016\/02\/2015-2017-Roaming-Regs-Consolidated.pdf\">Consolidated European Union (Roaming) Regulations 2017<\/a><\/li>\n<\/ul>\n<\/li>\n<\/ul>\n<p>&nbsp;<\/p>\n","protected":false},"excerpt":{"rendered":"<p>Pr\u00edomhreachta\u00edocht a bhaineann le ComReg Communications Regulation Act, 2002 S.I. No. 510 of 2002 Communications Regulation Act 2002 (Establishment Day) Order 2002 Communications Regulation (Amendment) &hellip; <a href=\"https:\/\/www.comreg.ie\/ga\/fuinn\/reachtaiocht\/\"><\/a><\/p>\n","protected":false},"author":31,"featured_media":0,"parent":90181,"menu_order":4,"comment_status":"closed","ping_status":"closed","template":"templates\/template-topic-pages.php","meta":{"_acf_changed":false,"_relevanssi_hide_post":"","_relevanssi_hide_content":"","_relevanssi_pin_for_all":"","_relevanssi_pin_keywords":"","_relevanssi_unpin_keywords":"","_relevanssi_related_keywords":"","_relevanssi_related_include_ids":"","_relevanssi_related_exclude_ids":"","_relevanssi_related_no_append":"","_relevanssi_related_not_related":"","_relevanssi_related_posts":"","_relevanssi_noindex_reason":"","footnotes":"","_wp_rev_ctl_limit":""},"class_list":["post-90256","page","type-page","status-publish","hentry"],"acf":[],"aioseo_notices":[],"_links":{"self":[{"href":"https:\/\/www.comreg.ie\/ga\/wp-json\/wp\/v2\/pages\/90256","targetHints":{"allow":["GET"]}}],"collection":[{"href":"https:\/\/www.comreg.ie\/ga\/wp-json\/wp\/v2\/pages"}],"about":[{"href":"https:\/\/www.comreg.ie\/ga\/wp-json\/wp\/v2\/types\/page"}],"author":[{"embeddable":true,"href":"https:\/\/www.comreg.ie\/ga\/wp-json\/wp\/v2\/users\/31"}],"replies":[{"embeddable":true,"href":"https:\/\/www.comreg.ie\/ga\/wp-json\/wp\/v2\/comments?post=90256"}],"version-history":[{"count":0,"href":"https:\/\/www.comreg.ie\/ga\/wp-json\/wp\/v2\/pages\/90256\/revisions"}],"up":[{"embeddable":true,"href":"https:\/\/www.comreg.ie\/ga\/wp-json\/wp\/v2\/pages\/90181"}],"wp:attachment":[{"href":"https:\/\/www.comreg.ie\/ga\/wp-json\/wp\/v2\/media?parent=90256"}],"curies":[{"name":"wp","href":"https:\/\/api.w.org\/{rel}","templated":true}]}}