{"id":90257,"date":"2016-02-22T12:19:44","date_gmt":"2016-02-22T12:19:44","guid":{"rendered":"http:\/\/comreg.ie.grigore"},"modified":"2021-09-26T12:29:47","modified_gmt":"2021-09-26T12:29:47","slug":"straiteis","status":"publish","type":"page","link":"https:\/\/www.comreg.ie\/ga\/fuinn\/straiteis\/","title":{"rendered":"Strait\u00e9is"},"content":{"rendered":"<h2>Strait\u00e9is<\/h2>\n<p>De R\u00e9ir an Achta um Rial\u00e1il Cumars\u00e1ide 2002, t\u00e1 s\u00e9 mar dhualgas ag ComReg R\u00e1itis Strait\u00e9ise a eisi\u00fa a chuims\u00edonn\u00a0tr\u00ed phr\u00edomhearn\u00e1il.\u00a0Is iad an R\u00e1iteas Strait\u00e9ise don Earn\u00e1il Cumars\u00e1ide Leictreona\u00ed, an R\u00e1iteas Strait\u00e9ise ar Speictream agus\u00a0an R\u00e1iteas\u00a0Strait\u00e9ise ar Phost at\u00e1 i gceist.<\/p>\n","protected":false},"excerpt":{"rendered":"<p>Strait\u00e9is De R\u00e9ir an Achta um Rial\u00e1il Cumars\u00e1ide 2002, t\u00e1 s\u00e9 mar dhualgas ag ComReg R\u00e1itis Strait\u00e9ise a eisi\u00fa a chuims\u00edonn\u00a0tr\u00ed phr\u00edomhearn\u00e1il.\u00a0Is iad an R\u00e1iteas &hellip; <a href=\"https:\/\/www.comreg.ie\/ga\/fuinn\/straiteis\/\"><\/a><\/p>\n","protected":false},"author":31,"featured_media":0,"parent":90181,"menu_order":5,"comment_status":"closed","ping_status":"closed","template":"templates\/template-topic-pages-noanchors.php","meta":{"_acf_changed":false,"_relevanssi_hide_post":"","_relevanssi_hide_content":"","_relevanssi_pin_for_all":"","_relevanssi_pin_keywords":"","_relevanssi_unpin_keywords":"","_relevanssi_related_keywords":"","_relevanssi_related_include_ids":"","_relevanssi_related_exclude_ids":"","_relevanssi_related_no_append":"","_relevanssi_related_not_related":"","_relevanssi_related_posts":"","_relevanssi_noindex_reason":"","footnotes":"","_wp_rev_ctl_limit":""},"class_list":["post-90257","page","type-page","status-publish","hentry"],"acf":[],"aioseo_notices":[],"_links":{"self":[{"href":"https:\/\/www.comreg.ie\/ga\/wp-json\/wp\/v2\/pages\/90257","targetHints":{"allow":["GET"]}}],"collection":[{"href":"https:\/\/www.comreg.ie\/ga\/wp-json\/wp\/v2\/pages"}],"about":[{"href":"https:\/\/www.comreg.ie\/ga\/wp-json\/wp\/v2\/types\/page"}],"author":[{"embeddable":true,"href":"https:\/\/www.comreg.ie\/ga\/wp-json\/wp\/v2\/users\/31"}],"replies":[{"embeddable":true,"href":"https:\/\/www.comreg.ie\/ga\/wp-json\/wp\/v2\/comments?post=90257"}],"version-history":[{"count":0,"href":"https:\/\/www.comreg.ie\/ga\/wp-json\/wp\/v2\/pages\/90257\/revisions"}],"up":[{"embeddable":true,"href":"https:\/\/www.comreg.ie\/ga\/wp-json\/wp\/v2\/pages\/90181"}],"wp:attachment":[{"href":"https:\/\/www.comreg.ie\/ga\/wp-json\/wp\/v2\/media?parent=90257"}],"curies":[{"name":"wp","href":"https:\/\/api.w.org\/{rel}","templated":true}]}}