{"id":90258,"date":"2016-02-22T12:19:39","date_gmt":"2016-02-22T12:19:56","guid":{"rendered":"http:\/\/comreg.ie.grigore"},"modified":"2021-09-24T18:39:13","modified_gmt":"2021-09-24T18:39:13","slug":"sceim-foilsitheoireachta-sf","status":"publish","type":"page","link":"https:\/\/www.comreg.ie\/ga\/fuinn\/sceim-foilsitheoireachta-sf\/","title":{"rendered":"Faisn\u00e9is SF, RFC &#038; Cosaint Sonra\u00ed"},"content":{"rendered":"<h2><strong>Saor\u00e1il Faisn\u00e9ise<\/strong><\/h2>\n<p>L\u00e9ir\u00edonn an tAcht um Shaor\u00e1il Faisn\u00e9ise 2014 (Acht SF) c\u00fapla ceart dl\u00ed t\u00e1bhachtach d\u00f3ibh si\u00fad at\u00e1 ag iarraidh teacht ar fh\u00e1isn\u00e9is.<\/p>\n<p>Cearta Reacht\u00fala faoin Acht SF:<\/p>\n<ul>\n<li>Ceart dl\u00edthi\u00fail do gach duine chun rochtain a fh\u00e1il ar fhaisn\u00e9is at\u00e1 \u00e1 coime\u00e1d ag comhlachta\u00ed poibl\u00ed lena mbaineann an reachta\u00edocht um shaor\u00e1il faisn\u00e9ise<\/li>\n<li>Ceart dl\u00edthi\u00fail do gach duine go gcearta\u00edtear faisn\u00e9is oifigi\u00fail a bhaineann leis\/l\u00e9i f\u00e9in sa ch\u00e1s go bhfuil s\u00ed neamhioml\u00e1n, m\u00edcheart n\u00f3 m\u00edthreorach<\/li>\n<li>Ceart dl\u00edthi\u00fail chun teacht ar na c\u00faiseanna a bhain le cinnt\u00ed a d\u2019imir tionchar ar dhuine.<\/li>\n<\/ul>\n<p>Is \u00ed aidhm an Achta um SF n\u00e1 ligint don phobal teacht ar fhaisn\u00e9is at\u00e1 ag ComReg NACH BHFUIL ar f\u00e1il tr\u00ed na gn\u00e1thfhoins\u00ed eile. T\u00e1 teacht ar fhaisn\u00e9is faoi SF faoi r\u00e9ir d\u00edol\u00faint\u00ed \u00e1irithe agus t\u00e1 n\u00f3sanna imeachta faoi leith chomh maith le teorainn ama i gceist leo.<\/p>\n<p>Alt 8 den Acht um Shaor\u00e1il Faisn\u00e9ise, 2014.<\/p>\n<h2><\/h2>\n<h2><strong>Iarratais<\/strong><\/h2>\n<p>Is f\u00e9idir iarratais ar Fhaisn\u00e9is faoin Acht SF a sheoladh chuig:<\/p>\n<p>Derek C.O&#8217;Reilly, Feidhmeannach Rochtana Faisn\u00e9ise<br \/>\nCoimisi\u00fan um Rial\u00e1il Cumars\u00e1ide,<br \/>\n1 L\u00e1rcheantar na nDuga\u00ed,<br \/>\nSr\u00e1id na nGildeanna,<br \/>\nB\u00c1C 1, D01 E4X0.<br \/>\nTeil: 018049769<br \/>\nFaics: 018788193<br \/>\nR\u00edomhphost: <a href=\"mailto:foi@comreg.ie\">foi@comreg.ie<\/a><\/p>\n<p>N\u00ed m\u00f3r duit d\u2019iarratas a dh\u00e9anamh i scr\u00edbhinn agus ba cheart go dtagr\u00f3dh d\u2019iarratas don tAcht um Shaor\u00e1il Faisn\u00e9ise. T\u00e1 foirm iarratais ar f\u00e1il \u2018Iarratas ar Fhaisn\u00e9is faoi Acht um Shaor\u00e1il Faisn\u00e9ise\u2019 ach n\u00ed g\u00e1 \u00e9 a \u00fas\u00e1id.<\/p>\n<p><a title=\"This link will open in a new window\" href=\"http:\/\/www.comreg.ie\/media\/2016\/02\/FOI_applic.pdf\" target=\"_blank\" rel=\"noopener noreferrer\">Foirm Iarratais SF<\/a>\u00a0&#8211; seol an fhoirm seo chuig\u00a0<a title=\"This link will open in a new window\" href=\"mailto:foi@comreg.ie\" target=\"_blank\" rel=\"noopener noreferrer\">foi@comreg.ie <\/a>n\u00f3 an seoladh poist thuas.<\/p>\n<p>M\u00e1 t\u00e1 cabhair uait ag aithint na dtaifead at\u00e1 uait, beidh an Feidhmeannach Rochtana Faisn\u00e9ise in ann cuidi\u00fa leat.<\/p>\n<p>Is f\u00e9idir iarratais agus ceisteanna SF a chur chugainn ar r\u00edomhphost\u00a0<a href=\"mailto:foi@comreg.ie\">foi@comreg.ie<\/a><\/p>\n","protected":false},"excerpt":{"rendered":"<p>Saor\u00e1il Faisn\u00e9ise L\u00e9ir\u00edonn an tAcht um Shaor\u00e1il Faisn\u00e9ise 2014 (Acht SF) c\u00fapla ceart dl\u00ed t\u00e1bhachtach d\u00f3ibh si\u00fad at\u00e1 ag iarraidh teacht ar fh\u00e1isn\u00e9is. Cearta Reacht\u00fala &hellip; <a href=\"https:\/\/www.comreg.ie\/ga\/fuinn\/sceim-foilsitheoireachta-sf\/\"><\/a><\/p>\n","protected":false},"author":31,"featured_media":0,"parent":90181,"menu_order":7,"comment_status":"closed","ping_status":"closed","template":"templates\/template-topic-pages-noanchors.php","meta":{"_acf_changed":false,"_relevanssi_hide_post":"","_relevanssi_hide_content":"","_relevanssi_pin_for_all":"","_relevanssi_pin_keywords":"","_relevanssi_unpin_keywords":"","_relevanssi_related_keywords":"","_relevanssi_related_include_ids":"","_relevanssi_related_exclude_ids":"","_relevanssi_related_no_append":"","_relevanssi_related_not_related":"","_relevanssi_related_posts":"","_relevanssi_noindex_reason":"","footnotes":"","_wp_rev_ctl_limit":""},"class_list":["post-90258","page","type-page","status-publish","hentry"],"acf":[],"aioseo_notices":[],"_links":{"self":[{"href":"https:\/\/www.comreg.ie\/ga\/wp-json\/wp\/v2\/pages\/90258","targetHints":{"allow":["GET"]}}],"collection":[{"href":"https:\/\/www.comreg.ie\/ga\/wp-json\/wp\/v2\/pages"}],"about":[{"href":"https:\/\/www.comreg.ie\/ga\/wp-json\/wp\/v2\/types\/page"}],"author":[{"embeddable":true,"href":"https:\/\/www.comreg.ie\/ga\/wp-json\/wp\/v2\/users\/31"}],"replies":[{"embeddable":true,"href":"https:\/\/www.comreg.ie\/ga\/wp-json\/wp\/v2\/comments?post=90258"}],"version-history":[{"count":0,"href":"https:\/\/www.comreg.ie\/ga\/wp-json\/wp\/v2\/pages\/90258\/revisions"}],"up":[{"embeddable":true,"href":"https:\/\/www.comreg.ie\/ga\/wp-json\/wp\/v2\/pages\/90181"}],"wp:attachment":[{"href":"https:\/\/www.comreg.ie\/ga\/wp-json\/wp\/v2\/media?parent=90258"}],"curies":[{"name":"wp","href":"https:\/\/api.w.org\/{rel}","templated":true}]}}