{"id":90268,"date":"2016-03-21T14:24:16","date_gmt":"2016-03-21T14:24:16","guid":{"rendered":"http:\/\/comreg.ie.grigore"},"modified":"2020-08-18T16:54:59","modified_gmt":"2020-08-18T16:54:59","slug":"seirbhisi-ardrata","status":"publish","type":"page","link":"https:\/\/www.comreg.ie\/ga\/gearain\/seirbhisi-ardrata\/","title":{"rendered":"Seirbh\u00eds\u00ed ArdR\u00e1ta"},"content":{"rendered":"<h2><span lang=\"en\">Before you begin:<\/span><\/h2>\n<p><span lang=\"en\">ComReg cannot act on your complaint until you have raised it with your service provider and their complaint handling process is completed. This is because the main responsibility for resolving a complaint lies with your service provider, as they have the direct relationship with you.<\/span><\/p>\n<p>You should always contact your service provider first if you have a complaint or a query in relation to your home telephone line.<\/p>\n<h2><\/h2>\n\n            <h3>Comhr\u00e1 Beo ar l\u00edne<\/h3>\n            <p>Labhair le ball na foirne um Ch\u00faram Tomhalt\u00f3ra maidir le do cheist.<\/p>\n            <p style=\"font-size: 0.95em;\">By using Web Chat you agree to have your personal information processed for chat support.<br \/>\n\t\t\t<strong>GDPR information:<\/strong> Our <a href=\"\/privacy\/\">Privacy Notice<\/a> explains what personal information we collect and use about individuals, what we do with it and why.<\/p>\n\t\t\t<a  href=\"javascript:void(0);\" onclick=\"olark('api.box.expand')\" class=\"cta-btn -coloured-outline -small\">WEB CHAT<\/a>\n\t\t\t<!--\n            <a href=\"https:\/\/importal.comreg.ie\/gui2\/login.jsp?genhotlink=iNSiZs+\/6VPRM\/d+RKwSp1uRZxvAnr5quMSJXMYJAjmz01lQaxogVPaWCXRqK1jf4XXPzioLxm7ZSXfIYXTbWYrfa12YjeMc9Doyve1nbnwjJgq5stgvtoN0\/wYY34W7bWEoa\/MENTzW7l5+3FB7Eu+JlXwVUGt9ZrLziZ4HAnwWnAagBkRFUZ1OYY\/7VBT2SIz1\/mBoO1zCURv9M5J8yFkCV7KbelK5kdyx5oGXSqlYBYiFPgZJ43l3yGLUiw2DM\/8guttSXYu6dJUDstryff\/QcBW16CiIxP0BTbLdqwvE7U5pG07pSK\/15vx2x9fMZN5AjrcFX\/RVhN4KM9hAIMR62Zmk63LtftXmQ3m5F1AygwXSSe6vkjndgjrdd+womLvlm5qNLbYHmKnerRfYlwbjiW9VbHXY9rvNOs1\/LRvB1GXYhABqM9grW1WGlyWtOh4bETBPRu+dJ\/pWIvRwha06wWtc8xaMXbMtF5y9NBvoS5lV7A+Y8yb8cibk\/ntTG7oXrFZdaZ8bITzT\/wH0bnVWilbpeDQYrgmbTlJQGVivlWT7oJb086hlwn9L\/b0Zjl9ICQeXDuwdGXW\/HFWur0bQVvGygtRpL\/Ax9V68DyEVE0ItfF\/OVILq5kavbxTVhz4GWyvAjqg8vaNPE+5aqbnNeJLaDghB9eltcakSylg=&genproject=ComReg+Live\" class=\"cta-btn -coloured-outline -small\" target=\"_blank\">WEB CHAT<\/a>-->\n\t\t\t\n \n        \n  <!-- begin olark code -->\n<script type=\"text\/javascript\" async>\n ;(function(o,l,a,r,k,y){if(o.olark)return; r=\"script\";y=l.createElement(r);r=l.getElementsByTagName(r)[0]; y.async=1;y.src=\"\/\/\"+a;r.parentNode.insertBefore(y,r); y=o.olark=function(){k.s.push(arguments);k.t.push(+new Date)}; y.extend=function(i,j){y(\"extend\",i,j)}; y.identify=function(i){y(\"identify\",k.i=i)}; y.configure=function(i,j){y(\"configure\",i,j);k.c[i]=j}; k=y._={s:[],t:[+new Date],c:{},l:a}; })(window,document,\"static.olark.com\/jsclient\/loader.js\");\n\/* custom configuration goes here (www.olark.com\/documentation) *\/\nolark.identify('9278-557-10-5505');<\/script>\n<!-- end olark code -->\n  \n","protected":false},"excerpt":{"rendered":"<p>Before you begin: ComReg cannot act on your complaint until you have raised it with your service provider and their complaint handling process is completed. &hellip; <a href=\"https:\/\/www.comreg.ie\/ga\/gearain\/seirbhisi-ardrata\/\"><\/a><\/p>\n","protected":false},"author":31,"featured_media":0,"parent":90175,"menu_order":2,"comment_status":"closed","ping_status":"closed","template":"templates\/template-knowledge-base-internal.php","meta":{"_acf_changed":false,"_relevanssi_hide_post":"","_relevanssi_hide_content":"","_relevanssi_pin_for_all":"","_relevanssi_pin_keywords":"","_relevanssi_unpin_keywords":"","_relevanssi_related_keywords":"","_relevanssi_related_include_ids":"","_relevanssi_related_exclude_ids":"","_relevanssi_related_no_append":"","_relevanssi_related_not_related":"","_relevanssi_related_posts":"","_relevanssi_noindex_reason":"","footnotes":"","_wp_rev_ctl_limit":""},"class_list":["post-90268","page","type-page","status-publish","hentry"],"acf":[],"aioseo_notices":[],"_links":{"self":[{"href":"https:\/\/www.comreg.ie\/ga\/wp-json\/wp\/v2\/pages\/90268","targetHints":{"allow":["GET"]}}],"collection":[{"href":"https:\/\/www.comreg.ie\/ga\/wp-json\/wp\/v2\/pages"}],"about":[{"href":"https:\/\/www.comreg.ie\/ga\/wp-json\/wp\/v2\/types\/page"}],"author":[{"embeddable":true,"href":"https:\/\/www.comreg.ie\/ga\/wp-json\/wp\/v2\/users\/31"}],"replies":[{"embeddable":true,"href":"https:\/\/www.comreg.ie\/ga\/wp-json\/wp\/v2\/comments?post=90268"}],"version-history":[{"count":0,"href":"https:\/\/www.comreg.ie\/ga\/wp-json\/wp\/v2\/pages\/90268\/revisions"}],"up":[{"embeddable":true,"href":"https:\/\/www.comreg.ie\/ga\/wp-json\/wp\/v2\/pages\/90175"}],"wp:attachment":[{"href":"https:\/\/www.comreg.ie\/ga\/wp-json\/wp\/v2\/media?parent=90268"}],"curies":[{"name":"wp","href":"https:\/\/api.w.org\/{rel}","templated":true}]}}