{"id":90269,"date":"2016-03-21T14:24:16","date_gmt":"2016-03-21T14:24:16","guid":{"rendered":"http:\/\/comreg.ie.grigore"},"modified":"2024-11-05T14:59:46","modified_gmt":"2024-11-05T14:59:46","slug":"forbhreathnu-ar-an-bpost","status":"publish","type":"page","link":"https:\/\/www.comreg.ie\/ga\/comhairle-eolas\/forbhreathnu-ar-an-bpost\/","title":{"rendered":"Forbhreathn\u00fa ar an bPost"},"content":{"rendered":"<h2><span class=\"TextRun SCXW179199933 BCX8\" lang=\"EN-IE\" xml:lang=\"EN-IE\" data-contrast=\"auto\"><span class=\"NormalTextRun SCXW179199933 BCX8\">Gear\u00e1n<\/span><span class=\"NormalTextRun SCXW179199933 BCX8\"> a <\/span><span class=\"NormalTextRun SCXW179199933 BCX8\">dh\u00e9anamh<\/span><\/span><span class=\"EOP SCXW179199933 BCX8\" data-ccp-props=\"{}\">\u00a0<\/span><\/h2>\n<p><span class=\"TextRun SCXW31376575 BCX8\" lang=\"EN-IE\" xml:lang=\"EN-IE\" data-contrast=\"auto\"><span class=\"NormalTextRun SCXW31376575 BCX8\">N\u00ed<\/span> <span class=\"NormalTextRun SCXW31376575 BCX8\">m\u00f3r<\/span> <span class=\"NormalTextRun SCXW31376575 BCX8\">duit<\/span> <span class=\"NormalTextRun SCXW31376575 BCX8\">teagmh\u00e1il<\/span><span class=\"NormalTextRun SCXW31376575 BCX8\"> a <\/span><span class=\"NormalTextRun SCXW31376575 BCX8\">dh\u00e9anamh<\/span><span class=\"NormalTextRun SCXW31376575 BCX8\"> le do <\/span><span class=\"NormalTextRun SCXW31376575 BCX8\">shol\u00e1thra\u00ed<\/span> <span class=\"NormalTextRun SCXW31376575 BCX8\">seirbh\u00edse<\/span> <span class=\"NormalTextRun SCXW31376575 BCX8\">poist<\/span> <span class=\"NormalTextRun SCXW31376575 BCX8\">ar<\/span> <span class=\"NormalTextRun SCXW31376575 BCX8\">dt\u00fas<\/span> <span class=\"NormalTextRun SCXW31376575 BCX8\">chun<\/span><span class=\"NormalTextRun SCXW31376575 BCX8\"> do <\/span><span class=\"NormalTextRun SCXW31376575 BCX8\">ghear\u00e1n<\/span><span class=\"NormalTextRun SCXW31376575 BCX8\"> a <\/span><span class=\"NormalTextRun SCXW31376575 BCX8\">chur <\/span><span class=\"NormalTextRun SCXW31376575 BCX8\">isteach<\/span><span class=\"NormalTextRun SCXW31376575 BCX8\">.<\/span><\/span><span class=\"EOP SCXW31376575 BCX8\" data-ccp-props=\"{}\">\u00a0<\/span><\/p>\n<p><span class=\"TextRun SCXW241154082 BCX8\" lang=\"EN-IE\" xml:lang=\"EN-IE\" data-contrast=\"auto\"><span class=\"NormalTextRun SCXW241154082 BCX8\">M\u00e1<\/span> <span class=\"NormalTextRun SpellingErrorV2Themed SCXW241154082 BCX8\">t\u00e1<\/span> <span class=\"NormalTextRun SpellingErrorV2Themed SCXW241154082 BCX8\">gear\u00e1n<\/span> <span class=\"NormalTextRun SpellingErrorV2Themed SCXW241154082 BCX8\">agat<\/span><span class=\"NormalTextRun SCXW241154082 BCX8\">, <\/span><span class=\"NormalTextRun SpellingErrorV2Themed SCXW241154082 BCX8\">t\u00e9igh<\/span> <span class=\"NormalTextRun SpellingErrorV2Themed SCXW241154082 BCX8\">i<\/span> <span class=\"NormalTextRun SpellingErrorV2Themed SCXW241154082 BCX8\">dteagmh\u00e1il<\/span><span class=\"NormalTextRun SCXW241154082 BCX8\"> le <\/span><span class=\"NormalTextRun SpellingErrorV2Themed SCXW241154082 BCX8\">foireann<\/span> <span class=\"NormalTextRun SpellingErrorV2Themed SCXW241154082 BCX8\">seirbh\u00edse<\/span><span class=\"NormalTextRun SCXW241154082 BCX8\"> do <\/span><span class=\"NormalTextRun SpellingErrorV2Themed SCXW241154082 BCX8\">chustaim\u00e9ir\u00ed<\/span><span class=\"NormalTextRun SCXW241154082 BCX8\"> do <\/span><span class=\"NormalTextRun SpellingErrorV2Themed SCXW241154082 BCX8\">shol\u00e1thra\u00ed<\/span> <span class=\"NormalTextRun SpellingErrorV2Themed SCXW241154082 BCX8\">seirbh\u00edse<\/span><span class=\"NormalTextRun SCXW241154082 BCX8\">, <\/span><span class=\"NormalTextRun SpellingErrorV2Themed SCXW241154082 BCX8\">tabhair<\/span> <span class=\"NormalTextRun SpellingErrorV2Themed SCXW241154082 BCX8\">breac-chuntas<\/span> <span class=\"NormalTextRun SpellingErrorV2Themed SCXW241154082 BCX8\">ar<\/span><span class=\"NormalTextRun SCXW241154082 BCX8\"> an <\/span><span class=\"NormalTextRun SpellingErrorV2Themed SCXW241154082 BCX8\">ngear\u00e1n<\/span> <span class=\"NormalTextRun SpellingErrorV2Themed SCXW241154082 BCX8\">agus<\/span> <span class=\"NormalTextRun SpellingErrorV2Themed SCXW241154082 BCX8\">iarr<\/span><span class=\"NormalTextRun SCXW241154082 BCX8\"> go <\/span><span class=\"NormalTextRun SCXW241154082 BCX8\">r\u00e9iteofa\u00ed<\/span><span class=\"NormalTextRun SCXW241154082 BCX8\"> \u00e9.<\/span><\/span><span class=\"EOP SCXW241154082 BCX8\" data-ccp-props=\"{}\">\u00a0<\/span><\/p>\n<p><span class=\"NormalTextRun SCXW214455049 BCX8\">N\u00ed<\/span> <span class=\"NormalTextRun SCXW214455049 BCX8\">m\u00f3r<\/span><span class=\"NormalTextRun SCXW214455049 BCX8\"> do <\/span><span class=\"NormalTextRun SCXW214455049 BCX8\">gach<\/span> <span class=\"NormalTextRun SCXW214455049 BCX8\">sol\u00e1thra\u00ed<\/span> <span class=\"NormalTextRun SCXW214455049 BCX8\">seirbh\u00edse<\/span> <span class=\"NormalTextRun SCXW214455049 BCX8\">poist<\/span> <span class=\"NormalTextRun SCXW214455049 BCX8\">\u00fadaraithe<\/span> <span class=\"NormalTextRun SCXW214455049 BCX8\">n\u00f3sanna<\/span> <span class=\"NormalTextRun SCXW214455049 BCX8\">imeachta<\/span> <span class=\"NormalTextRun SCXW214455049 BCX8\">gear\u00e1in<\/span><span class=\"NormalTextRun SCXW214455049 BCX8\"> a <\/span><span class=\"NormalTextRun SpellingErrorV2Themed SCXW214455049 BCX8\">bheith<\/span> <span class=\"NormalTextRun SpellingErrorV2Themed SCXW214455049 BCX8\">ar<\/span> <span class=\"NormalTextRun SpellingErrorV2Themed SCXW214455049 BCX8\">f\u00e1il<\/span> <span class=\"NormalTextRun SpellingErrorV2Themed SCXW214455049 BCX8\">d&#8217;\u00fas\u00e1ideoir\u00ed<\/span> <span class=\"NormalTextRun SpellingErrorV2Themed SCXW214455049 BCX8\">seirbh\u00edse<\/span> <span class=\"NormalTextRun SpellingErrorV2Themed SCXW214455049 BCX8\">poist<\/span> <span class=\"NormalTextRun SpellingErrorV2Themed SCXW214455049 BCX8\">agus<\/span> <span class=\"NormalTextRun SpellingErrorV2Themed SCXW214455049 BCX8\">d&#8217;fhoilsigh<\/span><span class=\"NormalTextRun SCXW214455049 BCX8\"> ComReg &#8220;<\/span><span class=\"NormalTextRun SpellingErrorV2Themed SCXW214455049 BCX8\">N\u00f3sanna<\/span> <span class=\"NormalTextRun SpellingErrorV2Themed SCXW214455049 BCX8\">Imeachta<\/span> <span class=\"NormalTextRun SpellingErrorV2Themed SCXW214455049 BCX8\">Gear\u00e1n<\/span> <span class=\"NormalTextRun SpellingErrorV2Themed SCXW214455049 BCX8\">agus<\/span> <span class=\"NormalTextRun SpellingErrorV2Themed SCXW214455049 BCX8\">S\u00e1saimh<\/span><span class=\"NormalTextRun SCXW214455049 BCX8\">: <\/span><span class=\"NormalTextRun SpellingErrorV2Themed SCXW214455049 BCX8\">Treoirl\u00ednte<\/span><span class=\"NormalTextRun SCXW214455049 BCX8\"> do <\/span><span class=\"NormalTextRun SpellingErrorV2Themed SCXW214455049 BCX8\">Shol\u00e1thraithe<\/span> <span class=\"NormalTextRun SpellingErrorV2Themed SCXW214455049 BCX8\">Seirbh\u00edse<\/span><span class=\"NormalTextRun SCXW214455049 BCX8\"> Poist&#8221;<\/span>\u00a0<a title=\"This link will open in a new window\" href=\"\/csv\/downloads\/ComReg1406.pdf\" target=\"_blank\" rel=\"noopener\">Doicim\u00e9ad ComReg 14\/06 <\/a>\u00a0(\u201cna <span class=\"NormalTextRun SpellingErrorV2Themed SCXW214455049 BCX8\">Treoirl\u00ednte<\/span>\u201d) <span class=\"TextRun SCXW138530275 BCX8\" lang=\"EN-IE\" xml:lang=\"EN-IE\" data-contrast=\"auto\"><span class=\"NormalTextRun SpellingErrorV2Themed SCXW138530275 BCX8\">chun<\/span> <span class=\"NormalTextRun SpellingErrorV2Themed SCXW138530275 BCX8\">cabhr\u00fa<\/span><span class=\"NormalTextRun SCXW138530275 BCX8\"> le <\/span><span class=\"NormalTextRun SpellingErrorV2Themed SCXW138530275 BCX8\">sol\u00e1thraithe<\/span> <span class=\"NormalTextRun SpellingErrorV2Themed SCXW138530275 BCX8\">seirbh\u00edse<\/span> <span class=\"NormalTextRun SpellingErrorV2Themed SCXW138530275 BCX8\">poist<\/span> <span class=\"NormalTextRun SpellingErrorV2Themed SCXW138530275 BCX8\">ina<\/span> <span class=\"NormalTextRun SpellingErrorV2Themed SCXW138530275 BCX8\">leith<\/span> <span class=\"NormalTextRun SpellingErrorV2Themed SCXW138530275 BCX8\">seo<\/span><span class=\"NormalTextRun SCXW138530275 BCX8\">.<\/span><\/span><span class=\"EOP SCXW138530275 BCX8\" data-ccp-props=\"{}\">\u00a0<\/span><\/p>\n<p><span class=\"TextRun SCXW3163336 BCX8\" lang=\"EN-IE\" xml:lang=\"EN-IE\" data-contrast=\"auto\"><span class=\"NormalTextRun SpellingErrorV2Themed SCXW3163336 BCX8\">N\u00edl<\/span> <span class=\"NormalTextRun SpellingErrorV2Themed SCXW3163336 BCX8\">sainch\u00faram<\/span> <span class=\"NormalTextRun SpellingErrorV2Themed SCXW3163336 BCX8\">rial\u00e1la<\/span><span class=\"NormalTextRun SCXW3163336 BCX8\"> ag ComReg <\/span><span class=\"NormalTextRun SpellingErrorV2Themed SCXW3163336 BCX8\">maidir<\/span><span class=\"NormalTextRun SCXW3163336 BCX8\"> le <\/span><span class=\"NormalTextRun SpellingErrorV2Themed SCXW3163336 BCX8\">hiompar<\/span> <span class=\"NormalTextRun SpellingErrorV2Themed SCXW3163336 BCX8\">agus<\/span> <span class=\"NormalTextRun SpellingErrorV2Themed SCXW3163336 BCX8\">inni\u00falacht<\/span> <span class=\"NormalTextRun SpellingErrorV2Themed SCXW3163336 BCX8\">pearsanra<\/span> <span class=\"NormalTextRun SpellingErrorV2Themed SCXW3163336 BCX8\">poist<\/span><span class=\"NormalTextRun SCXW3163336 BCX8\">.<\/span><\/span><span class=\"EOP SCXW3163336 BCX8\" data-ccp-props=\"{}\">\u00a0<\/span><\/p>\n<p><span class=\"TextRun SCXW98753625 BCX8\" lang=\"EN-IE\" xml:lang=\"EN-IE\" data-contrast=\"auto\"><span class=\"NormalTextRun SpellingErrorV2Themed SCXW98753625 BCX8\">N\u00edl<\/span> <span class=\"NormalTextRun SpellingErrorV2Themed SCXW98753625 BCX8\">aon<\/span> <span class=\"NormalTextRun SpellingErrorV2Themed SCXW98753625 BCX8\">r\u00f3l<\/span> <span class=\"NormalTextRun SpellingErrorV2Themed SCXW98753625 BCX8\">rial\u00e1la<\/span><span class=\"NormalTextRun SCXW98753625 BCX8\"> ag ComReg <\/span><span class=\"NormalTextRun SpellingErrorV2Themed SCXW98753625 BCX8\">ar<\/span> <span class=\"NormalTextRun SpellingErrorV2Themed SCXW98753625 BCX8\">oifig\u00ed<\/span> <span class=\"NormalTextRun SpellingErrorV2Themed SCXW98753625 BCX8\">poist<\/span><span class=\"NormalTextRun SCXW98753625 BCX8\">. Is \u00e9 <\/span><span class=\"NormalTextRun ContextualSpellingAndGrammarErrorV2Themed SCXW98753625 BCX8\">An<\/span><span class=\"NormalTextRun SCXW98753625 BCX8\"> Post a <\/span><span class=\"NormalTextRun SpellingErrorV2Themed SCXW98753625 BCX8\">dh\u00e9anann<\/span> <span class=\"NormalTextRun SpellingErrorV2Themed SCXW98753625 BCX8\">cinnt\u00ed<\/span> <span class=\"NormalTextRun SpellingErrorV2Themed SCXW98753625 BCX8\">oibr\u00edocht\u00fala<\/span> <span class=\"NormalTextRun SpellingErrorV2Themed SCXW98753625 BCX8\">maidir<\/span><span class=\"NormalTextRun SCXW98753625 BCX8\"> le <\/span><span class=\"NormalTextRun SpellingErrorV2Themed SCXW98753625 BCX8\">l\u00edonra<\/span> <span class=\"NormalTextRun SpellingErrorV2Themed SCXW98753625 BCX8\">na<\/span><span class=\"NormalTextRun SCXW98753625 BCX8\"> n-<\/span><span class=\"NormalTextRun SpellingErrorV2Themed SCXW98753625 BCX8\">oifig\u00ed<\/span> <span class=\"NormalTextRun SpellingErrorV2Themed SCXW98753625 BCX8\">poist<\/span><span class=\"NormalTextRun SCXW98753625 BCX8\">,<\/span> <span class=\"NormalTextRun SpellingErrorV2Themed SCXW98753625 BCX8\">nuair<\/span><span class=\"NormalTextRun SCXW98753625 BCX8\"> a <\/span><span class=\"NormalTextRun SpellingErrorV2Themed SCXW98753625 BCX8\">bh\u00edonn<\/span> <span class=\"NormalTextRun SpellingErrorV2Themed SCXW98753625 BCX8\">siad<\/span><span class=\"NormalTextRun SCXW98753625 BCX8\"> le <\/span><span class=\"NormalTextRun SpellingErrorV2Themed SCXW98753625 BCX8\">d\u00fanadh<\/span> <span class=\"NormalTextRun SpellingErrorV2Themed SCXW98753625 BCX8\">san<\/span> <span class=\"NormalTextRun SpellingErrorV2Themed SCXW98753625 BCX8\">\u00e1ireamh<\/span><span class=\"NormalTextRun SCXW98753625 BCX8\">.<\/span><\/span><span class=\"EOP SCXW98753625 BCX8\" data-ccp-props=\"{}\">\u00a0<\/span><\/p>\n<h4>Go to: <a href=\"http:\/\/comreg.ie\/complaints\/postal\/make-complaint-postal-service-provider\/\">Make a complaint to your Postal Service Provider<\/a><\/h4>\n<h4>Go to: <a href=\"http:\/\/comreg.ie\/complaints\/postal\/complaint-resolution-and-compensation\/\">Complaint Resolution and Compensation<\/a><\/h4>\n<h4>Go to: <a href=\"http:\/\/comreg.ie\/complaints\/postal\/complaint-resolution\/\">Dispute Resolution<\/a><\/h4>\n\n            <h3>Comhr\u00e1 Beo ar l\u00edne<\/h3>\n            <p>Labhair le ball na foirne um Ch\u00faram Tomhalt\u00f3ra maidir le do cheist.<\/p>\n            <p style=\"font-size: 0.95em;\">By using Web Chat you agree to have your personal information processed for chat support.<br \/>\n\t\t\t<strong>GDPR information:<\/strong> Our <a href=\"\/privacy\/\">Privacy Notice<\/a> explains what personal information we collect and use about individuals, what we do with it and why.<\/p>\n\t\t\t<a  href=\"javascript:void(0);\" onclick=\"olark('api.box.expand')\" class=\"cta-btn -coloured-outline -small\">WEB CHAT<\/a>\n\t\t\t<!--\n            <a href=\"https:\/\/importal.comreg.ie\/gui2\/login.jsp?genhotlink=iNSiZs+\/6VPRM\/d+RKwSp1uRZxvAnr5quMSJXMYJAjmz01lQaxogVPaWCXRqK1jf4XXPzioLxm7ZSXfIYXTbWYrfa12YjeMc9Doyve1nbnwjJgq5stgvtoN0\/wYY34W7bWEoa\/MENTzW7l5+3FB7Eu+JlXwVUGt9ZrLziZ4HAnwWnAagBkRFUZ1OYY\/7VBT2SIz1\/mBoO1zCURv9M5J8yFkCV7KbelK5kdyx5oGXSqlYBYiFPgZJ43l3yGLUiw2DM\/8guttSXYu6dJUDstryff\/QcBW16CiIxP0BTbLdqwvE7U5pG07pSK\/15vx2x9fMZN5AjrcFX\/RVhN4KM9hAIMR62Zmk63LtftXmQ3m5F1AygwXSSe6vkjndgjrdd+womLvlm5qNLbYHmKnerRfYlwbjiW9VbHXY9rvNOs1\/LRvB1GXYhABqM9grW1WGlyWtOh4bETBPRu+dJ\/pWIvRwha06wWtc8xaMXbMtF5y9NBvoS5lV7A+Y8yb8cibk\/ntTG7oXrFZdaZ8bITzT\/wH0bnVWilbpeDQYrgmbTlJQGVivlWT7oJb086hlwn9L\/b0Zjl9ICQeXDuwdGXW\/HFWur0bQVvGygtRpL\/Ax9V68DyEVE0ItfF\/OVILq5kavbxTVhz4GWyvAjqg8vaNPE+5aqbnNeJLaDghB9eltcakSylg=&genproject=ComReg+Live\" class=\"cta-btn -coloured-outline -small\" target=\"_blank\">WEB CHAT<\/a>-->\n\t\t\t\n \n        \n  <!-- begin olark code -->\n<script type=\"text\/javascript\" async>\n ;(function(o,l,a,r,k,y){if(o.olark)return; r=\"script\";y=l.createElement(r);r=l.getElementsByTagName(r)[0]; y.async=1;y.src=\"\/\/\"+a;r.parentNode.insertBefore(y,r); y=o.olark=function(){k.s.push(arguments);k.t.push(+new Date)}; y.extend=function(i,j){y(\"extend\",i,j)}; y.identify=function(i){y(\"identify\",k.i=i)}; y.configure=function(i,j){y(\"configure\",i,j);k.c[i]=j}; k=y._={s:[],t:[+new Date],c:{},l:a}; })(window,document,\"static.olark.com\/jsclient\/loader.js\");\n\/* custom configuration goes here (www.olark.com\/documentation) *\/\nolark.identify('9278-557-10-5505');<\/script>\n<!-- end olark code -->\n  \n","protected":false},"excerpt":{"rendered":"<p>Gear\u00e1n a dh\u00e9anamh\u00a0 N\u00ed m\u00f3r duit teagmh\u00e1il a dh\u00e9anamh le do shol\u00e1thra\u00ed seirbh\u00edse poist ar dt\u00fas chun do ghear\u00e1n a chur isteach.\u00a0 M\u00e1 t\u00e1 gear\u00e1n &hellip; <a href=\"https:\/\/www.comreg.ie\/ga\/comhairle-eolas\/forbhreathnu-ar-an-bpost\/\"><\/a><\/p>\n","protected":false},"author":31,"featured_media":0,"parent":90187,"menu_order":4,"comment_status":"closed","ping_status":"closed","template":"templates\/template-topic-pages-noanchors.php","meta":{"_acf_changed":false,"_relevanssi_hide_post":"","_relevanssi_hide_content":"","_relevanssi_pin_for_all":"","_relevanssi_pin_keywords":"","_relevanssi_unpin_keywords":"","_relevanssi_related_keywords":"","_relevanssi_related_include_ids":"","_relevanssi_related_exclude_ids":"","_relevanssi_related_no_append":"","_relevanssi_related_not_related":"","_relevanssi_related_posts":"","_relevanssi_noindex_reason":"","footnotes":"","_wp_rev_ctl_limit":""},"class_list":["post-90269","page","type-page","status-publish","hentry"],"acf":[],"aioseo_notices":[],"_links":{"self":[{"href":"https:\/\/www.comreg.ie\/ga\/wp-json\/wp\/v2\/pages\/90269","targetHints":{"allow":["GET"]}}],"collection":[{"href":"https:\/\/www.comreg.ie\/ga\/wp-json\/wp\/v2\/pages"}],"about":[{"href":"https:\/\/www.comreg.ie\/ga\/wp-json\/wp\/v2\/types\/page"}],"author":[{"embeddable":true,"href":"https:\/\/www.comreg.ie\/ga\/wp-json\/wp\/v2\/users\/31"}],"replies":[{"embeddable":true,"href":"https:\/\/www.comreg.ie\/ga\/wp-json\/wp\/v2\/comments?post=90269"}],"version-history":[{"count":6,"href":"https:\/\/www.comreg.ie\/ga\/wp-json\/wp\/v2\/pages\/90269\/revisions"}],"predecessor-version":[{"id":131862,"href":"https:\/\/www.comreg.ie\/ga\/wp-json\/wp\/v2\/pages\/90269\/revisions\/131862"}],"up":[{"embeddable":true,"href":"https:\/\/www.comreg.ie\/ga\/wp-json\/wp\/v2\/pages\/90187"}],"wp:attachment":[{"href":"https:\/\/www.comreg.ie\/ga\/wp-json\/wp\/v2\/media?parent=90269"}],"curies":[{"name":"wp","href":"https:\/\/api.w.org\/{rel}","templated":true}]}}