{"id":90274,"date":"2016-03-21T14:05:00","date_gmt":"2016-03-21T14:05:00","guid":{"rendered":"http:\/\/comreg.ie.grigore"},"modified":"2024-11-13T16:23:40","modified_gmt":"2024-11-13T16:23:40","slug":"code-of-practice","status":"publish","type":"page","link":"https:\/\/www.comreg.ie\/ga\/comhairle-eolas\/seirbhisi-ardrata\/code-of-practice\/","title":{"rendered":"C\u00f3d Cleachtais"},"content":{"rendered":"<h2><span lang=\"en\">C\u00f3d Cleachtais\u00a0<\/span><\/h2>\n<p><span data-contrast=\"auto\">Eolas ar an gC\u00f3d Cleachtais agus Comhl\u00edonadh.<\/span><span data-ccp-props=\"{}\">\u00a0<\/span><\/p>\n<p><span data-contrast=\"auto\">Ceangla\u00edtear ar shol\u00e1thraithe seirbh\u00edse ardr\u00e1ta cead\u00fanaithe clo\u00ed leis na coinn\u00edollacha a ghabhann lena gcead\u00fanais, lena n-\u00e1ir\u00edtear an ceanglas clo\u00ed leis an <\/span><a href=\"http:\/\/www.comreg.ie\/csv\/downloads\/ComReg1445.pdf\"><b><span data-contrast=\"auto\">gC\u00f3d Cleachtais<\/span><\/b><span data-contrast=\"auto\">.<\/span><span data-ccp-props=\"{}\">\u00a0<\/span><\/a><\/p>\n<p><span data-contrast=\"auto\">D\u00e9anann ComReg imscr\u00faduithe freisin ar sheirbh\u00eds\u00ed ardr\u00e1ta chun tomhalt\u00f3ir\u00ed a chosaint.<\/span><span data-ccp-props=\"{}\">\u00a0<\/span><\/p>\n","protected":false},"excerpt":{"rendered":"<p>C\u00f3d Cleachtais\u00a0 Eolas ar an gC\u00f3d Cleachtais agus Comhl\u00edonadh.\u00a0 Ceangla\u00edtear ar shol\u00e1thraithe seirbh\u00edse ardr\u00e1ta cead\u00fanaithe clo\u00ed leis na coinn\u00edollacha a ghabhann lena gcead\u00fanais, lena n-\u00e1ir\u00edtear &hellip; <a href=\"https:\/\/www.comreg.ie\/ga\/comhairle-eolas\/seirbhisi-ardrata\/code-of-practice\/\"><\/a><\/p>\n","protected":false},"author":31,"featured_media":0,"parent":90179,"menu_order":4,"comment_status":"closed","ping_status":"closed","template":"templates\/template-topic-pages.php","meta":{"_acf_changed":false,"_relevanssi_hide_post":"","_relevanssi_hide_content":"","_relevanssi_pin_for_all":"","_relevanssi_pin_keywords":"","_relevanssi_unpin_keywords":"","_relevanssi_related_keywords":"","_relevanssi_related_include_ids":"","_relevanssi_related_exclude_ids":"","_relevanssi_related_no_append":"","_relevanssi_related_not_related":"","_relevanssi_related_posts":"","_relevanssi_noindex_reason":"","footnotes":"","_wp_rev_ctl_limit":""},"class_list":["post-90274","page","type-page","status-publish","hentry"],"acf":[],"aioseo_notices":[],"_links":{"self":[{"href":"https:\/\/www.comreg.ie\/ga\/wp-json\/wp\/v2\/pages\/90274","targetHints":{"allow":["GET"]}}],"collection":[{"href":"https:\/\/www.comreg.ie\/ga\/wp-json\/wp\/v2\/pages"}],"about":[{"href":"https:\/\/www.comreg.ie\/ga\/wp-json\/wp\/v2\/types\/page"}],"author":[{"embeddable":true,"href":"https:\/\/www.comreg.ie\/ga\/wp-json\/wp\/v2\/users\/31"}],"replies":[{"embeddable":true,"href":"https:\/\/www.comreg.ie\/ga\/wp-json\/wp\/v2\/comments?post=90274"}],"version-history":[{"count":2,"href":"https:\/\/www.comreg.ie\/ga\/wp-json\/wp\/v2\/pages\/90274\/revisions"}],"predecessor-version":[{"id":132022,"href":"https:\/\/www.comreg.ie\/ga\/wp-json\/wp\/v2\/pages\/90274\/revisions\/132022"}],"up":[{"embeddable":true,"href":"https:\/\/www.comreg.ie\/ga\/wp-json\/wp\/v2\/pages\/90179"}],"wp:attachment":[{"href":"https:\/\/www.comreg.ie\/ga\/wp-json\/wp\/v2\/media?parent=90274"}],"curies":[{"name":"wp","href":"https:\/\/api.w.org\/{rel}","templated":true}]}}