{"id":90299,"date":"2016-02-03T12:16:25","date_gmt":"2016-02-03T12:16:25","guid":{"rendered":"http:\/\/comreg.ie.grigore"},"modified":"2023-11-10T20:59:40","modified_gmt":"2023-11-10T20:59:40","slug":"inrochtaineacht","status":"publish","type":"page","link":"https:\/\/www.comreg.ie\/ga\/inrochtaineacht\/","title":{"rendered":"R\u00e1iteas Inrochtaineachta Gr\u00e9as\u00e1in"},"content":{"rendered":"<h2>\u00c1r dtiomantas agus gcur chuige chun gr\u00e9as\u00e1in inrochtaineachta a choinne\u00e1il<\/h2>\n<p>\u00a0<\/p>\n<p>T\u00e1 ComReg tiomanta do:<\/p>\n<ul>\n<li>ghr\u00e9as\u00e1in inrochtaineachta a choinne\u00e1il: Cuirimid \u00e1r dtiomantas don \u00e9 seo a dh\u00e9anamh in\u00e1r gCairt Custaim\u00e9ir\u00ed.\n<ul>\n<li>ag d\u00e9anamh cinnte go mbainfidh an su\u00edomh gr\u00e9as\u00e1in seo \u201cLeibh\u00e9al AA\u201d amach i gcomhl\u00edonadh le Treoirl\u00ednte maidir le hInrochtaineacht \u00c1bhair ar an nGr\u00e9as\u00e1n (WCAG) 2.0, chun C\u00f3d Cleachtais an \u00dadar\u00e1is N\u00e1isi\u00fanta M\u00edchumais maidir le hInrochtaineacht Seirbh\u00eds\u00ed Poibl\u00ed agus Eolais at\u00e1 curtha ar f\u00e1il ag Comhlachta\u00ed Poibl\u00ed a chomhl\u00edonadh.<\/li>\n<li>ag d\u00e9anamh cinnte go mbainfidh an su\u00edomh gr\u00e9as\u00e1in seo \u201cLeibh\u00e9al AA\u201d amach i gcomhl\u00edonadh le Treoirl\u00ednte maidir le hInrochtaineacht \u00c1bhair ar an nGr\u00e9as\u00e1n (WCAG) 2.0.<\/li>\n<\/ul>\n<\/li>\n<li>lena n-\u00e1ir\u00edtear inrochtaineacht nuair a fhaigheann muid c\u00f3rais 3\u00fa p\u00e1irt\u00ed n\u00f3 nuashonr\u00fach\u00e1in ar ch\u00f3rais at\u00e1 ann faoi l\u00e1thair.<\/li>\n<\/ul>\n<p>\u00a0<\/p>\n<h2><\/h2>\n<h2>Comhr\u00e9ireacht an tsu\u00edmh gr\u00e9as\u00e1in seo le treoirl\u00ednte inrochtaineachta oifigi\u00fala<\/h2>\n<p>\u00a0<\/p>\n<p>Faoi l\u00e1thair, t\u00e1 comhr\u00e9ireacht leibh\u00e9il AA do Threoirl\u00ednte maidir le hInrochtaineacht \u00c1bhair ar an nGr\u00e9as\u00e1n (WCAG) 2.0 ag an su\u00edomh gr\u00e9as\u00e1in seo. Rinneadh \u00e1r n-ini\u00fachadh inrochtaineachta gr\u00e9as\u00e1in is d\u00e9ana\u00ed i m\u00ed M\u00e1rta 2020.<\/p>\n<p>\u00a0<\/p>\n<h2>R\u00e9ims\u00ed a d&#8217;fh\u00e9adfa\u00ed a fheabhs\u00fa agus aml\u00ednte<\/h2>\n<p>\u00a0<\/p>\n<p>T\u00e1 a fhios againn gur f\u00e9idir feabhas a chur ar inrochtaineacht i r\u00e9ims\u00ed \u00e1irithe an tsu\u00edmh gr\u00e9as\u00e1in. T\u00e1imid ag obair faoi l\u00e1thair chun \u00e9 seo a bhaint amach. T\u00e1 s\u00fail againn go mbainfidh an su\u00edomh gr\u00e9as\u00e1in seo comhr\u00e9ireacht &#8220;leibh\u00e9il AA&#8221; amach do Threoirl\u00ednte maidir le hInrochtaineacht \u00c1bhair ar an nGr\u00e9as\u00e1n (WCAG) 2.0 agus t\u00e1imid tiomanta ar chomhr\u00e9ireacht Leibh\u00e9il AA ar a laghad a bhaint amach.<\/p>\n\n<table id=\"tablepress-148\" class=\"tablepress tablepress-id-148\">\n<thead>\n<tr class=\"row-1\">\n\t<th colspan=\"4\" class=\"column-1\" style=\"width:quot20%;\">R\u00e9ims\u00ed a d'fh\u00e9adfa\u00ed a fheabhs\u00fa, aml\u00ednte le haghaidh feabhs\u00fach\u00e1n, agus roghanna eile<\/th>\n<\/tr>\n<\/thead>\n<tbody class=\"row-striping row-hover\">\n<tr class=\"row-2\">\n\t<td class=\"column-1\"><\/strong>Rann\u00e1n den su\u00edomh gr\u00e9as\u00e1in<strong><\/td><td class=\"column-2\"><\/strong>G\u00e1 le feabhs\u00fa<strong><\/td><td class=\"column-3\"><\/strong>Aml\u00edne le haghaidh feabhs\u00fach\u00e1n<strong><\/td><td class=\"column-4\"><\/strong>Rochtain Mhalartach<strong><\/td>\n<\/tr>\n<tr class=\"row-3\">\n\t<td class=\"column-1\">\u00das\u00e1id T\u00e1bla\u00ed<\/td><td class=\"column-2\">T\u00e1bla\u00ed agus an g\u00e1 le hiad a chlibe\u00e1il i gceart<\/td><td class=\"column-3\">Is pr\u00f3iseas lean\u00fanach \u00e9 seo<\/td><td class=\"column-4\">N\u00edl s\u00e9 seo ar f\u00e1il<\/td>\n<\/tr>\n<tr class=\"row-4\">\n\t<td class=\"column-1\">\u00cdosl\u00f3d\u00e1lacha PDF<\/td><td class=\"column-2\">Crutha\u00edtear PDF chun a bheith chomh hinrochtana agus is f\u00e9idir ach d'fh\u00e9adfa\u00ed feabhas a chur orthu i gc\u00f3na\u00ed de r\u00e9ir mar a th\u00e9ann an teicneola\u00edocht chun cinn.<\/td><td class=\"column-3\">Is pr\u00f3iseas lean\u00fanach \u00e9 seo<\/td><td class=\"column-4\">T\u00e1 ComReg s\u00e1sta leaganacha eile de dhoicim\u00e9id a shol\u00e1thar nuair a iarrtar orthu, de r\u00e9ir an Achta um M\u00edchumas 2005.<\/td>\n<\/tr>\n<\/tbody>\n<\/table>\n<!-- #tablepress-148 from cache -->\n<p>\u00a0<\/p>\n<h2>Conas aiseolas maidir le hinrochtaineacht an tsu\u00edmh gr\u00e9as\u00e1in seo a sheoladh<\/h2>\n<p>\u00a0<\/p>\n<p>Cuirimid f\u00e1ilte roimh aiseolas maidir le hinrochtaineacht an tsu\u00edmh gr\u00e9as\u00e1in seo.<\/p>\n<ul>\n<li>Seol r\u00edomhphost chugainn ag\u00a0<a href=\"mailto:access@comreg.ie\">rochtain@comreg.ie<\/a><\/li>\n<li>Cuir glaoch orainn ag (+353 1) 804 9639<\/li>\n<li>Tabhair cuairt orainn ag Ceantar Duga\u00ed L\u00e1ir, Sr\u00e1id na nGildeanna, Baile \u00c1tha Cliath 1, \u00c9ire, D01 E4X0.<\/li>\n<li>Scr\u00edobh chugainn ag Ceantar Duga\u00ed L\u00e1ir, Sr\u00e1id na nGildeanna, Baile \u00c1tha Cliath 1, \u00c9ire, D01 E4X0.<\/li>\n<\/ul>\n<p>\u00a0<\/p>\n<h2>Gn\u00e9ithe Inrochtaineachta an tSu\u00edmh Gr\u00e9as\u00e1in seo<\/h2>\n<p>\u00a0<\/p>\n<p>Nasclean\u00faint l\u00e9itheora Sc\u00e1ile\u00e1in\/ M\u00e9archl\u00e1r &#8211; chun cabhr\u00fa le h\u00fas\u00e1ideoir\u00ed nach bhfuil luch n\u00f3 teicneola\u00edochta\u00ed cunta \u00e1 \u00fas\u00e1id acu chun an su\u00edomh a nasclean\u00faint.<\/p>\n<p>L\u00e9im go nasc \u00e1bhair &#8211; chun cabhr\u00fa le h\u00fas\u00e1ideoir\u00ed nach bhfuil luch n\u00f3 teicneola\u00edochta\u00ed cunta \u00e1 \u00fas\u00e1id acu chun an su\u00edomh a nasclean\u00faint.<\/p>\n<p>\u00cdomh\u00e1nna Inrochtaineachta &#8211; chun \u00fas\u00e1ideoir\u00ed at\u00e1 ag baint \u00fas\u00e1id as l\u00e9itheoir sc\u00e1ile\u00e1in n\u00f3 teicneola\u00edochta\u00ed c\u00fanta eile a chur ar an eolas faoi \u00e1bhair \u00edomh\u00e1nna.<\/p>\n<p>Foirmeacha Inrochtaineachta &#8211; chun cabhr\u00fa le h\u00fas\u00e1ideoir\u00ed at\u00e1 ag cur foirmeacha isteach ar \u00e1r su\u00edomh gr\u00e9as\u00e1in.<\/p>\n<p>T\u00e1bla\u00ed Inrochtaineachta &#8211; chun \u00fas\u00e1ideoir\u00ed at\u00e1 ag baint \u00fas\u00e1id as l\u00e9itheoir sc\u00e1ile\u00e1in n\u00f3 teicneola\u00edochta\u00ed c\u00fanta eile a chur ar an eolas faoi \u00e1bhair t\u00e1bla.<\/p>\n<p>Codarsnacht Dathanna &#8211; chun cabhr\u00fa le h\u00fas\u00e1ideoir\u00ed a bhfuil deacracht maidir le dathanna acu.<\/p>\n<p>Cl\u00f3mh\u00e9id a athr\u00fa \u2013 chun cabhr\u00fa le h\u00fas\u00e1ideoir\u00ed a bhfuil fadhbanna maidir le amharc acu.<\/p>\n<p>\u00c1bhar at\u00e1 leagtha amach i gceart le h\u00fas\u00e1id mhaith na gceannteideal &#8211; chun cabhr\u00fa le h\u00fas\u00e1ideoir\u00ed at\u00e1 ag baint \u00fas\u00e1id as l\u00e9itheoir sc\u00e1ile\u00e1in n\u00f3 teicneola\u00edochta\u00ed c\u00fanta eile agus chun inl\u00e9iteacht a mh\u00e9ad\u00fa go ginear\u00e1lta.<\/p>\n<p>Nasc t\u00e9acs \u00fas\u00e1ideach (naisc thuairisci\u00fala, n\u00ed amh\u00e1in &#8220;clice\u00e1il anseo&#8221;) &#8211; chun \u00fas\u00e1ideoir\u00ed at\u00e1 ag baint \u00fas\u00e1id as l\u00e9itheoir sc\u00e1ile\u00e1in n\u00f3 teicneola\u00edochta\u00ed c\u00fanta a chur ar an eolas.<\/p>\n<p>Inrochtaineacht doicim\u00e9id &#8211; chun cabhr\u00fa le h\u00fas\u00e1ideoir\u00ed at\u00e1 ag baint \u00fas\u00e1id as l\u00e9itheoir sc\u00e1ile\u00e1in n\u00f3 teicneola\u00edochta\u00ed c\u00fanta eile agus chun inl\u00e9iteacht a mh\u00e9ad\u00fa go ginear\u00e1lta.<\/p>\n<p>Comhoiri\u00fanach trasbhrabhs\u00e1la\u00ed ? Lean\u00fanachas sa leagan amach agus nasclean\u00faint thar na mbrabhs\u00e1laithe ar fad a chinnti\u00fa agus fabhtanna a d&#8217;fheadfadh mearbhall a chur ar \u00fas\u00e1ideoir\u00ed a sheachaint.<\/p>\n<p><a href=\"https:\/\/www.texthelp.com\/en-us\/products\/browsealoud\/\">Brabhs\u00e1ilOsArd<\/a> \u2013 uirlis ch\u00fanta a chuireann caint, l\u00e9itheoireacht, agus aistri\u00fach\u00e1n len\u00e1r su\u00edomh gr\u00e9as\u00e1in; rochtain agus rannph\u00e1irt\u00edocht a \u00e9asc\u00fa do dhaoine a bhfuil Disl\u00e9icse n\u00f3 Litearthacht \u00cdseal orthu, B\u00e9arla mar Dara Teanga acu agus do dhaoine a bhfuil lagaithe radhairc orthu.<\/p>\n<p>\u00a0<\/p>\n","protected":false},"excerpt":{"rendered":"<p>\u00c1r dtiomantas agus gcur chuige chun gr\u00e9as\u00e1in inrochtaineachta a choinne\u00e1il \u00a0 T\u00e1 ComReg tiomanta do: ghr\u00e9as\u00e1in inrochtaineachta a choinne\u00e1il: Cuirimid \u00e1r dtiomantas don \u00e9 seo &hellip; <a href=\"https:\/\/www.comreg.ie\/ga\/inrochtaineacht\/\"><\/a><\/p>\n","protected":false},"author":31,"featured_media":0,"parent":0,"menu_order":47,"comment_status":"closed","ping_status":"closed","template":"templates\/template-full-width.php","meta":{"_acf_changed":false,"_relevanssi_hide_post":"","_relevanssi_hide_content":"","_relevanssi_pin_for_all":"","_relevanssi_pin_keywords":"","_relevanssi_unpin_keywords":"","_relevanssi_related_keywords":"","_relevanssi_related_include_ids":"","_relevanssi_related_exclude_ids":"","_relevanssi_related_no_append":"","_relevanssi_related_not_related":"","_relevanssi_related_posts":"","_relevanssi_noindex_reason":"","footnotes":"","_wp_rev_ctl_limit":""},"class_list":["post-90299","page","type-page","status-publish","hentry"],"acf":[],"aioseo_notices":[],"_links":{"self":[{"href":"https:\/\/www.comreg.ie\/ga\/wp-json\/wp\/v2\/pages\/90299","targetHints":{"allow":["GET"]}}],"collection":[{"href":"https:\/\/www.comreg.ie\/ga\/wp-json\/wp\/v2\/pages"}],"about":[{"href":"https:\/\/www.comreg.ie\/ga\/wp-json\/wp\/v2\/types\/page"}],"author":[{"embeddable":true,"href":"https:\/\/www.comreg.ie\/ga\/wp-json\/wp\/v2\/users\/31"}],"replies":[{"embeddable":true,"href":"https:\/\/www.comreg.ie\/ga\/wp-json\/wp\/v2\/comments?post=90299"}],"version-history":[{"count":0,"href":"https:\/\/www.comreg.ie\/ga\/wp-json\/wp\/v2\/pages\/90299\/revisions"}],"wp:attachment":[{"href":"https:\/\/www.comreg.ie\/ga\/wp-json\/wp\/v2\/media?parent=90299"}],"curies":[{"name":"wp","href":"https:\/\/api.w.org\/{rel}","templated":true}]}}