{"id":90300,"date":"2016-02-03T12:16:35","date_gmt":"2016-02-03T12:16:35","guid":{"rendered":"http:\/\/comreg.ie.grigore"},"modified":"2019-11-11T09:01:19","modified_gmt":"2019-11-11T09:01:19","slug":"priobhaideachas","status":"publish","type":"page","link":"https:\/\/www.comreg.ie\/ga\/priobhaideachas\/","title":{"rendered":"Pr\u00edobh\u00e1ideachas"},"content":{"rendered":"<h2>F\u00f3gra Pr\u00edobh\u00e1ideachas<\/h2>\n<h3>F\u00f3gra Follasachta<\/h3>\n<p>&nbsp;<\/p>\n<h3><strong>F\u00fainn<\/strong><\/h3>\n<p>Is sinne an Coimisi\u00fan um Rial\u00e1il Cumars\u00e1ide (<strong>ComReg<\/strong>).<\/p>\n<p>Is iad \u00e1r sonra\u00ed teagmh\u00e1la n\u00e1: An Coimisi\u00fan um Rial\u00e1il Cumars\u00e1ide, 1 L\u00e1rcheantar na nDuga\u00ed, Sr\u00e1id na nGildeanna, Baile \u00c1tha Cliath 1, D01 E4X0; teileaf\u00f3n: 018049668 n\u00f3 <a href=\"mailto:consumerline@comreg.ie\">consumerline@comreg.ie<\/a> (i gcomhair ceisteanna a bhaineann le tomhalt\u00f3ir\u00ed) n\u00f3 018049600 n\u00f3 <a href=\"mailto:industry@comreg.ie\">industry@comreg.ie<\/a> (i gcomhair ceisteanna a bhaineann le tionscla\u00edocht) n\u00f3 <a href=\"mailto:misuse@comreg.ie\">misuse@comreg.ie<\/a> (chun m\u00ed-\u00fas\u00e1id uimhreacha a thuairisci\u00fa). F\u00e9adann t\u00fa dul i dteagmh\u00e1il linn chomh maith ag baint leasa duit as an bhfoirm Ceisteanna &amp; Gear\u00e1in at\u00e1 le f\u00e1il ar \u00e1r su\u00edomh idirl\u00edn ag <a href=\"https:\/\/www.comreg.ie\/\">www.comreg.ie<\/a>.<\/p>\n<p>Is \u00e9 an Coimisi\u00fan um Rial\u00e1il Cumars\u00e1ide (ComReg) an comhlacht st\u00e1it at\u00e1 freagrach as rial\u00fa na hearn\u00e1la cumars\u00e1ide leictreona\u00ed (teileachumars\u00e1ide, radachumars\u00e1id, tarchur craolach\u00e1in agus seirbh\u00eds\u00ed ardr\u00e1ta) agus an earn\u00e1il poist in \u00c9irinn. \u00c1ir\u00edtear air seo feidhm maidir le cead\u00fan\u00fa \u00fas\u00e1id an speictrim raidi\u00f3 in \u00c9irinn.<\/p>\n<p>T\u00e1 raon leathan feidhmeanna agus cusp\u00f3ir\u00ed againn sa teileachumars\u00e1id (n\u00f3 i seirbh\u00eds\u00ed agus l\u00edonra\u00ed cumars\u00e1ide leictreona\u00ed chun ainm n\u00edos cruinne a thabhairt air), agus i mbainist\u00edocht poist agus speictrim. Oibr\u00edmid faoi reachta\u00edocht \u00c9ireannach agus Eorpach sna r\u00e9ims\u00ed seo.<\/p>\n<p>T\u00e1imid freagrach as \u00e9asc\u00fa le hioma\u00edocht, as tomhalt\u00f3ir\u00ed a chosaint agus as nu\u00e1la\u00edocht a spreagadh. Baineann s\u00e9 len\u00e1r r\u00f3l d\u00e9ile\u00e1il le ceisteanna casta dl\u00ed, eacnama\u00edochta agus teicneola\u00edochta, agus a chinnti\u00fa go nd\u00e9anaimid \u00e1r gcinnt\u00ed go c\u00f3ir agus go m\u00edn\u00edtear go soil\u00e9ir iad.<\/p>\n<p>T\u00e1 tuilleadh eolais faoin\u00e1r bhfeidhmeanna agus \u00e1r seirbh\u00eds\u00ed le f\u00e1il ar \u00e1r su\u00edomh idirl\u00edn ag <a href=\"https:\/\/www.comreg.ie\/\">www.comreg.ie<\/a>.<\/p>\n<p>T\u00e1 Oifigeach Cosanta Sonra\u00ed ceaptha ag ComReg chun comhl\u00edonadh na rialacha cosanta sonra\u00ed againn a mhaoirsi\u00fa. T\u00e1 tuilleadh eolais faoin\u00e1r nOifigeach Cosanta Sonra\u00ed, sonra\u00ed teagmh\u00e1la san \u00e1ireamh, le f\u00e1il <a href=\"https:\/\/www.comreg.ie\/about\/foi-aie-info\/data-protection\/\">anseo<\/a>.<\/p>\n","protected":false},"excerpt":{"rendered":"<p>F\u00f3gra Pr\u00edobh\u00e1ideachas F\u00f3gra Follasachta &nbsp; F\u00fainn Is sinne an Coimisi\u00fan um Rial\u00e1il Cumars\u00e1ide (ComReg). Is iad \u00e1r sonra\u00ed teagmh\u00e1la n\u00e1: An Coimisi\u00fan um Rial\u00e1il Cumars\u00e1ide, &hellip; <a href=\"https:\/\/www.comreg.ie\/ga\/priobhaideachas\/\"><\/a><\/p>\n","protected":false},"author":31,"featured_media":0,"parent":0,"menu_order":48,"comment_status":"closed","ping_status":"closed","template":"templates\/template-accordion.php","meta":{"_acf_changed":false,"_relevanssi_hide_post":"","_relevanssi_hide_content":"","_relevanssi_pin_for_all":"","_relevanssi_pin_keywords":"","_relevanssi_unpin_keywords":"","_relevanssi_related_keywords":"","_relevanssi_related_include_ids":"","_relevanssi_related_exclude_ids":"","_relevanssi_related_no_append":"","_relevanssi_related_not_related":"","_relevanssi_related_posts":"","_relevanssi_noindex_reason":"","footnotes":"","_wp_rev_ctl_limit":""},"class_list":["post-90300","page","type-page","status-publish","hentry"],"acf":[],"aioseo_notices":[],"_links":{"self":[{"href":"https:\/\/www.comreg.ie\/ga\/wp-json\/wp\/v2\/pages\/90300","targetHints":{"allow":["GET"]}}],"collection":[{"href":"https:\/\/www.comreg.ie\/ga\/wp-json\/wp\/v2\/pages"}],"about":[{"href":"https:\/\/www.comreg.ie\/ga\/wp-json\/wp\/v2\/types\/page"}],"author":[{"embeddable":true,"href":"https:\/\/www.comreg.ie\/ga\/wp-json\/wp\/v2\/users\/31"}],"replies":[{"embeddable":true,"href":"https:\/\/www.comreg.ie\/ga\/wp-json\/wp\/v2\/comments?post=90300"}],"version-history":[{"count":0,"href":"https:\/\/www.comreg.ie\/ga\/wp-json\/wp\/v2\/pages\/90300\/revisions"}],"wp:attachment":[{"href":"https:\/\/www.comreg.ie\/ga\/wp-json\/wp\/v2\/media?parent=90300"}],"curies":[{"name":"wp","href":"https:\/\/api.w.org\/{rel}","templated":true}]}}