{"id":90301,"date":"2016-02-03T12:16:42","date_gmt":"2016-02-03T12:16:42","guid":{"rendered":"http:\/\/comreg.ie.grigore"},"modified":"2016-07-22T16:14:08","modified_gmt":"2016-07-22T16:14:08","slug":"naisc","status":"publish","type":"page","link":"https:\/\/www.comreg.ie\/ga\/naisc\/","title":{"rendered":"Naisc"},"content":{"rendered":"<p>Naisc \u00das\u00e1ideacha:<\/p>\n<ul>\n<li><a href=\"http:\/\/www.dcenr.gov.ie\/en-ie\/Pages\/home.aspx\" target=\"_blank\" title=\"This link will open in a new window\">An Roinn Cumars\u00e1ide, Gn\u00edomhaithe ar son na hAer\u00e1ide agus Comhshaoil (RCGAC)<\/a><\/li>\n<li><a href=\"http:\/\/www.bai.ie\/en\/\" target=\"_blank\" title=\"This link will open in a new window\">\u00dadar\u00e1s Craolach\u00e1in na h\u00c9ireann<\/a><\/li>\n<li><a href=\"http:\/\/www.citizensinformation.ie\/en\/\" target=\"_blank\" title=\"This link will open in a new window\">Faisn\u00e9is do Shaor\u00e1naigh<\/a><\/li>\n<li><a style=\"line-height: 1.5;\" href=\"http:\/\/ccpc.ie\/\" target=\"_blank\" title=\"This link will open in a new window\">An Coimisi\u00fan um Ioma\u00edocht agus Cosaint Tomhalt\u00f3ra<\/a><\/li>\n<li><a href=\"http:\/\/www.consilium.europa.eu\/en\/european-council\/\" target=\"_blank\" title=\"This link will open in a new window\">An Chomhairle Eorpach<\/a><\/li>\n<li><a href=\"http:\/\/www.europarl.europa.eu\/\" target=\"_blank\" title=\"This link will open in a new window\">Parlaimint na hEorpa<\/a><\/li>\n<li><a href=\"http:\/\/ec.europa.eu\/index_en.htm\" target=\"_blank\" title=\"This link will open in a new window\">An Coimisi\u00fan Eorpach<\/a><\/li>\n<li><a href=\"http:\/\/berec.europa.eu\/\" target=\"_blank\" title=\"This link will open in a new window\">Comhlacht na Rialt\u00f3ir\u00ed Eorpacha um Chumars\u00e1id Leictreonach BEREC<\/a><\/li>\n<li><a href=\"http:\/\/www.cept.org\/\" target=\"_blank\" title=\"This link will open in a new window\">An Comhdh\u00e1il Eorpach do R\u00edar\u00fa Poist agus Teileachumars\u00e1ide (CEPT)<\/a><\/li>\n<li><a href=\"http:\/\/www.itu.int\/en\/Pages\/default.aspx\" target=\"_blank\" title=\"This link will open in a new window\">An tAontas Idirn\u00e1isi\u00fanta Teileachumars\u00e1ide (ITU)<\/a><\/li>\n<li><a href=\"http:\/\/www.oecd.org\/\" target=\"_blank\" title=\"This link will open in a new window\">An Eagra\u00edocht um Chomhar agus Fhorbairt Eacnama\u00edochta (ECFE)<\/a><\/li>\n<\/ul>\n","protected":false},"excerpt":{"rendered":"<p>Naisc \u00das\u00e1ideacha: An Roinn Cumars\u00e1ide, Gn\u00edomhaithe ar son na hAer\u00e1ide agus Comhshaoil (RCGAC) \u00dadar\u00e1s Craolach\u00e1in na h\u00c9ireann Faisn\u00e9is do Shaor\u00e1naigh An Coimisi\u00fan um Ioma\u00edocht agus &hellip; <a href=\"https:\/\/www.comreg.ie\/ga\/naisc\/\"><\/a><\/p>\n","protected":false},"author":31,"featured_media":0,"parent":0,"menu_order":49,"comment_status":"closed","ping_status":"closed","template":"templates\/template-full-width-and-nav.php","meta":{"_acf_changed":false,"_relevanssi_hide_post":"","_relevanssi_hide_content":"","_relevanssi_pin_for_all":"","_relevanssi_pin_keywords":"","_relevanssi_unpin_keywords":"","_relevanssi_related_keywords":"","_relevanssi_related_include_ids":"","_relevanssi_related_exclude_ids":"","_relevanssi_related_no_append":"","_relevanssi_related_not_related":"","_relevanssi_related_posts":"","_relevanssi_noindex_reason":"","footnotes":"","_wp_rev_ctl_limit":""},"class_list":["post-90301","page","type-page","status-publish","hentry"],"acf":[],"aioseo_notices":[],"_links":{"self":[{"href":"https:\/\/www.comreg.ie\/ga\/wp-json\/wp\/v2\/pages\/90301","targetHints":{"allow":["GET"]}}],"collection":[{"href":"https:\/\/www.comreg.ie\/ga\/wp-json\/wp\/v2\/pages"}],"about":[{"href":"https:\/\/www.comreg.ie\/ga\/wp-json\/wp\/v2\/types\/page"}],"author":[{"embeddable":true,"href":"https:\/\/www.comreg.ie\/ga\/wp-json\/wp\/v2\/users\/31"}],"replies":[{"embeddable":true,"href":"https:\/\/www.comreg.ie\/ga\/wp-json\/wp\/v2\/comments?post=90301"}],"version-history":[{"count":0,"href":"https:\/\/www.comreg.ie\/ga\/wp-json\/wp\/v2\/pages\/90301\/revisions"}],"wp:attachment":[{"href":"https:\/\/www.comreg.ie\/ga\/wp-json\/wp\/v2\/media?parent=90301"}],"curies":[{"name":"wp","href":"https:\/\/api.w.org\/{rel}","templated":true}]}}