{"id":90303,"date":"2016-02-03T12:17:09","date_gmt":"2016-02-03T12:17:09","guid":{"rendered":"http:\/\/comreg.ie.grigore"},"modified":"2016-10-07T11:27:53","modified_gmt":"2016-10-07T11:27:53","slug":"coipcheart","status":"publish","type":"page","link":"https:\/\/www.comreg.ie\/ga\/coipcheart\/","title":{"rendered":"C\u00f3ipcheart"},"content":{"rendered":"<p>An Coimisi\u00fan um Rial\u00e1il Cumars\u00e1ide (ComReg 2007)<\/p>\n<p>Is f\u00e9idir an foilseach\u00e1n seo a ch\u00f3ipe\u00e1il chomh fada is a tugtar aitheantas don bhunfhoinse, ach amh\u00e1in nuair at\u00e1\u00a0a mhalairt luaite go sonrach.<\/p>\n<p>T\u00e1 an fhaisneis, an t-\u00e1bhar, na grafaic\u00ed, an t\u00e9acs, na h\u00edomhanna, an tr\u00e1dmharc agus an l\u00f3g\u00f3 (na h\u00e1bhair), ar \u00e1r su\u00edomhanna cosanta ag c\u00f3ipcheart, tr\u00e1dmharc, ceart bunachar sonra\u00ed, ceart sui generis agus dl\u00edthe maoine intleacht\u00fala eile de r\u00e9ir dl\u00edthe n\u00e1isi\u00fanta agus conartha\u00ed idirn\u00e1isi\u00fanta.<\/p>\n<p>Is f\u00e9idir \u00e1r su\u00edomhanna a ch\u00f3ipe\u00e1il ar mhaithe le f\u00e9achant orthu amh\u00e1in, ach n\u00edl cead iad a bhuanchoinne\u00e1il n\u00f3 a ch\u00f3ipe\u00e1il ar mhaithe len iad a scaipeadh.<\/p>\n<p>&nbsp;<\/p>\n<p>&nbsp;<\/p>\n","protected":false},"excerpt":{"rendered":"<p>An Coimisi\u00fan um Rial\u00e1il Cumars\u00e1ide (ComReg 2007) Is f\u00e9idir an foilseach\u00e1n seo a ch\u00f3ipe\u00e1il chomh fada is a tugtar aitheantas don bhunfhoinse, ach amh\u00e1in nuair &hellip; <a href=\"https:\/\/www.comreg.ie\/ga\/coipcheart\/\"><\/a><\/p>\n","protected":false},"author":31,"featured_media":0,"parent":0,"menu_order":51,"comment_status":"closed","ping_status":"closed","template":"templates\/template-full-width.php","meta":{"_acf_changed":false,"_relevanssi_hide_post":"","_relevanssi_hide_content":"","_relevanssi_pin_for_all":"","_relevanssi_pin_keywords":"","_relevanssi_unpin_keywords":"","_relevanssi_related_keywords":"","_relevanssi_related_include_ids":"","_relevanssi_related_exclude_ids":"","_relevanssi_related_no_append":"","_relevanssi_related_not_related":"","_relevanssi_related_posts":"","_relevanssi_noindex_reason":"","footnotes":"","_wp_rev_ctl_limit":""},"class_list":["post-90303","page","type-page","status-publish","hentry"],"acf":[],"aioseo_notices":[],"_links":{"self":[{"href":"https:\/\/www.comreg.ie\/ga\/wp-json\/wp\/v2\/pages\/90303","targetHints":{"allow":["GET"]}}],"collection":[{"href":"https:\/\/www.comreg.ie\/ga\/wp-json\/wp\/v2\/pages"}],"about":[{"href":"https:\/\/www.comreg.ie\/ga\/wp-json\/wp\/v2\/types\/page"}],"author":[{"embeddable":true,"href":"https:\/\/www.comreg.ie\/ga\/wp-json\/wp\/v2\/users\/31"}],"replies":[{"embeddable":true,"href":"https:\/\/www.comreg.ie\/ga\/wp-json\/wp\/v2\/comments?post=90303"}],"version-history":[{"count":0,"href":"https:\/\/www.comreg.ie\/ga\/wp-json\/wp\/v2\/pages\/90303\/revisions"}],"wp:attachment":[{"href":"https:\/\/www.comreg.ie\/ga\/wp-json\/wp\/v2\/media?parent=90303"}],"curies":[{"name":"wp","href":"https:\/\/api.w.org\/{rel}","templated":true}]}}