{"id":90311,"date":"2016-03-21T15:02:36","date_gmt":"2016-03-21T15:02:36","guid":{"rendered":"http:\/\/comreg.ie.grigore"},"modified":"2021-09-26T12:39:10","modified_gmt":"2021-09-26T12:39:10","slug":"gradaim-eagraiochta","status":"publish","type":"page","link":"https:\/\/www.comreg.ie\/ga\/fuinn\/an-meid-a-dheanaimid-2\/gradaim-eagraiochta\/","title":{"rendered":"Gradaim Eagra\u00edochta"},"content":{"rendered":"<h2>Gradaim Eagra\u00edochta<\/h2>\n<p>T\u00e1 aitheantas seachtrach bainte amach ag ComReg agus bronnadh go leor gradam acmhanna\u00ed daonna orainn \u00f3 eagra\u00edochta\u00ed ar nos:<\/p>\n<ul>\n<li>NSAI (an t\u00dadar\u00e1s um Chaighde\u00e1in N\u00e1isi\u00fanta na h\u00c9ireann) Excellence Through People \u00f3 2002. Gradam \u00d3ir 2010.<\/li>\n<li>Gradaim \u00e9ags\u00fala \u00f3 Institi\u00faid na h\u00c9ireann um Trean\u00e1il agus Forbairt (IITD), Gradaim Trean\u00e1la N\u00e1isi\u00fanta, Eagra\u00edocht N\u00e1isi\u00fanta Sh\u00e1bh\u00e1ilteacht na h\u00c9ireann (NISO), FGL.<\/li>\n<li>Forbairt Ghairmi\u00fail Lean\u00fanach aitheanta ag Innealt\u00f3ir\u00ed na h\u00c9ireann, \u00a0Comhlachas na gCuntas\u00f3ir\u00ed Deimhnithe Cairte (ACCA), Institi\u00faid na gCuntas\u00f3ir\u00ed Deimhnithe Poibl\u00ed in \u00c9irinn (CPA)<\/li>\n<\/ul>\n","protected":false},"excerpt":{"rendered":"<p>Gradaim Eagra\u00edochta T\u00e1 aitheantas seachtrach bainte amach ag ComReg agus bronnadh go leor gradam acmhanna\u00ed daonna orainn \u00f3 eagra\u00edochta\u00ed ar nos: NSAI (an t\u00dadar\u00e1s um &hellip; <a href=\"https:\/\/www.comreg.ie\/ga\/fuinn\/an-meid-a-dheanaimid-2\/gradaim-eagraiochta\/\"><\/a><\/p>\n","protected":false},"author":31,"featured_media":0,"parent":90254,"menu_order":0,"comment_status":"closed","ping_status":"closed","template":"templates\/template-topic-pages-noanchors.php","meta":{"_acf_changed":false,"_relevanssi_hide_post":"","_relevanssi_hide_content":"","_relevanssi_pin_for_all":"","_relevanssi_pin_keywords":"","_relevanssi_unpin_keywords":"","_relevanssi_related_keywords":"","_relevanssi_related_include_ids":"","_relevanssi_related_exclude_ids":"","_relevanssi_related_no_append":"","_relevanssi_related_not_related":"","_relevanssi_related_posts":"","_relevanssi_noindex_reason":"","footnotes":"","_wp_rev_ctl_limit":""},"class_list":["post-90311","page","type-page","status-publish","hentry"],"acf":[],"aioseo_notices":[],"_links":{"self":[{"href":"https:\/\/www.comreg.ie\/ga\/wp-json\/wp\/v2\/pages\/90311","targetHints":{"allow":["GET"]}}],"collection":[{"href":"https:\/\/www.comreg.ie\/ga\/wp-json\/wp\/v2\/pages"}],"about":[{"href":"https:\/\/www.comreg.ie\/ga\/wp-json\/wp\/v2\/types\/page"}],"author":[{"embeddable":true,"href":"https:\/\/www.comreg.ie\/ga\/wp-json\/wp\/v2\/users\/31"}],"replies":[{"embeddable":true,"href":"https:\/\/www.comreg.ie\/ga\/wp-json\/wp\/v2\/comments?post=90311"}],"version-history":[{"count":0,"href":"https:\/\/www.comreg.ie\/ga\/wp-json\/wp\/v2\/pages\/90311\/revisions"}],"up":[{"embeddable":true,"href":"https:\/\/www.comreg.ie\/ga\/wp-json\/wp\/v2\/pages\/90254"}],"wp:attachment":[{"href":"https:\/\/www.comreg.ie\/ga\/wp-json\/wp\/v2\/media?parent=90311"}],"curies":[{"name":"wp","href":"https:\/\/api.w.org\/{rel}","templated":true}]}}