{"id":90312,"date":"2016-02-22T11:37:41","date_gmt":"2016-02-22T11:37:41","guid":{"rendered":"http:\/\/comreg.ie.grigore"},"modified":"2024-11-27T16:25:59","modified_gmt":"2024-11-27T16:25:59","slug":"seirbhisi-corparaideacha","status":"publish","type":"page","link":"https:\/\/www.comreg.ie\/ga\/fuinn\/an-fhoireann\/seirbhisi-corparaideacha\/","title":{"rendered":"Seirbhis\u00ed Corpar\u00e1ideacha"},"content":{"rendered":"<h2><strong>Seirbh\u00eds\u00ed Corpar\u00e1ideacha \u2013 folamh<\/strong><\/h2>\n<p>B\u00edonn an Rann\u00f3g um Sheirbh\u00eds\u00ed Corpar\u00e1ideacha ag forbairt agus ag cur i bhfeidhm str\u00e1it\u00e9is\u00ed sheirbhis\u00ed corpar\u00e1ideacha agus cumars\u00e1ide den scoth. Forbra\u00edtear na str\u00e1it\u00e9is\u00ed seo chun cur le gn\u00edomha\u00edocht agus \u00e9ifeacht na heagra\u00edochta. T\u00e1 s\u00e9 mar dhualgas ag an Rann\u00f3g bheith ag pl\u00e9 le c\u00farsa\u00ed acmhanna\u00ed daonna, airgeadais, c\u00f3rais f\u00e1isn\u00e9ise, saor\u00e1il f\u00e1isn\u00e9ise, caidrimh phoibl\u00ed, agus bainisti\u00fa \u00e1iseanna ginear\u00e1lta.<\/p>\n<h2>Gn\u00f3tha\u00ed P\u00f3ibl\u00ed<\/h2>\n<p>Cuireann an tAonad Gn\u00f3tha\u00ed P\u00f3ibl\u00ed\u00a0teachtaireachta\u00ed agus r\u00e1itis na heagra\u00edochta in i\u00fal d\u00e1r sealbh\u00f3ir\u00ed. Bainist\u00edonn foireann an aonaid an su\u00edomh idirl\u00edn; eagra\u00edonn siad comhdh\u00e1lacha agus seimine\u00e1ir agus foils\u00edonn siad \u00e1r dTuarasc\u00e1lacha Bliant\u00fala agus foilseach\u00e1in eile.<\/p>\n<p>Teagmh\u00e1il: Tom Butler, Bainisteoir Gn\u00f3tha\u00ed P\u00f3ibl\u00ed 01 804 9639<\/p>\n","protected":false},"excerpt":{"rendered":"<p>Seirbh\u00eds\u00ed Corpar\u00e1ideacha \u2013 folamh B\u00edonn an Rann\u00f3g um Sheirbh\u00eds\u00ed Corpar\u00e1ideacha ag forbairt agus ag cur i bhfeidhm str\u00e1it\u00e9is\u00ed sheirbhis\u00ed corpar\u00e1ideacha agus cumars\u00e1ide den scoth. Forbra\u00edtear &hellip; <a href=\"https:\/\/www.comreg.ie\/ga\/fuinn\/an-fhoireann\/seirbhisi-corparaideacha\/\"><\/a><\/p>\n","protected":false},"author":31,"featured_media":0,"parent":90255,"menu_order":0,"comment_status":"closed","ping_status":"closed","template":"templates\/template-topic-pages-noanchors.php","meta":{"_acf_changed":false,"_relevanssi_hide_post":"","_relevanssi_hide_content":"","_relevanssi_pin_for_all":"","_relevanssi_pin_keywords":"","_relevanssi_unpin_keywords":"","_relevanssi_related_keywords":"","_relevanssi_related_include_ids":"","_relevanssi_related_exclude_ids":"","_relevanssi_related_no_append":"","_relevanssi_related_not_related":"","_relevanssi_related_posts":"","_relevanssi_noindex_reason":"","footnotes":"","_wp_rev_ctl_limit":""},"class_list":["post-90312","page","type-page","status-publish","hentry"],"acf":[],"aioseo_notices":[],"_links":{"self":[{"href":"https:\/\/www.comreg.ie\/ga\/wp-json\/wp\/v2\/pages\/90312","targetHints":{"allow":["GET"]}}],"collection":[{"href":"https:\/\/www.comreg.ie\/ga\/wp-json\/wp\/v2\/pages"}],"about":[{"href":"https:\/\/www.comreg.ie\/ga\/wp-json\/wp\/v2\/types\/page"}],"author":[{"embeddable":true,"href":"https:\/\/www.comreg.ie\/ga\/wp-json\/wp\/v2\/users\/31"}],"replies":[{"embeddable":true,"href":"https:\/\/www.comreg.ie\/ga\/wp-json\/wp\/v2\/comments?post=90312"}],"version-history":[{"count":2,"href":"https:\/\/www.comreg.ie\/ga\/wp-json\/wp\/v2\/pages\/90312\/revisions"}],"predecessor-version":[{"id":132208,"href":"https:\/\/www.comreg.ie\/ga\/wp-json\/wp\/v2\/pages\/90312\/revisions\/132208"}],"up":[{"embeddable":true,"href":"https:\/\/www.comreg.ie\/ga\/wp-json\/wp\/v2\/pages\/90255"}],"wp:attachment":[{"href":"https:\/\/www.comreg.ie\/ga\/wp-json\/wp\/v2\/media?parent=90312"}],"curies":[{"name":"wp","href":"https:\/\/api.w.org\/{rel}","templated":true}]}}