{"id":90313,"date":"2016-02-22T11:37:56","date_gmt":"2016-02-22T11:37:56","guid":{"rendered":"http:\/\/comreg.ie.grigore"},"modified":"2021-09-26T12:25:21","modified_gmt":"2021-09-26T12:25:21","slug":"ard-abhcoide","status":"publish","type":"page","link":"https:\/\/www.comreg.ie\/ga\/fuinn\/an-fhoireann\/ard-abhcoide\/","title":{"rendered":"Ard-Abhc\u00f3ide"},"content":{"rendered":"<h2><strong>Ard-Abhc\u00f3ide &#8211;\u00a0 Caroline Dee-Brown<\/strong><\/h2>\n<p><img loading=\"lazy\" decoding=\"async\" class=\"alignnone wp-image-93882\" src=\"http:\/\/comreg.ie\/media\/2016\/06\/Caroline-Dee-Brown-236x300.jpg\" alt=\"General Counsel \u2013 Caroline Dee-Brown Admitted Law Society Ireland, H 1999, BA (Hons) LLB NTU, also admitted in California USA 1993 and England and Wales 1999.\" width=\"184\" height=\"234\" srcset=\"https:\/\/www.comreg.ie\/media\/2016\/06\/Caroline-Dee-Brown-236x300.jpg 236w, https:\/\/www.comreg.ie\/media\/2016\/06\/Caroline-Dee-Brown.jpg 500w\" sizes=\"auto, (max-width: 184px) 100vw, 184px\" \/><\/p>\n<p>Glacadh l\u00e9i go Dl\u00ed-Chumann na h\u00c9ireann, 1999 BA (On\u00f3r.) LLB NTU, glacadh l\u00e9i i gCalifornia, SAM 1993 agus i Sasana agus an Bhreatain Bheag 1999.<\/p>\n<p>&nbsp;<\/p>\n","protected":false},"excerpt":{"rendered":"<p>Ard-Abhc\u00f3ide &#8211;\u00a0 Caroline Dee-Brown Glacadh l\u00e9i go Dl\u00ed-Chumann na h\u00c9ireann, 1999 BA (On\u00f3r.) LLB NTU, glacadh l\u00e9i i gCalifornia, SAM 1993 agus i Sasana agus &hellip; <a href=\"https:\/\/www.comreg.ie\/ga\/fuinn\/an-fhoireann\/ard-abhcoide\/\"><\/a><\/p>\n","protected":false},"author":31,"featured_media":0,"parent":90255,"menu_order":4,"comment_status":"closed","ping_status":"closed","template":"templates\/template-topic-pages-noanchors.php","meta":{"_acf_changed":false,"_relevanssi_hide_post":"","_relevanssi_hide_content":"","_relevanssi_pin_for_all":"","_relevanssi_pin_keywords":"","_relevanssi_unpin_keywords":"","_relevanssi_related_keywords":"","_relevanssi_related_include_ids":"","_relevanssi_related_exclude_ids":"","_relevanssi_related_no_append":"","_relevanssi_related_not_related":"","_relevanssi_related_posts":"","_relevanssi_noindex_reason":"","footnotes":"","_wp_rev_ctl_limit":""},"class_list":["post-90313","page","type-page","status-publish","hentry"],"acf":[],"aioseo_notices":[],"_links":{"self":[{"href":"https:\/\/www.comreg.ie\/ga\/wp-json\/wp\/v2\/pages\/90313","targetHints":{"allow":["GET"]}}],"collection":[{"href":"https:\/\/www.comreg.ie\/ga\/wp-json\/wp\/v2\/pages"}],"about":[{"href":"https:\/\/www.comreg.ie\/ga\/wp-json\/wp\/v2\/types\/page"}],"author":[{"embeddable":true,"href":"https:\/\/www.comreg.ie\/ga\/wp-json\/wp\/v2\/users\/31"}],"replies":[{"embeddable":true,"href":"https:\/\/www.comreg.ie\/ga\/wp-json\/wp\/v2\/comments?post=90313"}],"version-history":[{"count":0,"href":"https:\/\/www.comreg.ie\/ga\/wp-json\/wp\/v2\/pages\/90313\/revisions"}],"up":[{"embeddable":true,"href":"https:\/\/www.comreg.ie\/ga\/wp-json\/wp\/v2\/pages\/90255"}],"wp:attachment":[{"href":"https:\/\/www.comreg.ie\/ga\/wp-json\/wp\/v2\/media?parent=90313"}],"curies":[{"name":"wp","href":"https:\/\/api.w.org\/{rel}","templated":true}]}}