{"id":90314,"date":"2016-02-22T11:38:41","date_gmt":"2016-02-22T11:38:41","guid":{"rendered":"http:\/\/comreg.ie.grigore"},"modified":"2021-09-26T12:26:18","modified_gmt":"2021-09-26T12:26:18","slug":"creat-margaidh","status":"publish","type":"page","link":"https:\/\/www.comreg.ie\/ga\/fuinn\/an-fhoireann\/creat-margaidh\/","title":{"rendered":"Creat Margaidh"},"content":{"rendered":"<h2><strong>Creat Margaidh \u2013 Stiurth\u00f3ir: George Merrigan, BA (Mgmt), MSc (Mgmt)<\/strong><\/h2>\n<p><img loading=\"lazy\" decoding=\"async\" class=\"alignnone wp-image-93886\" src=\"http:\/\/comreg.ie\/media\/2016\/06\/George-Merrigan-236x300.jpg\" alt=\"Market Framework Director: George Merrigan, BA (Mgmt), MSc (Mgmt)\" width=\"185\" height=\"235\" srcset=\"https:\/\/www.comreg.ie\/media\/2016\/06\/George-Merrigan-236x300.jpg 236w, https:\/\/www.comreg.ie\/media\/2016\/06\/George-Merrigan.jpg 500w\" sizes=\"auto, (max-width: 185px) 100vw, 185px\" \/><\/p>\n<p>T\u00e1 an Rann\u00f3g um Chreat Margaidh freagrach as:<\/p>\n<ul>\n<li>Bainisti\u00fa an c\u00f3ras \u00fadar\u00fa ginear\u00e1lta don earn\u00e1il cumars\u00e1ide leictreona\u00ed in \u00c9irinn agus monat\u00f3ireacht a dh\u00e9anamh ar chomhl\u00edonadh na gcoinn\u00edollacha \u00fadar\u00fa ginear\u00e1lta<\/li>\n<li>Bainisti\u00fa an speictream raidi\u00f3 agus athbhreithnithe bliant\u00fala a dh\u00e9anamh ar chothrom le 15,000 cead\u00fanas Raidi\u00f3-Theileagrafa\u00edochta d\u2019oibritheoir\u00ed \u00e9ags\u00fala, comhlachta\u00ed st\u00e1it, gn\u00f3lachta\u00ed pr\u00edobhaideacha, agus daoine aonaracha ina measc.<\/li>\n<li>Plean Uimhrithe N\u00e1isi\u00fanta na h\u00c9ireann a chur i bhfeidhm.<\/li>\n<li>Rial\u00fa na hearn\u00e1la poist in \u00c9irinnn, sol\u00e1thr\u00f3ir\u00ed sheirbhis\u00ed poist a\u00a0\u00fadar\u00fa<\/li>\n<li>Trasna\u00edochta sa tseirbh\u00eds raidi\u00f3 agus ag cinnti\u00fa go gcomhl\u00edontar leis an reachta\u00edocht a bhaineann le teileagrafa\u00edocht gan sreang a fhiosr\u00fa<\/li>\n<\/ul>\n","protected":false},"excerpt":{"rendered":"<p>Creat Margaidh \u2013 Stiurth\u00f3ir: George Merrigan, BA (Mgmt), MSc (Mgmt) T\u00e1 an Rann\u00f3g um Chreat Margaidh freagrach as: Bainisti\u00fa an c\u00f3ras \u00fadar\u00fa ginear\u00e1lta don earn\u00e1il &hellip; <a href=\"https:\/\/www.comreg.ie\/ga\/fuinn\/an-fhoireann\/creat-margaidh\/\"><\/a><\/p>\n","protected":false},"author":31,"featured_media":0,"parent":90255,"menu_order":1,"comment_status":"closed","ping_status":"closed","template":"templates\/template-topic-pages-noanchors.php","meta":{"_acf_changed":false,"_relevanssi_hide_post":"","_relevanssi_hide_content":"","_relevanssi_pin_for_all":"","_relevanssi_pin_keywords":"","_relevanssi_unpin_keywords":"","_relevanssi_related_keywords":"","_relevanssi_related_include_ids":"","_relevanssi_related_exclude_ids":"","_relevanssi_related_no_append":"","_relevanssi_related_not_related":"","_relevanssi_related_posts":"","_relevanssi_noindex_reason":"","footnotes":"","_wp_rev_ctl_limit":""},"class_list":["post-90314","page","type-page","status-publish","hentry"],"acf":[],"aioseo_notices":[],"_links":{"self":[{"href":"https:\/\/www.comreg.ie\/ga\/wp-json\/wp\/v2\/pages\/90314","targetHints":{"allow":["GET"]}}],"collection":[{"href":"https:\/\/www.comreg.ie\/ga\/wp-json\/wp\/v2\/pages"}],"about":[{"href":"https:\/\/www.comreg.ie\/ga\/wp-json\/wp\/v2\/types\/page"}],"author":[{"embeddable":true,"href":"https:\/\/www.comreg.ie\/ga\/wp-json\/wp\/v2\/users\/31"}],"replies":[{"embeddable":true,"href":"https:\/\/www.comreg.ie\/ga\/wp-json\/wp\/v2\/comments?post=90314"}],"version-history":[{"count":0,"href":"https:\/\/www.comreg.ie\/ga\/wp-json\/wp\/v2\/pages\/90314\/revisions"}],"up":[{"embeddable":true,"href":"https:\/\/www.comreg.ie\/ga\/wp-json\/wp\/v2\/pages\/90255"}],"wp:attachment":[{"href":"https:\/\/www.comreg.ie\/ga\/wp-json\/wp\/v2\/media?parent=90314"}],"curies":[{"name":"wp","href":"https:\/\/api.w.org\/{rel}","templated":true}]}}