{"id":90315,"date":"2016-02-22T11:38:53","date_gmt":"2016-02-22T11:38:53","guid":{"rendered":"http:\/\/comreg.ie.grigore"},"modified":"2024-11-27T10:26:49","modified_gmt":"2024-11-27T10:26:49","slug":"miondiol-tomhaltora","status":"publish","type":"page","link":"https:\/\/www.comreg.ie\/ga\/fuinn\/an-fhoireann\/miondiol-tomhaltora\/","title":{"rendered":"Miond\u00edol agus Seirbhis\u00ed Tomhalt\u00f3ra"},"content":{"rendered":"<h2><strong>Stiurth\u00f3ir Miond\u00edola agus Seirbhis\u00ed Tomhalt\u00f3ra: Barbara Delaney<\/strong><\/h2>\n<p><img loading=\"lazy\" decoding=\"async\" class=\"alignnone wp-image-93883\" src=\"http:\/\/comreg.ie\/media\/2016\/06\/Barbara-Delaney-236x300.jpg\" alt=\"Retail and Consumer Services \u2013 Director: Barbara Delaney\" width=\"185\" height=\"235\" srcset=\"https:\/\/www.comreg.ie\/media\/2016\/06\/Barbara-Delaney-236x300.jpg 236w, https:\/\/www.comreg.ie\/media\/2016\/06\/Barbara-Delaney.jpg 500w\" sizes=\"auto, (max-width: 185px) 100vw, 185px\" \/><\/p>\n<p>T\u00e1 an Rann\u00f3g Miond\u00edola agus Seirbhis\u00ed Tomhalt\u00f3ra freagrach as na pr\u00edomhfheidhmeanna eagra\u00edochta seo a leanas;<\/p>\n<h3><strong>Polasa\u00ed Tomhalt\u00f3ra<\/strong><\/h3>\n<p>Glacann an tAonad Polsaithe Tomhalt\u00f3ra c\u00e9imeanna le cinnti\u00fa go bhfuil cosaint ann do thomhalt\u00f3ir\u00ed sa mhargadh i sol\u00e1thair uil\u00edoch seirbhis\u00ed teilecumars\u00e1ide, chomh maith le freagrachta\u00ed praghasanna m\u00edond\u00edola.<\/p>\n<h3><strong>C\u00faram Tomhalt\u00f3ra<\/strong><\/h3>\n<p>Cuireann foireann Ch\u00faram Tomhalt\u00f3ra ComReg eolas ar f\u00e1il do thomhalt\u00f3ir\u00ed ar cheisteanna cumars\u00e1ide; cuireann siad gear\u00e1in ar aghaidh chuig sol\u00e1thr\u00f3ir\u00ed seribhis\u00ed (cumars\u00e1id leictreonach, sol\u00e1thr\u00f3ir\u00ed poist agus seirbhis\u00ed ard-r\u00e1ta), agus t\u00e9ann siad i ngleic le cl\u00e1ir for-rochtana ar bhonn n\u00e1isi\u00fanta.<\/p>\n<h3><strong>Seirbh\u00eds Freagartha Glaonna \u00c9igeand\u00e1la <\/strong><\/h3>\n<p>Cuims\u00edonn freagrachta\u00ed ComReg maidir le Seirbh\u00eds Freagartha Glaonna \u00c9igeand\u00e1la na h\u00c9ireann (ECAS) dh\u00e1 phr\u00edomhfheidhm \u2013 monat\u00f3ireacht a dh\u00e9anamah ar chaighde\u00e1n na seirbh\u00edse at\u00e1 \u00e1 cur ar f\u00e1il \u00f3n sol\u00e1thr\u00f3ir ECAS agus athbhreithni\u00fa a dh\u00e9anamh ar ardphraghas na dt\u00e1ille l\u00e1imhse\u00e1la\u00a0 a ghearann an sol\u00e1thro\u00edr ECAS ar a n-oibritheoir\u00ed.<\/p>\n<h3>Post<\/h3>\n<p>Is iad feidhmeanna reacht\u00fala ComReg n\u00e1 a chinnti\u00fa seirbh\u00eds poist uil\u00edoch a shol\u00e1thar a fhreastala\u00edonn ar riachtanais r\u00e9as\u00fanta \u00fas\u00e1ideoir\u00ed na seirbh\u00edse poist.<\/p>\n<h3><strong>Tionscadal na Seirbh\u00eds\u00ed Ardr\u00e1ta <\/strong><\/h3>\n<p>T\u00e1 an Rann\u00f3g Sheirbh\u00eds\u00ed Ardr\u00e1ta (PRS) freagrach as fiosr\u00fach\u00e1in a dh\u00e9anamh maidir le sol\u00e1thair, \u00e1bhair, agus f\u00f3gairt PRS. Is \u00ed aidhm na rann\u00f3ga n\u00e1 leasa na n-\u00fas\u00e1ideoir\u00ed deiridh PRS a chosaint. Chomh maith le sin, b\u00edonn an rann\u00f3g ag pl\u00e9 le forbairt agus cur i bhfeidhm polasaithe na hearn\u00e1la PRS, C\u00f3d Cleachtais agus gearradh tobhach san \u00e1ireamh, at\u00e1 \u00e1bharach do shol\u00e1thr\u00f3ir\u00ed PRS a bhfuil cead\u00fanais acu.<\/p>\n<p>&nbsp;<\/p>\n","protected":false},"excerpt":{"rendered":"<p>Stiurth\u00f3ir Miond\u00edola agus Seirbhis\u00ed Tomhalt\u00f3ra: Barbara Delaney T\u00e1 an Rann\u00f3g Miond\u00edola agus Seirbhis\u00ed Tomhalt\u00f3ra freagrach as na pr\u00edomhfheidhmeanna eagra\u00edochta seo a leanas; Polasa\u00ed Tomhalt\u00f3ra Glacann &hellip; <a href=\"https:\/\/www.comreg.ie\/ga\/fuinn\/an-fhoireann\/miondiol-tomhaltora\/\"><\/a><\/p>\n","protected":false},"author":31,"featured_media":0,"parent":90255,"menu_order":2,"comment_status":"closed","ping_status":"closed","template":"templates\/template-topic-pages.php","meta":{"_acf_changed":false,"_relevanssi_hide_post":"","_relevanssi_hide_content":"","_relevanssi_pin_for_all":"","_relevanssi_pin_keywords":"","_relevanssi_unpin_keywords":"","_relevanssi_related_keywords":"","_relevanssi_related_include_ids":"","_relevanssi_related_exclude_ids":"","_relevanssi_related_no_append":"","_relevanssi_related_not_related":"","_relevanssi_related_posts":"","_relevanssi_noindex_reason":"","footnotes":"","_wp_rev_ctl_limit":""},"class_list":["post-90315","page","type-page","status-publish","hentry"],"acf":[],"aioseo_notices":[],"_links":{"self":[{"href":"https:\/\/www.comreg.ie\/ga\/wp-json\/wp\/v2\/pages\/90315","targetHints":{"allow":["GET"]}}],"collection":[{"href":"https:\/\/www.comreg.ie\/ga\/wp-json\/wp\/v2\/pages"}],"about":[{"href":"https:\/\/www.comreg.ie\/ga\/wp-json\/wp\/v2\/types\/page"}],"author":[{"embeddable":true,"href":"https:\/\/www.comreg.ie\/ga\/wp-json\/wp\/v2\/users\/31"}],"replies":[{"embeddable":true,"href":"https:\/\/www.comreg.ie\/ga\/wp-json\/wp\/v2\/comments?post=90315"}],"version-history":[{"count":1,"href":"https:\/\/www.comreg.ie\/ga\/wp-json\/wp\/v2\/pages\/90315\/revisions"}],"predecessor-version":[{"id":132183,"href":"https:\/\/www.comreg.ie\/ga\/wp-json\/wp\/v2\/pages\/90315\/revisions\/132183"}],"up":[{"embeddable":true,"href":"https:\/\/www.comreg.ie\/ga\/wp-json\/wp\/v2\/pages\/90255"}],"wp:attachment":[{"href":"https:\/\/www.comreg.ie\/ga\/wp-json\/wp\/v2\/media?parent=90315"}],"curies":[{"name":"wp","href":"https:\/\/api.w.org\/{rel}","templated":true}]}}