{"id":90316,"date":"2016-02-22T11:39:05","date_gmt":"2016-02-22T11:39:05","guid":{"rendered":"http:\/\/comreg.ie.grigore"},"modified":"2021-09-26T12:28:54","modified_gmt":"2021-09-26T12:28:54","slug":"mordhiol","status":"publish","type":"page","link":"https:\/\/www.comreg.ie\/ga\/fuinn\/an-fhoireann\/mordhiol\/","title":{"rendered":"M\u00f3rdh\u00edol"},"content":{"rendered":"<h2><strong>Stiurth\u00f3ir na Rann\u00f3ga M\u00f3rdh\u00edola: Donal Leavy, B Comm, ICAI<\/strong><\/h2>\n<p><img loading=\"lazy\" decoding=\"async\" class=\"alignnone wp-image-93885\" src=\"http:\/\/comreg.ie\/media\/2016\/06\/Donal-Leavy-1-236x300.jpg\" alt=\"Donal-Leavy\" width=\"185\" height=\"235\" srcset=\"https:\/\/www.comreg.ie\/media\/2016\/06\/Donal-Leavy-1-236x300.jpg 236w, https:\/\/www.comreg.ie\/media\/2016\/06\/Donal-Leavy-1.jpg 500w\" sizes=\"auto, (max-width: 185px) 100vw, 185px\" \/><\/p>\n<p>B\u00edonn an Rann\u00f3g M\u00f3rdh\u00edola ag pl\u00e9 le ceisteanna laeth\u00fala a bhaineann le riar\u00fa an mhargaidh ar n\u00f3s cheisteanna idirnaisc, R\u00e9iteach D\u00edosp\u00f3id\u00ed, agus d\u00edchuachadh na l\u00faibe log\u00e1nta. Titeann na dualgais a bhaineann le rial\u00fa airgeadais na hearn\u00e1la teileachumars\u00e1ide ar an rann\u00f3g seo chomh maith.<\/p>\n","protected":false},"excerpt":{"rendered":"<p>Stiurth\u00f3ir na Rann\u00f3ga M\u00f3rdh\u00edola: Donal Leavy, B Comm, ICAI B\u00edonn an Rann\u00f3g M\u00f3rdh\u00edola ag pl\u00e9 le ceisteanna laeth\u00fala a bhaineann le riar\u00fa an mhargaidh ar &hellip; <a href=\"https:\/\/www.comreg.ie\/ga\/fuinn\/an-fhoireann\/mordhiol\/\"><\/a><\/p>\n","protected":false},"author":31,"featured_media":0,"parent":90255,"menu_order":3,"comment_status":"closed","ping_status":"closed","template":"templates\/template-topic-pages-noanchors.php","meta":{"_acf_changed":false,"_relevanssi_hide_post":"","_relevanssi_hide_content":"","_relevanssi_pin_for_all":"","_relevanssi_pin_keywords":"","_relevanssi_unpin_keywords":"","_relevanssi_related_keywords":"","_relevanssi_related_include_ids":"","_relevanssi_related_exclude_ids":"","_relevanssi_related_no_append":"","_relevanssi_related_not_related":"","_relevanssi_related_posts":"","_relevanssi_noindex_reason":"","footnotes":"","_wp_rev_ctl_limit":""},"class_list":["post-90316","page","type-page","status-publish","hentry"],"acf":[],"aioseo_notices":[],"_links":{"self":[{"href":"https:\/\/www.comreg.ie\/ga\/wp-json\/wp\/v2\/pages\/90316","targetHints":{"allow":["GET"]}}],"collection":[{"href":"https:\/\/www.comreg.ie\/ga\/wp-json\/wp\/v2\/pages"}],"about":[{"href":"https:\/\/www.comreg.ie\/ga\/wp-json\/wp\/v2\/types\/page"}],"author":[{"embeddable":true,"href":"https:\/\/www.comreg.ie\/ga\/wp-json\/wp\/v2\/users\/31"}],"replies":[{"embeddable":true,"href":"https:\/\/www.comreg.ie\/ga\/wp-json\/wp\/v2\/comments?post=90316"}],"version-history":[{"count":0,"href":"https:\/\/www.comreg.ie\/ga\/wp-json\/wp\/v2\/pages\/90316\/revisions"}],"up":[{"embeddable":true,"href":"https:\/\/www.comreg.ie\/ga\/wp-json\/wp\/v2\/pages\/90255"}],"wp:attachment":[{"href":"https:\/\/www.comreg.ie\/ga\/wp-json\/wp\/v2\/media?parent=90316"}],"curies":[{"name":"wp","href":"https:\/\/api.w.org\/{rel}","templated":true}]}}