{"id":90317,"date":"2016-02-22T11:39:17","date_gmt":"2016-02-22T11:39:17","guid":{"rendered":"http:\/\/comreg.ie.grigore"},"modified":"2024-11-27T10:21:06","modified_gmt":"2024-11-27T10:21:06","slug":"comhairleoir-sinsearach","status":"publish","type":"page","link":"https:\/\/www.comreg.ie\/ga\/fuinn\/an-fhoireann\/comhairleoir-sinsearach\/","title":{"rendered":"Comhairleoir Sinsearach Eacnama\u00edochta, Beartais agus Taighde"},"content":{"rendered":"<h2><strong>Comhairleoir Sinsearach Eacnama\u00edochta, Beartais agus Taighde \u2013 <\/strong>Paul McSweeney<\/h2>\n<p>T\u00e1 an\u00a0Comhairleoir Sinsearach Eacnama\u00edochta, Beartais agus Taighde freagrach as tr\u00ed phr\u00edomhrann\u00f3g.<\/p>\n<ul>\n<li>Eacnama\u00edocht: Comhairle eacnama\u00edochta a chur ar f\u00e1il don Choimisi\u00fan agus Foireann ArdBhainist\u00edochta ComReg, \u00a0chomh maith le ceannaireacht ghairmi\u00fail na gcleachtas eacnama\u00edochta ComReg.<\/li>\n<li>Plean\u00e1il Str\u00e1it\u00e9iseach: Ag cur taca\u00edochta ar f\u00e1il d&#8217;Fhoireann ArdBhainist\u00edochta ComReg agus iad ag aithint tosa\u00edochta eagra\u00edochta agus freagra\u00ed; agus<\/li>\n<li>Taighde: Ag d\u00e9anamh comhordaithe ar chl\u00e1ir taighde agus r\u00edal\u00fa sonra\u00ed<\/li>\n<\/ul>\n<p>T\u00e1 dualgais ag an gComhairleoir Sinsearach Eacnama\u00edochta, Beartais agus Taighde a bhaineann le\u00a0gn\u00e9ithe eacnama\u00edochta na habhc\u00f3ideachta agus bainisti\u00fa gealsealbh\u00f3ir\u00ed i dtaobh r\u00f3l idirn\u00e1isi\u00fanta ComReg le BEREC ach go h\u00e1irithe.<\/p>\n","protected":false},"excerpt":{"rendered":"<p>Comhairleoir Sinsearach Eacnama\u00edochta, Beartais agus Taighde \u2013 Paul McSweeney T\u00e1 an\u00a0Comhairleoir Sinsearach Eacnama\u00edochta, Beartais agus Taighde freagrach as tr\u00ed phr\u00edomhrann\u00f3g. Eacnama\u00edocht: Comhairle eacnama\u00edochta a chur &hellip; <a href=\"https:\/\/www.comreg.ie\/ga\/fuinn\/an-fhoireann\/comhairleoir-sinsearach\/\"><\/a><\/p>\n","protected":false},"author":31,"featured_media":0,"parent":90255,"menu_order":5,"comment_status":"closed","ping_status":"closed","template":"templates\/template-topic-pages-noanchors.php","meta":{"_acf_changed":false,"_relevanssi_hide_post":"","_relevanssi_hide_content":"","_relevanssi_pin_for_all":"","_relevanssi_pin_keywords":"","_relevanssi_unpin_keywords":"","_relevanssi_related_keywords":"","_relevanssi_related_include_ids":"","_relevanssi_related_exclude_ids":"","_relevanssi_related_no_append":"","_relevanssi_related_not_related":"","_relevanssi_related_posts":"","_relevanssi_noindex_reason":"","footnotes":"","_wp_rev_ctl_limit":""},"class_list":["post-90317","page","type-page","status-publish","hentry"],"acf":[],"aioseo_notices":[],"_links":{"self":[{"href":"https:\/\/www.comreg.ie\/ga\/wp-json\/wp\/v2\/pages\/90317","targetHints":{"allow":["GET"]}}],"collection":[{"href":"https:\/\/www.comreg.ie\/ga\/wp-json\/wp\/v2\/pages"}],"about":[{"href":"https:\/\/www.comreg.ie\/ga\/wp-json\/wp\/v2\/types\/page"}],"author":[{"embeddable":true,"href":"https:\/\/www.comreg.ie\/ga\/wp-json\/wp\/v2\/users\/31"}],"replies":[{"embeddable":true,"href":"https:\/\/www.comreg.ie\/ga\/wp-json\/wp\/v2\/comments?post=90317"}],"version-history":[{"count":1,"href":"https:\/\/www.comreg.ie\/ga\/wp-json\/wp\/v2\/pages\/90317\/revisions"}],"predecessor-version":[{"id":132182,"href":"https:\/\/www.comreg.ie\/ga\/wp-json\/wp\/v2\/pages\/90317\/revisions\/132182"}],"up":[{"embeddable":true,"href":"https:\/\/www.comreg.ie\/ga\/wp-json\/wp\/v2\/pages\/90255"}],"wp:attachment":[{"href":"https:\/\/www.comreg.ie\/ga\/wp-json\/wp\/v2\/media?parent=90317"}],"curies":[{"name":"wp","href":"https:\/\/api.w.org\/{rel}","templated":true}]}}