{"id":90319,"date":"2016-03-21T15:04:05","date_gmt":"2016-03-21T15:04:05","guid":{"rendered":"http:\/\/comreg.ie.grigore"},"modified":"2021-09-26T12:30:30","modified_gmt":"2021-09-26T12:30:30","slug":"plean-gnimh","status":"publish","type":"page","link":"https:\/\/www.comreg.ie\/ga\/fuinn\/straiteis\/plean-gnimh\/","title":{"rendered":"Plean Gn\u00edmh"},"content":{"rendered":"<h2>Plean Gn\u00edmh<\/h2>\n<p>Foils\u00edonn ComReg <a href=\"\/media\/2018\/05\/ComReg-PleanGn\u00edmh-16-17.pdf\">Plean Gn\u00edmh<\/a>\u00a0ag t\u00fas gach bliana airgeadais. D\u00e9antar uasd\u00e1t\u00fa air gach r\u00e1ithe.<\/p>\n","protected":false},"excerpt":{"rendered":"<p>Plean Gn\u00edmh Foils\u00edonn ComReg Plean Gn\u00edmh\u00a0ag t\u00fas gach bliana airgeadais. D\u00e9antar uasd\u00e1t\u00fa air gach r\u00e1ithe.<\/p>\n","protected":false},"author":31,"featured_media":0,"parent":90257,"menu_order":0,"comment_status":"closed","ping_status":"closed","template":"templates\/template-topic-pages-noanchors.php","meta":{"_acf_changed":false,"_relevanssi_hide_post":"","_relevanssi_hide_content":"","_relevanssi_pin_for_all":"","_relevanssi_pin_keywords":"","_relevanssi_unpin_keywords":"","_relevanssi_related_keywords":"","_relevanssi_related_include_ids":"","_relevanssi_related_exclude_ids":"","_relevanssi_related_no_append":"","_relevanssi_related_not_related":"","_relevanssi_related_posts":"","_relevanssi_noindex_reason":"","footnotes":"","_wp_rev_ctl_limit":""},"class_list":["post-90319","page","type-page","status-publish","hentry"],"acf":[],"aioseo_notices":[],"_links":{"self":[{"href":"https:\/\/www.comreg.ie\/ga\/wp-json\/wp\/v2\/pages\/90319","targetHints":{"allow":["GET"]}}],"collection":[{"href":"https:\/\/www.comreg.ie\/ga\/wp-json\/wp\/v2\/pages"}],"about":[{"href":"https:\/\/www.comreg.ie\/ga\/wp-json\/wp\/v2\/types\/page"}],"author":[{"embeddable":true,"href":"https:\/\/www.comreg.ie\/ga\/wp-json\/wp\/v2\/users\/31"}],"replies":[{"embeddable":true,"href":"https:\/\/www.comreg.ie\/ga\/wp-json\/wp\/v2\/comments?post=90319"}],"version-history":[{"count":0,"href":"https:\/\/www.comreg.ie\/ga\/wp-json\/wp\/v2\/pages\/90319\/revisions"}],"up":[{"embeddable":true,"href":"https:\/\/www.comreg.ie\/ga\/wp-json\/wp\/v2\/pages\/90257"}],"wp:attachment":[{"href":"https:\/\/www.comreg.ie\/ga\/wp-json\/wp\/v2\/media?parent=90319"}],"curies":[{"name":"wp","href":"https:\/\/api.w.org\/{rel}","templated":true}]}}