{"id":90320,"date":"2016-03-21T15:04:05","date_gmt":"2016-03-21T15:04:05","guid":{"rendered":"http:\/\/comreg.ie.grigore"},"modified":"2021-09-26T12:31:09","modified_gmt":"2021-09-26T12:31:09","slug":"cumarsaid-leictreonach","status":"publish","type":"page","link":"https:\/\/www.comreg.ie\/ga\/fuinn\/straiteis\/cumarsaid-leictreonach\/","title":{"rendered":"Cumars\u00e1id Leictreonach"},"content":{"rendered":"<p>Is iad seo a leanas cusp\u00f3ir\u00ed agus str\u00e1it\u00e9is\u00ed ComReg d\u2019earn\u00e1il na Cumars\u00e1ide Leictreona\u00ed:<\/p>\n<h2><strong>Ioma\u00edocht <\/strong><\/h2>\n<p>Is \u00e9 cur chun cinn na hioma\u00edochta ceann de na comhph\u00e1irteanna r\u00edth\u00e1bhachtacha a bhaineann le rial\u00e1il \u00e9ifeachtach. T\u00e1 r\u00f3l l\u00e1rnach ag an ioma\u00edocht i gcinnti\u00fa go bhfuil tionscla\u00edocht inbhuanaithe ann, a bhfuil s\u00e9 mar chumas aige agus go mian leis, infheist\u00edocht a dh\u00e9anamh i bhforbairt tairg\u00ed nu\u00e1lacha agus tairg\u00ed \u00e9ags\u00fala a chur chun cinn. Is cuid r\u00edth\u00e1bhachtach \u00ed\u00a0an ioma\u00edocht i gcinnti\u00fa go bhfuil f\u00f3d cothrom ann d\u2019oibritheoir\u00ed reatha agus oibritheoir\u00ed nua. Dearbha\u00edonn s\u00e9 seo go mbeidh raon leathan tairg\u00ed agus seirbhis\u00ed ar f\u00e1il don tomhalt\u00f3ir a bhfuil rogha maith ann, at\u00e1 ar ardchaighde\u00e1n agus ar phraghas r\u00e9as\u00fanta.<\/p>\n<h2><strong>Tomhalt\u00f3ir<\/strong><\/h2>\n<p>Tugann margadh cumars\u00e1ide leictreona\u00ed a bhfuil ioma\u00edocht ann bunt\u00e1ist\u00ed praghs\u00e1la at\u00e1 mealltach agus tr\u00e9dhearcach don tomhalt\u00f3ir, raon leathan roghanna i dtaobh seirbhis\u00ed agus sol\u00e1thr\u00f3ir\u00ed agus seirbhis\u00ed agus tairg\u00ed at\u00e1 ar ardchaighde\u00e1n. T\u00e1 r\u00f3l l\u00e1rnach ag ComReg ag tabhairt eolais agus ag cur oideachais ar thomhalt\u00f3ir\u00ed maidir le tairg\u00ed agus seirbhis\u00ed cumars\u00e1ide leictreona\u00ed at\u00e1 ar f\u00e1il, agus ag cur na mbeala\u00ed cearta ar f\u00e1il do thomhalt\u00f3ir\u00ed maidir le c\u00faiteamh agus taca\u00edocht m\u00e1 t\u00e1 aon diosp\u00f3id idir iad f\u00e9in agus a sol\u00e1thr\u00f3ir.<\/p>\n<h2><strong>An Margadh Inmhe\u00e1nach<\/strong><\/h2>\n<p>Leagadh amach an creat reachta\u00edochta a mb\u00edonn ComReg ag feidhmi\u00fa faoi ag leibhe\u00e1l uile-Eorpach. Ligeann cur i bhfeidhm an chreata seo do ComReg rialacha lean\u00fanacha agus comhchuibhithe a chur i bhfeidhm sa mhargadh cumars\u00e1ide leictreona\u00ed in \u00c9irinn. T\u00e1 na rialacha seo bunaithe ar na prionsabail seo: neodracht teicneola\u00edochta, rial\u00ed nuair at\u00e1 g\u00e1 leis amh\u00e1in agus pr\u00edomhacht dl\u00ed na hioma\u00edochta.<\/p>\n<p>Braitheann obair ComReg ar chomhoibri\u00fa idir na coimisi\u00fain rial\u00e1la eile san AE chomh maith leis an gCoimisi\u00fan Eorpach tr\u00ed Ghr\u00fapa na Rialt\u00f3ir\u00ed Eorpacha (ERG). I dteannta sin, glacann ComReg r\u00f3l gn\u00edomhach i bhf\u00f3raim eile de chuid na hEorpa agus go hinmhe\u00e1nach le cinnti\u00fa go bhfuilimid ag comhl\u00edonadh dea-chleachtais maidir le rial\u00fa na hearn\u00e1la cumars\u00e1ide leictreona\u00ed.<\/p>\n<p>T\u00e1 tuilleadh eolais ar <a title=\"This link will open in a new window\" href=\"https:\/\/www.comreg.ie\/publication\/electronic-communications-strategy-statement-2017-2019\/\" target=\"_blank\" rel=\"noopener noreferrer\">R\u00e1iteas Str\u00e1it\u00e9ise 2017 \u2013 2019<\/a> ComReg ar fail.<\/p>\n","protected":false},"excerpt":{"rendered":"<p>Is iad seo a leanas cusp\u00f3ir\u00ed agus str\u00e1it\u00e9is\u00ed ComReg d\u2019earn\u00e1il na Cumars\u00e1ide Leictreona\u00ed: Ioma\u00edocht Is \u00e9 cur chun cinn na hioma\u00edochta ceann de na comhph\u00e1irteanna &hellip; <a href=\"https:\/\/www.comreg.ie\/ga\/fuinn\/straiteis\/cumarsaid-leictreonach\/\"><\/a><\/p>\n","protected":false},"author":31,"featured_media":0,"parent":90257,"menu_order":1,"comment_status":"closed","ping_status":"closed","template":"templates\/template-topic-pages-noanchors.php","meta":{"_acf_changed":false,"_relevanssi_hide_post":"","_relevanssi_hide_content":"","_relevanssi_pin_for_all":"","_relevanssi_pin_keywords":"","_relevanssi_unpin_keywords":"","_relevanssi_related_keywords":"","_relevanssi_related_include_ids":"","_relevanssi_related_exclude_ids":"","_relevanssi_related_no_append":"","_relevanssi_related_not_related":"","_relevanssi_related_posts":"","_relevanssi_noindex_reason":"","footnotes":"","_wp_rev_ctl_limit":""},"class_list":["post-90320","page","type-page","status-publish","hentry"],"acf":[],"aioseo_notices":[],"_links":{"self":[{"href":"https:\/\/www.comreg.ie\/ga\/wp-json\/wp\/v2\/pages\/90320","targetHints":{"allow":["GET"]}}],"collection":[{"href":"https:\/\/www.comreg.ie\/ga\/wp-json\/wp\/v2\/pages"}],"about":[{"href":"https:\/\/www.comreg.ie\/ga\/wp-json\/wp\/v2\/types\/page"}],"author":[{"embeddable":true,"href":"https:\/\/www.comreg.ie\/ga\/wp-json\/wp\/v2\/users\/31"}],"replies":[{"embeddable":true,"href":"https:\/\/www.comreg.ie\/ga\/wp-json\/wp\/v2\/comments?post=90320"}],"version-history":[{"count":0,"href":"https:\/\/www.comreg.ie\/ga\/wp-json\/wp\/v2\/pages\/90320\/revisions"}],"up":[{"embeddable":true,"href":"https:\/\/www.comreg.ie\/ga\/wp-json\/wp\/v2\/pages\/90257"}],"wp:attachment":[{"href":"https:\/\/www.comreg.ie\/ga\/wp-json\/wp\/v2\/media?parent=90320"}],"curies":[{"name":"wp","href":"https:\/\/api.w.org\/{rel}","templated":true}]}}