{"id":90321,"date":"2016-03-21T15:04:05","date_gmt":"2016-03-21T15:04:05","guid":{"rendered":"http:\/\/comreg.ie.grigore"},"modified":"2021-09-26T12:31:57","modified_gmt":"2021-09-26T12:31:57","slug":"post","status":"publish","type":"page","link":"https:\/\/www.comreg.ie\/ga\/fuinn\/straiteis\/post\/","title":{"rendered":"Post"},"content":{"rendered":"<h2><strong>R\u00edal\u00fa Poist<\/strong><\/h2>\n<p>Is \u00ed\u00a0f\u00eds ComReg don\u00a0tseirbh\u00eds poist n\u00e1 go mbeidh s\u00e9 fuinni\u00fail agus ioma\u00edoch, ag sol\u00e1thair raon leathan seirbhis\u00ed nualacha at\u00e1 ar faobhar tosaigh, ar ardchaighde\u00e1n agus ar phraghas ioma\u00edoch do ghn\u00f3lachta\u00ed, eagra\u00edochta\u00ed agus tomhalt\u00f3ir\u00ed<\/p>\n<p>T\u00e1 go leor <a href=\"\/ga\/tionsclaiocht\/rialachan-poist\/authorised-postal-providers\/clar-solathroiri-udaraithe\/\">sol\u00e1thr\u00f3ir\u00ed seirbh\u00edse poist <\/a>ag feidhmi\u00fa in \u00c9irinn, agus t\u00e1 tuilleadh eolais faoi chusp\u00f3ir\u00ed reacht\u00fala ComReg i dtaobh na seirbh\u00eds\u00ed poist a chuireann na sol\u00e1thr\u00f3ir\u00ed seirbh\u00edse poist ar f\u00e1il, ar f\u00e1il sa ph\u00edosa faoi <a href=\"\/ga\/tionsclaiocht\/rialachan-poist\/\">R\u00edal\u00fa Poist.<\/a><\/p>\n<p>T\u00e1 freagra\u00ed na<a href=\"\/ga\/tionsclaiocht\/rialachan-poist\/ceisteanna-coitianta\/\"> gceisteanna is coitianta<\/a>\u00a0a chuirtear ar n\u00f3s <a href=\"\/ga\/tionsclaiocht\/rialachan-poist\/ceisteanna-coitianta\/chaitheann-post-dheanamh\/\">dualgais seirbh\u00edse An Post<\/a>, <a href=\"\/ga\/tionsclaiocht\/rialachan-poist\/udaru-poist\/clar-solathroiri-udaraithe\/\">riachtanais \u00fadaraithe do Shol\u00e1thr\u00f3ir\u00ed Seirbh\u00edse<\/a>, agus conas <a href=\"\/ga\/tionsclaiocht\/rialachan-poist\/udaru-poist\/clar-solathroiri-udaraithe\/\">gear\u00e1n a dh\u00e9anamh faoi shol\u00e1thr\u00f3ir seirbh\u00edse poist<\/a>\u00a0ar f\u00e1il chomh maith.<\/p>\n<p><a href=\"\/media\/2016\/03\/17113DESIGN.pdf\">Str\u00e1it\u00e9is Poist<\/a> reatha ComReg.<\/p>\n<p>&nbsp;<\/p>\n","protected":false},"excerpt":{"rendered":"<p>R\u00edal\u00fa Poist Is \u00ed\u00a0f\u00eds ComReg don\u00a0tseirbh\u00eds poist n\u00e1 go mbeidh s\u00e9 fuinni\u00fail agus ioma\u00edoch, ag sol\u00e1thair raon leathan seirbhis\u00ed nualacha at\u00e1 ar faobhar tosaigh, ar &hellip; <a href=\"https:\/\/www.comreg.ie\/ga\/fuinn\/straiteis\/post\/\"><\/a><\/p>\n","protected":false},"author":31,"featured_media":0,"parent":90257,"menu_order":2,"comment_status":"closed","ping_status":"closed","template":"templates\/template-topic-pages-noanchors.php","meta":{"_acf_changed":false,"_relevanssi_hide_post":"","_relevanssi_hide_content":"","_relevanssi_pin_for_all":"","_relevanssi_pin_keywords":"","_relevanssi_unpin_keywords":"","_relevanssi_related_keywords":"","_relevanssi_related_include_ids":"","_relevanssi_related_exclude_ids":"","_relevanssi_related_no_append":"","_relevanssi_related_not_related":"","_relevanssi_related_posts":"","_relevanssi_noindex_reason":"","footnotes":"","_wp_rev_ctl_limit":""},"class_list":["post-90321","page","type-page","status-publish","hentry"],"acf":[],"aioseo_notices":[],"_links":{"self":[{"href":"https:\/\/www.comreg.ie\/ga\/wp-json\/wp\/v2\/pages\/90321","targetHints":{"allow":["GET"]}}],"collection":[{"href":"https:\/\/www.comreg.ie\/ga\/wp-json\/wp\/v2\/pages"}],"about":[{"href":"https:\/\/www.comreg.ie\/ga\/wp-json\/wp\/v2\/types\/page"}],"author":[{"embeddable":true,"href":"https:\/\/www.comreg.ie\/ga\/wp-json\/wp\/v2\/users\/31"}],"replies":[{"embeddable":true,"href":"https:\/\/www.comreg.ie\/ga\/wp-json\/wp\/v2\/comments?post=90321"}],"version-history":[{"count":0,"href":"https:\/\/www.comreg.ie\/ga\/wp-json\/wp\/v2\/pages\/90321\/revisions"}],"up":[{"embeddable":true,"href":"https:\/\/www.comreg.ie\/ga\/wp-json\/wp\/v2\/pages\/90257"}],"wp:attachment":[{"href":"https:\/\/www.comreg.ie\/ga\/wp-json\/wp\/v2\/media?parent=90321"}],"curies":[{"name":"wp","href":"https:\/\/api.w.org\/{rel}","templated":true}]}}